{"id":244,"date":"2020-05-18T17:44:51","date_gmt":"2020-05-18T15:44:51","guid":{"rendered":"http:\/\/us.edu.pl\/instytut\/igseigp\/?page_id=244"},"modified":"2026-03-06T09:58:01","modified_gmt":"2026-03-06T08:58:01","slug":"historia","status":"publish","type":"page","link":"https:\/\/us.edu.pl\/instytut\/igseigp\/historia\/","title":{"rendered":"Historia"},"content":{"rendered":"<p>[vc_row][vc_column]\r\n                <div class=\"text-modules\">\r\n                    <div class=\"container\">\r\n                        <h3 class=\"page-title text__title\">Historia Instytutu Geografii Spo\u0142eczno-Ekonomicznej i Gospodarki Przestrzennej<\/h3>\r\n                        <div class=\"text-modules__content\"><\/p>\n<p style=\"text-align: justify;\">Pocz\u0105tki dzia\u0142alno\u015bci przysz\u0142ego Instytutu Geografii Spo\u0142eczno-Ekonomicznej i Gospodarki Przestrzennej zwi\u0105zane s\u0105 z powstaniem w 1973 r. samodzielnego Zak\u0142adu Geografii na Wydziale Biologii i Ochrony \u015arodowiska Uniwersytetu \u015al\u0105skiego w Katowicach. Jego organizatorem by\u0142 prof. dr hab. J. Szaflarski, kt\u00f3ry w latach 1974-1977 pe\u0142ni\u0142 funkcj\u0119 kierownika Zak\u0142adu Geografii Ekonomicznej w powsta\u0142ym w 1974 r. Instytucie Geografii na Wydziale Nauk o Ziemi Uniwersytetu \u015al\u0105skiego. Siedzib\u0105 Instytutu i Zak\u0142adu by\u0142 najpierw budynek Szko\u0142y G\u00f3rniczej na ul. Szkolnej, a od 1977 r. przy ul. Partyzant\u00f3w 1 w Sosnowcu. W 1982 r. nast\u0105pi\u0142a ostateczna lokalizacja przy ul. B\u0119dzi\u0144skiej 60 (dawniej ul. Mielczarskiego 60).<br \/>\nW bardzo trudnych warunkach lokalowych w 1974 r. rozpocz\u0119to dzia\u0142alno\u015b\u0107 dydaktyczn\u0105 w zakresie geografii. W kr\u00f3tkim czasie ukszta\u0142towa\u0142 si\u0119 skromny zesp\u00f3\u0142 pracowniczy, kt\u00f3ry w 1976 r. tworzy\u0142y m\u0142ode osoby przyby\u0142e z r\u00f3\u017cnych o\u015brodk\u00f3w geograficznych w tym: dr A. Szajnowska (Uniwersytet Wroc\u0142awski), dr P. Modrzejewski (Uniwersytet Pozna\u0144ski), mgr M Podle\u015bny (Tkocz) i mgr H. Stobi\u0144ska (Wy\u017csza Szko\u0142a Pedagogiczna Krak\u00f3w) oraz mgr A. Chmielowska, mgr E. Du\u015b, mgr I. Ko\u0142odziej i mgr Maria Pukowska-Mitka (Uniwersytet Jagiello\u0144ski). Ponadto na stanowiskach pracownik\u00f3w naukowo-technicznych pracowa\u0142y: mgr B. Biela i mgr M. Wierachowska-Jankowska oraz A. Garde\u0142a na stanowisku technicznym. Na pocz\u0105tku lat 80. zesp\u00f3\u0142 kadrowy wzmocni\u0142a grupa miejscowych absolwent\u00f3w w tym: mgr J. Runge, mgr K. Magda, mgr T. Zadro\u017cny i mgr F. K\u0142osowski, przy jednoczesnym odej\u015bciu z zespo\u0142u mgr A Chmielowskiej oraz mgr I. Ko\u0142odziej.<br \/>\nW latach 80. post\u0119powa\u0142o wzmocnienie kadrowe wynikaj\u0105ce z uzyskania przez kolejnych pracownik\u00f3w stopni naukowych oraz zatrudnienia nowych, chocia\u017c ograniczeniem by\u0142a du\u017ca zmienno\u015b\u0107 w kierowaniu zespo\u0142em przez kr\u00f3tkotrwa\u0142e zatrudnienie os\u00f3b z zewn\u0105trz (doc dr hab. I. Czarnecka, doc dr hab. A. Zago\u017cd\u017con, doc I. Stieczenko z Kijowa, doc. A. Usaczow z Doniecka, prof. dr hab. E Janowicz i doc. dr I. Piro\u017cnik z Mi\u0144ska). Dopiero wraz z przyj\u015bciem prof. dra hab. J. Tkocza z Uniwersytetu Miko\u0142aja Kopernika w Toruniu nast\u0105pi\u0142a d\u0142u\u017csza stabilizacja w kierowaniu zespo\u0142em. Ukszta\u0142towany zesp\u00f3\u0142 podejmowa\u0142 wyzwania w zakresie kszta\u0142cenia licznych grup student\u00f3w na studiach stacjonarnych i zaocznych. W 2000 r. sk\u0142ad osobowy Katedry reprezentowa\u0142 wszystkie dyscypliny geografii ekonomicznej w tym:<br \/>\nProf. U\u015al. dr hab. Jan Tkocz (kierownik Katedry) \u2013 geografia osadnictwa wiejskiego Prof. dr hab. Stanis\u0142aw Dziadek (II etat) \u2013 geografia komunikacji Dr hab. Alicja Szajnowska-Wysocka \u2013 geografia osadnictwa i ludno\u015bci, studia regionalne Dr Edward Du\u015b \u2013 geografia rolnictwa, geografia obszar\u00f3w wiejskich Dr Franciszek K\u0142osowski \u2013 geografia us\u0142ug Dr Krystyna Magda \u2013 geografia spo\u0142eczna, geografia percepcji Dr Maria Pukowska-Mitka \u2013 geografia przemys\u0142u, geografia turyzmu Dr Jerzy Runge \u2013 geografia ludno\u015bci, gospodarka przestrzenna Dr Halina Stobi\u0144ska \u2013 geografia osadnictwa Dr Maria Tkocz \u2013 geografia przemys\u0142u Mgr Wojciech Dobosz \u2013 geografia osadnictwa, geografia historyczna Mgr Iwona Kantor-Pietraga \u2013 geografia ludno\u015bci i osadnictwa Mgr Jacek Petryszyn \u2013 geografia osadnictwa, studia regionalne Mgr Zuza\u0144ska-\u017by\u015bko \u2013 geografia osadnictwa, studia regionalne.<br \/>\nPonadto w Katedrze na stanowisku naukowo-technicznym pracowa\u0142y mgr Barbara Kaszowska i mgr El\u017cbieta Trzcionka oraz Gra\u017cyna \u0141akomy na stanowisku technicznym. W ko\u0144cu lat 90. uruchomiono studia doktoranckie, po uko\u0144czeniu kt\u00f3rych uzyskali stopie\u0144 doktora nauk geograficznych w zakresie geografii spo\u0142eczno-ekonomicznej i zostali zatrudnieni w Katedrze Geografii Ekonomicznej: dr Marzena Lamparska-Wieland, dr Robert Krzysztofik, dr S\u0142awomir Sitek, dr S\u0142awomir Pytel, dr Andrzej Socz\u00f3wka i dr Marta Chmielewska. W tym okresie w KGE prac\u0119 podj\u0119\u0142a tak\u017ce dr Anna Runge zwi\u0105zana dot\u0105d z UJK w Kielcach. Ponadto stopnie naukowe uzyskali: dr Monika Kurpanik, dr Marcin Rech\u0142owicz, dr Andrzej Socz\u00f3wka, dr Tomasz Sp\u00f3rna oraz Dr Natalia Tomczewska-Popowycz. Otrzymanie przez Wydzia\u0142 Nauk o Ziemi pe\u0142nych praw akademickich w ko\u0144cu 1997 r. pozwoli\u0142o na uzyskanie stopnia dra habilitowanego przez Mari\u0119 Tkocz, Ann\u0119 Runge, Iwon\u0119 Kantor-Pietrag\u0119 , Roberta Krzysztofika, El\u017cbiet\u0119 Zuza\u0144sk\u0105-\u017by\u015bko, S\u0142awomira Sitka, S\u0142awomira Pytla, a w innych o\u015brodkach akademickich stopnie takie uzyskali: Alicja Szajnowska-Wysocka, Jerzy Runge i Franciszek K\u0142osowski. W tym czasie stopie\u0144 dr hab. w Uniwersytecie \u015al\u0105skim otrzyma\u0142 tak\u017ce Adam Hibszer, a stopie\u0144 dr Wioletta Tomala-Kania. Tytu\u0142y profesorskie otrzymali Jan Tkocz, Alicja Szajnowska-Wysocka i Jerzy Runge. Po odej\u015bciu na emerytur\u0119 mgr Barabary Kaszowskiej, sekretariatem KGE zarz\u0105dza\u0142a mgr El\u017cbieta Trzcionka, a od 2008 r. mgr Maria Sobala. Od ok. 2010 r. silnie wzr\u00f3s\u0142 potencja\u0142 naukowy \u00f3wczesnej Katedry, awansom zawodowym towarzyszy\u0142a aktywno\u015b\u0107 publikacyjna. Pracownicy Katedry zacz\u0119li publikowa\u0107 efekty swoich bada\u0144 w czasopismach z \u00f3wczesnej listy A MNiSW (tzw. li\u015bcie filadelfijskiej). Efektem tego ju\u017c w 2019 r. by\u0142o kilkana\u015bcie artyku\u0142\u00f3w indeksowanych w czasopismach wysoko-punktowanych. Pracownicy Katedry uczestniczyli tak\u017ce w licznych grantach i projektach, w tym mi\u0119dzynarodowych. Lata 2010. to r\u00f3wnie\u017c okres wzmo\u017conej wsp\u00f3\u0142pracy Pracownik\u00f3w Katedry z samorz\u0105dem lokalnym i regionalnym oraz wieloma instytucjami badawczymi, spo\u0142ecznymi czy gospodarczymi. W 2014 r. kierownikiem Katedry Geografii Ekonomicznej zosta\u0142 Prof. dr hab. Jerzy Runge. W 2016 r. na stanowisku asystenta zatrudniona zosta\u0142a w Katedrze Mgr Weronika Dragan, a w 2017 r. na stanowisku adiunkta zatrudniony zosta\u0142 dr Valentin Mihaylov. Od 2020 r. adiunktem w Instytucie jest dr Natalia Tomczewska-Popowycz. Od ko\u0144ca 2019 r. na stanowiska profesora uczelni awansowali: dr hab. Iwona Kantor-Pietraga, prof. U\u015a, dr hab. Robert Krzysztofik, prof. U\u015a, dr hab. Marzena Lamparska, prof. U\u015a, dr hab. S\u0142awomir Pytel, prof. U\u015a, dr hab. Anna Runge, prof. U\u015a i dr hab. El\u017cbieta Zuza\u0144ska-\u017by\u015bko, prof. U\u015a.<br \/>\nPocz\u0105wszy od pa\u017adziernika 2019 r. w zwi\u0105zku z reform\u0105 szkolnictwa wy\u017cszego i nauki w Polsce nast\u0105pi\u0142y tak\u017ce zmiany w dotychczasowej Katedrze. Katedr\u0119 Geografii Ekonomicznej na Wydziale Nauk o Ziemi U\u015a przekszta\u0142cono w Instytut Geografii Spo\u0142eczno-Ekonomicznej i Gospodarki Przestrzennej na nowo-powo\u0142anym Wydziale Nauk Przyrodniczych Uniwersytetu \u015al\u0105skiego w Katowicach. Dyrektorem Instytutu zosta\u0142 dr hab. Robert Krzysztofik, prof. U\u015a. Instytut zosta\u0142 tak\u017ce wzmocniony przez dr hab. Adama Hibszera i dr hab. S\u0142awomira Pytla, prof. U\u015a na stanowiskach naukowo-dydaktycznych oraz dr Wiolett\u0119 Tomal\u0119-Kani\u0119 na stanowisku naukowo-administracyjnym. W pa\u017adzierniku 2019 r. ukonstytuowa\u0142a si\u0119 Rada Naukowa Instytutu. Kontynuuj\u0105c swoj\u0105 dotychczasow\u0105 prac\u0119 opiek\u0119 nad sekretariatem Instytutu pe\u0142ni mgr Maria Tkocz.<\/p>\n<p>W 2020 r. prac\u0119 w Instytucie zacz\u0105\u0142 na stanowisku adiunkta dr Maksymilian Solarski, a w 2021 dr Weronika Dragan, wcze\u015bniej zatrudniona na stanowisku asystenta. Z kolei dr hab. Adam Hibszer rozpocz\u0105\u0142 prac\u0119 na stanowisku profesora uczelni (2023 R.). W latach 2021-2022 pracownikami Instytutu byli tak\u017ce dr hab. Josef Navratil, prof. U\u015a i \u015bp. dr Stanislav Martinat prof. U\u015a. Od 2022 r. w Instytucie pracuje dr Monika Janiszek. W tym okresie na emerytur\u0119 przeszli z kolei dr hab. Marzena Lamparska, prof. U\u015a I dr hab. Franciszek K\u0142osowski. W 2021 r. JM Rektor U\u015a powo\u0142a\u0142 na stanowisko zast\u0119pcy dyrektora Instytutu dr hab. Iwon\u0119 Kantor-Pietrag\u0119. W 2024 r. stopie\u0144 dr hab. uzyska\u0142 dr Valentin Mihaylov, a w 2025 r. dr hab. Robert Krzysztofik, prof. U\u015a zosta\u0142 profesorem tytularnym.\u00a0 Na prze\u0142omie 2024\/2025 r. z Instytutem zwi\u0105zany by\u0142 dr hab. Jerzy Nita, a od pocz\u0105tku 2025 pracuje w nim dr Hanna Rubin.\u00a0 W 2025 r. prac\u0119 w Instytucie rozpocz\u0119\u0142a prof. dr hab. Justyna Chodkowska-Miszczuk.<\/p>\n<p>Od 2022 r. Instytut jest miejscem rozwoju naukowego Doktorantek i Doktorant\u00f3w realizuj\u0105cych swoje badania w ramach Szko\u0142y Doktorskiej U\u015a. W 2025 r. rozprawy doktorskie z zakresu geografii spo\u0142eczno-ekonomicznej i gospodarki przestrzennej przygotowywali: mgr Aleksandra Zdyrko-Bednarczyk, mgr Jakub Bednarczyk (doktorat wdro\u017ceniowy), mgr Ma\u0142gorzata Szymiczek, mgr Stefania Koczar-Sikora (doktorat wdro\u017ceniowy), mgr Paulina Kandzia i mgr Hans Eyong.<\/p>\n<p>Z Instytutem zwi\u0105zane s\u0105 tak\u017ce Badaczki pracuj\u0105ce w Instytucie Nauk o Ziemi, kt\u00f3re zadeklarowa\u0142y 50% udzia\u0142 dyscypliny geografia spo\u0142eczno-ekonomiczna i gospodarka przestrzenna \u2013 dr hab. Urszula Myga-Pi\u0105tek, prof. U\u015a, dr Katarzyna Pukowiec i dr Anna \u017bem\u0142a-Siesicka.<\/p>\n<p><strong>ORGANIZACJA I KIEROWNICTWO KATEDRY ORAZ INSTYTUTU<\/strong><br \/>\n\u2022 1973 \u2013 Samodzielny Zak\u0142ad Geograficzny na Wydziale Biologii i Ochrony \u015arodowiska<br \/>\n\u2022 1974-1977 \u2013 prof. dr hab. J. Szaflarski (kierownik Zak\u0142adu Geografii Ekonomicznej)<br \/>\n\u2022 1977-1982 \u2013 prof. dr hab. A. Marya\u0144ski (kierownik Zak\u0142adu Geografii Ekonomicznej \u2013 pe\u0142nomocnictwo Dyrektora Instytutu Geografii dla dr A. Szajnowskiej w sprawach organizacyjnych i dydaktycznych)<br \/>\n\u2022 1982-1984 \u2013 prof. dr hab. A. Marya\u0144ski (kierownik Katedry Geografii Ekonomicznej \u2013upowa\u017cnienie kierownika dla dr A. Szajnowskiej-Wysockiej w sprawach organizacyjnych i dydaktycznych)<br \/>\n\u2022 1984-1989 \u2013 prof. dr hab. J. Szaflarski (kierownik Katedry Geografii Ekonomicznej \u2013 upowa\u017cnienie kierownika dla dra P. Modrzejewskiego w sprawach organizacyjnych i dydaktycznych oraz dr A. Szajnowskiej-Wysockiej w sprawach programu badawczego)<br \/>\n\u2022 1989-1990 \u2013 prof. dr hab. J. Trembaczowski (kurator Katedry)<br \/>\n\u2022 1990-1991 \u2013 prof. dr hab. T. Szczypek (kurator Katedry)<br \/>\n\u2022 1991-1993 \u2013 dr hab. P. Modrzejewski (kierownik Katedry)<br \/>\n\u2022 1993-1994 \u2013 dr M. Pukowska-Mitka (pe\u0142nomocnik Dziekana d\/s Katedry)<br \/>\n\u2022 1994-2006 \u2013 prof. dr hab. J. Tkocz (kierownik Katedry)<br \/>\n\u2022 2006-2014 \u2013 prof. dr hab. A. Szajnowska-Wysocka (kierownik Katedry)<br \/>\n\u2022 2014-2019 \u2013 prof. dr hab. J. Runge (kierownik Katedry)<br \/>\n\u2022 2019 i nadal \u2013 prof. dr hab. R. Krzysztofik (dyrektor Instytutu)<\/p>\n<\/div>\r\n                    <\/div>\r\n                <\/div>[\/vc_column][\/vc_row]<\/p>","protected":false},"excerpt":{"rendered":"<p>[vc_row][vc_column][\/vc_column][\/vc_row] [&#8230;]<\/p>\n<p><a class=\"btn btn-secondary understrap-read-more-link\" href=\"https:\/\/us.edu.pl\/instytut\/igseigp\/historia\/\">Read More&#8230;<\/a><\/p>\n","protected":false},"author":123,"featured_media":0,"parent":0,"menu_order":0,"comment_status":"closed","ping_status":"closed","template":"","meta":{"_expiration-date-status":"","_expiration-date":0,"_expiration-date-type":"","_expiration-date-categories":[],"_expiration-date-options":[]},"acf":[],"_links":{"self":[{"href":"https:\/\/us.edu.pl\/instytut\/igseigp\/wp-json\/wp\/v2\/pages\/244"}],"collection":[{"href":"https:\/\/us.edu.pl\/instytut\/igseigp\/wp-json\/wp\/v2\/pages"}],"about":[{"href":"https:\/\/us.edu.pl\/instytut\/igseigp\/wp-json\/wp\/v2\/types\/page"}],"author":[{"embeddable":true,"href":"https:\/\/us.edu.pl\/instytut\/igseigp\/wp-json\/wp\/v2\/users\/123"}],"replies":[{"embeddable":true,"href":"https:\/\/us.edu.pl\/instytut\/igseigp\/wp-json\/wp\/v2\/comments?post=244"}],"version-history":[{"count":10,"href":"https:\/\/us.edu.pl\/instytut\/igseigp\/wp-json\/wp\/v2\/pages\/244\/revisions"}],"predecessor-version":[{"id":2966,"href":"https:\/\/us.edu.pl\/instytut\/igseigp\/wp-json\/wp\/v2\/pages\/244\/revisions\/2966"}],"wp:attachment":[{"href":"https:\/\/us.edu.pl\/instytut\/igseigp\/wp-json\/wp\/v2\/media?parent=244"}],"curies":[{"name":"wp","href":"https:\/\/api.w.org\/{rel}","templated":true}]}}