{"id":251,"date":"2020-05-18T17:57:45","date_gmt":"2020-05-18T15:57:45","guid":{"rendered":"http:\/\/us.edu.pl\/instytut\/igseigp\/?page_id=251"},"modified":"2020-06-18T12:25:09","modified_gmt":"2020-06-18T10:25:09","slug":"badania-naukowe","status":"publish","type":"page","link":"https:\/\/us.edu.pl\/instytut\/igseigp\/badania-naukowe\/","title":{"rendered":"Badania naukowe"},"content":{"rendered":"<p>[vc_row][vc_column]\r\n                <div class=\"text-modules\">\r\n                    <div class=\"container\">\r\n                        <h3 class=\"page-title text__title\">Badania naukowe<\/h3>\r\n                        <div class=\"text-modules__content\"><\/p>\n<p style=\"text-align: justify\">Ukszta\u0142towany zesp\u00f3\u0142 podejmowa\u0142 coraz liczniejsze i bardziej wymagaj\u0105ce badania, kt\u00f3re znalaz\u0142y wyraz w r\u00f3\u017cnorodnych opracowaniach naukowych. W pocz\u0105tkowym okresie bardzo w\u0105ski zakres bada\u0144 naukowych Zak\u0142adu Geografii Ekonomicznej wynika\u0142 z potrzeb prowadzonych zaj\u0119\u0107 dydaktycznych, kt\u00f3rych zakres merytoryczny by\u0142 ukierunkowany specjalizacj\u0105 wyniesion\u0105 z naukowych o\u015brodk\u00f3w pochodzenia poszczeg\u00f3lnych os\u00f3b. Obecno\u015b\u0107 w regionie \u015bl\u0105skim wymusza\u0142a jednak podejmowanie istniej\u0105cych tutaj z\u0142o\u017conych zagadnie\u0144 spo\u0142eczno-gospodarczych. Zakres bada\u0144 rozszerza\u0142 si\u0119 wraz z liczebnym zwi\u0119kszaniem si\u0119 zespo\u0142u oraz wzrostem poziomu merytorycznego. R\u00f3\u017cnorodno\u015b\u0107 i z\u0142o\u017cono\u015b\u0107 problematyki regionalnej nie pozwala\u0142y na pe\u0142ny zakres analizy i wyja\u015bnienie wielu zagadnie\u0144, to jednak mo\u017cna m\u00f3wi\u0107 o regionalnym ukierunkowaniu bada\u0144, chocia\u017c z up\u0142ywem czasu pojawi\u0142y si\u0119 tematy wykraczaj\u0105ce poza obszar regionu \u015bl\u0105skiego.<\/p>\n<p style=\"text-align: justify\">W 1975 r. w ramach wsp\u00f3\u0142pracy z Komitetem Bada\u0144 Rejon\u00f3w Uprzemys\u0142owionych dr A. Szajnowska koordynowa\u0142a dwa szeroko zakrojone tematy badawcze, tj. \u201eZmiany w zagospodarowaniu infrastrukturalnym pod wp\u0142ywem intensywnej industrializacji\u201d oraz \u201ePrzemiany spo\u0142eczno-ekonomiczne pod wp\u0142ywem urbanizacji miast konurbacji katowickiej\u201d, a w latach 1981-1985 kierowa\u0142a realizacj\u0105 tematu zleconego pt. \u201eStruktury i procesy ludno\u015bciowe konurbacji g\u00f3rno\u015bl\u0105skiej\u201d. Dr A. Szajnowska w latach 1986-1990 kierowa\u0142a tak\u017ce tematem badawczym w ramach CPBP 03.12. pt. \u201eProblemy spo\u0142eczne regionu katowickiego\u201d. Opr\u00f3cz tego pracownicy Katedry realizowali w\u0142asne tematy b\u0119d\u0105ce kontynuacj\u0105 ich merytorycznych zainteresowa\u0144, a kt\u00f3re najcz\u0119\u015bciej s\u0142u\u017cy\u0142y uzyskaniu stopni naukowych. Poszczeg\u00f3lne osoby podejmowa\u0142y w\u0142asne problemy badawcze ukierunkowane na spo\u0142ecznie po\u017c\u0105dane opracowania na rzecz regionu. R\u00f3\u017cnorodna problematyka by\u0142a z jednej strony inspiracj\u0105 do uzyskania stopni naukowych wi\u0119kszo\u015bci m\u0142odych pracownik\u00f3w, a z drugiej s\u0142u\u017cy\u0142a tworzeniu coraz bardziej zintegrowanego zespo\u0142u badawczego.<\/p>\n<p style=\"text-align: justify\">W nast\u0119pnych latach badania zespo\u0142u koncentrowa\u0142y si\u0119 na zagadnieniach \u201eStruktur i proces\u00f3w demograficzno-spo\u0142ecznych oraz gospodarczych w warunkach przemian ustrojowych w Polsce\u201d najpierw wojew\u00f3dztwa katowickiego, a potem \u015bl\u0105skiego. Zagadnienia te by\u0142y rozpisane na wiele zada\u0144 cz\u0105stkowych, co znajduje wyraz w indywidualnej badaniach pracownik\u00f3w. Opr\u00f3cz tradycyjnie formu\u0142owanych problem\u00f3w spo\u0142eczno-ekonomicznych pojawia\u0142y si\u0119 zagadnienia stanowi\u0105ce nowe nurty badawcze w tym mi\u0119dzy innymi: \u015bwiadomo\u015b\u0107 i percepcja spo\u0142eczna, restrukturyzacja przemys\u0142u, rynek pracy, zagadnienia infrastruktury i dost\u0119pno\u015bci us\u0142ug, jako\u015b\u0107 \u017cycia oraz wiele innych aspekt\u00f3w bie\u017c\u0105cych przemian regionalnych.<\/p>\n<p style=\"text-align: justify\">Rozw\u00f3j kadrowy w ko\u0144cu lat 90. XX w. zaowocowa\u0142 zmianami w strukturze organizacyjnej oraz powstaniem w Katedrze Geografii Ekonomicznej zak\u0142ad\u00f3w: Geografii Spo\u0142ecznej (kierownik dr hab. J. Runge), Osadnictwa i Studi\u00f3w Regionalnych (kierownik dr hab. A. Szajnowska-Wysocka) oraz Gospodarki Przestrzennej (kierownik prof. U\u015al. dr hab. J. Tkocz od 2006 r. prof. U\u015al. dr hab. M. Tkocz). Ka\u017cdy z zak\u0142ad\u00f3w do czasu ich rozwi\u0105zania w 2012 r. realizowa\u0142 badania w\u0142asne. Temat \u201eStrategia rozwoju regionalnego i lokalnego wojew\u00f3dztwa \u015bl\u0105skiego\u201d stanowi\u0142 badania statutowe Zak\u0142adu Osadnictwa i Studi\u00f3w Regionalnych, \u201ePrzestrzenne zr\u00f3\u017cnicowanie warunk\u00f3w \u017cycia i przemian spo\u0142eczno-gospodarczych makroregionu po\u0142udniowego w warunkach transformacji ustrojowej\u201d \u2013 Zak\u0142adu Geografii Spo\u0142ecznej oraz \u201eGospodarka przestrzenna w procesie restrukturyzacji Aglomeracji G\u00f3rno\u015bl\u0105skiej i w jej obrze\u017cach\u201d \u2013 Zak\u0142adu Gospodarki Przestrzennej. Od 2012 r. w Katedrze jest realizowany wsp\u00f3lny temat \u201eStudia nad regionem \u015bl\u0105skim i jego konurbacj\u0105 w aspekcie ekonomicznym, spo\u0142ecznym, morfologicznym i historyczno-kulturowym\u201d.<\/p>\n<p style=\"text-align: justify\">Coraz bardziej zintegrowany zesp\u00f3\u0142 Katedry Geografii Ekonomicznej podejmowa\u0142 wsp\u00f3lne przedsi\u0119wzi\u0119cia badawcze, kt\u00f3rych wynikiem by\u0142y mi\u0119dzy innymi po\u015bwi\u0119cone regionowi zbiorowe opracowania:<br \/>\nWybrane zagadnienia z geografii spo\u0142eczno-ekonomicznej, t. 1, 1992, red. P. Modrzejewski.<br \/>\nWybrane zagadnienia z geografii spo\u0142eczno-ekonomicznej, t. 2, 1994, red. S. Dziadek, M. Tkocz.<br \/>\nPrzeobra\u017cenia spo\u0142eczne i ekonomiczne regionu katowickiego w okresie transformacji gospodarczej, 1997.<br \/>\nStudium wiedzy o regionie \u015bl\u0105skim, 1999, red. A Szajnowska-Wysocka.<br \/>\nStudia nad regionem \u015bl\u0105skim, t. 1, 2001, red. A Szajnowska-Wysocka.<br \/>\nWojew\u00f3dztwo \u015bl\u0105skie. Zarys geograficzno-ekonomiczny, 2008, red. M. Tkocz.<br \/>\nG\u00f3rno\u015bl\u0105ski Zwi\u0105zek Metropolitalny. Zarys geograficzny, 2008, red. R. Dualis, A. Hibszer.<br \/>\nSpo\u0142eczno-gospodarcze i przestrzenne kierunki zmian regionalnego oraz lokalnych rynk\u00f3w pracy wojew\u00f3dztwa \u015bl\u0105skiego, 2013, (Sitek S., Runge J., K\u0142osowski F., Runge A., Petryszyn J., Pytel S., Sp\u00f3rna T, Kurpanik M., Zuza\u0144ska-\u017by\u015bko E.,). Rozwini\u0119ciem analizy by\u0142y 4 opracowania na temat rynk\u00f3w pracy w podregionach: bielskim, centralnym, cz\u0119stochowskim i rybnickim.<\/p>\n<p style=\"text-align: justify\">Pr\u00f3b\u0105 wyj\u015bcia naprzeciw r\u00f3\u017cnym problemom badawczym geografii od 1999 r. pod przewodnictwem dra hab. J. Runge s\u0105 organizowane \u201eCieszy\u0144skie warsztaty z geografii spo\u0142eczno-ekonomicznej\u201d. Gromadz\u0105 corocznie liczn\u0105 grup\u0119 przewa\u017cnie m\u0142odych badaczy reprezentuj\u0105cych krajowe i zagraniczne o\u015brodki geograficzne. Wynikiem spotka\u0144 jest seryjne wydawnictwo \u201eStare i nowe\u201d problemy badawcze w geografii spo\u0142eczno-ekonomicznej\u201d (red. S. Sitek), kt\u00f3re w opublikowanych do 2014 r. sze\u015bciu zeszytach podejmuje r\u00f3\u017cne grupy zagadnie\u0144 w tym: teoretyczne, studia og\u00f3lnopolskie i mi\u0119dzynarodowe oraz studia regionalne i miejskie.<\/p>\n<p style=\"text-align: justify\">Wa\u017cnym elementem mi\u0119dzynarodowych badan naukowych by\u0142a realizacja w Katedrze Geografii Ekonomicznej projektu: SHRINK SMART: The Governance of Shrinkage within a European Context. Projekt realizowany by\u0142 w latach 2009-2012 w ramach FP7, Theme 8 \u201eSocial sciences and Humanities\u201d. W projekt zaanga\u017cowani byli dr R. Krzysztofik (lider Zespo\u0142u polskiego), prof. dr hab. Jerzy Runge i dr I. Kantor-Pietraga. Pracownicy KGE brali udzia\u0142 w konkursach wydzia\u0142owych oraz grantach przyznawanych przez JM Rektora U\u015a (dr M. Chmielewska, mgr M. Olberek-\u017by\u0142a, dr A. Runge).<br \/>\nAktualnie Pracownicy Instytutu realizuj\u0105 kilka grant\u00f3w i stypendi\u00f3w. \u00a0Dr hab. Adam Hibszer w latach realizuje rancie NCR \u201eAnalysis of demand for Earth science graduates in Poland and other selected countries\u201d (2019-2021). Dr T. Sp\u00f3rna w ramach konkursu PRELUDIUM NCN w latach 2015-2019 kieruje krajowym projektem \u201eProces suburbanizacji w policentrycznym regionie miejskim \u2013 na przyk\u0142adzie konurbacji katowickiej. Dr Valentin Mihaylov\u00a0 uzyska\u0142 grant \u2013 Miniatura 2. Przejawy eksternalizacji to\u017csamo\u015bci etnicznej w przestrzeni wybranych miast na obszarze Ba\u0142kan\u00f3w Zachodnich. \u00a0Mgr Weronika Dragan w IV kwartale 2019 r. przebywa\u0142a na stypendium naukowym w Herder Institut w Niemczech. Wcze\u015bniej, w 2018 r. na sta\u017cu w University of Strathclyde przebywa\u0142a dr Natalia Tomczewska-Popowycz. Od lat 2010. w Zespole szczeg\u00f3lny nacisk k\u0142adziony jest na umi\u0119dzynarodowienie dorobku. Coraz wi\u0119cej Pracownik\u00f3w publikuje efekty swoich bada\u0144, w coraz wy\u017cej punktowanych czasopismach (International Journal of Urban and Regional Research; Population, Place and Space; European Planning Studies; Geografiska Annaler; Sustaianability; Norsk Geografisk Tidsskrift \u2013 Norwegian Journal of Geography; Moravian Geographical Reports; Sotsiologicheskie issledovaniya [Sociological Research]; Urban Research and Practice). Wa\u017cna cz\u0119\u015b\u0107 dorobku opublikowana zosta\u0142a tak\u017ce w kilkudziesi\u0119ciu monografiach naukowych oraz opracowaniach zbiorowych. W\u015br\u00f3d nich s\u0105 ksi\u0105\u017cki w j\u0119zyku angielskim i opublikowane zagranic\u0105. Od 2020 r. badania naukowe realizowane s\u0105 w trzech zespo\u0142ach badawczych oraz indywidualnie.<\/p>\n<p>\n<\/div>\r\n                    <\/div>\r\n                <\/div>[\/vc_column][\/vc_row]<\/p>","protected":false},"excerpt":{"rendered":"<p>[vc_row][vc_column][\/vc_column][\/vc_row] [&#8230;]<\/p>\n<p><a class=\"btn btn-secondary understrap-read-more-link\" href=\"https:\/\/us.edu.pl\/instytut\/igseigp\/badania-naukowe\/\">Read More&#8230;<\/a><\/p>\n","protected":false},"author":123,"featured_media":0,"parent":0,"menu_order":0,"comment_status":"closed","ping_status":"closed","template":"","meta":{"_expiration-date-status":"saved","_expiration-date":0,"_expiration-date-type":"","_expiration-date-categories":[],"_expiration-date-options":[]},"acf":[],"_links":{"self":[{"href":"https:\/\/us.edu.pl\/instytut\/igseigp\/wp-json\/wp\/v2\/pages\/251"}],"collection":[{"href":"https:\/\/us.edu.pl\/instytut\/igseigp\/wp-json\/wp\/v2\/pages"}],"about":[{"href":"https:\/\/us.edu.pl\/instytut\/igseigp\/wp-json\/wp\/v2\/types\/page"}],"author":[{"embeddable":true,"href":"https:\/\/us.edu.pl\/instytut\/igseigp\/wp-json\/wp\/v2\/users\/123"}],"replies":[{"embeddable":true,"href":"https:\/\/us.edu.pl\/instytut\/igseigp\/wp-json\/wp\/v2\/comments?post=251"}],"version-history":[{"count":6,"href":"https:\/\/us.edu.pl\/instytut\/igseigp\/wp-json\/wp\/v2\/pages\/251\/revisions"}],"predecessor-version":[{"id":629,"href":"https:\/\/us.edu.pl\/instytut\/igseigp\/wp-json\/wp\/v2\/pages\/251\/revisions\/629"}],"wp:attachment":[{"href":"https:\/\/us.edu.pl\/instytut\/igseigp\/wp-json\/wp\/v2\/media?parent=251"}],"curies":[{"name":"wp","href":"https:\/\/api.w.org\/{rel}","templated":true}]}}