{"id":504,"date":"2020-06-04T14:06:31","date_gmt":"2020-06-04T12:06:31","guid":{"rendered":"https:\/\/us.edu.pl\/instytut\/igseigp\/?page_id=504"},"modified":"2024-12-05T10:26:35","modified_gmt":"2024-12-05T09:26:35","slug":"habilitacje","status":"publish","type":"page","link":"https:\/\/us.edu.pl\/instytut\/igseigp\/habilitacje\/","title":{"rendered":"Habilitacje"},"content":{"rendered":"<p>[vc_row][vc_column]\r\n                <div class=\"text-modules\">\r\n                    <div class=\"container\">\r\n                        <h3 class=\"page-title text__title\">Habilitacje<\/h3>\r\n                        <div class=\"text-modules__content\"><p><strong><span style=\"font-size: 14pt;\">dr hab. Valentin Mihaylov<\/span><\/strong><br \/>\n<span style=\"font-size: 14pt;\">Tytu\u0142: Bulgarian Geopolitics in a Balkan Context: Imagining the Space of a Nation. Wyd. Routledge<\/span><br \/>\n<span style=\"font-size: 14pt;\">Data nadania: 03.12.2024<\/span><\/p>\n<p><strong><span style=\"font-size: 14pt;\">dr hab. S\u0142awomir Pytel<\/span><\/strong><br \/>\n<span style=\"font-size: 14pt;\">Tytu\u0142: Migracje emeryt\u00f3w w Polsce \u2013 czynniki, kierunki, konsekwencje. Wyd. U\u015a, 2017<\/span><br \/>\n<span style=\"font-size: 14pt;\">Data nadania: 15.01.2019<\/span><\/p>\n<p><strong><span style=\"font-size: 14pt;\">dr hab. S\u0142awomir Sitek<\/span><\/strong><br \/>\n<span style=\"font-size: 14pt;\">Tytu\u0142: Uwarunkowania rozwoju lokalnego na obszarach przygranicznych. Wyd. U\u015a, 2016<\/span><br \/>\n<span style=\"font-size: 14pt;\">Data nadania: 17.10.2017<\/span><\/p>\n<p><strong><span style=\"font-size: 14pt;\">dr hab. El\u017cbieta Zuza\u0144ska-\u017by\u015bko<\/span><\/strong><br \/>\n<span style=\"font-size: 14pt;\">Tytu\u0142: Procesy metropolizacji. Teoria i praktyka. Wyd. PWN, 2016<\/span><br \/>\n<span style=\"font-size: 14pt;\">Data nadania: 20.09.2016<\/span><\/p>\n<p><strong><span style=\"font-size: 14pt;\">dr hab. Marzena Lamparska<\/span><\/strong><br \/>\n<span style=\"font-size: 14pt;\">Tytu\u0142: Uwarunkowania rozwoju turystyki postindustrialnej w przestrzeni G\u00f3rno\u015bl\u0105skiego Zwi\u0105zku Metropolitalnego, Wyd. U\u015a, 2013<br \/>\n<\/span><span style=\"font-size: 14pt;\">Data nadania: 23.09.2015<\/span><\/p>\n<p><strong><span style=\"font-size: 14pt;\">dr hab. Iwona Kantor-Pietraga<\/span><\/strong><br \/>\n<span style=\"font-size: 14pt;\">Tytu\u0142: Systematyka procesu depopulacji miast na obszarze Polski od XIX do XXI w. Wyd. U\u015a, 2014<\/span><br \/>\n<span style=\"font-size: 14pt;\">Data nadania: 12.05.2015<\/span><\/p>\n<p><strong><span style=\"font-size: 14pt;\">dr hab. Robert Krzysztofik<\/span><\/strong><br \/>\n<span style=\"font-size: 14pt;\">Tytu\u0142: Geneza aglomeracji miast na obszarze Polski.\u00a0 Wyd. U\u015a, 2014<\/span><br \/>\n<span style=\"font-size: 14pt;\">Data nadania: 12.05.2015<\/span><\/p>\n<p><strong><span style=\"font-size: 14pt;\">dr hab. Anna Runge<\/span><\/strong><br \/>\n<span style=\"font-size: 14pt;\">Tytu\u0142: Rola miast \u015brednich w kszta\u0142towaniu systemu osadniczego Polski.<\/span><br \/>\n<span style=\"font-size: 14pt;\">Data nadania: 03.02.2015<\/span><\/p>\n<p><strong><span style=\"font-size: 14pt;\">dr hab. Adam Hibszer<\/span><\/strong><br \/>\n<span style=\"font-size: 14pt;\">Tytu\u0142: Parki narodowe w \u015bwiadomo\u015bci i dzia\u0142aniach spo\u0142eczno\u015bci lokalnych. Wyd. U\u015a, 2013<\/span><br \/>\n<span style=\"font-size: 14pt;\">Data nadania: 24.02.2014<\/span><\/p>\n<p><strong><span style=\"font-size: 14pt;\">dr hab. Franciszek K\u0142osowski<\/span><\/strong><br \/>\n<span style=\"font-size: 14pt;\">Tytu\u0142: Sektor us\u0142ug w gospodarce regionu tradycyjnego w warunkach transformacji i restrukturyzacji. Przyk\u0142ad konurbacji katowickiej. Wyd. U\u015a, 2006<\/span><br \/>\n<span style=\"font-size: 14pt;\">Data nadania: 27.01.2009<\/span><\/p>\n<p><strong><span style=\"font-size: 14pt;\">dr hab. Maria Tkocz<\/span><\/strong><br \/>\n<span style=\"font-size: 14pt;\">Tytu\u0142: Restrukturyzacja przemys\u0142u regionu tradycyjnego. Wyd. U\u015a, 2001<\/span><br \/>\n<span style=\"font-size: 14pt;\">Data nadania: 04.06.2002<\/span><\/p>\n<p><strong><span style=\"font-size: 14pt;\">dr hab. Jerzy Runge<\/span><\/strong><br \/>\n<span style=\"font-size: 14pt;\">Tytu\u0142: Struktura rynku pracy regionu tradycyjnego i jego otoczenia na przyk\u0142adzie wojew\u00f3dztwa katowickiego. Wyd.U\u015a 1996<\/span><br \/>\n<span style=\"font-size: 14pt;\">Data nadania: 1998, UJ Krak\u00f3w<\/span><\/p>\n<\/div>\r\n                    <\/div>\r\n                <\/div>[\/vc_column][\/vc_row]<\/p>","protected":false},"excerpt":{"rendered":"<p>[vc_row][vc_column][\/vc_column][\/vc_row] [&#8230;]<\/p>\n<p><a class=\"btn btn-secondary understrap-read-more-link\" href=\"https:\/\/us.edu.pl\/instytut\/igseigp\/habilitacje\/\">Read More&#8230;<\/a><\/p>\n","protected":false},"author":123,"featured_media":0,"parent":0,"menu_order":0,"comment_status":"closed","ping_status":"closed","template":"","meta":{"_expiration-date-status":"","_expiration-date":0,"_expiration-date-type":"","_expiration-date-categories":[],"_expiration-date-options":[]},"acf":[],"_links":{"self":[{"href":"https:\/\/us.edu.pl\/instytut\/igseigp\/wp-json\/wp\/v2\/pages\/504"}],"collection":[{"href":"https:\/\/us.edu.pl\/instytut\/igseigp\/wp-json\/wp\/v2\/pages"}],"about":[{"href":"https:\/\/us.edu.pl\/instytut\/igseigp\/wp-json\/wp\/v2\/types\/page"}],"author":[{"embeddable":true,"href":"https:\/\/us.edu.pl\/instytut\/igseigp\/wp-json\/wp\/v2\/users\/123"}],"replies":[{"embeddable":true,"href":"https:\/\/us.edu.pl\/instytut\/igseigp\/wp-json\/wp\/v2\/comments?post=504"}],"version-history":[{"count":10,"href":"https:\/\/us.edu.pl\/instytut\/igseigp\/wp-json\/wp\/v2\/pages\/504\/revisions"}],"predecessor-version":[{"id":1953,"href":"https:\/\/us.edu.pl\/instytut\/igseigp\/wp-json\/wp\/v2\/pages\/504\/revisions\/1953"}],"wp:attachment":[{"href":"https:\/\/us.edu.pl\/instytut\/igseigp\/wp-json\/wp\/v2\/media?parent=504"}],"curies":[{"name":"wp","href":"https:\/\/api.w.org\/{rel}","templated":true}]}}