{"id":569,"date":"2020-06-15T12:40:58","date_gmt":"2020-06-15T10:40:58","guid":{"rendered":"https:\/\/us.edu.pl\/instytut\/igseigp\/?page_id=569"},"modified":"2020-07-07T12:08:06","modified_gmt":"2020-07-07T10:08:06","slug":"granty-naukowe-krajowe","status":"publish","type":"page","link":"https:\/\/us.edu.pl\/instytut\/igseigp\/granty-naukowe-krajowe\/","title":{"rendered":"Granty naukowe krajowe"},"content":{"rendered":"<p>[vc_row][vc_column]\r\n                <div class=\"text-modules\">\r\n                    <div class=\"container\">\r\n                        \r\n                        <div class=\"text-modules__content\"><p><em><strong><span style=\"font-size: 12pt\">Gospostrateg 1\/384689\/20\/NCBR\/2019<\/span><\/strong><\/em><br \/>\nNazwa projektu lub grantu:<br \/>\n<strong>Nowy model urbanizacji w Polsce \u2013 praktyczne wdro\u017cenie zasad odpowiedzialnej urbanizacji oraz miasta zwartego, \u201eSpo\u0142eczny i gospodarczy rozw\u00f3j Polski w warunkach globalizuj\u0105cych si\u0119 rynk\u00f3w&#8221;<\/strong><br \/>\nFinansowany przez:<br \/>\nNarodowe Centrum Bada\u0144 i Rozwoju (NCBR) w ramach Strategicznego Programu Bada\u0144 Naukowych i Prac Rozwojowych<br \/>\nOkres realizacji:<br \/>\n2019-2021<br \/>\nUczestnicy z IGSEiGP:<br \/>\n<strong>dr hab. Robert Krzysztofik, prof. U\u015a<\/strong><\/p>\n<p>&nbsp;<\/p>\n<p><span style=\"font-size: 12pt\"><em><strong>2018\/29\/B\/HS4\/00847<\/strong><\/em><\/span><br \/>\nNazwa projektu lub grantu:<br \/>\n<strong>Analysis of demand for Earth science graduates in Poland and other selected countries (Analiza popytu na absolwent\u00f3w nauk o Ziemi w Polsce i innych wybranych krajach)<\/strong><br \/>\nFinansowany przez:<br \/>\nNCN (OPUS 15)<br \/>\nOkres realizacji:<br \/>\n2019-2022<br \/>\nUczestnicy z IGSEiGP:<br \/>\n<strong>dr hab. Adam Hibszer<\/strong><\/p>\n<p>&nbsp;<\/p>\n<p><span style=\"font-size: 12pt\"><em><strong>2018\/28\/T\/HS4\/005218<\/strong><\/em><\/span><br \/>\n<strong>Kszta\u0142towanie uk\u0142ad\u00f3w przestrzennych i urbanistycznych dawnych kolejowych o\u015brodk\u00f3w granicznych Polski<\/strong><br \/>\nFinansowany przez:<br \/>\nNCN (konkurs Etiuda 6 &#8211; stypendium doktorskie)<br \/>\nOkres realizacji:<br \/>\n2018-2020<br \/>\nUczestnicy z IGSEiGP:<br \/>\n<strong>mgr Weronika Dragan<\/strong><\/p>\n<p>&nbsp;<\/p>\n<p><span style=\"font-size: 12pt\"><em><strong>2018\/02\/X\/HS6\/01272<\/strong><\/em><\/span><br \/>\nNazwa projektu lub grantu:<br \/>\n<strong>Przejawy eksternalizacji to\u017csamo\u015bci etnicznej w przestrzeni wybranych miast na obszarze Ba\u0142kan\u00f3w Zachodnich<\/strong><br \/>\nFinansowany przez: NCN (konkurs Miniatura 2)Okres realizacji:<br \/>\n2018-2019<br \/>\nUczestnicy z IGSEiGP:<br \/>\n<strong>dr Valentin Mihaylov<\/strong><\/p>\n<p>&nbsp;<\/p>\n<p><span style=\"font-size: 12pt\"><em><strong>UMO-2014\/13\/N\/HS4\/035785<\/strong><\/em><\/span><br \/>\nNazwa projektu lub grantu:<br \/>\n<strong>Proces suburbanizacji w policentrycznym regionie miejskim na przyk\u0142adzie konurbacji katowickiej<\/strong><br \/>\nFinansowany przez:<br \/>\nNCN (konkurs Preludium)<br \/>\nOkres realizacji:<br \/>\n2015-2019<br \/>\nUczestnicy z IGSEiGP:<br \/>\n<strong>dr Tomasz Sp\u00f3rna<\/strong><\/p>\n<\/div>\r\n                    <\/div>\r\n                <\/div>[\/vc_column][\/vc_row]<\/p>","protected":false},"excerpt":{"rendered":"<p>[vc_row][vc_column][\/vc_column][\/vc_row] [&#8230;]<\/p>\n<p><a class=\"btn btn-secondary understrap-read-more-link\" href=\"https:\/\/us.edu.pl\/instytut\/igseigp\/granty-naukowe-krajowe\/\">Read More&#8230;<\/a><\/p>\n","protected":false},"author":123,"featured_media":0,"parent":0,"menu_order":0,"comment_status":"closed","ping_status":"closed","template":"","meta":{"_expiration-date-status":"saved","_expiration-date":0,"_expiration-date-type":"","_expiration-date-categories":[],"_expiration-date-options":[]},"acf":[],"_links":{"self":[{"href":"https:\/\/us.edu.pl\/instytut\/igseigp\/wp-json\/wp\/v2\/pages\/569"}],"collection":[{"href":"https:\/\/us.edu.pl\/instytut\/igseigp\/wp-json\/wp\/v2\/pages"}],"about":[{"href":"https:\/\/us.edu.pl\/instytut\/igseigp\/wp-json\/wp\/v2\/types\/page"}],"author":[{"embeddable":true,"href":"https:\/\/us.edu.pl\/instytut\/igseigp\/wp-json\/wp\/v2\/users\/123"}],"replies":[{"embeddable":true,"href":"https:\/\/us.edu.pl\/instytut\/igseigp\/wp-json\/wp\/v2\/comments?post=569"}],"version-history":[{"count":7,"href":"https:\/\/us.edu.pl\/instytut\/igseigp\/wp-json\/wp\/v2\/pages\/569\/revisions"}],"predecessor-version":[{"id":692,"href":"https:\/\/us.edu.pl\/instytut\/igseigp\/wp-json\/wp\/v2\/pages\/569\/revisions\/692"}],"wp:attachment":[{"href":"https:\/\/us.edu.pl\/instytut\/igseigp\/wp-json\/wp\/v2\/media?parent=569"}],"curies":[{"name":"wp","href":"https:\/\/api.w.org\/{rel}","templated":true}]}}