{"id":872,"date":"2021-01-25T12:13:15","date_gmt":"2021-01-25T11:13:15","guid":{"rendered":"https:\/\/us.edu.pl\/instytut\/igseigp\/?page_id=872"},"modified":"2021-01-25T13:09:46","modified_gmt":"2021-01-25T12:09:46","slug":"cd-finalizacja-stypendium-doktorskiego-etiuda-6-ncn-dr-weroniki-dragan","status":"publish","type":"page","link":"https:\/\/us.edu.pl\/instytut\/igseigp\/cd-finalizacja-stypendium-doktorskiego-etiuda-6-ncn-dr-weroniki-dragan\/","title":{"rendered":"cd. finalizacja stypendium doktorskiego Etiuda 6 NCN dr Weroniki Dragan"},"content":{"rendered":"<p>[vc_row el_class=&#8221;container&#8221;][vc_column]\r\n                <div class=\"text-modules\">\r\n                    <div class=\"container\">\r\n                        \r\n                        <div class=\"text-modules__content\"><\/p>\n<p style=\"text-align: justify\">Sfinalizowana przez dr Weronik\u0119 Dragan rozprawa doktorska pt. \u201eKszta\u0142towanie uk\u0142ad\u00f3w przestrzennych i urbanistycznych dawnych kolejowych o\u015brodk\u00f3w granicznych Polski\u201d stanowi\u0142a r\u00f3wnie\u017c element stypendium doktorskiego Etiuda 6 Narodowego Centrum Nauki [nr rej. 2018\/28\/T\/HS4\/00218], pozyskanego w 2018 r. Badaniami obj\u0119to kilkadziesi\u0105t miejscowo\u015bci zlokalizowanych wzd\u0142u\u017c dawnej granicy sprzed wybuchu I wojny \u015bwiatowej oraz z okresu mi\u0119dzywojennego, a tak\u017ce referencyjnie odniesiono si\u0119 do kszta\u0142towania si\u0119 tego typu miejscowo\u015bci na obszarze Litwy, Ukrainy, Czech, Rumunii, Serbii, a tak\u017ce W\u0142och.<br \/>\nZaistnienie synergii mi\u0119dzy badanymi elementami przestrzennymi przyczyni\u0142o si\u0119 do powstania zupe\u0142nie nowych, dot\u0105d nie funkcjonuj\u0105cych w sieci osadniczej miejscowo\u015bci, tj. kolejowych miast-wr\u00f3t. W procesie wyja\u015bniania zmian przestrzennych nawi\u0105zano do r\u00f3\u017cnych czynnik\u00f3w miastotw\u00f3rczych, takich jak migracje, r\u00f3\u017cnorodno\u015b\u0107 kulturowa i spo\u0142eczna. Na podstawie bada\u0144 empirycznych sformu\u0142owano modele wyja\u015bniaj\u0105ce genez\u0119 miejscowo\u015bci, kierunki rozwoju przestrzennego, model rozwoju funkcjonalno-przestrzennego dzielnicy przystacyjnej, w rozprawie przedstawiono r\u00f3wnie\u017c kwestie spo\u0142ecznego zr\u00f3\u017cnicowania struktury przestrzennej dawnych granicznych miast i wsi.<br \/>\nPonadto dla wsp\u00f3\u0142czesnego okresu badawczego podj\u0119to wyja\u015bnianie zmian przestrzennych dzielnic przystacyjnych, poruszono problematyk\u0119 wsp\u00f3\u0142czesnego zagospodarowania dawnych kolejowo-granicznych dworc\u00f3w oraz zwi\u0105zanych z nimi teren\u00f3w.<\/p>\n<p>\n<\/div>\r\n                    <\/div>\r\n                <\/div>[\/vc_column][\/vc_row]<\/p>","protected":false},"excerpt":{"rendered":"<p>[vc_row el_class=&#8221;container&#8221;][vc_column][\/vc_column][\/vc_row] [&#8230;]<\/p>\n<p><a class=\"btn btn-secondary understrap-read-more-link\" href=\"https:\/\/us.edu.pl\/instytut\/igseigp\/cd-finalizacja-stypendium-doktorskiego-etiuda-6-ncn-dr-weroniki-dragan\/\">Read More&#8230;<\/a><\/p>\n","protected":false},"author":123,"featured_media":0,"parent":0,"menu_order":0,"comment_status":"closed","ping_status":"closed","template":"","meta":{"_expiration-date-status":"saved","_expiration-date":0,"_expiration-date-type":"","_expiration-date-categories":[],"_expiration-date-options":[]},"acf":[],"_links":{"self":[{"href":"https:\/\/us.edu.pl\/instytut\/igseigp\/wp-json\/wp\/v2\/pages\/872"}],"collection":[{"href":"https:\/\/us.edu.pl\/instytut\/igseigp\/wp-json\/wp\/v2\/pages"}],"about":[{"href":"https:\/\/us.edu.pl\/instytut\/igseigp\/wp-json\/wp\/v2\/types\/page"}],"author":[{"embeddable":true,"href":"https:\/\/us.edu.pl\/instytut\/igseigp\/wp-json\/wp\/v2\/users\/123"}],"replies":[{"embeddable":true,"href":"https:\/\/us.edu.pl\/instytut\/igseigp\/wp-json\/wp\/v2\/comments?post=872"}],"version-history":[{"count":4,"href":"https:\/\/us.edu.pl\/instytut\/igseigp\/wp-json\/wp\/v2\/pages\/872\/revisions"}],"predecessor-version":[{"id":890,"href":"https:\/\/us.edu.pl\/instytut\/igseigp\/wp-json\/wp\/v2\/pages\/872\/revisions\/890"}],"wp:attachment":[{"href":"https:\/\/us.edu.pl\/instytut\/igseigp\/wp-json\/wp\/v2\/media?parent=872"}],"curies":[{"name":"wp","href":"https:\/\/api.w.org\/{rel}","templated":true}]}}