{"id":120,"date":"2019-10-24T10:46:13","date_gmt":"2019-10-24T08:46:13","guid":{"rendered":"http:\/\/us.edu.pl\/instytut\/ih\/?page_id=120"},"modified":"2019-10-25T10:57:03","modified_gmt":"2019-10-25T08:57:03","slug":"mapa-strony","status":"publish","type":"page","link":"https:\/\/us.edu.pl\/instytut\/ih\/mapa-strony\/","title":{"rendered":"Mapa strony"},"content":{"rendered":"<p>[vc_row][vc_column]\r\n                <div class=\"text-modules\">\r\n                    <div class=\"container\">\r\n                        \r\n                        <div class=\"text-modules__content\"><div class=\"wsp-container\"><h2 class=\"wsp-pages-title\">Pages<\/h2>\n<ul class=\"wsp-pages-list\">\n<li class=\"page_item page-item-2348 page_item_has_children\"><a href=\"https:\/\/us.edu.pl\/instytut\/ih\/akty-prawne\/\">Akty prawne<\/a>\n<ul class='children'>\n\t<li class=\"page_item page-item-2350\"><a href=\"https:\/\/us.edu.pl\/instytut\/ih\/akty-prawne\/akty-dyrektora-instytutu\/\">Akty Dyrektora Instytutu<\/a><\/li>\n\t<li class=\"page_item page-item-2351\"><a href=\"https:\/\/us.edu.pl\/instytut\/ih\/akty-prawne\/uchwaly-rady-naukowej\/\">Uchwa\u0142y Rady Naukowej<\/a><\/li>\n<\/ul>\n<\/li>\n<li class=\"page_item page-item-198 page_item_has_children\"><a href=\"https:\/\/us.edu.pl\/instytut\/ih\/wspolpraca\/\">wsp\u00f3\u0142praca<\/a>\n<ul class='children'>\n\t<li class=\"page_item page-item-278\"><a href=\"https:\/\/us.edu.pl\/instytut\/ih\/wspolpraca\/instytucje-oswiatowe\/\">Instytucje o\u015bwiatowe<\/a><\/li>\n\t<li class=\"page_item page-item-274\"><a href=\"https:\/\/us.edu.pl\/instytut\/ih\/wspolpraca\/instytucje-kultury\/\">Instytucje kultury<\/a><\/li>\n\t<li class=\"page_item page-item-264\"><a href=\"https:\/\/us.edu.pl\/instytut\/ih\/wspolpraca\/rada-interesariuszy\/\">Rada Interesariuszy<\/a><\/li>\n<\/ul>\n<\/li>\n<li class=\"page_item page-item-196 page_item_has_children\"><a href=\"https:\/\/us.edu.pl\/instytut\/ih\/konferencje\/\">konferencje<\/a>\n<ul class='children'>\n\t<li class=\"page_item page-item-1141\"><a href=\"https:\/\/us.edu.pl\/instytut\/ih\/konferencje\/vii-kongres-mediewistow-polskich\/\">VII Kongres Mediewist\u00f3w Polskich<\/a><\/li>\n<\/ul>\n<\/li>\n<li class=\"page_item page-item-194 page_item_has_children\"><a href=\"https:\/\/us.edu.pl\/instytut\/ih\/nauka\/\">nauka<\/a>\n<ul class='children'>\n\t<li class=\"page_item page-item-1522\"><a href=\"https:\/\/us.edu.pl\/instytut\/ih\/nauka\/komisja-historyczna-pan-oddzial-w-katowicach\/\">Komisja Historyczna PAN oddzia\u0142 w Katowicach<\/a><\/li>\n\t<li class=\"page_item page-item-226\"><a href=\"https:\/\/us.edu.pl\/instytut\/ih\/nauka\/projekty-grantowe\/\">projekty grantowe<\/a><\/li>\n\t<li class=\"page_item page-item-224\"><a href=\"https:\/\/us.edu.pl\/instytut\/ih\/nauka\/projekty-badawcze\/\">projekty badawcze<\/a><\/li>\n\t<li class=\"page_item page-item-214\"><a href=\"https:\/\/us.edu.pl\/instytut\/ih\/nauka\/publikacje\/\">publikacje<\/a><\/li>\n<\/ul>\n<\/li>\n<li class=\"page_item page-item-192 page_item_has_children\"><a href=\"https:\/\/us.edu.pl\/instytut\/ih\/o-instytucie\/\">o instytucie<\/a>\n<ul class='children'>\n\t<li class=\"page_item page-item-284 page_item_has_children\"><a href=\"https:\/\/us.edu.pl\/instytut\/ih\/o-instytucie\/zespoly-badawcze\/\">Zespo\u0142y badawcze<\/a>\n\t<ul class='children'>\n\t\t<li class=\"page_item page-item-285\"><a href=\"https:\/\/us.edu.pl\/instytut\/ih\/o-instytucie\/zespoly-badawcze\/zespol-badan-nad-imperium-grecko-rzymskim\/\">Zesp\u00f3\u0142 bada\u0144 nad imperium grecko-rzymskim<\/a><\/li>\n\t\t<li class=\"page_item page-item-291\"><a href=\"https:\/\/us.edu.pl\/instytut\/ih\/o-instytucie\/zespoly-badawcze\/zespol-badawczy-historii-sredniowiecznej-i-nauk-pomocniczych-historii\/\">Zesp\u00f3\u0142 bada\u0144 nad dziejami Polski i Europy w \u015bredniowieczu i naukami  pomocniczymi historii<\/a><\/li>\n\t\t<li class=\"page_item page-item-293\"><a href=\"https:\/\/us.edu.pl\/instytut\/ih\/o-instytucie\/zespoly-badawcze\/zespol-badawczy-historii-nowozytnej-xvi-xviii-wieku\/\">Zesp\u00f3\u0142 do bada\u0144 na dziejami Europy i Rzeczypospolitej w dobie nowo\u017cytnej XVI-XVIII w.<\/a><\/li>\n\t\t<li class=\"page_item page-item-295\"><a href=\"https:\/\/us.edu.pl\/instytut\/ih\/o-instytucie\/zespoly-badawcze\/zespol-badawczy-historii-nowozytnej-xix-wieku\/\">Zesp\u00f3\u0142 bada\u0144 nad ziemiami dawnej Rzeczypospolitej w czasach rozbior\u00f3w i Europy  w d\u0142ugim wieku XIX w.<\/a><\/li>\n\t\t<li class=\"page_item page-item-297\"><a href=\"https:\/\/us.edu.pl\/instytut\/ih\/o-instytucie\/zespoly-badawcze\/zespol-badawczy-historii-najnowszej-1918-1945\/\">Zesp\u00f3\u0142 do bada\u0144 dziej\u00f3w Polski i Europy I po\u0142owy XX w.<\/a><\/li>\n\t\t<li class=\"page_item page-item-299\"><a href=\"https:\/\/us.edu.pl\/instytut\/ih\/o-instytucie\/zespoly-badawcze\/zespol-badawczy-historii-najnowszej-po-1945-roku\/\">Zesp\u00f3\u0142 bada\u0144 nad przemianami i konfliktami politycznymi w II po\u0142owie XX w.<\/a><\/li>\n\t\t<li class=\"page_item page-item-301\"><a href=\"https:\/\/us.edu.pl\/instytut\/ih\/o-instytucie\/zespoly-badawcze\/zespol-badawczy-archiwistyki-i-historii-slaska\/\">Zesp\u00f3\u0142 do bada\u0144 nad dokumentacj\u0105 archiwaln\u0105 i archiwami<\/a><\/li>\n\t\t<li class=\"page_item page-item-674\"><a href=\"https:\/\/us.edu.pl\/instytut\/ih\/o-instytucie\/zespoly-badawcze\/zmiany-w-srodowisku-naturalnym-w-gornoslaskim-okregu-przemyslowym-w-xix-xx-wieku-na-tle-porownawczym-przygotowanie-wniosku-do-horyzont-europa-2021\/\">Zesp\u00f3\u0142 do bada\u0144 mad migracjami w XIX i XX w.<\/a><\/li>\n\t\t<li class=\"page_item page-item-671\"><a href=\"https:\/\/us.edu.pl\/instytut\/ih\/o-instytucie\/zespoly-badawcze\/struktury-organizacyjne-i-komunikacyjne-w-chrzescijanstwie-poznoantycznym\/\">Struktury organizacyjne i komunikacyjne w chrze\u015bcija\u0144stwie p\u00f3\u017anoantycznym<\/a><\/li>\n\t\t<li class=\"page_item page-item-668\"><a href=\"https:\/\/us.edu.pl\/instytut\/ih\/o-instytucie\/zespoly-badawcze\/zespol-badan-metahistorycznych\/\">Zesp\u00f3l bada\u0144 metahistorycznych<\/a><\/li>\n\t\t<li class=\"page_item page-item-303\"><a href=\"https:\/\/us.edu.pl\/instytut\/ih\/o-instytucie\/zespoly-badawcze\/zespol-badawczy-metodologii-dydaktyki-i-kultury-historycznej\/\">Zesp\u00f3\u0142 do bada\u0144 nad dziejami \u015al\u0105ska w epoce nowo\u017cytnej i czasach najnowszych<\/a><\/li>\n\t<\/ul>\n<\/li>\n\t<li class=\"page_item page-item-212\"><a href=\"https:\/\/us.edu.pl\/instytut\/ih\/o-instytucie\/biuro-ewaluacji-i-obslugi-instytutu-historii\/\">Biuro Ewaluacji i Obs\u0142ugi Instytutu Historii<\/a><\/li>\n\t<li class=\"page_item page-item-210\"><a href=\"https:\/\/us.edu.pl\/instytut\/ih\/o-instytucie\/pracownicy\/\">pracownicy<\/a><\/li>\n\t<li class=\"page_item page-item-208\"><a href=\"https:\/\/us.edu.pl\/instytut\/ih\/o-instytucie\/rada-naukowa\/\">rada naukowa<\/a><\/li>\n\t<li class=\"page_item page-item-206\"><a href=\"https:\/\/us.edu.pl\/instytut\/ih\/o-instytucie\/instytut-dawniej-i-dzis\/\">instytut dawniej i dzi\u015b<\/a><\/li>\n\t<li class=\"page_item page-item-204\"><a href=\"https:\/\/us.edu.pl\/instytut\/ih\/o-instytucie\/dyrekcja-instytutu\/\">dyrekcja instytutu<\/a><\/li>\n<\/ul>\n<\/li>\n<li class=\"page_item page-item-151\"><a href=\"https:\/\/us.edu.pl\/instytut\/ih\/kontakt\/\">Kontakt<\/a><\/li>\n<li class=\"page_item page-item-148\"><a href=\"https:\/\/us.edu.pl\/instytut\/ih\/wszystko\/\">Wszystko<\/a><\/li>\n<li class=\"page_item page-item-120\"><a href=\"https:\/\/us.edu.pl\/instytut\/ih\/mapa-strony\/\">Mapa strony<\/a><\/li>\n<li class=\"page_item page-item-6\"><a href=\"https:\/\/us.edu.pl\/instytut\/ih\/\">Strona g\u0142\u00f3wna IH<\/a><\/li>\n<li class=\"page_item page-item-2\"><a href=\"https:\/\/us.edu.pl\/instytut\/ih\/przykladowa-strona\/\">Przyk\u0142adowa strona<\/a><\/li>\n<\/ul>\n<\/div>\n<\/div>\r\n                    <\/div>\r\n                <\/div>[\/vc_column][\/vc_row]<\/p>\n","protected":false},"excerpt":{"rendered":"<p>[vc_row][vc_column][\/vc_column][\/vc_row] [&#8230;]<\/p>\n<p><a class=\"btn btn-secondary understrap-read-more-link\" href=\"https:\/\/us.edu.pl\/instytut\/ih\/mapa-strony\/\">Read More&#8230;<\/a><\/p>\n","protected":false},"author":24,"featured_media":0,"parent":0,"menu_order":34,"comment_status":"closed","ping_status":"closed","template":"","meta":{"_expiration-date-status":"","_expiration-date":0,"_expiration-date-type":"","_expiration-date-categories":[],"_expiration-date-options":[]},"acf":[],"_links":{"self":[{"href":"https:\/\/us.edu.pl\/instytut\/ih\/wp-json\/wp\/v2\/pages\/120"}],"collection":[{"href":"https:\/\/us.edu.pl\/instytut\/ih\/wp-json\/wp\/v2\/pages"}],"about":[{"href":"https:\/\/us.edu.pl\/instytut\/ih\/wp-json\/wp\/v2\/types\/page"}],"author":[{"embeddable":true,"href":"https:\/\/us.edu.pl\/instytut\/ih\/wp-json\/wp\/v2\/users\/24"}],"replies":[{"embeddable":true,"href":"https:\/\/us.edu.pl\/instytut\/ih\/wp-json\/wp\/v2\/comments?post=120"}],"version-history":[{"count":5,"href":"https:\/\/us.edu.pl\/instytut\/ih\/wp-json\/wp\/v2\/pages\/120\/revisions"}],"predecessor-version":[{"id":166,"href":"https:\/\/us.edu.pl\/instytut\/ih\/wp-json\/wp\/v2\/pages\/120\/revisions\/166"}],"wp:attachment":[{"href":"https:\/\/us.edu.pl\/instytut\/ih\/wp-json\/wp\/v2\/media?parent=120"}],"curies":[{"name":"wp","href":"https:\/\/api.w.org\/{rel}","templated":true}]}}