{"id":1522,"date":"2022-05-17T10:35:08","date_gmt":"2022-05-17T08:35:08","guid":{"rendered":"https:\/\/us.edu.pl\/instytut\/ih\/?page_id=1522"},"modified":"2026-03-31T20:38:56","modified_gmt":"2026-03-31T18:38:56","slug":"komisja-historyczna-pan-oddzial-w-katowicach","status":"publish","type":"page","link":"https:\/\/us.edu.pl\/instytut\/ih\/nauka\/komisja-historyczna-pan-oddzial-w-katowicach\/","title":{"rendered":"Komisja Historyczna PAN oddzia\u0142 w Katowicach"},"content":{"rendered":"<p>[vc_row el_class=&#8221;container&#8221;][vc_column width=&#8221;2\/3&#8243;]\r\n                <div class=\"text-modules\">\r\n                    <div class=\"container\">\r\n                        \r\n                        <div class=\"text-modules__content\"><p><strong>KOMISJA HISTORYCZNA PAN o\/Katowice<\/strong><\/p>\n<p>&nbsp;<\/p>\n<p>Przewodnicz\u0105cy\u00a0 \u00a0 \u00a0 \u00a0 \u00a0 \u00a0 \u00a0 \u00a0 \u00a0 \u00a0 \u00a0 \u00a0 \u00a0 \u00a0 &#8211; prof. zw. dr hab. Wies\u0142aw KACZANOWICZ<\/p>\n<p>Z-ca przewodnicz\u0105cego \u00a0\u00a0\u00a0\u00a0\u00a0\u00a0\u00a0\u00a0\u00a0\u00a0\u00a0\u00a0\u00a0\u00a0\u00a0 &#8211; dr hab. Lucyna ROTTER<\/p>\n<p>Z-ca przewodnicz\u0105cego\u00a0\u00a0\u00a0\u00a0\u00a0\u00a0\u00a0\u00a0\u00a0\u00a0\u00a0\u00a0\u00a0\u00a0\u00a0\u00a0 &#8211; dr hab. Anna ODRZYWOLSKA<\/p>\n<p>Sekretarz\u00a0 \u00a0 \u00a0 \u00a0 \u00a0 \u00a0 \u00a0 \u00a0 \u00a0 \u00a0 \u00a0 \u00a0 \u00a0 \u00a0 \u00a0 \u00a0 \u00a0 \u00a0 &#8211; dr hab. Kazimierz MIROSZEWSKI<\/p>\n<p>&nbsp;<\/p>\n<p>Siedziba: Oddzia\u0142 PAN, 40-019 Katowice, ul. Krasi\u0144skiego 8<\/p>\n<p>tel., fax 32 256-19-38, 32 256-18-90<\/p>\n<p>&nbsp;<\/p>\n<ol>\n<li>Prof. dr hab. Boro\u0144 Piotr<\/li>\n<li>dr Borowik Aneta<\/li>\n<li>dr hab. Czwojdrak Bo\u017cena<\/li>\n<li>dr hab. Dziwoki Julia<\/li>\n<li>dr hab. Fertacz Sylwester<\/li>\n<li>prof. dr hab. Fic Maciej<\/li>\n<li>dr hab. o. Gogola Zdzis\u0142aw<\/li>\n<li>dr hab. G\u00f3rski Jacek<\/li>\n<li>prof. zw. dr hab. Kaczanowicz Wies\u0142aw<\/li>\n<li>prof. zw. dr hab. Kaczmarek Ryszard<\/li>\n<li>dr hab. Ka\u0142u\u017cny J\u00f3zef Cezary<\/li>\n<li>ks. dr Kapu\u015bci\u0144ski Jacek<\/li>\n<li>ks. dr Karda\u015b Artur<\/li>\n<li>prof. dr hab. Kluczek Agata<\/li>\n<li>dr hab. Kuta Cecylia<\/li>\n<li>dr Ku\u015bka Maksymilian<\/li>\n<li>ks. prof. dr hab. Marecki J\u00f3zef<\/li>\n<li>dr hab. Marek \u0141ucja<\/li>\n<li>dr hab. Miroszewski Kazimierz<\/li>\n<li>dr hab. Musia\u0142 Filip<\/li>\n<li>prof. dr hab. Nawrot Dariusz<\/li>\n<li>dr hab. Nowak Krzysztof<\/li>\n<li>dr hab. Odrzywolska Anna<\/li>\n<li>dr Rduch-Michalik Teresa<\/li>\n<li>dr hab. Rogosz Norbert<\/li>\n<li>prof. dr hab. Rolnik Dariusz<\/li>\n<li>dr hab. Rotter Lucyna<\/li>\n<li>prof. dr hab. Skrzypietz Aleksandra<\/li>\n<li>dr Sobeczko Mateusz<\/li>\n<li>prof. dr hab. Sperka Jerzy<\/li>\n<li>dr Studnicka-Maria\u0144czyk Karolina<\/li>\n<li>dr Szura-Olesi\u0144ska Olga<\/li>\n<li>dr \u015acis\u0142o Krzysztof<\/li>\n<li>dr hab. Urbanowicz Beata<\/li>\n<li>prof. zw. dr hab. Wanatowicz Maria<\/li>\n<li>dr Wenklar Micha\u0142<\/li>\n<li>dr Wilczok Katarzyna<\/li>\n<li>prof. dr hab. Z\u0142otkowski Dariusz<\/li>\n<li>ks. dr Wac\u0142aw Umi\u0144ski<\/li>\n<li>ks. dr Pawe\u0142 Kostrzewski<\/li>\n<\/ol>\n<p>&nbsp;<\/p>\n<p><strong>BIULETYNY: <\/strong><\/p>\n<p><a href=\"https:\/\/us.edu.pl\/instytut\/ih\/wp-content\/uploads\/sites\/24\/Bez-kategorii\/Biuletyn-1-2005.pdf\" class=\"mtli_attachment mtli_pdf\" data-mtli=\"mtli_filesize40,27MB\" class=\"mtli_attachment mtli_pdf\" data-mtli=\"mtli_filesize40,27MB\">Biuletyn 1 2005<\/a><\/p>\n<p><a href=\"https:\/\/us.edu.pl\/instytut\/ih\/wp-content\/uploads\/sites\/24\/Bez-kategorii\/Biuletyn-2-2005.pdf\" class=\"mtli_attachment mtli_pdf\" data-mtli=\"mtli_filesize38,62MB\" class=\"mtli_attachment mtli_pdf\" data-mtli=\"mtli_filesize38,62MB\">Biuletyn 2 2005<\/a><\/p>\n<p><a href=\"https:\/\/us.edu.pl\/instytut\/ih\/wp-content\/uploads\/sites\/24\/Bez-kategorii\/Biuletyn-2006.pdf\" class=\"mtli_attachment mtli_pdf\" data-mtli=\"mtli_filesize34,92MB\" class=\"mtli_attachment mtli_pdf\" data-mtli=\"mtli_filesize34,92MB\">Biuletyn 2006<\/a><\/p>\n<p><a href=\"https:\/\/us.edu.pl\/instytut\/ih\/wp-content\/uploads\/sites\/24\/Bez-kategorii\/Biuletyn-2007.pdf\" class=\"mtli_attachment mtli_pdf\" data-mtli=\"mtli_filesize38,00MB\" class=\"mtli_attachment mtli_pdf\" data-mtli=\"mtli_filesize38,00MB\">Biuletyn 2007<\/a><\/p>\n<p><a href=\"https:\/\/us.edu.pl\/instytut\/ih\/wp-content\/uploads\/sites\/24\/Bez-kategorii\/Biuletyn-2008.pdf\" class=\"mtli_attachment mtli_pdf\" data-mtli=\"mtli_filesize32,64MB\" class=\"mtli_attachment mtli_pdf\" data-mtli=\"mtli_filesize32,64MB\">Biuletyn 2008<\/a><\/p>\n<p><a href=\"https:\/\/us.edu.pl\/instytut\/ih\/wp-content\/uploads\/sites\/24\/Bez-kategorii\/Biuletyn-2009.pdf\" class=\"mtli_attachment mtli_pdf\" data-mtli=\"mtli_filesize46,26MB\" class=\"mtli_attachment mtli_pdf\" data-mtli=\"mtli_filesize46,26MB\">Biuletyn 2009<\/a><\/p>\n<p><a href=\"https:\/\/us.edu.pl\/instytut\/ih\/wp-content\/uploads\/sites\/24\/Bez-kategorii\/Biuletyn-2010.pdf\" class=\"mtli_attachment mtli_pdf\" data-mtli=\"mtli_filesize1,09MB\" class=\"mtli_attachment mtli_pdf\" data-mtli=\"mtli_filesize1,09MB\">Biuletyn 2010<\/a><\/p>\n<p><a href=\"https:\/\/us.edu.pl\/instytut\/ih\/wp-content\/uploads\/sites\/24\/Bez-kategorii\/Biuletyn-2011.pdf\" class=\"mtli_attachment mtli_pdf\" data-mtli=\"mtli_filesize42,67MB\" class=\"mtli_attachment mtli_pdf\" data-mtli=\"mtli_filesize42,67MB\">Biuletyn 2011<\/a><\/p>\n<p><a href=\"https:\/\/us.edu.pl\/instytut\/ih\/wp-content\/uploads\/sites\/24\/Bez-kategorii\/Biuletyn-2012.pdf\" class=\"mtli_attachment mtli_pdf\" data-mtli=\"mtli_filesize1,10MB\" class=\"mtli_attachment mtli_pdf\" data-mtli=\"mtli_filesize1,10MB\">Biuletyn 2012<\/a><\/p>\n<p><a href=\"https:\/\/us.edu.pl\/instytut\/ih\/wp-content\/uploads\/sites\/24\/Bez-kategorii\/Biuletyn-2013.pdf\" class=\"mtli_attachment mtli_pdf\" data-mtli=\"mtli_filesize78,84MB\" class=\"mtli_attachment mtli_pdf\" data-mtli=\"mtli_filesize78,84MB\">Biuletyn 2013<\/a><\/p>\n<p><a href=\"https:\/\/us.edu.pl\/instytut\/ih\/wp-content\/uploads\/sites\/24\/Bez-kategorii\/Biuletyn-2014.pdf\" class=\"mtli_attachment mtli_pdf\" data-mtli=\"mtli_filesize1,52MB\" class=\"mtli_attachment mtli_pdf\" data-mtli=\"mtli_filesize1,52MB\">Biuletyn 2014<\/a><\/p>\n<p><a href=\"https:\/\/us.edu.pl\/instytut\/ih\/wp-content\/uploads\/sites\/24\/Bez-kategorii\/Biuletyn-2015.pdf\" class=\"mtli_attachment mtli_pdf\" data-mtli=\"mtli_filesize1,25MB\" class=\"mtli_attachment mtli_pdf\" data-mtli=\"mtli_filesize1,25MB\">Biuletyn 2015<\/a><\/p>\n<p><a href=\"https:\/\/us.edu.pl\/instytut\/ih\/wp-content\/uploads\/sites\/24\/Bez-kategorii\/biuletyn-2016.pdf\" class=\"mtli_attachment mtli_pdf\" data-mtli=\"mtli_filesize1,67MB\" class=\"mtli_attachment mtli_pdf\" data-mtli=\"mtli_filesize1,67MB\">biuletyn 2016<\/a><\/p>\n<p><a href=\"https:\/\/us.edu.pl\/instytut\/ih\/wp-content\/uploads\/sites\/24\/Bez-kategorii\/biuletyn-2017a.pdf\" class=\"mtli_attachment mtli_pdf\" data-mtli=\"mtli_filesize2,91MB\" class=\"mtli_attachment mtli_pdf\" data-mtli=\"mtli_filesize2,91MB\">biuletyn 2017a<\/a><\/p>\n<p><a href=\"https:\/\/us.edu.pl\/instytut\/ih\/wp-content\/uploads\/sites\/24\/Bez-kategorii\/biuletyn-2018.pdf\" class=\"mtli_attachment mtli_pdf\" data-mtli=\"mtli_filesize1,85MB\" class=\"mtli_attachment mtli_pdf\" data-mtli=\"mtli_filesize1,85MB\">biuletyn 2018<\/a><\/p>\n<p><a href=\"https:\/\/us.edu.pl\/instytut\/ih\/wp-content\/uploads\/sites\/24\/Bez-kategorii\/Biuletyn-2019.pdf\" class=\"mtli_attachment mtli_pdf\" data-mtli=\"mtli_filesize1,26MB\" class=\"mtli_attachment mtli_pdf\" data-mtli=\"mtli_filesize1,26MB\">Biuletyn 2019<\/a><\/p>\n<p><a href=\"https:\/\/us.edu.pl\/instytut\/ih\/wp-content\/uploads\/sites\/24\/Bez-kategorii\/Biuletyn-2020-21.pdf\" class=\"mtli_attachment mtli_pdf\" data-mtli=\"mtli_filesize1,14MB\" class=\"mtli_attachment mtli_pdf\" data-mtli=\"mtli_filesize1,14MB\">Biuletyn 2020 21<\/a><\/p>\n<p><a href=\"https:\/\/us.edu.pl\/instytut\/ih\/wp-content\/uploads\/sites\/24\/Bez-kategorii\/Biuletyn-2022.pdf\" class=\"mtli_attachment mtli_pdf\" data-mtli=\"mtli_filesize1,06MB\" class=\"mtli_attachment mtli_pdf\" data-mtli=\"mtli_filesize1,06MB\">Biuletyn 2022<\/a><\/p>\n<p><a href=\"https:\/\/us.edu.pl\/instytut\/ih\/wp-content\/uploads\/sites\/24\/Bez-kategorii\/Biuletyn-2023.pdf\" class=\"mtli_attachment mtli_pdf\" data-mtli=\"mtli_filesize1,25MB\" class=\"mtli_attachment mtli_pdf\" data-mtli=\"mtli_filesize1,25MB\">Biuletyn 2023<\/a><\/p>\n<p><a href=\"https:\/\/us.edu.pl\/instytut\/ih\/wp-content\/uploads\/sites\/24\/Bez-kategorii\/Biuletyn-2024.pdf\" class=\"mtli_attachment mtli_pdf\" data-mtli=\"mtli_filesize1,43MB\" class=\"mtli_attachment mtli_pdf\" data-mtli=\"mtli_filesize1,43MB\">Biuletyn 2024<\/a><\/p>\n<style type=\"text\/css\">a[data-mtli~=\"mtli_filesize40,27MB\"]:after {content:\" (40,27 MB)\"}a[data-mtli~=\"mtli_filesize38,62MB\"]:after {content:\" (38,62 MB)\"}a[data-mtli~=\"mtli_filesize34,92MB\"]:after {content:\" (34,92 MB)\"}a[data-mtli~=\"mtli_filesize38,00MB\"]:after {content:\" (38,00 MB)\"}a[data-mtli~=\"mtli_filesize32,64MB\"]:after {content:\" (32,64 MB)\"}a[data-mtli~=\"mtli_filesize46,26MB\"]:after {content:\" (46,26 MB)\"}a[data-mtli~=\"mtli_filesize1,09MB\"]:after {content:\" (1,09 MB)\"}a[data-mtli~=\"mtli_filesize42,67MB\"]:after {content:\" (42,67 MB)\"}a[data-mtli~=\"mtli_filesize1,10MB\"]:after {content:\" (1,10 MB)\"}a[data-mtli~=\"mtli_filesize78,84MB\"]:after {content:\" (78,84 MB)\"}a[data-mtli~=\"mtli_filesize1,52MB\"]:after {content:\" (1,52 MB)\"}a[data-mtli~=\"mtli_filesize1,25MB\"]:after {content:\" (1,25 MB)\"}a[data-mtli~=\"mtli_filesize1,67MB\"]:after {content:\" (1,67 MB)\"}a[data-mtli~=\"mtli_filesize2,91MB\"]:after {content:\" (2,91 MB)\"}a[data-mtli~=\"mtli_filesize1,85MB\"]:after {content:\" (1,85 MB)\"}a[data-mtli~=\"mtli_filesize1,26MB\"]:after {content:\" (1,26 MB)\"}a[data-mtli~=\"mtli_filesize1,14MB\"]:after {content:\" (1,14 MB)\"}a[data-mtli~=\"mtli_filesize1,06MB\"]:after {content:\" (1,06 MB)\"}a[data-mtli~=\"mtli_filesize1,43MB\"]:after {content:\" (1,43 MB)\"}<\/style><\/div>\r\n                    <\/div>\r\n                <\/div>[\/vc_column][vc_column width=&#8221;1\/3&#8243;][\/vc_column][\/vc_row]<\/p>\n<style type=\"text\/css\">a[data-mtli~=\"mtli_filesize40,27MB\"]:after {content:\" (40,27 MB)\"}a[data-mtli~=\"mtli_filesize38,62MB\"]:after {content:\" (38,62 MB)\"}a[data-mtli~=\"mtli_filesize34,92MB\"]:after {content:\" (34,92 MB)\"}a[data-mtli~=\"mtli_filesize38,00MB\"]:after {content:\" (38,00 MB)\"}a[data-mtli~=\"mtli_filesize32,64MB\"]:after {content:\" (32,64 MB)\"}a[data-mtli~=\"mtli_filesize46,26MB\"]:after {content:\" (46,26 MB)\"}a[data-mtli~=\"mtli_filesize1,09MB\"]:after {content:\" (1,09 MB)\"}a[data-mtli~=\"mtli_filesize42,67MB\"]:after {content:\" (42,67 MB)\"}a[data-mtli~=\"mtli_filesize1,10MB\"]:after {content:\" (1,10 MB)\"}a[data-mtli~=\"mtli_filesize78,84MB\"]:after {content:\" (78,84 MB)\"}a[data-mtli~=\"mtli_filesize1,52MB\"]:after {content:\" (1,52 MB)\"}a[data-mtli~=\"mtli_filesize1,25MB\"]:after {content:\" (1,25 MB)\"}a[data-mtli~=\"mtli_filesize1,67MB\"]:after {content:\" (1,67 MB)\"}a[data-mtli~=\"mtli_filesize2,91MB\"]:after {content:\" (2,91 MB)\"}a[data-mtli~=\"mtli_filesize1,85MB\"]:after {content:\" (1,85 MB)\"}a[data-mtli~=\"mtli_filesize1,26MB\"]:after {content:\" (1,26 MB)\"}a[data-mtli~=\"mtli_filesize1,14MB\"]:after {content:\" (1,14 MB)\"}a[data-mtli~=\"mtli_filesize1,06MB\"]:after {content:\" (1,06 MB)\"}a[data-mtli~=\"mtli_filesize1,43MB\"]:after {content:\" (1,43 MB)\"}<\/style>","protected":false},"excerpt":{"rendered":"<p>[vc_row el_class=&#8221;container&#8221;][vc_column width=&#8221;2\/3&#8243;][\/vc_column][vc_column width=&#8221;1\/3&#8243;][\/vc_column][\/vc_row] [&#8230;]<\/p>\n<p><a class=\"btn btn-secondary understrap-read-more-link\" href=\"https:\/\/us.edu.pl\/instytut\/ih\/nauka\/komisja-historyczna-pan-oddzial-w-katowicach\/\">Read More&#8230;<\/a><\/p>\n","protected":false},"author":2490,"featured_media":0,"parent":194,"menu_order":2,"comment_status":"closed","ping_status":"closed","template":"","meta":{"_expiration-date-status":"","_expiration-date":0,"_expiration-date-type":"","_expiration-date-categories":[],"_expiration-date-options":[]},"acf":[],"_links":{"self":[{"href":"https:\/\/us.edu.pl\/instytut\/ih\/wp-json\/wp\/v2\/pages\/1522"}],"collection":[{"href":"https:\/\/us.edu.pl\/instytut\/ih\/wp-json\/wp\/v2\/pages"}],"about":[{"href":"https:\/\/us.edu.pl\/instytut\/ih\/wp-json\/wp\/v2\/types\/page"}],"author":[{"embeddable":true,"href":"https:\/\/us.edu.pl\/instytut\/ih\/wp-json\/wp\/v2\/users\/2490"}],"replies":[{"embeddable":true,"href":"https:\/\/us.edu.pl\/instytut\/ih\/wp-json\/wp\/v2\/comments?post=1522"}],"version-history":[{"count":11,"href":"https:\/\/us.edu.pl\/instytut\/ih\/wp-json\/wp\/v2\/pages\/1522\/revisions"}],"predecessor-version":[{"id":6336,"href":"https:\/\/us.edu.pl\/instytut\/ih\/wp-json\/wp\/v2\/pages\/1522\/revisions\/6336"}],"up":[{"embeddable":true,"href":"https:\/\/us.edu.pl\/instytut\/ih\/wp-json\/wp\/v2\/pages\/194"}],"wp:attachment":[{"href":"https:\/\/us.edu.pl\/instytut\/ih\/wp-json\/wp\/v2\/media?parent=1522"}],"curies":[{"name":"wp","href":"https:\/\/api.w.org\/{rel}","templated":true}]}}