{"id":226,"date":"2020-01-16T15:24:26","date_gmt":"2020-01-16T14:24:26","guid":{"rendered":"http:\/\/us.edu.pl\/instytut\/ih\/?page_id=226"},"modified":"2025-10-01T22:09:59","modified_gmt":"2025-10-01T20:09:59","slug":"projekty-grantowe","status":"publish","type":"page","link":"https:\/\/us.edu.pl\/instytut\/ih\/nauka\/projekty-grantowe\/","title":{"rendered":"projekty grantowe"},"content":{"rendered":"<p>[vc_row][vc_column]\r\n                <div class=\"text-modules\">\r\n                    <div class=\"container\">\r\n                        <h3 class=\"page-title text__title\">Aktualnie realizowane granty pracownik\u00f3w Instytutu Historii (kierownicy) afiliowanych przy Uniwersytecie \u015al\u0105skim<\/h3>\r\n                        <div class=\"text-modules__content\"><p><span style=\"font-size: 12pt;\"><strong><img class=\"wp-image-257 aligncenter\" src=\"http:\/\/us.edu.pl\/instytut\/ih\/wp-content\/uploads\/sites\/24\/Nieprzypisane\/NPRH-logo-300x78.jpg\" alt=\"logo NPRH\" width=\"273\" height=\"71\" srcset=\"https:\/\/us.edu.pl\/instytut\/ih\/wp-content\/uploads\/sites\/24\/Nieprzypisane\/NPRH-logo-300x78.jpg 300w, https:\/\/us.edu.pl\/instytut\/ih\/wp-content\/uploads\/sites\/24\/Nieprzypisane\/NPRH-logo.jpg 768w, https:\/\/us.edu.pl\/instytut\/ih\/wp-content\/uploads\/sites\/24\/Nieprzypisane\/NPRH-logo-575x150.jpg 575w\" sizes=\"(max-width: 273px) 100vw, 273px\" \/><\/strong><\/span><\/p>\n<p>1. Nr grantu: 0254\/NPRH5\/H11\/84\/2017<\/p>\n<p>Kierownik: prof. dr hab. Ryszard Skowron<\/p>\n<p>Temat: <em>Wazowie i Habsburgowie. Korespondencja z lat 1587-1668. Cz\u0119\u015b\u0107 1: Czasy Zygmunta III (1587-1632), t.2. Cz\u0119\u015b\u0107 2 Czasy W\u0142adys\u0142awa IV (1632-1648)<\/em><\/p>\n<p>Nazwa konkursu: NPRH &#8211; Dziedzictwo Narodowe<\/p>\n<p>Czas realizacji: 2017-2024<\/p>\n<p>Przyznana kwota na ca\u0142y projekt (wraz z kosztami po\u015brednimi): 1 137 806 z\u0142<\/p>\n<p>&nbsp;<\/p>\n<p>2. Nr grantu: 0030\/NPRH9\/H21\/88\/2020<\/p>\n<p>Kierownik: dr Barbara Kalinowska-W\u00f3jcik<\/p>\n<p>Temat: <em>Umi\u0119dzynarodowienie publikacji &#8222;Mi\u0119dzy wschodem i zachodem. Ezechiel Zivier (1868-1925). Historyk i archiwista&#8221; &#8211; niemieckoj\u0119zyczne wydanie<\/em><\/p>\n<p>Nazwa konkursu: NPRH &#8211; Uniwersalia 2.1<\/p>\n<p>Czas realizacji: 2020-2023<\/p>\n<p>Przyznana kwota na ca\u0142y projekt (wraz z kosztami po\u015brednimi): 83 515 z\u0142<\/p>\n<p>&nbsp;<\/p>\n<p>3. Nr grantu: NPRH\/U22\/SP\/495085\/2021\/10<\/p>\n<p>Kierownik: dr hab. Jakub Morawiec, prof. U\u015a<\/p>\n<p>Temat: <em>A austrvega &#8211; polskoj\u0119zyczne edycje sag islandzkich dotycz\u0105cych dziej\u00f3w S\u0142owia\u0144szczyzny Zachodniej i strefy ba\u0142tyckiej<\/em><\/p>\n<p>Nazwa konkursu: NPRH &#8211; Dziedzictwo narodowe<\/p>\n<p>Czas realizacji: 2022-2025<\/p>\n<p>Przyznana kwota na ca\u0142y projekt (wraz z kosztami po\u015brednimi): 391 436 z\u0142<\/p>\n<p>&nbsp;<\/p>\n<p>4. Nr grantu: NPRH\/F\/SP\/508670\/2021\/11<\/p>\n<p>Kierownik: Prof. dr hab. Maciej Fic<\/p>\n<p>Temat: <em>Powsta\u0144c\u00f3w \u015bl\u0105skich portret w\u0142asny (1919\u20131922). Pami\u0119\u0107 w\u0142adzy czy pami\u0119\u0107 prywatna? Krytyczne wydanie wspomnie\u0144 uczestnik\u00f3w<\/em><\/p>\n<p>Nazwa konkursu: NPRH &#8211; Fundamenty<\/p>\n<p>Czas realizacji: 2023-2028<\/p>\n<p>Przyznana kwota na ca\u0142y projekt (wraz z kosztami po\u015brednimi): 926 777,48 z\u0142<\/p>\n<p>&nbsp;<\/p>\n<p>5. Nr grantu: NPRH\/F\/SP\/0013\/2024\/13<\/p>\n<p>Kierownik: dr Pawe\u0142 Duda<\/p>\n<p>Temat: <em>Polish-Lithuanian Commonwealth\u2019s military efforts during the reign of Vasas in the accounts of papal diplomats<\/em><\/p>\n<p>Nazwa konkursu: NPRH &#8211; Fundamenty<\/p>\n<p>Czas realizacji: 2024-2027<\/p>\n<p>Przyznana kwota na ca\u0142y projekt (wraz z kosztami po\u015brednimi): 590 650 z\u0142<\/p>\n<p>&nbsp;<\/p>\n<p>6. Nr grantu: NPRH\/U22\/SP\/0048\/2024\/14<\/p>\n<p>Kierownik: dr hab. Przemys\u0142aw Piwowarczyk, prof. U\u015a<\/p>\n<p>Temat: Komentowana antologia literatury koptyjskiej<\/p>\n<div dir=\"auto\">Kwota dofinansowania: 316 176,00 z\u0142<\/div>\n<p>&nbsp;<\/p>\n<p>&nbsp;<\/p>\n<p><span style=\"font-size: 12pt;\"><strong><img class=\"wp-image-256 aligncenter\" src=\"http:\/\/us.edu.pl\/instytut\/ih\/wp-content\/uploads\/sites\/24\/Nieprzypisane\/narodowe-centrum-nauki-logo-300x83.jpg\" alt=\"logo NCN\" width=\"158\" height=\"44\" \/><\/strong><\/span><\/p>\n<p>1.\u00a0 Nr grantu: UMO-2020\/39\/D\/HS1\/00207<\/p>\n<p>Kierownik: dr Przemys\u0142aw Piwowarczyk, prof. U\u015a<\/p>\n<p>Temat: <em>Uciele\u015bniona religia (embodied religion) \u015bwieckich chrze\u015bcijan w p\u00f3\u017anoantycznym Egipcie<\/em><\/p>\n<p>Nazwa konkursu: SONATA 16<\/p>\n<p>Czas realizacji: 2021-2025<\/p>\n<p>Przyznana kwota na ca\u0142y projekt (wraz z kosztami po\u015brednimi): 293 676 z\u0142<\/p>\n<p>&nbsp;<\/p>\n<p>2. Nr grantu: UMO-2020\/39\/D\/HS3\/00742<\/p>\n<p>Kierownik: dr Dorota Gregorowicz<\/p>\n<p>Temat: <em>Geopolityczna specyfika potrydenckich nuncjatur apostolskich (1562-1605) &#8211; studium prozopograficzno-por\u00f3wnawcze<\/em><\/p>\n<p>Nazwa konkursu: Sonata 16<\/p>\n<p>Czas realizacji: 2021-2025<\/p>\n<p>Przyznana kwota na ca\u0142y projekt (wraz z kosztami po\u015brednimi): 714 432 z\u0142<\/p>\n<p>&nbsp;<\/p>\n<p>3. Nr grantu: UMO-2021\/41\/B\/HS1\/00550<\/p>\n<p>Kierownik: dr Przemys\u0142aw Piwowarczyk, prof. U\u015a<\/p>\n<p>Temat: <em>Poprzez stulecia, j\u0119zyki i kultury &#8211; Cuda \u015bw. Menasa jako \u017ar\u00f3d\u0142o historyczne, utw\u00f3r literacki i tekst liturgiczny<\/em><\/p>\n<p>Nazwa konkursu: OPUS 21<\/p>\n<p>Czas realizacji: 2022-2025<\/p>\n<p>Przyznana kwota na ca\u0142y projekt (wraz z kosztami po\u015brednimi): 577 143 z\u0142<\/p>\n<p>&nbsp;<\/p>\n<p>4. Nr grantu: UMO-2022\/45\/P\/HS3\/02670<\/p>\n<p>Kierownik: dr Ryder Patzuk-Russell (opiekun: dr hab. Jakub Morawiec, prof. U\u015a)<\/p>\n<p>Temat: <em>Klasztory na kra\u0144cu \u015bwiata. Ko\u015bci\u00f3\u0142 i spo\u0142ecze\u0144stwo w p\u00f3\u017ano\u015bredniowiecznej Islandii<\/em><\/p>\n<p>Nazwa konkursu: POLONEZ BIS 2<\/p>\n<p>Czas realizacji: 2023-2025<\/p>\n<p>Przyznana kwota na ca\u0142y projekt (wraz z kosztami po\u015brednimi): 779 914 z\u0142<\/p>\n<p>&nbsp;<\/p>\n<p>5. Nr grantu: UMO-2022\/47\/P\/HS3\/01044<\/p>\n<p>Kierownik: dr Carina Damm (opiekun: dr hab. Jakub Morawiec, prof. U\u015a)<\/p>\n<p>Temat: <em>Postrzeganie pogody w \u015bredniowiecznej Skandynawii<\/em><\/p>\n<p>Nazwa konkursu: POLONEZ BIS 3<\/p>\n<p>Czas realizacji: 2024-2025<\/p>\n<p>Przyznana kwota na ca\u0142y projekt (wraz z kosztami po\u015brednimi): 813 257 z\u0142<\/p>\n<p>&nbsp;<\/p>\n<p>6. Nr grantu: 2023\/07\/X\/HS3\/00798<\/p>\n<p>Kierownik: dr Dominika Rychel-Mantur<\/p>\n<p>Temat: <em>Wydatki na potrzeby Wojska Polskiego a stan skarbu Ksi\u0119stwa Warszawskiego w latach 1809-1812<\/em><\/p>\n<p>Nazwa konkursu: MINIATURA 7<\/p>\n<p>Czas realizacji: 2023-2024<\/p>\n<p>Przyznana kwota na ca\u0142y projekt (wraz z kosztami po\u015brednimi): 31 825 z\u0142<\/p>\n<p>&nbsp;<\/p>\n<p>7. Nr grantu: MINIATURA 8<\/p>\n<p>Kierownik: dr Aleksandra Barwicka-Maku\u0142a<\/p>\n<p>Temat: <em>Kontakty kr\u00f3lowej Cecylii Renaty z rodzin\u0105 pochodzenia w latach 1637-1644<\/em><\/p>\n<p>Nazwa konkursu: MINIATURA 8<\/p>\n<p>Czas realizacji: 2024-2025<\/p>\n<p>Przyznana kwota na ca\u0142y projekt (wraz z kosztami po\u015brednimi): 23 802 z\u0142<\/p>\n<p>&nbsp;<\/p>\n<p>8. Nr grantu: DNK\/SP\/546719\/2022<\/p>\n<p>Kierownik: prof. dr hab. Jerzy Sperka<\/p>\n<p>Konferencja naukowa: <em>VII Kongres Mediewist\u00f3w Polskich. Temat przewodni: Wielokulturowo\u015b\u0107 \u015bredniowiecza. Ludzie i idee<\/em><\/p>\n<p>Nazwa konkursu: Doskona\u0142a Nauka &#8211; Wsparcie konferencji naukowych<\/p>\n<p>Czas realizacji: 2022-2024<\/p>\n<p>Przyznana kwota na ca\u0142y projekt (wraz z kosztami po\u015brednimi): 169 950 z\u0142<\/p>\n<p>9. Nr grantu: 2024\/55\/B\/HS3\/01094<\/p>\n<p>Temat: Drugoplanowy orszak \u2013 'familia\u2019 nowo\u017cytnych nuncjuszy apostolskich (1559-1700)<\/p>\n<p>nazwa konkursu:\u00a0OPUS 28<\/p>\n<p>kierownik projektu:\u00a0dr Dorota Gregorowicz<\/p>\n<p>przyznana kwota:\u00a01 493 768 z\u0142<\/p>\n<p>&nbsp;<\/p>\n<div class=\"vc_tta-panel-body\">\n<div class=\"text-modules\">\n<p>10. Nr grantu: Miniatura 9<\/p>\n<p>Temat: &#8222;To nie Kresy, to Sowiety&#8221;. Unicestwienie polskiego dziedzictwa narodowego na obszarze dawnych wojew\u00f3dztw po\u0142udniowo-wschodnich II RP w latach 1946-1956<\/p>\n<p>Kierownik projektu:\u00a0dr Piotr Olechowski<\/p>\n<p>Kwota finasowania:\u00a035 291\u00a0z\u0142<\/p>\n<\/div>\n<\/div>\n<p>\n<\/div>\r\n                    <\/div>\r\n                <\/div>\r\n                <div class=\"text-modules\">\r\n                    <div class=\"container\">\r\n                        <h3 class=\"page-title text__title\">Granty pracownik\u00f3w Instytutu Historii (kierownicy) afiliowanych przy Uniwersytecie \u015al\u0105skim w latach 2017-2019<\/h3>\r\n                        <div class=\"text-modules__content\"><p><span style=\"font-size: 12pt;\"><strong><img class=\"wp-image-257 aligncenter\" src=\"http:\/\/us.edu.pl\/instytut\/ih\/wp-content\/uploads\/sites\/24\/Nieprzypisane\/NPRH-logo-300x78.jpg\" alt=\"logo NPRH\" width=\"273\" height=\"71\" srcset=\"https:\/\/us.edu.pl\/instytut\/ih\/wp-content\/uploads\/sites\/24\/Nieprzypisane\/NPRH-logo-300x78.jpg 300w, https:\/\/us.edu.pl\/instytut\/ih\/wp-content\/uploads\/sites\/24\/Nieprzypisane\/NPRH-logo.jpg 768w, https:\/\/us.edu.pl\/instytut\/ih\/wp-content\/uploads\/sites\/24\/Nieprzypisane\/NPRH-logo-575x150.jpg 575w\" sizes=\"(max-width: 273px) 100vw, 273px\" \/><\/strong><\/span><\/p>\n<p>&nbsp;<\/p>\n<p><span style=\"font-size: 12pt;\">1. Nr grantu: nr 11H16 0254 84<\/span><\/p>\n<p><span style=\"font-size: 12pt;\">Kierownik: prof. dr hab. Ryszard Skowron<\/span><\/p>\n<p><span style=\"font-size: 12pt;\">Projekt zespo\u0142owy<\/span><\/p>\n<p><span style=\"font-size: 12pt;\">Temat: <em>Wazowie i Habsburgowie. Korespondencja z lat 1587-1668. Cz\u0119\u015b\u0107 2: Czasy W\u0142adys\u0142awa IV (1632-1648)<\/em><\/span><\/p>\n<p><span style=\"font-size: 12pt;\">Nazwa konkursu: Narodowy Program Rozwoju Humanistyki \u2013 Modu\u0142 Dziedzictwo<\/span><\/p>\n<p><span style=\"font-size: 12pt;\">Czas realizacji: 2017-2022<\/span><\/p>\n<p><span style=\"font-size: 12pt;\">Przyznana kwota na ca\u0142y projekt (wraz z kosztami po\u015brednimi) 1 137 806 z\u0142<\/span><\/p>\n<p>&nbsp;<\/p>\n<p><span style=\"font-size: 12pt;\">2. Nr grantu: nr 0054\/NPRH5\/H21\/84\/2017<\/span><\/p>\n<p><span style=\"font-size: 12pt;\">Kierownik: dr Miros\u0142aw W\u0119cki<\/span><\/p>\n<p><span style=\"font-size: 12pt;\">Projekt indywidualny<\/span><\/p>\n<p><span style=\"font-size: 12pt;\">Temat: <em>Fritz Bracht. Nazistowski zarz\u0105dca G\u00f3rnego \u015al\u0105ska w latach II wojny \u015bwiatowej<\/em><\/span><\/p>\n<p><span style=\"font-size: 12pt;\">Nazwa konkursu: Narodowy Program Rozwoju Humanistyki &#8211; Modu\u0142 Uniwersalia 2.1<\/span><\/p>\n<p><span style=\"font-size: 12pt;\">Czas realizacji: 2017-2019<\/span><\/p>\n<p>&nbsp;<\/p>\n<p><span style=\"font-size: 12pt;\">3. Nr grantu: nr 0002\/NPRH\/H21\/84\/2017 (nr U\u015a PU-0517-005)<\/span><\/p>\n<p><span style=\"font-size: 12pt;\">Kierownik: prof. dr hab. Tomasz Pawelec<\/span><\/p>\n<p><span style=\"font-size: 12pt;\">Projekt indywidualny\u00a0<\/span><\/p>\n<p><span style=\"font-size: 12pt;\">Temat: <em>Dzieje i nie\u015bwiadomo\u015b\u0107. Za\u0142o\u017cenia teoretyczne i praktyka badawcza psychohistorii<\/em><\/span><\/p>\n<p><span style=\"font-size: 12pt;\">Nazwa konkursu: Narodowy Programu Rozwoju Humanistyki &#8211; Modu\u0142 Uniwersalia 2.1<\/span><\/p>\n<p><span style=\"font-size: 12pt;\">Czas realizacji: 2017-2019<\/span><\/p>\n<p><span style=\"font-size: 12pt;\">Przyznana kwota na ca\u0142y projekt (wraz z kosztami po\u015brednimi) 69207.00 z\u0142<\/span><\/p>\n<p>&nbsp;<\/p>\n<p><span style=\"font-size: 12pt;\">4. Nr grantu: nr rej. 21H16004284<\/span><\/p>\n<p><span style=\"font-size: 12pt;\">Kierownik: prof. dr hab. Ryszard Kaczmarek<\/span><\/p>\n<p><span style=\"font-size: 12pt;\">Projekt indywidualny.\u00a0 <em>Polacy w armii kajzera<\/em><\/span><\/p>\n<p><span style=\"font-size: 12pt;\">Temat: Nazwa konkursu: Narodowy Programu Rozwoju Humanistyki &#8211; Modu\u0142 Uniwersalia 2.1<\/span><\/p>\n<p><span style=\"font-size: 12pt;\">Czas realizacji: 2017-2019<\/span><\/p>\n<p>&nbsp;<\/p>\n<p>&nbsp;<\/p>\n<p><span style=\"font-size: 12pt;\"><strong>\u00a0<\/strong><\/span><\/p>\n<p><span style=\"font-size: 12pt;\"><strong><img class=\"wp-image-256 aligncenter\" src=\"http:\/\/us.edu.pl\/instytut\/ih\/wp-content\/uploads\/sites\/24\/Nieprzypisane\/narodowe-centrum-nauki-logo-300x83.jpg\" alt=\"logo NCN\" width=\"180\" height=\"50\" \/><\/strong><\/span><\/p>\n<p>&nbsp;<\/p>\n<p>&nbsp;<\/p>\n<ol>\n<li><span style=\"font-size: 12pt;\">Nr grantu: Nr 2014\/15\/B.HS3\/02277<\/span><\/li>\n<\/ol>\n<p><span style=\"font-size: 12pt;\">Kierownik: dr hab. Rolnik Dariusz<\/span><\/p>\n<p><span style=\"font-size: 12pt;\">Temat: <em>Adam Chmara (1721-1805) \u2013 ostatni wojewoda mi\u0144ski w \u015bwiecie polityki czas\u00f3w stanis\u0142awowskich i jego archiwum<\/em><\/span><\/p>\n<p><span style=\"font-size: 12pt;\">Nazwa konkursu: Grant w\u0142asny \u201eOpus 7\u201d<\/span><\/p>\n<p><span style=\"font-size: 12pt;\">Czas realizacji: 2015-2019<\/span><\/p>\n<p><span style=\"font-size: 12pt;\">Przyznana kwota: 98 800 z\u0142<\/span><\/p>\n<p>&nbsp;<\/p>\n<ol start=\"2\">\n<li><span style=\"font-size: 12pt;\">Nr grantu: Nr 2017\/01\/X\/HS3\/00268<\/span><\/li>\n<\/ol>\n<p><span style=\"font-size: 12pt;\">Kierownik: dr Ka\u0142uski Tomasz<\/span><\/p>\n<p><span style=\"font-size: 12pt;\">Projekt indywidualny<\/span><\/p>\n<p><span style=\"font-size: 12pt;\">Temat: <em>Wizerunki i symbolika na piecz\u0119ciach konwent\u00f3w cysterskich na \u015al\u0105sku w \u015bredniowieczu<\/em><\/span><\/p>\n<p><span style=\"font-size: 12pt;\">Nazwa konkursu: Grant Miniatura 1<\/span><\/p>\n<p><span style=\"font-size: 12pt;\">Czas realizacji: 2017-2018<\/span><\/p>\n<p><span style=\"font-size: 12pt;\">Przyznana kwota: 34 978, 00 z\u0142<\/span><\/p>\n<p>&nbsp;<\/p>\n<ol start=\"3\">\n<li><span style=\"font-size: 12pt;\">Nr grantu: 2018\/28\/C\/HS3\/00176 Sonatina 2<\/span><\/li>\n<\/ol>\n<p><span style=\"font-size: 12pt;\">Kierownik: dr Dorota Gregorowicz<\/span><\/p>\n<p><span style=\"font-size: 12pt;\">Temat: <em>Stolica Apostolska wobec kryzysu w\u0142adzy kr\u00f3lewskiej Jana Kazimierza Wazy oraz elekcji Micha\u0142a Korybuta Wi\u015bniowieckiego (1660-1669)<\/em><\/span><\/p>\n<p><span style=\"font-size: 12pt;\">Czas realizacji: 2018-2021\u00a0<\/span><\/p>\n<p><span style=\"font-size: 12pt;\">Przyznana kwota na ca\u0142y projekt (wraz z kosztami po\u015brednimi) 655 415,00 z\u0142<\/span><\/p>\n<p>&nbsp;<\/p>\n<ol start=\"4\">\n<li><span style=\"font-size: 12pt;\">Nr grantu: Sonatina 2<\/span><\/li>\n<\/ol>\n<p><span style=\"font-size: 12pt;\">Kierownik grantu: dr Mateusz Sokulski<\/span><\/p>\n<p><span style=\"font-size: 12pt;\">Temat: <em>Polityka kulturalna jako mechanizm dzia\u0142a\u0144 podporz\u0105dkowania w polityce ZSRR w latach 1955-1957\/1958. Przypadek Polski i Jugos\u0142awii<\/em><\/span><\/p>\n<p><span style=\"font-size: 12pt;\">Czas realizacji: 2018-2020\u00a0<\/span><\/p>\n<p><span style=\"font-size: 12pt;\">Przyznana kwota na ca\u0142y projekt (wraz z kosztami po\u015brednimi) 31201 z\u0142<\/span><\/p>\n<p>&nbsp;<\/p>\n<p><span style=\"font-size: 12pt;\">\u00a0 \u00a0 5. Nr grantu: 2017\/27\/N\/HS3\/00740<\/span><\/p>\n<p><span style=\"font-size: 12pt;\">Kierownik: dr Grzegorz Bartusik<\/span><br \/>\n<span style=\"font-size: 12pt;\">Projekt indywidualny<\/span><br \/>\n<span style=\"font-size: 12pt;\">Temat: \u201eDyseminacja \u0142aci\u0144skich metafor konceptualnych w literaturze staronordyckiej jako przejaw chrystianizacji i europeizacji \u015bredniowiecznej Skandynawii\u201d<\/span><br \/>\n<span style=\"font-size: 12pt;\">Nazwa konkursu: Narodowe Centrum Nauki, Preludium 14<\/span><br \/>\n<span style=\"font-size: 12pt;\">Czas realizacji: 19.07.2018 &#8211; 18.07.2022 r.<\/span><br \/>\n<span style=\"font-size: 12pt;\">Przyznana kwota: 96 000 z\u0142<\/span><\/p>\n<div class=\"vc_tta-panel-body\">\n<div class=\"text-modules\">\n<p>&nbsp;<\/p>\n<p>&nbsp;<\/p>\n<div class=\"container\">\n<div class=\"text-modules__content\">\n<p>&nbsp;<\/p>\n<\/div>\n<\/div>\n<\/div>\n<\/div>\n<p>&nbsp;<\/p>\n<p>&nbsp;<\/p>\n<p><span style=\"font-size: 12pt;\"><strong><img class=\"wp-image-258 aligncenter\" src=\"http:\/\/us.edu.pl\/instytut\/ih\/wp-content\/uploads\/sites\/24\/Nieprzypisane\/MNISW.jpg\" alt=\"logo MNiSW\" width=\"195\" height=\"106\" \/><\/strong><\/span><\/p>\n<p>&nbsp;<\/p>\n<p>&nbsp;<\/p>\n<ol>\n<li><span style=\"font-size: 12pt;\">Nr 332259\/PnH\/2016<\/span><\/li>\n<\/ol>\n<p><span style=\"font-size: 12pt;\">Kierownik: prof. dr hab. Ryszard Kaczmarek<\/span><\/p>\n<p><span style=\"font-size: 12pt;\">Program MNiSW \u201ePremia na Horyzoncie\u201d w zakresie bada\u0144 naukowych i innowacji \u201eHoryzont 2020\u201d. Wysoko\u015b\u0107 grantu w 2018 roku \u2013 45 455 z\u0142<\/span><\/p>\n<\/div>\r\n                    <\/div>\r\n                <\/div>[\/vc_column][\/vc_row]<\/p>","protected":false},"excerpt":{"rendered":"<p>[vc_row][vc_column][\/vc_column][\/vc_row] [&#8230;]<\/p>\n<p><a class=\"btn btn-secondary understrap-read-more-link\" href=\"https:\/\/us.edu.pl\/instytut\/ih\/nauka\/projekty-grantowe\/\">Read More&#8230;<\/a><\/p>\n","protected":false},"author":32,"featured_media":0,"parent":194,"menu_order":20,"comment_status":"closed","ping_status":"closed","template":"","meta":{"_expiration-date-status":"saved","_expiration-date":0,"_expiration-date-type":"","_expiration-date-categories":[],"_expiration-date-options":[]},"acf":[],"_links":{"self":[{"href":"https:\/\/us.edu.pl\/instytut\/ih\/wp-json\/wp\/v2\/pages\/226"}],"collection":[{"href":"https:\/\/us.edu.pl\/instytut\/ih\/wp-json\/wp\/v2\/pages"}],"about":[{"href":"https:\/\/us.edu.pl\/instytut\/ih\/wp-json\/wp\/v2\/types\/page"}],"author":[{"embeddable":true,"href":"https:\/\/us.edu.pl\/instytut\/ih\/wp-json\/wp\/v2\/users\/32"}],"replies":[{"embeddable":true,"href":"https:\/\/us.edu.pl\/instytut\/ih\/wp-json\/wp\/v2\/comments?post=226"}],"version-history":[{"count":10,"href":"https:\/\/us.edu.pl\/instytut\/ih\/wp-json\/wp\/v2\/pages\/226\/revisions"}],"predecessor-version":[{"id":5978,"href":"https:\/\/us.edu.pl\/instytut\/ih\/wp-json\/wp\/v2\/pages\/226\/revisions\/5978"}],"up":[{"embeddable":true,"href":"https:\/\/us.edu.pl\/instytut\/ih\/wp-json\/wp\/v2\/pages\/194"}],"wp:attachment":[{"href":"https:\/\/us.edu.pl\/instytut\/ih\/wp-json\/wp\/v2\/media?parent=226"}],"curies":[{"name":"wp","href":"https:\/\/api.w.org\/{rel}","templated":true}]}}