{"id":299,"date":"2020-01-17T16:23:36","date_gmt":"2020-01-17T15:23:36","guid":{"rendered":"http:\/\/us.edu.pl\/instytut\/ih\/?page_id=299"},"modified":"2024-01-28T15:36:21","modified_gmt":"2024-01-28T14:36:21","slug":"zespol-badawczy-historii-najnowszej-po-1945-roku","status":"publish","type":"page","link":"https:\/\/us.edu.pl\/instytut\/ih\/o-instytucie\/zespoly-badawcze\/zespol-badawczy-historii-najnowszej-po-1945-roku\/","title":{"rendered":"Zesp\u00f3\u0142 bada\u0144 nad przemianami i konfliktami politycznymi w II po\u0142owie XX w."},"content":{"rendered":"<p>[vc_row][vc_column]\r\n                <div class=\"text-modules\">\r\n                    <div class=\"container\">\r\n                        <h3 class=\"page-title text__title\">Zesp\u00f3\u0142 bada\u0144 nad przemianami i konfliktami politycznymi w II po\u0142owie XX w.<\/h3>\r\n                        <div class=\"text-modules__content\"><p><span style=\"font-size: 14pt;\"><strong>Temat badawczy: Przemiany spo\u0142eczno-kulturalne i konflikty polityczne w Polsce Ludowej w recepcji komunistycznej Europy<\/strong><\/span><\/p>\n<p><span style=\"font-size: 12pt;\"><strong>Lider zespo\u0142u:<\/strong> Dr hab. Krzysztof Nowak. prof. U\u015a<\/span><\/p>\n<p><span style=\"font-size: 12pt;\"><strong>Cz\u0142onkowie:<\/strong><\/span><\/p>\n<ul>\n<li><span style=\"font-size: 12pt;\">dr Mateusz Sokulski, <\/span><\/li>\n<li><span style=\"font-size: 12pt;\">dr Katarzyna Wilczok<\/span><\/li>\n<\/ul>\n<p>\n<\/div>\r\n                    <\/div>\r\n                <\/div>[\/vc_column][\/vc_row]<\/p>","protected":false},"excerpt":{"rendered":"<p>[vc_row][vc_column][\/vc_column][\/vc_row] [&#8230;]<\/p>\n<p><a class=\"btn btn-secondary understrap-read-more-link\" href=\"https:\/\/us.edu.pl\/instytut\/ih\/o-instytucie\/zespoly-badawcze\/zespol-badawczy-historii-najnowszej-po-1945-roku\/\">Read More&#8230;<\/a><\/p>\n","protected":false},"author":32,"featured_media":0,"parent":284,"menu_order":0,"comment_status":"closed","ping_status":"closed","template":"","meta":{"_expiration-date-status":"saved","_expiration-date":0,"_expiration-date-type":"","_expiration-date-categories":[],"_expiration-date-options":[]},"acf":[],"_links":{"self":[{"href":"https:\/\/us.edu.pl\/instytut\/ih\/wp-json\/wp\/v2\/pages\/299"}],"collection":[{"href":"https:\/\/us.edu.pl\/instytut\/ih\/wp-json\/wp\/v2\/pages"}],"about":[{"href":"https:\/\/us.edu.pl\/instytut\/ih\/wp-json\/wp\/v2\/types\/page"}],"author":[{"embeddable":true,"href":"https:\/\/us.edu.pl\/instytut\/ih\/wp-json\/wp\/v2\/users\/32"}],"replies":[{"embeddable":true,"href":"https:\/\/us.edu.pl\/instytut\/ih\/wp-json\/wp\/v2\/comments?post=299"}],"version-history":[{"count":4,"href":"https:\/\/us.edu.pl\/instytut\/ih\/wp-json\/wp\/v2\/pages\/299\/revisions"}],"predecessor-version":[{"id":2863,"href":"https:\/\/us.edu.pl\/instytut\/ih\/wp-json\/wp\/v2\/pages\/299\/revisions\/2863"}],"up":[{"embeddable":true,"href":"https:\/\/us.edu.pl\/instytut\/ih\/wp-json\/wp\/v2\/pages\/284"}],"wp:attachment":[{"href":"https:\/\/us.edu.pl\/instytut\/ih\/wp-json\/wp\/v2\/media?parent=299"}],"curies":[{"name":"wp","href":"https:\/\/api.w.org\/{rel}","templated":true}]}}