{"id":303,"date":"2020-01-17T16:31:12","date_gmt":"2020-01-17T15:31:12","guid":{"rendered":"http:\/\/us.edu.pl\/instytut\/ih\/?page_id=303"},"modified":"2024-09-09T19:23:37","modified_gmt":"2024-09-09T17:23:37","slug":"zespol-badawczy-metodologii-dydaktyki-i-kultury-historycznej","status":"publish","type":"page","link":"https:\/\/us.edu.pl\/instytut\/ih\/o-instytucie\/zespoly-badawcze\/zespol-badawczy-metodologii-dydaktyki-i-kultury-historycznej\/","title":{"rendered":"Zesp\u00f3\u0142 do bada\u0144 nad dziejami \u015al\u0105ska w epoce nowo\u017cytnej i czasach najnowszych"},"content":{"rendered":"<p>[vc_row][vc_column]\r\n                <div class=\"text-modules\">\r\n                    <div class=\"container\">\r\n                        <h3 class=\"page-title text__title\">Zesp\u00f3\u0142 do bada\u0144 nad dziejami \u015al\u0105ska w epoce nowo\u017cytnej i czasach najnowszych<\/h3>\r\n                        <div class=\"text-modules__content\"><p><span style=\"font-size: 14pt;\"><strong>Temat badawczy: Dzieje spo\u0142eczno-polityczne \u015al\u0105ska od 1740 do 1989 r.<\/strong><\/span><\/p>\n<p><span style=\"font-size: 12pt;\"><strong>Lider zespo\u0142u:<\/strong> Prof. dr hab. Maciej Fic<\/span><\/p>\n<p><span style=\"font-size: 12pt;\"><strong>Cz\u0142onkowie:<\/strong><\/span><\/p>\n<ul>\n<li><span style=\"font-size: 12pt;\">dr Jakub Grudniewski,<\/span><\/li>\n<li><span style=\"font-size: 12pt;\">dr Joanna Mercik,<\/span><\/li>\n<li><span style=\"font-size: 12pt;\">dr Miros\u0142aw W\u0119cki<\/span><\/li>\n<li><span style=\"font-size: 12pt;\">mgr Bartosz Szostek<\/span><\/li>\n<\/ul>\n<p>\n<\/div>\r\n                    <\/div>\r\n                <\/div>[\/vc_column][\/vc_row]<\/p>","protected":false},"excerpt":{"rendered":"<p>[vc_row][vc_column][\/vc_column][\/vc_row] [&#8230;]<\/p>\n<p><a class=\"btn btn-secondary understrap-read-more-link\" href=\"https:\/\/us.edu.pl\/instytut\/ih\/o-instytucie\/zespoly-badawcze\/zespol-badawczy-metodologii-dydaktyki-i-kultury-historycznej\/\">Read More&#8230;<\/a><\/p>\n","protected":false},"author":32,"featured_media":0,"parent":284,"menu_order":19,"comment_status":"closed","ping_status":"closed","template":"","meta":{"_expiration-date-status":"saved","_expiration-date":0,"_expiration-date-type":"","_expiration-date-categories":[],"_expiration-date-options":[]},"acf":[],"_links":{"self":[{"href":"https:\/\/us.edu.pl\/instytut\/ih\/wp-json\/wp\/v2\/pages\/303"}],"collection":[{"href":"https:\/\/us.edu.pl\/instytut\/ih\/wp-json\/wp\/v2\/pages"}],"about":[{"href":"https:\/\/us.edu.pl\/instytut\/ih\/wp-json\/wp\/v2\/types\/page"}],"author":[{"embeddable":true,"href":"https:\/\/us.edu.pl\/instytut\/ih\/wp-json\/wp\/v2\/users\/32"}],"replies":[{"embeddable":true,"href":"https:\/\/us.edu.pl\/instytut\/ih\/wp-json\/wp\/v2\/comments?post=303"}],"version-history":[{"count":6,"href":"https:\/\/us.edu.pl\/instytut\/ih\/wp-json\/wp\/v2\/pages\/303\/revisions"}],"predecessor-version":[{"id":3388,"href":"https:\/\/us.edu.pl\/instytut\/ih\/wp-json\/wp\/v2\/pages\/303\/revisions\/3388"}],"up":[{"embeddable":true,"href":"https:\/\/us.edu.pl\/instytut\/ih\/wp-json\/wp\/v2\/pages\/284"}],"wp:attachment":[{"href":"https:\/\/us.edu.pl\/instytut\/ih\/wp-json\/wp\/v2\/media?parent=303"}],"curies":[{"name":"wp","href":"https:\/\/api.w.org\/{rel}","templated":true}]}}