{"id":671,"date":"2020-11-09T21:24:21","date_gmt":"2020-11-09T20:24:21","guid":{"rendered":"https:\/\/us.edu.pl\/instytut\/ih\/?page_id=671"},"modified":"2024-01-28T15:44:54","modified_gmt":"2024-01-28T14:44:54","slug":"struktury-organizacyjne-i-komunikacyjne-w-chrzescijanstwie-poznoantycznym","status":"publish","type":"page","link":"https:\/\/us.edu.pl\/instytut\/ih\/o-instytucie\/zespoly-badawcze\/struktury-organizacyjne-i-komunikacyjne-w-chrzescijanstwie-poznoantycznym\/","title":{"rendered":"Struktury organizacyjne i komunikacyjne w chrze\u015bcija\u0144stwie p\u00f3\u017anoantycznym"},"content":{"rendered":"<p>[vc_row][vc_column]\r\n                <div class=\"text-modules\">\r\n                    <div class=\"container\">\r\n                        <h3 class=\"page-title text__title\">Struktury organizacyjne i komunikacyjne w chrze\u015bcija\u0144stwie p\u00f3\u017anoantycznym (badania indywidualne)<\/h3>\r\n                        <div class=\"text-modules__content\"><p><span style=\"font-size: 12pt;\"><strong>Lider zespo\u0142u:<\/strong> Dr Przemys\u0142aw Piwowarczyk<\/span><\/p>\n<\/div>\r\n                    <\/div>\r\n                <\/div>[\/vc_column][\/vc_row]<\/p>","protected":false},"excerpt":{"rendered":"<p>[vc_row][vc_column][\/vc_column][\/vc_row] [&#8230;]<\/p>\n<p><a class=\"btn btn-secondary understrap-read-more-link\" href=\"https:\/\/us.edu.pl\/instytut\/ih\/o-instytucie\/zespoly-badawcze\/struktury-organizacyjne-i-komunikacyjne-w-chrzescijanstwie-poznoantycznym\/\">Read More&#8230;<\/a><\/p>\n","protected":false},"author":2490,"featured_media":0,"parent":284,"menu_order":17,"comment_status":"closed","ping_status":"closed","template":"","meta":{"_expiration-date-status":"saved","_expiration-date":0,"_expiration-date-type":"","_expiration-date-categories":[],"_expiration-date-options":[]},"acf":[],"_links":{"self":[{"href":"https:\/\/us.edu.pl\/instytut\/ih\/wp-json\/wp\/v2\/pages\/671"}],"collection":[{"href":"https:\/\/us.edu.pl\/instytut\/ih\/wp-json\/wp\/v2\/pages"}],"about":[{"href":"https:\/\/us.edu.pl\/instytut\/ih\/wp-json\/wp\/v2\/types\/page"}],"author":[{"embeddable":true,"href":"https:\/\/us.edu.pl\/instytut\/ih\/wp-json\/wp\/v2\/users\/2490"}],"replies":[{"embeddable":true,"href":"https:\/\/us.edu.pl\/instytut\/ih\/wp-json\/wp\/v2\/comments?post=671"}],"version-history":[{"count":2,"href":"https:\/\/us.edu.pl\/instytut\/ih\/wp-json\/wp\/v2\/pages\/671\/revisions"}],"predecessor-version":[{"id":2867,"href":"https:\/\/us.edu.pl\/instytut\/ih\/wp-json\/wp\/v2\/pages\/671\/revisions\/2867"}],"up":[{"embeddable":true,"href":"https:\/\/us.edu.pl\/instytut\/ih\/wp-json\/wp\/v2\/pages\/284"}],"wp:attachment":[{"href":"https:\/\/us.edu.pl\/instytut\/ih\/wp-json\/wp\/v2\/media?parent=671"}],"curies":[{"name":"wp","href":"https:\/\/api.w.org\/{rel}","templated":true}]}}