{"id":120,"date":"2019-12-16T10:40:21","date_gmt":"2019-12-16T09:40:21","guid":{"rendered":"http:\/\/us.edu.pl\/instytut\/ii\/?page_id=120"},"modified":"2021-03-25T11:28:43","modified_gmt":"2021-03-25T10:28:43","slug":"dokumenty","status":"publish","type":"page","link":"https:\/\/us.edu.pl\/instytut\/ii\/dokumenty\/","title":{"rendered":"Dokumenty"},"content":{"rendered":"<p>[vc_row][vc_column][vc_column_text]<strong>Regulamin prowadzenia studi\u00f3w doktorskich:<\/strong><\/p>\n<ul>\n<li><a href=\"http:\/\/us.edu.pl\/instytut\/ii\/wp-content\/uploads\/sites\/40\/Nieprzypisane\/Regulamin.pdf\" class=\"mtli_attachment mtli_pdf\">Regulamin prowadzenia studi\u00f3w doktorskich<\/a><\/li>\n<\/ul>\n<p><strong>Regulamin pierwszej oceny okresowej nauczycieli akademickich:<\/strong><\/p>\n<ul>\n<li><a href=\"http:\/\/us.edu.pl\/instytut\/ii\/wp-content\/uploads\/sites\/40\/Dokumenty\/Regulamin-pierwszej-oceny-pracownika-2019.pdf\" class=\"mtli_attachment mtli_pdf\">Regulamin pierwszej oceny pracownika 2019<\/a><\/li>\n<\/ul>\n<p><strong>Zespo\u0142y badawcze:<\/strong><\/p>\n<ul>\n<li><a href=\"http:\/\/us.edu.pl\/instytut\/ii\/wp-content\/uploads\/sites\/40\/Nieprzypisane\/Zespo\u0142y-Badawcze-pismo-Rektora.pdf\" class=\"mtli_attachment mtli_pdf\">Pismo Rektora<\/a><\/li>\n<li><a href=\"http:\/\/us.edu.pl\/instytut\/ii\/wp-content\/uploads\/sites\/40\/Uchwa\u0142y\/4_2019-2.pdf\" class=\"mtli_attachment mtli_pdf\">Regulamin zespo\u0142\u00f3w badawczych w roku 2020<\/a><\/li>\n<li><a href=\"https:\/\/us.edu.pl\/instytut\/ii\/wp-content\/uploads\/sites\/40\/Dokumenty\/Regulamin-zespolow-badawczych-2021.pdf\" class=\"mtli_attachment mtli_pdf\" data-mtli=\"mtli_filesize351,92kB\">Regulamin zespo\u0142\u00f3w badawczych w roku 2021<\/a><\/li>\n<li><a href=\"https:\/\/us.edu.pl\/instytut\/ii\/wp-content\/uploads\/sites\/40\/Dokumenty\/Wniosek-o-przyznanie-statusu-indywidualnego-badacza.docx\" class=\"mtli_attachment mtli_docx\" data-mtli=\"mtli_filesize12,89kB\">Za\u0142\u0105cznik 1 &#8211; wniosek o przyznanie statusu indywidualnego badacza<\/a><\/li>\n<li><a href=\"https:\/\/us.edu.pl\/instytut\/ii\/wp-content\/uploads\/sites\/40\/Dokumenty\/Wniosek-o-powo\u0142anie-zespo\u0142u-badawczego.docx\" class=\"mtli_attachment mtli_docx\" data-mtli=\"mtli_filesize13,88kB\">Za\u0142\u0105cznik 2 &#8211; wniosek o powo\u0142anie zespo\u0142u badawczego<\/a><\/li>\n<\/ul>\n<p><strong>Op\u0142aty:<\/strong><\/p>\n<ul>\n<li><a href=\"https:\/\/us.edu.pl\/pracownik\/sprawy-miedzynarodowe\/oplaty-i-skladki-miedzynarodowe\/oplaty-konferencyjne-online\/\">Op\u0142aty za konferencje zagraniczne on-line<\/a><\/li>\n<\/ul>\n<p><strong>Rada Naukowa Instytutu:<\/strong><\/p>\n<ul>\n<li><a href=\"http:\/\/us.edu.pl\/instytut\/ii\/wp-content\/uploads\/sites\/40\/Uchwa\u0142y\/REGULAMIN.pdf\" class=\"mtli_attachment mtli_pdf\">Regulamin obrad Rady Naukowej Instytutu Informatyki<\/a><\/li>\n<\/ul>\n<p><strong>Tre\u015bci uchwa\u0142 Rady Naukowej Instytutu:<\/strong><\/p>\n<p><a href=\"http:\/\/us.edu.pl\/instytut\/ii\/wp-content\/uploads\/sites\/40\/Uchwa\u0142y\/1_2019.pdf\" class=\"mtli_attachment mtli_pdf\">Uchwa\u0142a 1\/2019 z dnia 12.12.2019 r. w sprawie rozpocz\u0119cia stara\u0144 Instytutu Informatyki o nabycie uprawnie\u0144 do nadawania stopnia doktora habilitowanego w dyscyplinie Informatyka Techniczna i Telekomunikacja<\/a><\/p>\n<p><a href=\"http:\/\/us.edu.pl\/instytut\/ii\/wp-content\/uploads\/sites\/40\/Uchwa\u0142y\/2_2019.pdf\" class=\"mtli_attachment mtli_pdf\">Uchwa\u0142a 2\/2019 z dnia 12.12.2019 r. w sprawie nadania stopnia doktora nauk in\u017cynieryjno\u2013technicznych w dyscyplinie Informatyka Techniczna i Telekomunikacja mgr. Kornelowi Chromi\u0144skiemu<\/a><\/p>\n<p><a href=\"http:\/\/us.edu.pl\/instytut\/ii\/wp-content\/uploads\/sites\/40\/Uchwa\u0142y\/3_2019.pdf\" class=\"mtli_attachment mtli_pdf\">Uchwa\u0142a 3\/2019 z dnia 12.12.2019 r. w sprawie nadania stopnia doktora nauk in\u017cynieryjno\u2013technicznych w dyscyplinie Informatyka Techniczna i Telekomunikacja mgr in\u017c. \u0141ukaszowi Walusiakowi<\/a><\/p>\n<p><a href=\"http:\/\/us.edu.pl\/instytut\/ii\/wp-content\/uploads\/sites\/40\/Uchwa\u0142y\/4_2019-2.pdf\" class=\"mtli_attachment mtli_pdf\">Uchwa\u0142a 4\/2019 z dnia 12.12.2019 r. w sprawie przyj\u0119cia regulaminu organizacji, funkcjonowania i finansowania indywidualnej dzia\u0142alno\u015bci badawczej pracownik\u00f3w oraz zespo\u0142\u00f3w badawczych w Instytucie Informatyki na rok 2020<\/a><\/p>\n<p><a href=\"http:\/\/us.edu.pl\/instytut\/ii\/wp-content\/uploads\/sites\/40\/Uchwa\u0142y\/5_2019.pdf\" class=\"mtli_attachment mtli_pdf\">Uchwa\u0142a 5\/2019 z dnia 12.12.2019 r. w sprawie powo\u0142ania os\u00f3b odpowiedzialnych za administrowanie stron\u0105 internetow\u0105 Instytutu Informatyki<\/a><\/p>\n<p><a href=\"http:\/\/us.edu.pl\/instytut\/ii\/wp-content\/uploads\/sites\/40\/Uchwa\u0142y\/6_2020.pdf\" class=\"mtli_attachment mtli_pdf\">Uchwa\u0142a 6\/2020 z dnia 03.02.2020 r. w sprawie powo\u0142ania os\u00f3b odpowiedzialnych za opracowanie regulaminu otwierania i przeprowadzania przewod\u00f3w doktorskich z dyscypliny Informatyka i Telekomunikacja w Instytucie Informatyki na Wydziale Nauk \u015acis\u0142ych i Technicznych Uniwersytetu \u015al\u0105skiego w Katowicach<\/a>[\/vc_column_text][\/vc_column][\/vc_row]<\/p>\n<style type=\"text\/css\">a[data-mtli~=\"mtli_filesize351,92kB\"]:after {content:\" (351,92 kB)\"}a[data-mtli~=\"mtli_filesize12,89kB\"]:after {content:\" (12,89 kB)\"}a[data-mtli~=\"mtli_filesize13,88kB\"]:after {content:\" (13,88 kB)\"}<\/style>","protected":false},"excerpt":{"rendered":"<p>[vc_row][vc_column][vc_column_text]Regulamin prowadzenia studi\u00f3w doktorskich: Regulamin prowadzenia studi\u00f3w doktorskich Regulamin pierwszej oceny okresowej nauczycieli akademickich: Regulamin pierwszej oceny pracownika 2019 Zespo\u0142y badawcze: Pismo Rektora Regulamin zespo\u0142\u00f3w badawczych w roku 2020 Regulamin zespo\u0142\u00f3w badawczych w roku 2021 Za\u0142\u0105cznik 1 &#8211; wniosek o przyznanie statusu indywidualnego badacza Za\u0142\u0105cznik 2 &#8211; wniosek o powo\u0142anie zespo\u0142u badawczego Op\u0142aty: Op\u0142aty za [&#8230;]<\/p>\n<p><a class=\"btn btn-secondary understrap-read-more-link\" href=\"https:\/\/us.edu.pl\/instytut\/ii\/dokumenty\/\">Read More&#8230;<\/a><\/p>\n","protected":false},"author":190,"featured_media":0,"parent":0,"menu_order":0,"comment_status":"closed","ping_status":"closed","template":"page-templates\/a-z-template.php","meta":{"_expiration-date-status":"saved","_expiration-date":0,"_expiration-date-type":"","_expiration-date-categories":[],"_expiration-date-options":[]},"acf":[],"_links":{"self":[{"href":"https:\/\/us.edu.pl\/instytut\/ii\/wp-json\/wp\/v2\/pages\/120"}],"collection":[{"href":"https:\/\/us.edu.pl\/instytut\/ii\/wp-json\/wp\/v2\/pages"}],"about":[{"href":"https:\/\/us.edu.pl\/instytut\/ii\/wp-json\/wp\/v2\/types\/page"}],"author":[{"embeddable":true,"href":"https:\/\/us.edu.pl\/instytut\/ii\/wp-json\/wp\/v2\/users\/190"}],"replies":[{"embeddable":true,"href":"https:\/\/us.edu.pl\/instytut\/ii\/wp-json\/wp\/v2\/comments?post=120"}],"version-history":[{"count":21,"href":"https:\/\/us.edu.pl\/instytut\/ii\/wp-json\/wp\/v2\/pages\/120\/revisions"}],"predecessor-version":[{"id":496,"href":"https:\/\/us.edu.pl\/instytut\/ii\/wp-json\/wp\/v2\/pages\/120\/revisions\/496"}],"wp:attachment":[{"href":"https:\/\/us.edu.pl\/instytut\/ii\/wp-json\/wp\/v2\/media?parent=120"}],"curies":[{"name":"wp","href":"https:\/\/api.w.org\/{rel}","templated":true}]}}