{"id":125,"date":"2019-12-16T10:42:44","date_gmt":"2019-12-16T09:42:44","guid":{"rendered":"http:\/\/us.edu.pl\/instytut\/ii\/?page_id=125"},"modified":"2023-04-22T00:12:57","modified_gmt":"2023-04-21T22:12:57","slug":"rada-instytutu-informatyki","status":"publish","type":"page","link":"https:\/\/us.edu.pl\/instytut\/ii\/strona-glowna\/rada-instytutu-informatyki\/","title":{"rendered":"Rada Naukowa"},"content":{"rendered":"<p>[vc_row][vc_column][vc_column_text][\/vc_column_text][\/vc_column][\/vc_row][vc_row][vc_column][vc_column_text]<\/p>\n<h2><strong>Sk\u0142ad osobowy Rady Naukowej Instytutu Informatyki<\/strong><\/h2>\n<ul>\n<li><a href=\"https:\/\/ab.us.edu.pl\/emp?id=1932\">dr hab. Mariusz Boryczka, prof. U\u015a<\/a><\/li>\n<li><a href=\"https:\/\/ab.us.edu.pl\/emp?id=1942\">prof. dr hab. Urszula Boryczka<\/a><\/li>\n<li><a href=\"https:\/\/ab.us.edu.pl\/emp?id=39212\">dr hab. in\u017c. Rafa\u0142 Doroz, prof. U\u015a<\/a><\/li>\n<li><a href=\"https:\/\/ab.us.edu.pl\/emp?id=6702\">dr hab. Krzysztof Gdawiec, prof. U\u015a<\/a><\/li>\n<li><a href=\"https:\/\/ab.us.edu.pl\/emp?id=15452\">dr hab. Agnieszka Lisowska<\/a><\/li>\n<li><a href=\"https:\/\/ab.us.edu.pl\/emp?id=19302\">dr hab. Agnieszka Nowak-Brzezi\u0144ska, prof. U\u015a<\/a><\/li>\n<li><a href=\"https:\/\/ab.us.edu.pl\/emp?id=45711\">dr hab. in\u017c. Bart\u0142omiej P\u0142aczek, prof. U\u015a<\/a><\/li>\n<li><a href=\"https:\/\/ab.us.edu.pl\/emp?id=22062\">prof. dr hab. Piotr Porwik<\/a><\/li>\n<li><a href=\"https:\/\/ab.us.edu.pl\/emp?id=22402\">dr hab. Ma\u0142gorzata Przyby\u0142a\u2013Kasperek, prof. U\u015a<\/a><\/li>\n<li><a href=\"https:\/\/ab.us.edu.pl\/emp?id=46971\">mgr in\u017c. Arkadiusz Nowakowski<\/a><\/li>\n<li><a href=\"https:\/\/ab.us.edu.pl\/emp?id=38861\">dr hab. Beata Zielosko, prof. U\u015a<\/a><\/li>\n<\/ul>\n<p>[\/vc_column_text][\/vc_column][\/vc_row][vc_row][vc_column][vc_column_text][\/vc_column_text][\/vc_column][\/vc_row]<\/p>","protected":false},"excerpt":{"rendered":"<p>[vc_row][vc_column][vc_column_text][\/vc_column_text][\/vc_column][\/vc_row][vc_row][vc_column][vc_column_text] Sk\u0142ad osobowy Rady Naukowej Instytutu Informatyki dr hab. Mariusz Boryczka, prof. U\u015a prof. dr hab. Urszula Boryczka dr hab. in\u017c. Rafa\u0142 Doroz, prof. U\u015a dr hab. Krzysztof Gdawiec, prof. U\u015a dr hab. Agnieszka Lisowska dr hab. Agnieszka Nowak-Brzezi\u0144ska, prof. U\u015a dr hab. in\u017c. Bart\u0142omiej P\u0142aczek, prof. U\u015a prof. dr hab. Piotr Porwik dr hab. [&#8230;]<\/p>\n<p><a class=\"btn btn-secondary understrap-read-more-link\" href=\"https:\/\/us.edu.pl\/instytut\/ii\/strona-glowna\/rada-instytutu-informatyki\/\">Read More&#8230;<\/a><\/p>\n","protected":false},"author":190,"featured_media":0,"parent":5,"menu_order":2,"comment_status":"closed","ping_status":"closed","template":"page-templates\/inner-page.php","meta":{"_expiration-date-status":"","_expiration-date":0,"_expiration-date-type":"","_expiration-date-categories":[],"_expiration-date-options":[]},"acf":[],"_links":{"self":[{"href":"https:\/\/us.edu.pl\/instytut\/ii\/wp-json\/wp\/v2\/pages\/125"}],"collection":[{"href":"https:\/\/us.edu.pl\/instytut\/ii\/wp-json\/wp\/v2\/pages"}],"about":[{"href":"https:\/\/us.edu.pl\/instytut\/ii\/wp-json\/wp\/v2\/types\/page"}],"author":[{"embeddable":true,"href":"https:\/\/us.edu.pl\/instytut\/ii\/wp-json\/wp\/v2\/users\/190"}],"replies":[{"embeddable":true,"href":"https:\/\/us.edu.pl\/instytut\/ii\/wp-json\/wp\/v2\/comments?post=125"}],"version-history":[{"count":10,"href":"https:\/\/us.edu.pl\/instytut\/ii\/wp-json\/wp\/v2\/pages\/125\/revisions"}],"predecessor-version":[{"id":1095,"href":"https:\/\/us.edu.pl\/instytut\/ii\/wp-json\/wp\/v2\/pages\/125\/revisions\/1095"}],"up":[{"embeddable":true,"href":"https:\/\/us.edu.pl\/instytut\/ii\/wp-json\/wp\/v2\/pages\/5"}],"wp:attachment":[{"href":"https:\/\/us.edu.pl\/instytut\/ii\/wp-json\/wp\/v2\/media?parent=125"}],"curies":[{"name":"wp","href":"https:\/\/api.w.org\/{rel}","templated":true}]}}