{"id":128,"date":"2019-12-17T10:28:17","date_gmt":"2019-12-17T09:28:17","guid":{"rendered":"http:\/\/us.edu.pl\/instytut\/ii\/?page_id=128"},"modified":"2024-01-14T22:24:26","modified_gmt":"2024-01-14T21:24:26","slug":"dyrekcja","status":"publish","type":"page","link":"https:\/\/us.edu.pl\/instytut\/ii\/strona-glowna\/dyrekcja\/","title":{"rendered":"Dyrekcja"},"content":{"rendered":"<p>[vc_row][vc_column][vc_column_text][\/vc_column_text][\/vc_column][\/vc_row][vc_row][vc_column][vc_column_text]<\/p>\n<h2>Dyrekcja Instytutu Informatyki<\/h2>\n<table style=\"border-collapse: collapse; width: 100%;\">\n<tbody>\n<tr>\n<td style=\"width: 29.0036%;\"><img class=\"alignnone size-thumbnail wp-image-345\" src=\"https:\/\/us.edu.pl\/instytut\/ii\/wp-content\/uploads\/sites\/40\/Nieprzypisane\/Rafal-Doroz_DSC_3090-819x1024-150x150.jpg\" alt=\"Rafa\u0142 Doroz\" width=\"150\" height=\"150\" \/><\/td>\n<td style=\"vertical-align: top; width: 70.8185%;\"><span style=\"font-size: 14pt;\"><a href=\"https:\/\/ab.us.edu.pl\/emp?id=39212\">dr hab. in\u017c. Rafa\u0142 Doroz, prof. U\u015a<\/a><\/span><br \/>\n<span style=\"font-size: 14pt;\">Dyrektor Instytutu<\/span><\/td>\n<\/tr>\n<tr>\n<td style=\"width: 29.0036%;\"><img class=\"alignnone wp-image-1408 size-thumbnail\" src=\"https:\/\/us.edu.pl\/instytut\/ii\/wp-content\/uploads\/sites\/40\/Bez-kategorii\/Zielosko-Beata-150x150.jpg\" alt=\"\" width=\"150\" height=\"150\" srcset=\"https:\/\/us.edu.pl\/instytut\/ii\/wp-content\/uploads\/sites\/40\/Bez-kategorii\/Zielosko-Beata-150x150.jpg 150w, https:\/\/us.edu.pl\/instytut\/ii\/wp-content\/uploads\/sites\/40\/Bez-kategorii\/Zielosko-Beata-300x300.jpg 300w, https:\/\/us.edu.pl\/instytut\/ii\/wp-content\/uploads\/sites\/40\/Bez-kategorii\/Zielosko-Beata-768x768.jpg 768w, https:\/\/us.edu.pl\/instytut\/ii\/wp-content\/uploads\/sites\/40\/Bez-kategorii\/Zielosko-Beata-575x575.jpg 575w, https:\/\/us.edu.pl\/instytut\/ii\/wp-content\/uploads\/sites\/40\/Bez-kategorii\/Zielosko-Beata.jpg 800w\" sizes=\"(max-width: 150px) 100vw, 150px\" \/><\/td>\n<td style=\"vertical-align: top; width: 70.8185%;\"><span style=\"font-size: 14pt;\"><a href=\"https:\/\/ab.us.edu.pl\/emp?id=38861\">dr hab. Beata Zielosko, prof. U\u015a<\/a><\/span><br \/>\n<span style=\"font-size: 14pt;\">Zast\u0119pca Dyrektora Instytutu<\/span><\/td>\n<\/tr>\n<\/tbody>\n<\/table>\n<p>[\/vc_column_text][\/vc_column][\/vc_row][vc_row][vc_column][vc_column_text][\/vc_column_text][\/vc_column][\/vc_row]<\/p>","protected":false},"excerpt":{"rendered":"<p>[vc_row][vc_column][vc_column_text][\/vc_column_text][\/vc_column][\/vc_row][vc_row][vc_column][vc_column_text] Dyrekcja Instytutu Informatyki dr hab. in\u017c. Rafa\u0142 Doroz, prof. U\u015a Dyrektor Instytutu dr hab. Beata Zielosko, prof. U\u015a Zast\u0119pca Dyrektora Instytutu [\/vc_column_text][\/vc_column][\/vc_row][vc_row][vc_column][vc_column_text][\/vc_column_text][\/vc_column][\/vc_row] [&#8230;]<\/p>\n<p><a class=\"btn btn-secondary understrap-read-more-link\" href=\"https:\/\/us.edu.pl\/instytut\/ii\/strona-glowna\/dyrekcja\/\">Read More&#8230;<\/a><\/p>\n","protected":false},"author":190,"featured_media":0,"parent":5,"menu_order":1,"comment_status":"closed","ping_status":"closed","template":"page-templates\/inner-page.php","meta":{"_expiration-date-status":"","_expiration-date":0,"_expiration-date-type":"","_expiration-date-categories":[],"_expiration-date-options":[]},"acf":[],"_links":{"self":[{"href":"https:\/\/us.edu.pl\/instytut\/ii\/wp-json\/wp\/v2\/pages\/128"}],"collection":[{"href":"https:\/\/us.edu.pl\/instytut\/ii\/wp-json\/wp\/v2\/pages"}],"about":[{"href":"https:\/\/us.edu.pl\/instytut\/ii\/wp-json\/wp\/v2\/types\/page"}],"author":[{"embeddable":true,"href":"https:\/\/us.edu.pl\/instytut\/ii\/wp-json\/wp\/v2\/users\/190"}],"replies":[{"embeddable":true,"href":"https:\/\/us.edu.pl\/instytut\/ii\/wp-json\/wp\/v2\/comments?post=128"}],"version-history":[{"count":10,"href":"https:\/\/us.edu.pl\/instytut\/ii\/wp-json\/wp\/v2\/pages\/128\/revisions"}],"predecessor-version":[{"id":1409,"href":"https:\/\/us.edu.pl\/instytut\/ii\/wp-json\/wp\/v2\/pages\/128\/revisions\/1409"}],"up":[{"embeddable":true,"href":"https:\/\/us.edu.pl\/instytut\/ii\/wp-json\/wp\/v2\/pages\/5"}],"wp:attachment":[{"href":"https:\/\/us.edu.pl\/instytut\/ii\/wp-json\/wp\/v2\/media?parent=128"}],"curies":[{"name":"wp","href":"https:\/\/api.w.org\/{rel}","templated":true}]}}