{"id":269,"date":"2020-09-11T00:01:52","date_gmt":"2020-09-10T22:01:52","guid":{"rendered":"https:\/\/us.edu.pl\/instytut\/ii\/?page_id=269"},"modified":"2021-02-15T10:45:30","modified_gmt":"2021-02-15T09:45:30","slug":"olga-veselska","status":"publish","type":"page","link":"https:\/\/us.edu.pl\/instytut\/ii\/badania-i-nauka\/doktoraty\/olga-veselska\/","title":{"rendered":"Olga Veselska"},"content":{"rendered":"<p><\/p>\n<div class=\"article__content\">\n<p>Tytu\u0142 rozprawy doktorskiej: <strong>\u201eMetoda przestrzenno-pikselowa ukrywania informacji w obrazach\u201d<\/strong><\/p>\n<p>Promotor rozprawy: <strong>prof. dr hab. in\u017c. Miko\u0142aj Karpi\u0144ski<\/strong><\/p>\n<p>Promotor pomocniczy: <strong>dr \u0141ukasz Wi\u0119c\u0142aw<br \/>\n<\/strong><\/p>\n<h3>Recenzje rozprawy doktorskiej<\/h3>\n<p><a href=\"https:\/\/us.edu.pl\/instytut\/ii\/wp-content\/uploads\/sites\/40\/Doktoraty\/Olga-Veselska\/Recenzja-prof.-Kasprzak.pdf\" class=\"mtli_attachment mtli_pdf\" data-mtli=\"mtli_filesize9,40MB\">Prof. dr hab. in\u017c. W\u0142odzimierz Kasprzak<\/a><\/p>\n<p><a href=\"https:\/\/us.edu.pl\/instytut\/ii\/wp-content\/uploads\/sites\/40\/Doktoraty\/Olga-Veselska\/Recenzja-prof.-Smo\u0142ka.pdf\" class=\"mtli_attachment mtli_pdf\" data-mtli=\"mtli_filesize4,74MB\">Prof. dr hab. Bogdan Smo\u0142ka<\/a><\/p>\n<p><a href=\"https:\/\/us.edu.pl\/instytut\/ii\/wp-content\/uploads\/sites\/40\/Doktoraty\/Veselska-1.pdf\" class=\"mtli_attachment mtli_pdf\" data-mtli=\"mtli_filesize342,85kB\">Uchwa\u0142a Rady Naukowej w sprawie nieprzyj\u0119cia rozprawy doktorskiej<\/a><\/p>\n<\/div>\n<p><\/p>\n<style type=\"text\/css\">a[data-mtli~=\"mtli_filesize9,40MB\"]:after {content:\" (9,40 MB)\"}a[data-mtli~=\"mtli_filesize4,74MB\"]:after {content:\" (4,74 MB)\"}a[data-mtli~=\"mtli_filesize342,85kB\"]:after {content:\" (342,85 kB)\"}<\/style>","protected":false},"excerpt":{"rendered":"<p>Tytu\u0142 rozprawy doktorskiej: \u201eMetoda przestrzenno-pikselowa ukrywania informacji w obrazach\u201d Promotor rozprawy: prof. dr hab. in\u017c. Miko\u0142aj Karpi\u0144ski Promotor pomocniczy: dr \u0141ukasz Wi\u0119c\u0142aw Recenzje rozprawy doktorskiej Prof. dr hab. in\u017c. W\u0142odzimierz Kasprzak Prof. dr hab. Bogdan Smo\u0142ka Uchwa\u0142a Rady Naukowej w sprawie nieprzyj\u0119cia rozprawy doktorskiej [&#8230;]<\/p>\n<p><a class=\"btn btn-secondary understrap-read-more-link\" href=\"https:\/\/us.edu.pl\/instytut\/ii\/badania-i-nauka\/doktoraty\/olga-veselska\/\">Read More&#8230;<\/a><\/p>\n","protected":false},"author":190,"featured_media":0,"parent":253,"menu_order":0,"comment_status":"closed","ping_status":"closed","template":"page-templates\/inner-page.php","meta":{"_expiration-date-status":"saved","_expiration-date":0,"_expiration-date-type":"","_expiration-date-categories":[],"_expiration-date-options":[]},"acf":[],"_links":{"self":[{"href":"https:\/\/us.edu.pl\/instytut\/ii\/wp-json\/wp\/v2\/pages\/269"}],"collection":[{"href":"https:\/\/us.edu.pl\/instytut\/ii\/wp-json\/wp\/v2\/pages"}],"about":[{"href":"https:\/\/us.edu.pl\/instytut\/ii\/wp-json\/wp\/v2\/types\/page"}],"author":[{"embeddable":true,"href":"https:\/\/us.edu.pl\/instytut\/ii\/wp-json\/wp\/v2\/users\/190"}],"replies":[{"embeddable":true,"href":"https:\/\/us.edu.pl\/instytut\/ii\/wp-json\/wp\/v2\/comments?post=269"}],"version-history":[{"count":6,"href":"https:\/\/us.edu.pl\/instytut\/ii\/wp-json\/wp\/v2\/pages\/269\/revisions"}],"predecessor-version":[{"id":441,"href":"https:\/\/us.edu.pl\/instytut\/ii\/wp-json\/wp\/v2\/pages\/269\/revisions\/441"}],"up":[{"embeddable":true,"href":"https:\/\/us.edu.pl\/instytut\/ii\/wp-json\/wp\/v2\/pages\/253"}],"wp:attachment":[{"href":"https:\/\/us.edu.pl\/instytut\/ii\/wp-json\/wp\/v2\/media?parent=269"}],"curies":[{"name":"wp","href":"https:\/\/api.w.org\/{rel}","templated":true}]}}