{"id":288,"date":"2020-11-03T21:00:34","date_gmt":"2020-11-03T20:00:34","guid":{"rendered":"https:\/\/us.edu.pl\/instytut\/ii\/?page_id=288"},"modified":"2021-02-09T11:46:40","modified_gmt":"2021-02-09T10:46:40","slug":"kornel-chrominski","status":"publish","type":"page","link":"https:\/\/us.edu.pl\/instytut\/ii\/badania-i-nauka\/doktoraty\/kornel-chrominski\/","title":{"rendered":"Kornel Chromi\u0144ski"},"content":{"rendered":"<p><\/p>\n<div class=\"article__content\">\n<p>Tytu\u0142 rozprawy doktorskiej: <strong>\u201eZastosowanie proces\u00f3w epigenetycznych w algorytmach genetycznych\u201d<\/strong><\/p>\n<p>Promotor rozprawy:\u00a0<strong>dr hab. in\u017c. Mariusz Boryczka<\/strong><\/p>\n<p>Promotor pomocniczy: <strong>dr Magdalena Tkacz<\/strong><\/p>\n<p>Streszczenie rozprawy: <a href=\"http:\/\/wiinom.us.edu.pl\/sites\/default\/files\/DOKUMENTY\/Chrominski_Streszczenie_PL.pdf\" class=\"mtli_attachment mtli_pdf\">PL<\/a><\/p>\n<p>Streszczenie rozprawy: <a href=\"http:\/\/wiinom.us.edu.pl\/sites\/default\/files\/DOKUMENTY\/Chrominski_Streszczenie_EN.pdf\" class=\"mtli_attachment mtli_pdf\">EN<\/a><\/p>\n<h3>Recenzje rozprawy doktorskiej<\/h3>\n<p><a href=\"http:\/\/wiinom.us.edu.pl\/sites\/default\/files\/DOKUMENTY\/Chrominski_Smieja.pdf\" class=\"mtli_attachment mtli_pdf\">dr hab. in\u017c. J. \u015amieja, prof. Pol. \u015al.<\/a><\/p>\n<p><a href=\"http:\/\/wiinom.us.edu.pl\/sites\/default\/files\/DOKUMENTY\/Chrominski_Trojanowski.pdf\" class=\"mtli_attachment mtli_pdf\">dr hab. in\u017c. K. Trojanowski<\/a><\/p>\n<p><a href=\"https:\/\/us.edu.pl\/instytut\/ii\/wp-content\/uploads\/sites\/40\/Doktoraty\/CHROMI\u0143SKI.pdf\" class=\"mtli_attachment mtli_pdf\" data-mtli=\"mtli_filesize227,92kB\">Uchwa\u0142a Rady Naukowej w sprawie przyznania stopnia doktora<\/a><\/p>\n<\/div>\n<p><\/p>\n<style type=\"text\/css\">a[data-mtli~=\"mtli_filesize227,92kB\"]:after {content:\" (227,92 kB)\"}<\/style>","protected":false},"excerpt":{"rendered":"<p>Tytu\u0142 rozprawy doktorskiej: \u201eZastosowanie proces\u00f3w epigenetycznych w algorytmach genetycznych\u201d Promotor rozprawy:\u00a0dr hab. in\u017c. Mariusz Boryczka Promotor pomocniczy: dr Magdalena Tkacz Streszczenie rozprawy: PL Streszczenie rozprawy: EN Recenzje rozprawy doktorskiej dr hab. in\u017c. J. \u015amieja, prof. Pol. \u015al. dr hab. in\u017c. K. Trojanowski Uchwa\u0142a Rady Naukowej w sprawie przyznania stopnia doktora [&#8230;]<\/p>\n<p><a class=\"btn btn-secondary understrap-read-more-link\" href=\"https:\/\/us.edu.pl\/instytut\/ii\/badania-i-nauka\/doktoraty\/kornel-chrominski\/\">Read More&#8230;<\/a><\/p>\n","protected":false},"author":190,"featured_media":0,"parent":253,"menu_order":0,"comment_status":"closed","ping_status":"closed","template":"page-templates\/inner-page.php","meta":{"_expiration-date-status":"saved","_expiration-date":0,"_expiration-date-type":"","_expiration-date-categories":[],"_expiration-date-options":[]},"acf":[],"_links":{"self":[{"href":"https:\/\/us.edu.pl\/instytut\/ii\/wp-json\/wp\/v2\/pages\/288"}],"collection":[{"href":"https:\/\/us.edu.pl\/instytut\/ii\/wp-json\/wp\/v2\/pages"}],"about":[{"href":"https:\/\/us.edu.pl\/instytut\/ii\/wp-json\/wp\/v2\/types\/page"}],"author":[{"embeddable":true,"href":"https:\/\/us.edu.pl\/instytut\/ii\/wp-json\/wp\/v2\/users\/190"}],"replies":[{"embeddable":true,"href":"https:\/\/us.edu.pl\/instytut\/ii\/wp-json\/wp\/v2\/comments?post=288"}],"version-history":[{"count":3,"href":"https:\/\/us.edu.pl\/instytut\/ii\/wp-json\/wp\/v2\/pages\/288\/revisions"}],"predecessor-version":[{"id":430,"href":"https:\/\/us.edu.pl\/instytut\/ii\/wp-json\/wp\/v2\/pages\/288\/revisions\/430"}],"up":[{"embeddable":true,"href":"https:\/\/us.edu.pl\/instytut\/ii\/wp-json\/wp\/v2\/pages\/253"}],"wp:attachment":[{"href":"https:\/\/us.edu.pl\/instytut\/ii\/wp-json\/wp\/v2\/media?parent=288"}],"curies":[{"name":"wp","href":"https:\/\/api.w.org\/{rel}","templated":true}]}}