{"id":294,"date":"2020-11-03T21:05:10","date_gmt":"2020-11-03T20:05:10","guid":{"rendered":"https:\/\/us.edu.pl\/instytut\/ii\/?page_id=294"},"modified":"2020-11-03T21:05:43","modified_gmt":"2020-11-03T20:05:43","slug":"tomasz-orczyk","status":"publish","type":"page","link":"https:\/\/us.edu.pl\/instytut\/ii\/badania-i-nauka\/doktoraty\/tomasz-orczyk\/","title":{"rendered":"Tomasz Orczyk"},"content":{"rendered":"<p><\/p>\n<div class=\"article__content\">\n<p>Tytu\u0142 rozprawy doktorskiej: <strong>\u201eKlasyfikacja danych niekompletnych w oparciu o komitet klasyfikator\u00f3w\u201d<\/strong><\/p>\n<p>Promotor rozprawy:\u00a0<strong>prof. dr hab. Piotr Porwik<\/strong><\/p>\n<p>Promotor pomocniczy:\u00a0<strong>dr hab. in\u017c. Bart\u0142omiej P\u0142aczek, prof. U\u015a<\/strong><\/p>\n<p>Streszczenie rozprawy: <a href=\"http:\/\/wiinom.us.edu.pl\/sites\/default\/files\/DOKUMENTY\/Orczyk-streszczenie.pdf\" class=\"mtli_attachment mtli_pdf\">PL<\/a><\/p>\n<p>Streszczenie rozprawy: <a href=\"http:\/\/wiinom.us.edu.pl\/sites\/default\/files\/DOKUMENTY\/Orczyk-streszczenie-ang.pdf\" class=\"mtli_attachment mtli_pdf\">EN<\/a><\/p>\n<h3>Recenzje rozprawy doktorskiej<\/h3>\n<p><a title=\"Orczyk-Burduk.pdf\" href=\"http:\/\/wiinom.us.edu.pl\/sites\/default\/files\/DOKUMENTY\/Orczyk-Burduk.pdf\" class=\"mtli_attachment mtli_pdf\">dr hab. in\u017c. Robert Burduk, prof. PWr<\/a><\/p>\n<p><a href=\"http:\/\/wiinom.us.edu.pl\/sites\/default\/files\/DOKUMENTY\/Orczyk-Jezewski.pdf\" class=\"mtli_attachment mtli_pdf\">dr hab. in\u017c. Janusz Je\u017cewski, prof. ITAM<\/a><\/p>\n<\/div>\n<p><\/p>","protected":false},"excerpt":{"rendered":"<p>Tytu\u0142 rozprawy doktorskiej: \u201eKlasyfikacja danych niekompletnych w oparciu o komitet klasyfikator\u00f3w\u201d Promotor rozprawy:\u00a0prof. dr hab. Piotr Porwik Promotor pomocniczy:\u00a0dr hab. in\u017c. Bart\u0142omiej P\u0142aczek, prof. U\u015a Streszczenie rozprawy: PL Streszczenie rozprawy: EN Recenzje rozprawy doktorskiej dr hab. in\u017c. Robert Burduk, prof. PWr dr hab. in\u017c. Janusz Je\u017cewski, prof. ITAM [&#8230;]<\/p>\n<p><a class=\"btn btn-secondary understrap-read-more-link\" href=\"https:\/\/us.edu.pl\/instytut\/ii\/badania-i-nauka\/doktoraty\/tomasz-orczyk\/\">Read More&#8230;<\/a><\/p>\n","protected":false},"author":190,"featured_media":0,"parent":253,"menu_order":0,"comment_status":"closed","ping_status":"closed","template":"page-templates\/inner-page.php","meta":{"_expiration-date-status":"saved","_expiration-date":0,"_expiration-date-type":"","_expiration-date-categories":[],"_expiration-date-options":[]},"acf":[],"_links":{"self":[{"href":"https:\/\/us.edu.pl\/instytut\/ii\/wp-json\/wp\/v2\/pages\/294"}],"collection":[{"href":"https:\/\/us.edu.pl\/instytut\/ii\/wp-json\/wp\/v2\/pages"}],"about":[{"href":"https:\/\/us.edu.pl\/instytut\/ii\/wp-json\/wp\/v2\/types\/page"}],"author":[{"embeddable":true,"href":"https:\/\/us.edu.pl\/instytut\/ii\/wp-json\/wp\/v2\/users\/190"}],"replies":[{"embeddable":true,"href":"https:\/\/us.edu.pl\/instytut\/ii\/wp-json\/wp\/v2\/comments?post=294"}],"version-history":[{"count":3,"href":"https:\/\/us.edu.pl\/instytut\/ii\/wp-json\/wp\/v2\/pages\/294\/revisions"}],"predecessor-version":[{"id":297,"href":"https:\/\/us.edu.pl\/instytut\/ii\/wp-json\/wp\/v2\/pages\/294\/revisions\/297"}],"up":[{"embeddable":true,"href":"https:\/\/us.edu.pl\/instytut\/ii\/wp-json\/wp\/v2\/pages\/253"}],"wp:attachment":[{"href":"https:\/\/us.edu.pl\/instytut\/ii\/wp-json\/wp\/v2\/media?parent=294"}],"curies":[{"name":"wp","href":"https:\/\/api.w.org\/{rel}","templated":true}]}}