{"id":301,"date":"2020-11-03T21:14:08","date_gmt":"2020-11-03T20:14:08","guid":{"rendered":"https:\/\/us.edu.pl\/instytut\/ii\/?page_id=301"},"modified":"2020-11-03T21:14:08","modified_gmt":"2020-11-03T20:14:08","slug":"pawel-popielski","status":"publish","type":"page","link":"https:\/\/us.edu.pl\/instytut\/ii\/badania-i-nauka\/doktoraty\/pawel-popielski\/","title":{"rendered":"Pawe\u0142 Popielski"},"content":{"rendered":"<p><\/p>\n<div class=\"article__content\">\n<p>Tytu\u0142 rozprawy doktorskiej: <strong>\u201eZnajdywanie odpowiednio\u015bci punkt\u00f3w charakterystycznych na obrazach stereowizyjnych\u201d<\/strong><\/p>\n<p>Promotor rozprawy:\u00a0<strong>prof. dr hab. in\u017c. Zygmunt Wr\u00f3bel<\/strong><\/p>\n<p>Streszczenie rozprawy: <a href=\"http:\/\/wiinom.us.edu.pl\/sites\/default\/files\/DOKUMENTY\/Popielski_Streszczenie_Rozprawy_PL.pdf\" class=\"mtli_attachment mtli_pdf\">PL<\/a><\/p>\n<p>Streszczenie rozprawy: <a href=\"http:\/\/wiinom.us.edu.pl\/sites\/default\/files\/DOKUMENTY\/Popielski_Streszczenie_Rozprawy_EN.pdf\" class=\"mtli_attachment mtli_pdf\">EN<\/a><\/p>\n<h3>Recenzje rozprawy doktorskiej<\/h3>\n<p><span class=\"file\"><a title=\"Popielski_Kurzynski.pdf\" href=\"http:\/\/wiinom.us.edu.pl\/sites\/default\/files\/DOKUMENTY\/Popielski_Kurzynski.pdf\" class=\"mtli_attachment mtli_pdf\">prof. dr hab. in\u017c. M.Kurzy\u0144ski<\/a><\/span><\/p>\n<p><a title=\"Trojanowski.pdf\" href=\"http:\/\/wiinom.us.edu.pl\/sites\/default\/files\/DOKUMENTY\/Trojanowski.pdf\" class=\"mtli_attachment mtli_pdf\"><span class=\"file\"><a title=\"Popielski_Tokarczyk.pdf\" href=\"http:\/\/wiinom.us.edu.pl\/sites\/default\/files\/DOKUMENTY\/Popielski_Tokarczyk.pdf\" class=\"mtli_attachment mtli_pdf\">dr hab. in\u017c. R. Tokarczyk, prof. AGH<\/a><\/span><\/a><\/p>\n<\/div>\n<p><\/p>","protected":false},"excerpt":{"rendered":"<p>Tytu\u0142 rozprawy doktorskiej: \u201eZnajdywanie odpowiednio\u015bci punkt\u00f3w charakterystycznych na obrazach stereowizyjnych\u201d Promotor rozprawy:\u00a0prof. dr hab. in\u017c. Zygmunt Wr\u00f3bel Streszczenie rozprawy: PL Streszczenie rozprawy: EN Recenzje rozprawy doktorskiej prof. dr hab. in\u017c. M.Kurzy\u0144ski dr hab. in\u017c. R. Tokarczyk, prof. AGH [&#8230;]<\/p>\n<p><a class=\"btn btn-secondary understrap-read-more-link\" href=\"https:\/\/us.edu.pl\/instytut\/ii\/badania-i-nauka\/doktoraty\/pawel-popielski\/\">Read More&#8230;<\/a><\/p>\n","protected":false},"author":190,"featured_media":0,"parent":253,"menu_order":0,"comment_status":"closed","ping_status":"closed","template":"page-templates\/inner-page.php","meta":{"_expiration-date-status":"saved","_expiration-date":0,"_expiration-date-type":"","_expiration-date-categories":[],"_expiration-date-options":[]},"acf":[],"_links":{"self":[{"href":"https:\/\/us.edu.pl\/instytut\/ii\/wp-json\/wp\/v2\/pages\/301"}],"collection":[{"href":"https:\/\/us.edu.pl\/instytut\/ii\/wp-json\/wp\/v2\/pages"}],"about":[{"href":"https:\/\/us.edu.pl\/instytut\/ii\/wp-json\/wp\/v2\/types\/page"}],"author":[{"embeddable":true,"href":"https:\/\/us.edu.pl\/instytut\/ii\/wp-json\/wp\/v2\/users\/190"}],"replies":[{"embeddable":true,"href":"https:\/\/us.edu.pl\/instytut\/ii\/wp-json\/wp\/v2\/comments?post=301"}],"version-history":[{"count":1,"href":"https:\/\/us.edu.pl\/instytut\/ii\/wp-json\/wp\/v2\/pages\/301\/revisions"}],"predecessor-version":[{"id":302,"href":"https:\/\/us.edu.pl\/instytut\/ii\/wp-json\/wp\/v2\/pages\/301\/revisions\/302"}],"up":[{"embeddable":true,"href":"https:\/\/us.edu.pl\/instytut\/ii\/wp-json\/wp\/v2\/pages\/253"}],"wp:attachment":[{"href":"https:\/\/us.edu.pl\/instytut\/ii\/wp-json\/wp\/v2\/media?parent=301"}],"curies":[{"name":"wp","href":"https:\/\/api.w.org\/{rel}","templated":true}]}}