{"id":303,"date":"2020-11-03T21:18:06","date_gmt":"2020-11-03T20:18:06","guid":{"rendered":"https:\/\/us.edu.pl\/instytut\/ii\/?page_id=303"},"modified":"2020-11-03T21:18:06","modified_gmt":"2020-11-03T20:18:06","slug":"grzegorz-machnik","status":"publish","type":"page","link":"https:\/\/us.edu.pl\/instytut\/ii\/badania-i-nauka\/doktoraty\/grzegorz-machnik\/","title":{"rendered":"Grzegorz Machnik"},"content":{"rendered":"<p><\/p>\n<div class=\"article__content\">\n<p>Tytu\u0142 rozprawy doktorskiej: <strong>\u201eAlgorytmy ewolucyjne w projektowaniu fraktalnych wzor\u00f3w u\u017cytkowych\u201d<\/strong><\/p>\n<p>Promotor rozprawy:\u00a0<strong>prof. dr hab. in\u017c. Wies\u0142aw Kotarski<\/strong><\/p>\n<p>Streszczenie rozprawy: <a href=\"http:\/\/wiinom.us.edu.pl\/sites\/default\/files\/DOKUMENTY\/Streszczenie.pdf\" class=\"mtli_attachment mtli_pdf\">PL<\/a><\/p>\n<h3>Recenzje rozprawy doktorskiej<\/h3>\n<p><span class=\"file\"><a title=\"Badura.pdf\" href=\"http:\/\/wiinom.us.edu.pl\/sites\/default\/files\/DOKUMENTY\/Badura.pdf\" class=\"mtli_attachment mtli_pdf\">dr hab. in\u017c. Dariusz Badura<\/a><\/span><\/p>\n<p><span class=\"file\"><a title=\"Seredynski.pdf\" href=\"http:\/\/wiinom.us.edu.pl\/sites\/default\/files\/DOKUMENTY\/Seredynski_0.pdf\" class=\"mtli_attachment mtli_pdf\">prof. dr hab. in\u017c. Franciszek Seredy\u0144ski<\/a><\/span><\/p>\n<\/div>\n<p><\/p>","protected":false},"excerpt":{"rendered":"<p>Tytu\u0142 rozprawy doktorskiej: \u201eAlgorytmy ewolucyjne w projektowaniu fraktalnych wzor\u00f3w u\u017cytkowych\u201d Promotor rozprawy:\u00a0prof. dr hab. in\u017c. Wies\u0142aw Kotarski Streszczenie rozprawy: PL Recenzje rozprawy doktorskiej dr hab. in\u017c. Dariusz Badura prof. dr hab. in\u017c. Franciszek Seredy\u0144ski [&#8230;]<\/p>\n<p><a class=\"btn btn-secondary understrap-read-more-link\" href=\"https:\/\/us.edu.pl\/instytut\/ii\/badania-i-nauka\/doktoraty\/grzegorz-machnik\/\">Read More&#8230;<\/a><\/p>\n","protected":false},"author":190,"featured_media":0,"parent":253,"menu_order":0,"comment_status":"closed","ping_status":"closed","template":"page-templates\/inner-page.php","meta":{"_expiration-date-status":"saved","_expiration-date":0,"_expiration-date-type":"","_expiration-date-categories":[],"_expiration-date-options":[]},"acf":[],"_links":{"self":[{"href":"https:\/\/us.edu.pl\/instytut\/ii\/wp-json\/wp\/v2\/pages\/303"}],"collection":[{"href":"https:\/\/us.edu.pl\/instytut\/ii\/wp-json\/wp\/v2\/pages"}],"about":[{"href":"https:\/\/us.edu.pl\/instytut\/ii\/wp-json\/wp\/v2\/types\/page"}],"author":[{"embeddable":true,"href":"https:\/\/us.edu.pl\/instytut\/ii\/wp-json\/wp\/v2\/users\/190"}],"replies":[{"embeddable":true,"href":"https:\/\/us.edu.pl\/instytut\/ii\/wp-json\/wp\/v2\/comments?post=303"}],"version-history":[{"count":1,"href":"https:\/\/us.edu.pl\/instytut\/ii\/wp-json\/wp\/v2\/pages\/303\/revisions"}],"predecessor-version":[{"id":304,"href":"https:\/\/us.edu.pl\/instytut\/ii\/wp-json\/wp\/v2\/pages\/303\/revisions\/304"}],"up":[{"embeddable":true,"href":"https:\/\/us.edu.pl\/instytut\/ii\/wp-json\/wp\/v2\/pages\/253"}],"wp:attachment":[{"href":"https:\/\/us.edu.pl\/instytut\/ii\/wp-json\/wp\/v2\/media?parent=303"}],"curies":[{"name":"wp","href":"https:\/\/api.w.org\/{rel}","templated":true}]}}