{"id":305,"date":"2020-11-03T21:21:14","date_gmt":"2020-11-03T20:21:14","guid":{"rendered":"https:\/\/us.edu.pl\/instytut\/ii\/?page_id=305"},"modified":"2020-11-03T21:21:14","modified_gmt":"2020-11-03T20:21:14","slug":"wojciech-bura","status":"publish","type":"page","link":"https:\/\/us.edu.pl\/instytut\/ii\/badania-i-nauka\/doktoraty\/wojciech-bura\/","title":{"rendered":"Wojciech Bura"},"content":{"rendered":"<p><\/p>\n<div class=\"article__content\">\n<p>Tytu\u0142 rozprawy doktorskiej: <strong>\u201eWielokryterialne, mrowiskowe algorytmy optymalizacji w nawigacji samochodowej.\u201d<\/strong><\/p>\n<p>Promotor rozprawy:\u00a0<strong>dr hab. in\u017c. Mariusz Boryczka<\/strong><\/p>\n<p>Streszczenie rozprawy: <a href=\"http:\/\/wiinom.us.edu.pl\/sites\/default\/files\/DOKUMENTY\/buraw-rozprawa-streszczenie.pdf\" class=\"mtli_attachment mtli_pdf\">PL<\/a><\/p>\n<h3>Recenzje rozprawy doktorskiej<\/h3>\n<p><span class=\"file\"><a title=\"Czech.pdf\" href=\"http:\/\/wiinom.us.edu.pl\/sites\/default\/files\/DOKUMENTY\/Czech.pdf\" class=\"mtli_attachment mtli_pdf\">prof. dr hab. in\u017c. Zbigniew J. Czech<\/a><\/span><\/p>\n<p><span class=\"file\"><a title=\"Seredynski.pdf\" href=\"http:\/\/wiinom.us.edu.pl\/sites\/default\/files\/DOKUMENTY\/Seredynski.pdf\" class=\"mtli_attachment mtli_pdf\">prof. dr hab. in\u017c Franciszek Seredy\u0144ski<\/a><\/span><\/p>\n<\/div>\n<p><\/p>","protected":false},"excerpt":{"rendered":"<p>Tytu\u0142 rozprawy doktorskiej: \u201eWielokryterialne, mrowiskowe algorytmy optymalizacji w nawigacji samochodowej.\u201d Promotor rozprawy:\u00a0dr hab. in\u017c. Mariusz Boryczka Streszczenie rozprawy: PL Recenzje rozprawy doktorskiej prof. dr hab. in\u017c. Zbigniew J. Czech prof. dr hab. in\u017c Franciszek Seredy\u0144ski [&#8230;]<\/p>\n<p><a class=\"btn btn-secondary understrap-read-more-link\" href=\"https:\/\/us.edu.pl\/instytut\/ii\/badania-i-nauka\/doktoraty\/wojciech-bura\/\">Read More&#8230;<\/a><\/p>\n","protected":false},"author":190,"featured_media":0,"parent":253,"menu_order":0,"comment_status":"closed","ping_status":"closed","template":"page-templates\/inner-page.php","meta":{"_expiration-date-status":"saved","_expiration-date":0,"_expiration-date-type":"","_expiration-date-categories":[],"_expiration-date-options":[]},"acf":[],"_links":{"self":[{"href":"https:\/\/us.edu.pl\/instytut\/ii\/wp-json\/wp\/v2\/pages\/305"}],"collection":[{"href":"https:\/\/us.edu.pl\/instytut\/ii\/wp-json\/wp\/v2\/pages"}],"about":[{"href":"https:\/\/us.edu.pl\/instytut\/ii\/wp-json\/wp\/v2\/types\/page"}],"author":[{"embeddable":true,"href":"https:\/\/us.edu.pl\/instytut\/ii\/wp-json\/wp\/v2\/users\/190"}],"replies":[{"embeddable":true,"href":"https:\/\/us.edu.pl\/instytut\/ii\/wp-json\/wp\/v2\/comments?post=305"}],"version-history":[{"count":1,"href":"https:\/\/us.edu.pl\/instytut\/ii\/wp-json\/wp\/v2\/pages\/305\/revisions"}],"predecessor-version":[{"id":306,"href":"https:\/\/us.edu.pl\/instytut\/ii\/wp-json\/wp\/v2\/pages\/305\/revisions\/306"}],"up":[{"embeddable":true,"href":"https:\/\/us.edu.pl\/instytut\/ii\/wp-json\/wp\/v2\/pages\/253"}],"wp:attachment":[{"href":"https:\/\/us.edu.pl\/instytut\/ii\/wp-json\/wp\/v2\/media?parent=305"}],"curies":[{"name":"wp","href":"https:\/\/api.w.org\/{rel}","templated":true}]}}