{"id":308,"date":"2020-11-03T21:24:22","date_gmt":"2020-11-03T20:24:22","guid":{"rendered":"https:\/\/us.edu.pl\/instytut\/ii\/?page_id=308"},"modified":"2020-11-03T21:25:42","modified_gmt":"2020-11-03T20:25:42","slug":"tomasz-xieski","status":"publish","type":"page","link":"https:\/\/us.edu.pl\/instytut\/ii\/badania-i-nauka\/doktoraty\/tomasz-xieski\/","title":{"rendered":"Tomasz Xi\u0119ski"},"content":{"rendered":"<p><\/p>\n<div class=\"article__content\">\n<p>Tytu\u0142 rozprawy doktorskiej: <strong>\u201eWydobywanie wiedzy z danych z\u0142o\u017conych\u201d<\/strong><\/p>\n<p>Promotor rozprawy:\u00a0<strong>prof. dr hab. in\u017c. Alicja Wakulicz-Deja<\/strong><\/p>\n<p>Promotor pomocniczy: <strong>dr Agnieszka Nowak-Brzezi\u0144ska<\/strong><\/p>\n<p>Streszczenie rozprawy: <a href=\"http:\/\/wiinom.us.edu.pl\/sites\/default\/files\/DOKUMENTY\/StreszczenieXieski.pdf\" class=\"mtli_attachment mtli_pdf\">PL<\/a><\/p>\n<h3>Recenzje rozprawy doktorskiej<\/h3>\n<p><span class=\"file\"><a title=\"KoronackiXieski.pdf\" href=\"http:\/\/wiinom.us.edu.pl\/sites\/default\/files\/DOKUMENTY\/KoronackiXieski.pdf\" class=\"mtli_attachment mtli_pdf\">prof. dr hab. in\u017c. Jacek Koronacki<\/a><\/span><\/p>\n<p><span class=\"file\"><a title=\"KozielskiXieski.pdf\" href=\"http:\/\/wiinom.us.edu.pl\/sites\/default\/files\/DOKUMENTY\/KozielskiXieski.pdf\" class=\"mtli_attachment mtli_pdf\">prof. dr hab. in\u017c. Stanis\u0142aw Kozielski<\/a><\/span><\/p>\n<\/div>\n<p><\/p>","protected":false},"excerpt":{"rendered":"<p>Tytu\u0142 rozprawy doktorskiej: \u201eWydobywanie wiedzy z danych z\u0142o\u017conych\u201d Promotor rozprawy:\u00a0prof. dr hab. in\u017c. Alicja Wakulicz-Deja Promotor pomocniczy: dr Agnieszka Nowak-Brzezi\u0144ska Streszczenie rozprawy: PL Recenzje rozprawy doktorskiej prof. dr hab. in\u017c. Jacek Koronacki prof. dr hab. in\u017c. Stanis\u0142aw Kozielski [&#8230;]<\/p>\n<p><a class=\"btn btn-secondary understrap-read-more-link\" href=\"https:\/\/us.edu.pl\/instytut\/ii\/badania-i-nauka\/doktoraty\/tomasz-xieski\/\">Read More&#8230;<\/a><\/p>\n","protected":false},"author":190,"featured_media":0,"parent":253,"menu_order":0,"comment_status":"closed","ping_status":"closed","template":"page-templates\/inner-page.php","meta":{"_expiration-date-status":"saved","_expiration-date":0,"_expiration-date-type":"","_expiration-date-categories":[],"_expiration-date-options":[]},"acf":[],"_links":{"self":[{"href":"https:\/\/us.edu.pl\/instytut\/ii\/wp-json\/wp\/v2\/pages\/308"}],"collection":[{"href":"https:\/\/us.edu.pl\/instytut\/ii\/wp-json\/wp\/v2\/pages"}],"about":[{"href":"https:\/\/us.edu.pl\/instytut\/ii\/wp-json\/wp\/v2\/types\/page"}],"author":[{"embeddable":true,"href":"https:\/\/us.edu.pl\/instytut\/ii\/wp-json\/wp\/v2\/users\/190"}],"replies":[{"embeddable":true,"href":"https:\/\/us.edu.pl\/instytut\/ii\/wp-json\/wp\/v2\/comments?post=308"}],"version-history":[{"count":2,"href":"https:\/\/us.edu.pl\/instytut\/ii\/wp-json\/wp\/v2\/pages\/308\/revisions"}],"predecessor-version":[{"id":310,"href":"https:\/\/us.edu.pl\/instytut\/ii\/wp-json\/wp\/v2\/pages\/308\/revisions\/310"}],"up":[{"embeddable":true,"href":"https:\/\/us.edu.pl\/instytut\/ii\/wp-json\/wp\/v2\/pages\/253"}],"wp:attachment":[{"href":"https:\/\/us.edu.pl\/instytut\/ii\/wp-json\/wp\/v2\/media?parent=308"}],"curies":[{"name":"wp","href":"https:\/\/api.w.org\/{rel}","templated":true}]}}