{"id":311,"date":"2020-11-03T21:28:17","date_gmt":"2020-11-03T20:28:17","guid":{"rendered":"https:\/\/us.edu.pl\/instytut\/ii\/?page_id=311"},"modified":"2020-11-03T21:28:17","modified_gmt":"2020-11-03T20:28:17","slug":"tomasz-jach","status":"publish","type":"page","link":"https:\/\/us.edu.pl\/instytut\/ii\/badania-i-nauka\/doktoraty\/tomasz-jach\/","title":{"rendered":"Tomasz Jach"},"content":{"rendered":"<p><\/p>\n<div class=\"article__content\">\n<p>Tytu\u0142 rozprawy doktorskiej: <strong>\u201eOptymalizacja proces\u00f3w wnioskowania z wiedz\u0105 niepe\u0142n\u0105\u201d<\/strong><\/p>\n<p>Promotor rozprawy:\u00a0<strong>prof. dr hab. in\u017c. Alicja Wakulicz-Deja<\/strong><\/p>\n<p>Streszczenie rozprawy: <a href=\"http:\/\/wiinom.us.edu.pl\/sites\/default\/files\/DOKUMENTY\/StreszczenieXieski.pdf\" class=\"mtli_attachment mtli_pdf\">PL<\/a><\/p>\n<h3>Recenzje rozprawy doktorskiej<\/h3>\n<p><span class=\"file\"><a title=\"prof.K\u0142opotek.pdf\" href=\"http:\/\/wiinom.us.edu.pl\/sites\/default\/files\/DOKUMENTY\/prof.K%C5%82opotek.pdf\" class=\"mtli_attachment mtli_pdf\">prof. dr hab. in\u017c. Mieczys\u0142aw K\u0142opotek<\/a><\/span><\/p>\n<p><span class=\"file\"><a title=\"prof.Stepaniuk.pdf\" href=\"http:\/\/wiinom.us.edu.pl\/sites\/default\/files\/DOKUMENTY\/prof.Stepaniuk.pdf\" class=\"mtli_attachment mtli_pdf\">prof. dr hab. Jaros\u0142aw Stepaniuk<\/a><\/span><\/p>\n<\/div>\n<p><\/p>","protected":false},"excerpt":{"rendered":"<p>Tytu\u0142 rozprawy doktorskiej: \u201eOptymalizacja proces\u00f3w wnioskowania z wiedz\u0105 niepe\u0142n\u0105\u201d Promotor rozprawy:\u00a0prof. dr hab. in\u017c. Alicja Wakulicz-Deja Streszczenie rozprawy: PL Recenzje rozprawy doktorskiej prof. dr hab. in\u017c. Mieczys\u0142aw K\u0142opotek prof. dr hab. Jaros\u0142aw Stepaniuk [&#8230;]<\/p>\n<p><a class=\"btn btn-secondary understrap-read-more-link\" href=\"https:\/\/us.edu.pl\/instytut\/ii\/badania-i-nauka\/doktoraty\/tomasz-jach\/\">Read More&#8230;<\/a><\/p>\n","protected":false},"author":190,"featured_media":0,"parent":253,"menu_order":0,"comment_status":"closed","ping_status":"closed","template":"page-templates\/inner-page.php","meta":{"_expiration-date-status":"saved","_expiration-date":0,"_expiration-date-type":"","_expiration-date-categories":[],"_expiration-date-options":[]},"acf":[],"_links":{"self":[{"href":"https:\/\/us.edu.pl\/instytut\/ii\/wp-json\/wp\/v2\/pages\/311"}],"collection":[{"href":"https:\/\/us.edu.pl\/instytut\/ii\/wp-json\/wp\/v2\/pages"}],"about":[{"href":"https:\/\/us.edu.pl\/instytut\/ii\/wp-json\/wp\/v2\/types\/page"}],"author":[{"embeddable":true,"href":"https:\/\/us.edu.pl\/instytut\/ii\/wp-json\/wp\/v2\/users\/190"}],"replies":[{"embeddable":true,"href":"https:\/\/us.edu.pl\/instytut\/ii\/wp-json\/wp\/v2\/comments?post=311"}],"version-history":[{"count":1,"href":"https:\/\/us.edu.pl\/instytut\/ii\/wp-json\/wp\/v2\/pages\/311\/revisions"}],"predecessor-version":[{"id":312,"href":"https:\/\/us.edu.pl\/instytut\/ii\/wp-json\/wp\/v2\/pages\/311\/revisions\/312"}],"up":[{"embeddable":true,"href":"https:\/\/us.edu.pl\/instytut\/ii\/wp-json\/wp\/v2\/pages\/253"}],"wp:attachment":[{"href":"https:\/\/us.edu.pl\/instytut\/ii\/wp-json\/wp\/v2\/media?parent=311"}],"curies":[{"name":"wp","href":"https:\/\/api.w.org\/{rel}","templated":true}]}}