{"id":313,"date":"2020-11-03T21:30:26","date_gmt":"2020-11-03T20:30:26","guid":{"rendered":"https:\/\/us.edu.pl\/instytut\/ii\/?page_id=313"},"modified":"2020-11-03T21:31:02","modified_gmt":"2020-11-03T20:31:02","slug":"diana-domanska","status":"publish","type":"page","link":"https:\/\/us.edu.pl\/instytut\/ii\/badania-i-nauka\/doktoraty\/diana-domanska\/","title":{"rendered":"Diana Doma\u0144ska"},"content":{"rendered":"<p><\/p>\n<div class=\"article__content\">\n<p>Tytu\u0142 rozprawy doktorskiej: <strong>\u201ePrognozowanie eksploracyjne danych wielowymiarowych\u201d<\/strong><\/p>\n<p>Promotor rozprawy:\u00a0<strong>prof. dr hab. in\u017c. Wies\u0142aw Kotarski<\/strong><\/p>\n<p>Promotor pomocniczy: <strong>dr Marek Wojtylak<\/strong><\/p>\n<p>Streszczenie rozprawy: <a href=\"http:\/\/wiinom.us.edu.pl\/sites\/default\/files\/DOKUMENTY\/Domanska-streszenie.pdf\" class=\"mtli_attachment mtli_pdf\">PL<\/a><\/p>\n<h3>Recenzje rozprawy doktorskiej<\/h3>\n<p><span class=\"file\"><a title=\"Domanska-Koronacki.pdf\" href=\"http:\/\/wiinom.us.edu.pl\/sites\/default\/files\/DOKUMENTY\/Domanska-Koronacki.pdf\" class=\"mtli_attachment mtli_pdf\">prof. dr hab. in\u017c. Jacek Koronacki<\/a><\/span><\/p>\n<p><span class=\"file\"><a title=\"Domanska-Studzinski.pdf\" href=\"http:\/\/wiinom.us.edu.pl\/sites\/default\/files\/DOKUMENTY\/Domanska-Studzinski.pdf\" class=\"mtli_attachment mtli_pdf\">dr hab. in\u017c. Jan Studzi\u0144ski<\/a><\/span><\/p>\n<\/div>\n<p><\/p>","protected":false},"excerpt":{"rendered":"<p>Tytu\u0142 rozprawy doktorskiej: \u201ePrognozowanie eksploracyjne danych wielowymiarowych\u201d Promotor rozprawy:\u00a0prof. dr hab. in\u017c. Wies\u0142aw Kotarski Promotor pomocniczy: dr Marek Wojtylak Streszczenie rozprawy: PL Recenzje rozprawy doktorskiej prof. dr hab. in\u017c. Jacek Koronacki dr hab. in\u017c. Jan Studzi\u0144ski [&#8230;]<\/p>\n<p><a class=\"btn btn-secondary understrap-read-more-link\" href=\"https:\/\/us.edu.pl\/instytut\/ii\/badania-i-nauka\/doktoraty\/diana-domanska\/\">Read More&#8230;<\/a><\/p>\n","protected":false},"author":190,"featured_media":0,"parent":253,"menu_order":0,"comment_status":"closed","ping_status":"closed","template":"page-templates\/inner-page.php","meta":{"_expiration-date-status":"saved","_expiration-date":0,"_expiration-date-type":"","_expiration-date-categories":[],"_expiration-date-options":[]},"acf":[],"_links":{"self":[{"href":"https:\/\/us.edu.pl\/instytut\/ii\/wp-json\/wp\/v2\/pages\/313"}],"collection":[{"href":"https:\/\/us.edu.pl\/instytut\/ii\/wp-json\/wp\/v2\/pages"}],"about":[{"href":"https:\/\/us.edu.pl\/instytut\/ii\/wp-json\/wp\/v2\/types\/page"}],"author":[{"embeddable":true,"href":"https:\/\/us.edu.pl\/instytut\/ii\/wp-json\/wp\/v2\/users\/190"}],"replies":[{"embeddable":true,"href":"https:\/\/us.edu.pl\/instytut\/ii\/wp-json\/wp\/v2\/comments?post=313"}],"version-history":[{"count":2,"href":"https:\/\/us.edu.pl\/instytut\/ii\/wp-json\/wp\/v2\/pages\/313\/revisions"}],"predecessor-version":[{"id":315,"href":"https:\/\/us.edu.pl\/instytut\/ii\/wp-json\/wp\/v2\/pages\/313\/revisions\/315"}],"up":[{"embeddable":true,"href":"https:\/\/us.edu.pl\/instytut\/ii\/wp-json\/wp\/v2\/pages\/253"}],"wp:attachment":[{"href":"https:\/\/us.edu.pl\/instytut\/ii\/wp-json\/wp\/v2\/media?parent=313"}],"curies":[{"name":"wp","href":"https:\/\/api.w.org\/{rel}","templated":true}]}}