{"id":329,"date":"2020-11-23T11:27:40","date_gmt":"2020-11-23T10:27:40","guid":{"rendered":"https:\/\/us.edu.pl\/instytut\/ii\/?page_id=329"},"modified":"2024-02-26T22:51:23","modified_gmt":"2024-02-26T21:51:23","slug":"grupy-badawcze","status":"publish","type":"page","link":"https:\/\/us.edu.pl\/instytut\/ii\/badania-i-nauka\/grupy-badawcze\/","title":{"rendered":"Zespo\u0142y badawcze"},"content":{"rendered":"<p>[vc_row][vc_column][vc_column_text][\/vc_column_text][\/vc_column][\/vc_row][vc_row][vc_column][vc_tta_accordion style=&#8221;flat&#8221; shape=&#8221;square&#8221; spacing=&#8221;5&#8243; gap=&#8221;10&#8243; active_section=&#8221;0&#8243; css_animation=&#8221;none&#8221; collapsible_all=&#8221;true&#8221; title=&#8221;Zespo\u0142y badawcze&#8221;][vc_tta_section title=&#8221;Z\u0142o\u017cone systemy decyzyjne i ich zastosowania&#8221; tab_id=&#8221;1606569854498-0e6acd6b-6698&#8243;][vc_column_text]<strong>Lider<\/strong><\/p>\n<ul>\n<li>dr hab. Ma\u0142gorzata Przyby\u0142a-Kasperek, prof. U\u015a<\/li>\n<\/ul>\n<p><strong>Cz\u0142onkowie<\/strong><\/p>\n<ul>\n<li>dr Kornel Chromi\u0144ski<\/li>\n<li>dr Magdalena Tkacz<\/li>\n<li>dr Rafa\u0142 Skinderowicz<\/li>\n<li>mgr Kwabena Frimpong Marfo<\/li>\n<\/ul>\n<p><strong>Opis<\/strong><\/p>\n<p>Jednym z cel\u00f3w jest zaproponowanie metody zastosowania sieci neuronowych do danych rozproszonych (danych uzyskanych z niezale\u017cnych \u017ar\u00f3de\u0142). Przygotowanie publikacji z tej tematyki oraz wys\u0142anie na konferencj\u0119 mi\u0119dzynarodow\u0105 za minimum 140 punkt\u00f3w. W badaniach dotycz\u0105cych opracowania metody oceny s\u0105siedztwa grup celem jest zaproponowanie prototypu metody umo\u017cliwiaj\u0105cej ocen\u0119 s\u0105siedztwa grup oraz poddanie jej praktycznej ocenie przez ekspert\u00f3w dziedzinowych (life science) poprzez przygotowanie (za jej pomoc\u0105) analizy oceny s\u0105siedztwa modeli terytori\u00f3w chromosomowych w j\u0105drze kom\u00f3rkowym. Je\u015bli nie b\u0119dzie zastrze\u017ce\u0144 ze strony ekspert\u00f3w dziedzinowych zostanie przygotowana\u00a0 publikacja. W badaniach dotycz\u0105cych algorytm\u00f3w metaheurystycznych celem b\u0119dzie opracowanie przyspieszenie i poprawa jako\u015bci algorytmu mrowiskowego w rozwi\u0105zywaniu du\u017cych instancji problemu TSP &#8211; wyniki zostan\u0105 opublikowane w czasopi\u015bmie za minimum 140 punkt\u00f3w.\u00a0 Nast\u0119pnym celem b\u0119dzie kolejna publikacja skupiaj\u0105ca si\u0119 na pokrewnych problemach kombinatorycznych.[\/vc_column_text][\/vc_tta_section][vc_tta_section title=&#8221;Zesp\u00f3\u0142 Grafiki Komputerowej&#8221; tab_id=&#8221;1606576684924-4993fda7-6cd7&#8243;][vc_column_text]<b>Lider<\/b><\/p>\n<ul>\n<li><span style=\"font-weight: 400;\">dr hab. Krzysztof Gdawiec, prof. U\u015a<\/span><\/li>\n<\/ul>\n<p><b>Cz\u0142onkowie<\/b><\/p>\n<ul>\n<li><span style=\"font-weight: 400;\">dr hab. Agnieszka Lisowska<\/span><\/li>\n<li><span style=\"font-weight: 400;\">dr Ireneusz Go\u015bciniak<\/span><\/li>\n<li><span style=\"font-weight: 400;\">dr Mi\u0142os\u0142aw Chodacki<\/span><\/li>\n<\/ul>\n<p><b>Opis<\/b><\/p>\n<p><span style=\"font-weight: 400;\">G\u0142\u00f3wnym celem b\u0119dzie prowadzenie bada\u0144 nad ca\u0142kowicie nowymi proceduralnymi metodami generowania obraz\u00f3w, w tym obraz\u00f3w artystycznych.<\/span>[\/vc_column_text][\/vc_tta_section][vc_tta_section title=&#8221;Eksploracja regu\u0142owych baz wiedzy&#8221; tab_id=&#8221;1702380635307-d02c5f71-5626&#8243;][vc_column_text]<b>Lider<\/b><\/p>\n<ul>\n<li><span style=\"font-weight: 400;\">dr hab. Agnieszka Nowak-Brzezi\u0144ska, prof. U\u015a (https:\/\/orcid.org\/0000-0001-7238-1170)<\/span><\/li>\n<\/ul>\n<p><b>Cz\u0142onkowie<\/b><\/p>\n<ul>\n<li><span style=\"font-weight: 400;\">mgr in\u017c. Czes\u0142aw Hory\u0144 (https:\/\/orcid.org\/0000-0003-0592-8011)<\/span><\/li>\n<li><span style=\"font-weight: 400;\">mgr Weronika \u0141azarz (https:\/\/orcid.org\/0000-0002-1509-5909)<\/span><\/li>\n<li><span style=\"font-weight: 400;\">mgr Igor Gaibei (https:\/\/orcid.org\/0000-0002-4708-9036)<\/span><\/li>\n<\/ul>\n<p><b>Opis<\/b><\/p>\n<p>Badania prowadzone w grupie badawczej &#8222;Eksploracja regu\u0142owych baz wiedzy&#8221; skupiaj\u0105 si\u0119 na analizie istniej\u0105cych oraz tworzeniu nowych algorytm\u00f3w uczenia maszynowego w szczeg\u00f3lno\u015bci metod opartych na uczeniu nienadzorowanym. Szczeg\u00f3lnej uwadze po\u015bwi\u0119cono zw\u0142aszcza dwie grupy metod: algorytmy grupowania oraz algorytmy wykrywania anomalii w danych. Analizie poddawane s\u0105 z\u0142o\u017cone dane np. dokumenty tekstowe, du\u017ce zbiory danych o charakterystyce jako\u015bciowej b\u0105d\u017a ilo\u015bciowej. Badania dotycz\u0105 tak\u017ce projektowania system\u00f3w wspomagania decyzji wykorzystuj\u0105cych regu\u0142ow\u0105 reprezentacj\u0119 wiedzy. Jednym z wyzwa\u0144 badawczych jest optymalizacja algorytm\u00f3w wnioskowania pozwalaj\u0105cych wydobywa\u0107 now\u0105 wiedz\u0119 z danych gromadzonych w bazach wiedzy.<\/p>\n<p>Realizowane badania \u015bci\u015ble wi\u0105\u017c\u0105 si\u0119 z tematyk\u0105 zaj\u0119\u0107 dydaktycznych dla student\u00f3w studi\u00f3w I-go jak i II-go stopnia. Na poziomie studi\u00f3w I-go stopnia s\u0105 to przedmioty takie jak Podstawy sztucznej inteligencji i system\u00f3w ekspertowych za\u015b na poziomie studi\u00f3w II-go stopnia modu\u0142y fakultatywne pt. Algorytmy analizy skupie\u0144 w praktyce oraz Algorytmy wykrywania odchyle\u0144 w danych.[\/vc_column_text][\/vc_tta_section][vc_tta_section title=&#8221;Zesp\u00f3\u0142 System\u00f3w Komputerowych&#8221; tab_id=&#8221;1702382308583-88c962a3-3397&#8243;][vc_column_text]<b>Lider<\/b><\/p>\n<ul>\n<li><span style=\"font-weight: 400;\">dr hab. in\u017c. Bart\u0142omiej P\u0142aczek, prof. U\u015a<\/span><\/li>\n<\/ul>\n<p><b>Cz\u0142onkowie<\/b><\/p>\n<ul>\n<li><span style=\"font-weight: 400;\">mgr Marcin Lewandowski<\/span><\/li>\n<li><span style=\"font-weight: 400;\">mgr Marcin Cholewa<\/span><\/li>\n<\/ul>\n<p><b>Opis<\/b><\/p>\n<p><span style=\"font-weight: 400;\">Opracowanie algorytm\u00f3w rozpoznawania obiekt\u00f3w i monitorowania ich stanu na podstawie danych gromadzonych z wielu \u017ar\u00f3de\u0142 w rozproszonych systemach komputerowych. Algorytmy b\u0119d\u0105 bazowa\u0142y na nowych metodach hierarchicznego podzia\u0142u zada\u0144 wnioskowania pomi\u0119dzy w\u0119z\u0142ami systemu rozproszonego. Proponowane rozwi\u0105zanie b\u0119dzie si\u0119 charakteryzowa\u0142o wy\u017csz\u0105 dok\u0142adno\u015bci\u0105 rozpoznawania obiekt\u00f3w i ich stanu w por\u00f3wnaniu do znanych obecnie algorytm\u00f3w. &#8211; Opracowanie algorytm\u00f3w transmisji danych w bezprzewodowych sieciach sensorowych na bazie nowych metod dynamicznego harmonogramowania zada\u0144 dla w\u0119z\u0142\u00f3w sieciowych. Oczekuje si\u0119 \u017ce, w por\u00f3wnaniu do znanych obecnie algorytm\u00f3w, proponowane metody pozwol\u0105 osi\u0105gn\u0105\u0107 ni\u017csze zu\u017cycie energii w\u0119z\u0142\u00f3w sensorowych i d\u0142u\u017cszy czas \u017cycia sieci. &#8211; Opracowanie metody oceny u\u017cyteczno\u015bci danych i kod\u00f3w \u017ar\u00f3d\u0142owych z wykorzystaniem definicji entropii pozycyjnej. Przewiduje si\u0119, \u017ce nowa metoda szacowania entropii umo\u017cliwi m. in. zautomatyzowane modyfikowanie sk\u0142adni j\u0119zyka w celu jej dostosowania do nowych wymaga\u0144 stawianych przez programist\u00f3w tworz\u0105cych z\u0142o\u017cone aplikacje.<\/span>[\/vc_column_text][\/vc_tta_section][vc_tta_section title=&#8221;Systemy regu\u0142owe w odkrywaniu i reprezentacji wiedzy&#8221; tab_id=&#8221;1702382409344-c836a57f-eb46&#8243;][vc_column_text]<b>Lider<\/b><\/p>\n<ul>\n<li><span style=\"font-weight: 400;\">dr hab. Beata Zielosko, prof. U\u015a<\/span><\/li>\n<\/ul>\n<p><b>Cz\u0142onkowie<\/b><\/p>\n<ul>\n<li><span style=\"font-weight: 400;\">mgr Evans Tetteh<\/span><\/li>\n<li><span style=\"font-weight: 400;\">mgr in\u017c. Krzysztof \u017babi\u0144ski<\/span><\/li>\n<li><span style=\"font-weight: 400;\">in\u017c. Kamil Jablo\u0144ski<\/span><\/li>\n<\/ul>\n<p><b>Opis<\/b><\/p>\n<p><span style=\"font-weight: 400;\">Zaproponowanie metody indukcji regu\u0142 decyzyjnych na podstawie zbioru drzew decyzyjnych. Przygotowanie publikacji i wys\u0142anie na konferencj\u0119 lub do czasopisma (minimum 100 punkt\u00f3w). Zaproponowanie metody rankingowania cech w oparciu o w\u0142a\u015bciwo\u015bci algorytmu zach\u0142annego. Przygotowanie publikacji i wys\u0142anie na konferencj\u0119 lub do czasopisma (minimum 100 punkt\u00f3w).<\/span>[\/vc_column_text][\/vc_tta_section][vc_tta_section title=&#8221;Zesp\u00f3\u0142 analizy i klasyfikacji obiekt\u00f3w&#8221; tab_id=&#8221;1702382462539-a6b24e8a-0e0d&#8221;][vc_column_text]<b>Lider<\/b><\/p>\n<ul>\n<li><span style=\"font-weight: 400;\">dr hab. in\u017c. Rafa\u0142 Doroz, prof. U\u015a<\/span><\/li>\n<\/ul>\n<p><b>Cz\u0142onkowie<\/b><\/p>\n<ul>\n<li><span style=\"font-weight: 400;\">prof. dr hab.<\/span> <span style=\"font-weight: 400;\">Piotr Porwik<\/span><\/li>\n<li><span style=\"font-weight: 400;\">dr Krzysztof Wr\u00f3bel<\/span><\/li>\n<li><span style=\"font-weight: 400;\">dr in\u017c.<\/span> <span style=\"font-weight: 400;\"> Tomasz Orczyk<\/span><\/li>\n<li><span style=\"font-weight: 400;\">dr in\u017c.<\/span> <span style=\"font-weight: 400;\"> Przemys\u0142aw Kud\u0142acik<\/span><\/li>\n<li><span style=\"font-weight: 400;\">mgr in\u017c.\u00a0 Arkadiusz Nowakowski<\/span><\/li>\n<\/ul>\n<p><b>Opis<\/b><\/p>\n<ul>\n<li><span style=\"font-weight: 400;\">Opracowanie metody klasyfikacji danych biometrycznych, uwzgl\u0119dniaj\u0105cych wyst\u0119powanie danych\u00a0 niekompletnych.<\/span><\/li>\n<li><span style=\"font-weight: 400;\">Opracowanie metody ci\u0105g\u0142ej identyfikacji lub weryfikacji os\u00f3b na podstawie danych biometrycznych.<\/span><\/li>\n<li><span style=\"font-weight: 400;\">Opracowanie bezkontaktowej metody rozpoznawania os\u00f3b w oparciu o dane biometryczne.<\/span><\/li>\n<\/ul>\n<p>[\/vc_column_text][\/vc_tta_section][vc_tta_section title=&#8221;Interdyscyplinarny zesp\u00f3\u0142 zastosowa\u0144 nauk komputerowych w naukach \u015bcis\u0142ych&#8221; tab_id=&#8221;1702384158691-4b15e23e-12e2&#8243;][vc_column_text]<b>Lider<\/b><\/p>\n<ul>\n<li><span style=\"font-weight: 400;\">prof. dr hab. Micha\u0142 Baczy\u0144ski &#8211;\u00a0 badacz indywidualny<\/span><\/li>\n<\/ul>\n<p><b>Opis<\/b><\/p>\n<p><span style=\"font-weight: 400;\">Inteligencja obliczeniowa jest burzliwie rozwijaj\u0105c\u0105 si\u0119 dziedzin\u0105 szeroko rozumianej informatyki szczeg\u00f3lnie tam, gdzie metody dok\u0142adne, czyli tzw. ,,metody twarde&#8221; nie s\u0105 znane lub ich stosowanie jest ograniczone czasowo i pami\u0119ciowo. W moich badaniach koncentruj\u0119 si\u0119 przede wszystkim na systemach opartych na logice rozmytej. Jednym z najwa\u017cniejszych problem\u00f3w w systemach korzystaj\u0105cych z logiki rozmytej jest optymalny dob\u00f3r sp\u00f3jnik\u00f3w wielowarto\u015bciowych, poniewa\u017c odgrywaj\u0105 one zasadnicz\u0105 rol\u0119 w teorii zbior\u00f3w rozmytych i logice rozmytej. Podstawowymi sp\u00f3jnikami rozmytymi, kt\u00f3re spe\u0142niaj\u0105 rol\u0119 uog\u00f3lnionych operator\u00f3w ,,And&#8221;, ,,Or&#8221; oraz ,,Not&#8221; s\u0105, odpowiednio, t-normy, t-konormy oraz negacje rozmyte, podczas gdy regu\u0142y rozmyte typu IF-Inteligencja obliczeniowa jest burzliwie rozwijaj\u0105c\u0105 si\u0119 dziedzin\u0105 szeroko rozumianej informatyki szczeg\u00f3lnie tam, gdzie metody dok\u0142adne, czyli tzw. ,,metody twarde&#8221; nie s\u0105 znane lub ich stosowanie jest ograniczone czasowo i pami\u0119ciowo. W moich badaniach koncentruj\u0119 si\u0119 przede wszystkim na systemach opartych na logice rozmytej. Jednym z najwa\u017cniejszych problem\u00f3w w systemach korzystaj\u0105cych z logiki rozmytej jest optymalny dob\u00f3r sp\u00f3jnik\u00f3w wielowarto\u015bciowych, poniewa\u017c odgrywaj\u0105 one zasadnicz\u0105 rol\u0119 w teorii zbior\u00f3w rozmytych i logice rozmytej. Podstawowymi sp\u00f3jnikami rozmytymi, kt\u00f3re spe\u0142niaj\u0105 rol\u0119 uog\u00f3lnionych operator\u00f3w ,,And&#8221;, ,,Or&#8221; oraz ,,Not&#8221; s\u0105, odpowiednio, t-normy, t-konormy oraz negacje rozmyte, podczas gdy regu\u0142y rozmyte typu IF-THEN s\u0105 zazwyczaj modelowane przez implikacje wielowarto\u015bciowe zwane w literaturze przedmiotu implikacjami rozmytymi. Uog\u00f3lniaj\u0105 one klasyczn\u0105 implikacj\u0119, kt\u00f3ra przyjmuje warto\u015bci w zbiorze {0,1}, do logiki rozmytej, gdzie warto\u015bci prawdy nale\u017c\u0105 do przedzia\u0142u jednostkowego [0,1] lub, w og\u00f3lnym przypadku, do dowolnej kraty L. Ta klasa funkcji odgrywa bardzo wa\u017cn\u0105 rol\u0119 zar\u00f3wno w teorii jak i zastosowaniach &#8211; wniosek taki mo\u017cna wysnu\u0107 z ich u\u017cycia w m.in. wnioskowaniu przybli\u017conym, sterowaniu rozmytym, przetwarzaniu obraz\u00f3w, analizie danych, ilo\u015bciowych bazach danych oraz wielowarto\u015bciowej logice matematycznejInteligencja obliczeniowa jest burzliwie rozwijaj\u0105c\u0105 si\u0119 dziedzin\u0105 szeroko rozumianej informatyki szczeg\u00f3lnie tam, gdzie metody dok\u0142adne, czyli tzw. ,,metody twarde&#8221; nie s\u0105 znane lub ich stosowanie jest ograniczone czasowo i pami\u0119ciowo. W moich badaniach koncentruj\u0119 si\u0119 przede wszystkim na systemach opartych na logice rozmytej. Jednym z najwa\u017cniejszych problem\u00f3w w systemach korzystaj\u0105cych z logiki rozmytej jest optymalny dob\u00f3r sp\u00f3jnik\u00f3w wielowarto\u015bciowych, poniewa\u017c odgrywaj\u0105 one zasadnicz\u0105 rol\u0119 w teorii zbior\u00f3w rozmytych i logice rozmytej. Podstawowymi sp\u00f3jnikami rozmytymi, kt\u00f3re spe\u0142niaj\u0105 rol\u0119 uog\u00f3lnionych operator\u00f3w ,,And&#8221;, ,,Or&#8221; oraz ,,Not&#8221; s\u0105, odpowiednio, t-normy, t-konormy oraz negacje rozmyte, podczas gdy regu\u0142y rozmyte typu IF-THEN s\u0105 zazwyczaj modelowane przez implikacje wielowarto\u015bciowe zwane w literaturze przedmiotu implikacjami rozmytymi. Uog\u00f3lniaj\u0105 one klasyczn\u0105 implikacj\u0119, kt\u00f3ra przyjmuje warto\u015bci w zbiorze {0,1}, do logiki rozmytej, gdzie warto\u015bci prawdy nale\u017c\u0105 do przedzia\u0142u jednostkowego [0,1] lub, w og\u00f3lnym przypadku, do dowolnej kraty L. Ta klasa funkcji odgrywa bardzo wa\u017cn\u0105 rol\u0119 zar\u00f3wno w teorii jak i zastosowaniach &#8211; wniosek taki mo\u017cna wysnu\u0107 z ich u\u017cycia w m.in. wnioskowaniu przybli\u017conym, sterowaniu rozmytym, przetwarzaniu obraz\u00f3w, analizie danych, ilo\u015bciowych bazach danych oraz wielowarto\u015bciowej logice matematycznej Nazwa zespo\u0142u badawczego.<\/span>[\/vc_column_text][\/vc_tta_section][vc_tta_section title=&#8221;&#8222;LUM&#8222;&#8221; tab_id=&#8221;1702384253731-5a00e50b-9c83&#8243;][vc_column_text]<b>Lider<\/b><\/p>\n<ul>\n<li><span style=\"font-weight: 400;\">Prof. dr hab. Urszula Boryczka<\/span><\/li>\n<\/ul>\n<p><b>Cz\u0142onkowie<\/b><\/p>\n<ul>\n<li><span style=\"font-weight: 400;\">dr hab. Mariusz Boryczka, prof. U\u015a<\/span><\/li>\n<li><span style=\"font-weight: 400;\">mgr in\u017c. Micha\u0142 Maliszewski<\/span><\/li>\n<li><span style=\"font-weight: 400;\">dr in\u017c.<\/span> <span style=\"font-weight: 400;\"> Rus\u0142an Kornitchuk<\/span><\/li>\n<li><span style=\"font-weight: 400;\">mgr Micha\u0142 Ba\u0142chanowski<\/span><\/li>\n<\/ul>\n<p><b>Opis<\/b><\/p>\n<p><span style=\"font-weight: 400;\">Stworzenie nowoczesnego narz\u0119dzia do testowania technik przeszukiwania lokalnego metaheurystykach dostosowanych do okre\u015blonej problematyki badawczej Weryfikacja spodziewanych efekt\u00f3w ulepszenia danego podej\u015bcia w analizowanej problematyce badawczej. Zbudowanie narz\u0119dzia por\u00f3wnawczego i okre\u015blenie parametr\u00f3w badawczych i statystycznych. Przedstawienie w\u0142asnych opracowa\u0144 ulepsze\u0144 danej techniki w testowanym obszarze, czy problematyce.<\/span>[\/vc_column_text][\/vc_tta_section][\/vc_tta_accordion][\/vc_column][\/vc_row][vc_row][vc_column][vc_column_text][\/vc_column_text][\/vc_column][\/vc_row]<\/p>","protected":false},"excerpt":{"rendered":"<p>[vc_row][vc_column][vc_column_text][\/vc_column_text][\/vc_column][\/vc_row][vc_row][vc_column][vc_tta_accordion style=&#8221;flat&#8221; shape=&#8221;square&#8221; spacing=&#8221;5&#8243; gap=&#8221;10&#8243; active_section=&#8221;0&#8243; css_animation=&#8221;none&#8221; collapsible_all=&#8221;true&#8221; title=&#8221;Zespo\u0142y badawcze&#8221;][vc_tta_section title=&#8221;Z\u0142o\u017cone systemy decyzyjne i ich zastosowania&#8221; tab_id=&#8221;1606569854498-0e6acd6b-6698&#8243;][vc_column_text]Lider dr hab. Ma\u0142gorzata Przyby\u0142a-Kasperek, prof. U\u015a Cz\u0142onkowie dr Kornel Chromi\u0144ski dr Magdalena Tkacz dr Rafa\u0142 Skinderowicz mgr Kwabena Frimpong Marfo Opis Jednym z cel\u00f3w jest zaproponowanie metody zastosowania sieci neuronowych do danych rozproszonych (danych uzyskanych z niezale\u017cnych \u017ar\u00f3de\u0142). [&#8230;]<\/p>\n<p><a class=\"btn btn-secondary understrap-read-more-link\" href=\"https:\/\/us.edu.pl\/instytut\/ii\/badania-i-nauka\/grupy-badawcze\/\">Read More&#8230;<\/a><\/p>\n","protected":false},"author":190,"featured_media":0,"parent":132,"menu_order":0,"comment_status":"closed","ping_status":"closed","template":"page-templates\/inner-page.php","meta":{"_expiration-date-status":"","_expiration-date":0,"_expiration-date-type":"","_expiration-date-categories":[],"_expiration-date-options":[]},"acf":[],"_links":{"self":[{"href":"https:\/\/us.edu.pl\/instytut\/ii\/wp-json\/wp\/v2\/pages\/329"}],"collection":[{"href":"https:\/\/us.edu.pl\/instytut\/ii\/wp-json\/wp\/v2\/pages"}],"about":[{"href":"https:\/\/us.edu.pl\/instytut\/ii\/wp-json\/wp\/v2\/types\/page"}],"author":[{"embeddable":true,"href":"https:\/\/us.edu.pl\/instytut\/ii\/wp-json\/wp\/v2\/users\/190"}],"replies":[{"embeddable":true,"href":"https:\/\/us.edu.pl\/instytut\/ii\/wp-json\/wp\/v2\/comments?post=329"}],"version-history":[{"count":11,"href":"https:\/\/us.edu.pl\/instytut\/ii\/wp-json\/wp\/v2\/pages\/329\/revisions"}],"predecessor-version":[{"id":1434,"href":"https:\/\/us.edu.pl\/instytut\/ii\/wp-json\/wp\/v2\/pages\/329\/revisions\/1434"}],"up":[{"embeddable":true,"href":"https:\/\/us.edu.pl\/instytut\/ii\/wp-json\/wp\/v2\/pages\/132"}],"wp:attachment":[{"href":"https:\/\/us.edu.pl\/instytut\/ii\/wp-json\/wp\/v2\/media?parent=329"}],"curies":[{"name":"wp","href":"https:\/\/api.w.org\/{rel}","templated":true}]}}