{"id":350,"date":"2020-11-28T11:46:13","date_gmt":"2020-11-28T10:46:13","guid":{"rendered":"https:\/\/us.edu.pl\/instytut\/ii\/?page_id=350"},"modified":"2020-11-28T17:21:46","modified_gmt":"2020-11-28T16:21:46","slug":"o-instytucie","status":"publish","type":"page","link":"https:\/\/us.edu.pl\/instytut\/ii\/strona-glowna\/o-instytucie\/","title":{"rendered":"O Instytucie"},"content":{"rendered":"<p>[vc_row][vc_column][vc_column_text]<\/p>\n<h2>Instytut Informatyki<\/h2>\n<p>W Instytucie Informatyki prowadzone s\u0105 badania naukowe o charakterze teoretycznym oraz aplikacyjnym. Dzia\u0142alno\u015b\u0107 naukowa pracownik\u00f3w Instytutu koncentruje si\u0119 wok\u00f3\u0142 nast\u0119puj\u0105cych obszar\u00f3w badawczych:<\/p>\n<ul>\n<li>systemy ekspertowe oraz zastosowania teorii zbior\u00f3w przybli\u017conych do konstruowania system\u00f3w wspomagania decyzji;<\/li>\n<li>metody inteligencji obliczeniowej w systemach decyzyjnych;<\/li>\n<li>informatyczne podstawy biometrii oraz analiza danych w identyfikacji i weryfikacji to\u017csamo\u015bci;<\/li>\n<li>grafika komputerowa \u2013 teoria oraz zastosowanie w grach komputerowych;<\/li>\n<li>projektowanie i optymalizacja sieci sensorowych w systemach transportowych.<\/li>\n<\/ul>\n<p>[\/vc_column_text][\/vc_column][\/vc_row]<\/p>","protected":false},"excerpt":{"rendered":"<p>[vc_row][vc_column][vc_column_text] Instytut Informatyki W Instytucie Informatyki prowadzone s\u0105 badania naukowe o charakterze teoretycznym oraz aplikacyjnym. Dzia\u0142alno\u015b\u0107 naukowa pracownik\u00f3w Instytutu koncentruje si\u0119 wok\u00f3\u0142 nast\u0119puj\u0105cych obszar\u00f3w badawczych: systemy ekspertowe oraz zastosowania teorii zbior\u00f3w przybli\u017conych do konstruowania system\u00f3w wspomagania decyzji; metody inteligencji obliczeniowej w systemach decyzyjnych; informatyczne podstawy biometrii oraz analiza danych w identyfikacji i weryfikacji to\u017csamo\u015bci; grafika [&#8230;]<\/p>\n<p><a class=\"btn btn-secondary understrap-read-more-link\" href=\"https:\/\/us.edu.pl\/instytut\/ii\/strona-glowna\/o-instytucie\/\">Read More&#8230;<\/a><\/p>\n","protected":false},"author":190,"featured_media":0,"parent":5,"menu_order":0,"comment_status":"closed","ping_status":"closed","template":"page-templates\/inner-page.php","meta":{"_expiration-date-status":"saved","_expiration-date":0,"_expiration-date-type":"","_expiration-date-categories":[],"_expiration-date-options":[]},"acf":[],"_links":{"self":[{"href":"https:\/\/us.edu.pl\/instytut\/ii\/wp-json\/wp\/v2\/pages\/350"}],"collection":[{"href":"https:\/\/us.edu.pl\/instytut\/ii\/wp-json\/wp\/v2\/pages"}],"about":[{"href":"https:\/\/us.edu.pl\/instytut\/ii\/wp-json\/wp\/v2\/types\/page"}],"author":[{"embeddable":true,"href":"https:\/\/us.edu.pl\/instytut\/ii\/wp-json\/wp\/v2\/users\/190"}],"replies":[{"embeddable":true,"href":"https:\/\/us.edu.pl\/instytut\/ii\/wp-json\/wp\/v2\/comments?post=350"}],"version-history":[{"count":6,"href":"https:\/\/us.edu.pl\/instytut\/ii\/wp-json\/wp\/v2\/pages\/350\/revisions"}],"predecessor-version":[{"id":375,"href":"https:\/\/us.edu.pl\/instytut\/ii\/wp-json\/wp\/v2\/pages\/350\/revisions\/375"}],"up":[{"embeddable":true,"href":"https:\/\/us.edu.pl\/instytut\/ii\/wp-json\/wp\/v2\/pages\/5"}],"wp:attachment":[{"href":"https:\/\/us.edu.pl\/instytut\/ii\/wp-json\/wp\/v2\/media?parent=350"}],"curies":[{"name":"wp","href":"https:\/\/api.w.org\/{rel}","templated":true}]}}