{"id":426,"date":"2021-02-09T11:41:49","date_gmt":"2021-02-09T10:41:49","guid":{"rendered":"https:\/\/us.edu.pl\/instytut\/ii\/?page_id=426"},"modified":"2021-02-09T11:44:55","modified_gmt":"2021-02-09T10:44:55","slug":"lukasz-walusiak","status":"publish","type":"page","link":"https:\/\/us.edu.pl\/instytut\/ii\/badania-i-nauka\/doktoraty\/lukasz-walusiak\/","title":{"rendered":"\u0141ukasz Walusiak"},"content":{"rendered":"<p><\/p>\n<div class=\"article__content\">\n<p>Tytu\u0142 rozprawy doktorskiej: <strong>\u201eMetody automatycznej segmentacji tekstur na obrazach RTG p\u0142uc\u201d<\/strong><\/p>\n<p>Promotor rozprawy: <strong>prof. zw. dr hab. in\u017c. Zygmunt Wr\u00f3bel<\/strong><\/p>\n<p>Promotor pomocniczy: <strong>dr Aleksander Lam\u017ca<\/strong><\/p>\n<p>Streszczenie rozprawy: <a href=\"http:\/\/www.wiinom.us.edu.pl\/sites\/default\/files\/DOKUMENTY\/WalusiakStreszczenie_rozprawy_dr_PL.pdf\" class=\"mtli_attachment mtli_pdf\">PL<\/a><\/p>\n<p>Streszczenie rozprawy: <a href=\"http:\/\/www.wiinom.us.edu.pl\/sites\/default\/files\/DOKUMENTY\/WalusiakStreszczenie_rozprawy_dr_ENG.pdf\" class=\"mtli_attachment mtli_pdf\">EN<\/a><\/p>\n<h3>Recenzje rozprawy doktorskiej<\/h3>\n<p><span class=\"file\"><a title=\"WalusiakSkomorowski.pdf\" href=\"http:\/\/www.wiinom.us.edu.pl\/sites\/default\/files\/DOKUMENTY\/WalusiakSkomorowski.pdf\" class=\"mtli_attachment mtli_pdf\">prof. dr hab. in\u017c. M.Skomowski<\/a><\/span><\/p>\n<p><span class=\"file\"><a title=\"WalusiakPiskorowski.pdf\" href=\"http:\/\/www.wiinom.us.edu.pl\/sites\/default\/files\/DOKUMENTY\/WalusiakPiskorowski.pdf\" class=\"mtli_attachment mtli_pdf\">dr hab. in\u017c. J.Piskorski, prof. ZUT<\/a><\/span><\/p>\n<p><a href=\"https:\/\/us.edu.pl\/instytut\/ii\/wp-content\/uploads\/sites\/40\/Doktoraty\/WALUSIAK.pdf\" class=\"mtli_attachment mtli_pdf\" data-mtli=\"mtli_filesize228,06kB\">Uchwa\u0142a Rady Naukowej w sprawie przyznania stopnia doktora<\/a><\/p>\n<\/div>\n<p><\/p>\n<style type=\"text\/css\">a[data-mtli~=\"mtli_filesize228,06kB\"]:after {content:\" (228,06 kB)\"}<\/style>","protected":false},"excerpt":{"rendered":"<p>Tytu\u0142 rozprawy doktorskiej: \u201eMetody automatycznej segmentacji tekstur na obrazach RTG p\u0142uc\u201d Promotor rozprawy: prof. zw. dr hab. in\u017c. Zygmunt Wr\u00f3bel Promotor pomocniczy: dr Aleksander Lam\u017ca Streszczenie rozprawy: PL Streszczenie rozprawy: EN Recenzje rozprawy doktorskiej prof. dr hab. in\u017c. M.Skomowski dr hab. in\u017c. J.Piskorski, prof. ZUT Uchwa\u0142a Rady Naukowej w sprawie przyznania stopnia doktora [&#8230;]<\/p>\n<p><a class=\"btn btn-secondary understrap-read-more-link\" href=\"https:\/\/us.edu.pl\/instytut\/ii\/badania-i-nauka\/doktoraty\/lukasz-walusiak\/\">Read More&#8230;<\/a><\/p>\n","protected":false},"author":190,"featured_media":0,"parent":253,"menu_order":0,"comment_status":"closed","ping_status":"closed","template":"page-templates\/inner-page.php","meta":{"_expiration-date-status":"saved","_expiration-date":0,"_expiration-date-type":"","_expiration-date-categories":[],"_expiration-date-options":[]},"acf":[],"_links":{"self":[{"href":"https:\/\/us.edu.pl\/instytut\/ii\/wp-json\/wp\/v2\/pages\/426"}],"collection":[{"href":"https:\/\/us.edu.pl\/instytut\/ii\/wp-json\/wp\/v2\/pages"}],"about":[{"href":"https:\/\/us.edu.pl\/instytut\/ii\/wp-json\/wp\/v2\/types\/page"}],"author":[{"embeddable":true,"href":"https:\/\/us.edu.pl\/instytut\/ii\/wp-json\/wp\/v2\/users\/190"}],"replies":[{"embeddable":true,"href":"https:\/\/us.edu.pl\/instytut\/ii\/wp-json\/wp\/v2\/comments?post=426"}],"version-history":[{"count":2,"href":"https:\/\/us.edu.pl\/instytut\/ii\/wp-json\/wp\/v2\/pages\/426\/revisions"}],"predecessor-version":[{"id":429,"href":"https:\/\/us.edu.pl\/instytut\/ii\/wp-json\/wp\/v2\/pages\/426\/revisions\/429"}],"up":[{"embeddable":true,"href":"https:\/\/us.edu.pl\/instytut\/ii\/wp-json\/wp\/v2\/pages\/253"}],"wp:attachment":[{"href":"https:\/\/us.edu.pl\/instytut\/ii\/wp-json\/wp\/v2\/media?parent=426"}],"curies":[{"name":"wp","href":"https:\/\/api.w.org\/{rel}","templated":true}]}}