{"id":5,"date":"2019-10-23T10:01:16","date_gmt":"2019-10-23T08:01:16","guid":{"rendered":"http:\/\/us.edu.pl\/instytuty\/ii\/?page_id=5"},"modified":"2024-06-25T10:50:01","modified_gmt":"2024-06-25T08:50:01","slug":"strona-glowna","status":"publish","type":"page","link":"https:\/\/us.edu.pl\/instytut\/ii\/","title":{"rendered":"Instytut"},"content":{"rendered":"<p>[vc_row][vc_column]\n            <div data-autotime=\"5\" class=\"slider reverse color_white bg_\" >\n                  <div class=\"slide slide_css\">\n                     <div class=\"slide__content_container container\">\n                        <div class=\"slide__content\">\n                           <a href=\"\" class=\"slide__link\">\n                              <div class=\"slide__title\">Instytut Informatyki<\/div>\n                              <div class=\"slide__text\">Witamy na stronie Instytutu Informatyki. Znajdziesz tu informacje na temat pracownik\u00f3w i dzia\u0142alno\u015bci naukowej Instytutu Informatyki.<\/div>\n                           <\/a>\n                        <\/div>\n                     <\/div>\n                     <a href=\"\" class=\"slide__img thumbnail\"\n                           style=\"background-image: url('https:\/\/us.edu.pl\/instytut\/ii\/wp-content\/uploads\/sites\/40\/Rotor\/US_II_slider-1095x575.png')\">\n                           <span class=\"d-none\">Instytut Informatyki Witamy na stronie Instytutu Informatyki. Znajdziesz tu informacje na temat pracownik\u00f3w i dzia\u0142alno\u015bci naukowej Instytutu Informatyki.<\/span>\n                     <\/a>\n                  <\/div>\n                  <div class=\"slide slide_css\">\n                     <div class=\"slide__content_container container\">\n                        <div class=\"slide__content\">\n                           <a href=\"\" class=\"slide__link\">\n                              <div class=\"slide__title\">Instytut Informatyki<\/div>\n                              <div class=\"slide__text\">W Instytucie Informatyki prowadzone s\u0105 badania naukowe o charakterze teoretycznym oraz aplikacyjnym. Dzia\u0142alno\u015b\u0107 naukowa pracownik\u00f3w Instytutu koncentruje si\u0119 wok\u00f3\u0142 nast\u0119puj\u0105cych obszar\u00f3w badawczych: systemy ekspertowe, zbiory przybli\u017cone, systemy wspomagania decyzji, metody inteligencji obliczeniowej, informatyczne podstawy biometrii, ...<\/div>\n                           <\/a>\n                        <\/div>\n                     <\/div>\n                     <a href=\"\" class=\"slide__img thumbnail\"\n                           style=\"background-image: url('https:\/\/us.edu.pl\/instytut\/ii\/wp-content\/uploads\/sites\/40\/2020\/01\/slider-IMG_0092_fot-Julia-Agnieszka-Szymala-1095x575.jpg')\">\n                           <span class=\"d-none\">Instytut Informatyki W Instytucie Informatyki prowadzone s\u0105 badania naukowe o charakterze teoretycznym oraz aplikacyjnym. Dzia\u0142alno\u015b\u0107 naukowa pracownik\u00f3w Instytutu koncentruje si\u0119 wok\u00f3\u0142 nast\u0119puj\u0105cych obszar\u00f3w badawczych: systemy ekspertowe, zbiory przybli\u017cone, systemy wspomagania decyzji, metody inteligencji obliczeniowej, informatyczne podstawy biometrii, ...<\/span>\n                     <\/a>\n                  <\/div>\n                <div class=\"slider__controls\">\n                    <div class=\"slider__dots\"><\/div>\n                    <div class=\"slider__actions\">\n                        <a href=\"#\" class=\"arrow\" data-direction=\"prev\" title=\"poprzedni slajd\">\n                            <em class=\"ci ci-arrow-left\"><\/em>\n                            <span class=\"d-none\">control<\/span>\n                        <\/a>\n            \n                        <a href=\"#\" class=\"start-pause\" data-action=\"stop\" title=\"wstrzymaj poruszanie si\u0119 slajd\u00f3w\">\n                            <em class=\"ci ci-pause\"><\/em>\n                            <span class=\"d-none\">control<\/span>\n                        <\/a>\n            \n                       \n                        <a href=\"#\" class=\"arrow\" data-direction=\"next\"  title=\"Kolejny slajd\" >\n                            <em class=\"ci ci-arrow-right\"><\/em>\n                            <span class=\"d-none\">control<\/span>\n                        <\/a>\n                    <\/div>\n                <\/div>\n            <\/div>[\/vc_column][vc_column][vc_empty_space][\/vc_column][vc_column]\n\t\t\t\t<input type=\"hidden\" name=\"promoted_only\" value=\"\">\n\t\t\t\t<input type=\"hidden\" name=\"order\" value=\"DESC\">\n\t\t\t\t<input type=\"hidden\" name=\"order_by\" value=\"post_date\">\n\n\t\t\t\t<div class=\"article-loop loop-section article-loop_tall color-blue\" style=\"background: \">\n\t\t\t\t\t <div class=\"container \">\n\t\t\t\t\t \t<div class=\"col-12 article-loop-gutter-left\">\n\t\t\t\t\t\t  <div class=\"article-loop-top loop-section-top\">\n\t\t\t\t\t\t\t\t<h2 class=\"section-title\">Wiadomo\u015bci instytutowe<\/h2><div class=\"article-loop-top_right loop-section-top__right\" >\n\t\t\t\t\t\t\t\t\t <select name=\"sort\" title = \"filter by category\"\n\t\t\t\t\t\t\t\t\t\t  class=\"article-loop-sort\" >\n\t\t\t\t\t\t\t\t\t\t  <option value = \"\" selected disabled > filtrowanie wed\u0142ug kategorii<\/option>\n\t\t\t\t\t\t\t\t\t\t  <option value = \"40-8\" > Wszystko<\/option> <option data-link='https:\/\/us.edu.pl\/instytut\/ii\/category\/wiadomosci\/' value='40-8'>Wiadomo\u015bci<\/option><\/select>    <a href = \"\/instytut\/ii\/category\/wiadomosci\" class=\"link-button \" > Wszystko<\/a><\/div>  \n\t\t\t\t\t\t  <\/div>\n\t\t\t\t\t\t  <div class=\"article-loop-main carousel\" data-home-url=\"https:\/\/us.edu.pl\/instytut\/ii\" >\n\t\t\t\t\t\t\t\t<a href = \"#\" data-slide = \"prev\" title=\"przesu\u0144 pasek Wiadomo\u015bci instytutowew lewo\" class=\"arrow\" >\n\t\t\t\t\t\t\t\t\t <em class=\"ci ci-arrow-left\" ><\/em >\n\t\t\t\t\t\t\t\t\t <span class=\"d-none\" > arrow<\/span >\n\t\t\t\t\t\t\t\t<\/a>\n\t \n\t\t\t\t\t\t\t\t<a href = \"#\" data-slide = \"next\" title=\"przesu\u0144 pasek Wiadomo\u015bci instytutowe w prawo\" class=\"arrow\" >\n\t\t\t\t\t\t\t\t\t <em class=\"ci ci-arrow-right\" ><\/em >\n\t\t\t\t\t\t\t\t\t <span class=\"d-none\" > arrow<\/span >\n\t\t\t\t\t\t\t\t<\/a>\n\t\t\t\t\t\t\t\t<div class=\"row items\" >\n\t\t\t\t\t\t\t\t\t \r\n            <article class=\"article-loop-post carousel-slide\">\r\n                <a href=\"https:\/\/us.edu.pl\/instytut\/ii\/2026\/01\/22\/materialy-konferencyjne-z-pp-rai-2025-2\/\" class=\"article-loop-post__thumbnail thumbnail\"\r\n                    style=\"background-image: url(https:\/\/us.edu.pl\/instytut\/ii\/wp-content\/uploads\/sites\/40\/Bez-kategorii\/book_351_cover_pl_PL-211x300.jpg)\">\r\n                    <span>wi\u0119cej<\/span>\r\n                <\/a>\r\n\r\n                <div class=\"article-loop-post__content\">\r\n                    <h3 class=\"article-loop-post__title\">\r\n                        <a href=\"https:\/\/us.edu.pl\/instytut\/ii\/2026\/01\/22\/materialy-konferencyjne-z-pp-rai-2025-2\/\">Materia\u0142y konferencyjne z PP-RAI 2025 dost\u0119pne w wydawnictwie Uniwersytetu \u015al\u0105skiego<\/a>\r\n                    <\/h3>\r\n            \r\n                    <div class=\"article-loop-post__categories\">\r\n                        <a href=\"https:\/\/us.edu.pl\/instytut\/ii\/category\/wiadomosci\/\">Wiadomo\u015bci<\/a>\r\n                    <\/div>    \r\n                <\/div>\r\n            <\/article>\r\n        \r\n            <article class=\"article-loop-post carousel-slide\">\r\n                <a href=\"https:\/\/us.edu.pl\/instytut\/ii\/2026\/01\/22\/materialy-konferencyjne-z-pp-rai-2025\/\" class=\"article-loop-post__thumbnail thumbnail\"\r\n                    style=\"background-image: url(https:\/\/us.edu.pl\/instytut\/ii\/wp-content\/uploads\/sites\/40\/Bez-kategorii\/978-3-032-04197-5-198x300.webp)\">\r\n                    <span>wi\u0119cej<\/span>\r\n                <\/a>\r\n\r\n                <div class=\"article-loop-post__content\">\r\n                    <h3 class=\"article-loop-post__title\">\r\n                        <a href=\"https:\/\/us.edu.pl\/instytut\/ii\/2026\/01\/22\/materialy-konferencyjne-z-pp-rai-2025\/\">Materia\u0142y konferencyjne z PP-RAI 2025 dost\u0119pne w wydawnictwie Springer<\/a>\r\n                    <\/h3>\r\n            \r\n                    <div class=\"article-loop-post__categories\">\r\n                        <a href=\"https:\/\/us.edu.pl\/instytut\/ii\/category\/wiadomosci\/\">Wiadomo\u015bci<\/a>\r\n                    <\/div>    \r\n                <\/div>\r\n            <\/article>\r\n        \r\n            <article class=\"article-loop-post carousel-slide\">\r\n                <a href=\"https:\/\/us.edu.pl\/wydzial\/wnst\/2025\/12\/18\/dr-hab-malgorzata-przybyla-kasperek-prof-us-ekspertka-komisji-ewaluacji-nauki-w-mnisw\" class=\"article-loop-post__thumbnail thumbnail\"\r\n                    style=\"background-image: url(https:\/\/us.edu.pl\/instytut\/ii\/wp-content\/uploads\/sites\/40\/Bez-kategorii\/malgorzata-przybyla-kasperek-300x225.png)\">\r\n                    <span>wi\u0119cej<\/span>\r\n                <\/a>\r\n\r\n                <div class=\"article-loop-post__content\">\r\n                    <h3 class=\"article-loop-post__title\">\r\n                        <a href=\"https:\/\/us.edu.pl\/wydzial\/wnst\/2025\/12\/18\/dr-hab-malgorzata-przybyla-kasperek-prof-us-ekspertka-komisji-ewaluacji-nauki-w-mnisw\">Dr hab. Ma\u0142gorzata Przyby\u0142a-Kasperek prof. U\u015a ekspertk\u0105 Komisji Ewaluacji Nauki w MNiSW<\/a>\r\n                    <\/h3>\r\n            \r\n                    <div class=\"article-loop-post__categories\">\r\n                        <a href=\"https:\/\/us.edu.pl\/instytut\/ii\/category\/wiadomosci\/\">Wiadomo\u015bci<\/a>\r\n                    <\/div>    \r\n                <\/div>\r\n            <\/article>\r\n        \r\n            <article class=\"article-loop-post carousel-slide\">\r\n                <a href=\"https:\/\/us.edu.pl\/wydzial\/wnst\/event\/konferencja-muzyka-w-grze-symfonia-interakcji\/\" class=\"article-loop-post__thumbnail thumbnail\"\r\n                    style=\"background-image: url(https:\/\/us.edu.pl\/instytut\/ii\/wp-content\/uploads\/sites\/40\/Bez-kategorii\/Muzwgrze_wyr-2-300x225.png)\">\r\n                    <span>wi\u0119cej<\/span>\r\n                <\/a>\r\n\r\n                <div class=\"article-loop-post__content\">\r\n                    <h3 class=\"article-loop-post__title\">\r\n                        <a href=\"https:\/\/us.edu.pl\/wydzial\/wnst\/event\/konferencja-muzyka-w-grze-symfonia-interakcji\/\">Konferencja \u201eMuzyka w grze \u2013 symfonia interakcji\u201d<\/a>\r\n                    <\/h3>\r\n            \r\n                    <div class=\"article-loop-post__categories\">\r\n                        <a href=\"https:\/\/us.edu.pl\/instytut\/ii\/category\/wiadomosci\/\">Wiadomo\u015bci<\/a>\r\n                    <\/div>    \r\n                <\/div>\r\n            <\/article>\r\n        \r\n            <article class=\"article-loop-post carousel-slide\">\r\n                <a href=\"https:\/\/www.gamemusicfest.eu\/index.php\/program\/realms-2025\/komputerowe-modelowanie-procesu-kreatywnego\" class=\"article-loop-post__thumbnail thumbnail\"\r\n                    style=\"background-image: url(https:\/\/us.edu.pl\/instytut\/ii\/wp-content\/uploads\/sites\/40\/Bez-kategorii\/realms2025_2-300x169.jpg)\">\r\n                    <span>wi\u0119cej<\/span>\r\n                <\/a>\r\n\r\n                <div class=\"article-loop-post__content\">\r\n                    <h3 class=\"article-loop-post__title\">\r\n                        <a href=\"https:\/\/www.gamemusicfest.eu\/index.php\/program\/realms-2025\/komputerowe-modelowanie-procesu-kreatywnego\">Komputerowe modelowanie procesu kreatywnego<\/a>\r\n                    <\/h3>\r\n            \r\n                    <div class=\"article-loop-post__categories\">\r\n                        <a href=\"https:\/\/us.edu.pl\/instytut\/ii\/category\/wiadomosci\/\">Wiadomo\u015bci<\/a>\r\n                    <\/div>    \r\n                <\/div>\r\n            <\/article>\r\n        \r\n            <article class=\"article-loop-post carousel-slide\">\r\n                <a href=\"https:\/\/www.gamemusicfest.eu\/index.php\/program\/realms-2025\/aliaz-technologii-i-sztuki\" class=\"article-loop-post__thumbnail thumbnail\"\r\n                    style=\"background-image: url(https:\/\/us.edu.pl\/instytut\/ii\/wp-content\/uploads\/sites\/40\/Bez-kategorii\/realms2025_6-300x169.jpg)\">\r\n                    <span>wi\u0119cej<\/span>\r\n                <\/a>\r\n\r\n                <div class=\"article-loop-post__content\">\r\n                    <h3 class=\"article-loop-post__title\">\r\n                        <a href=\"https:\/\/www.gamemusicfest.eu\/index.php\/program\/realms-2025\/aliaz-technologii-i-sztuki\">Alia\u017c technologii i sztuki<\/a>\r\n                    <\/h3>\r\n            \r\n                    <div class=\"article-loop-post__categories\">\r\n                        <a href=\"https:\/\/us.edu.pl\/instytut\/ii\/category\/wiadomosci\/\">Wiadomo\u015bci<\/a>\r\n                    <\/div>    \r\n                <\/div>\r\n            <\/article>\r\n        \r\n            <article class=\"article-loop-post carousel-slide\">\r\n                <a href=\"https:\/\/www.gamemusicfest.eu\/index.php\/program\/realms-2025\/tworzenie-obrazu-generatywnego-w-chmurze-sztuka-jako-interakcja\" class=\"article-loop-post__thumbnail thumbnail\"\r\n                    style=\"background-image: url(https:\/\/us.edu.pl\/instytut\/ii\/wp-content\/uploads\/sites\/40\/Bez-kategorii\/realms2025_3-300x169.jpg)\">\r\n                    <span>wi\u0119cej<\/span>\r\n                <\/a>\r\n\r\n                <div class=\"article-loop-post__content\">\r\n                    <h3 class=\"article-loop-post__title\">\r\n                        <a href=\"https:\/\/www.gamemusicfest.eu\/index.php\/program\/realms-2025\/tworzenie-obrazu-generatywnego-w-chmurze-sztuka-jako-interakcja\">Tworzenie obrazu generatywnego w chmurze \u2013 sztuka jako interakcja<\/a>\r\n                    <\/h3>\r\n            \r\n                    <div class=\"article-loop-post__categories\">\r\n                        <a href=\"https:\/\/us.edu.pl\/instytut\/ii\/category\/wiadomosci\/\">Wiadomo\u015bci<\/a>\r\n                    <\/div>    \r\n                <\/div>\r\n            <\/article>\r\n        \r\n            <article class=\"article-loop-post carousel-slide\">\r\n                <a href=\"https:\/\/us.edu.pl\/wydzial\/wnst\/2025\/11\/21\/zmarla-emerytowana-malgorzata-kasprzyk\/\" class=\"article-loop-post__thumbnail thumbnail\"\r\n                    style=\"background-image: url(https:\/\/us.edu.pl\/instytut\/ii\/wp-content\/uploads\/sites\/40\/Bez-kategorii\/joanna-kosinska-HdVIGmYhUsA-unsplash-575x333-1-300x174.jpg)\">\r\n                    <span>wi\u0119cej<\/span>\r\n                <\/a>\r\n\r\n                <div class=\"article-loop-post__content\">\r\n                    <h3 class=\"article-loop-post__title\">\r\n                        <a href=\"https:\/\/us.edu.pl\/wydzial\/wnst\/2025\/11\/21\/zmarla-emerytowana-malgorzata-kasprzyk\/\">Zmar\u0142a emerytowana Ma\u0142gorzata Kasprzyk<\/a>\r\n                    <\/h3>\r\n            \r\n                    <div class=\"article-loop-post__categories\">\r\n                        <a href=\"https:\/\/us.edu.pl\/instytut\/ii\/category\/wiadomosci\/\">Wiadomo\u015bci<\/a>\r\n                    <\/div>    \r\n                <\/div>\r\n            <\/article>\r\n        \n\t\t\t\t\t\t\t\t<\/div>\n\t\t\t\t\t\t  <\/div>\n\t\t\t\t\t <\/div>\n\t\t\t\t\t <\/div>\n\t\t\t\t<\/div>[\/vc_column][vc_column]\r\n                <div class='logos'>\r\n                    <div class='container'>\r\n                        <h3 class='page-title'><\/h3>\r\n                        <div class='logos-blocks bg-blue'> \r\n               \r\n                            \r\n                        <a href=\"https:\/\/www.slaskifestiwalnauki.pl\/\" title=\"\u015al\u0105ski Festiwal Nauki KATOWICE\"\r\n                         class=\"logos-blocks__item carousel-slide\">\r\n                            <div class=\"logos-blocks__img\">\r\n                                <img src=\"https:\/\/us.edu.pl\/instytut\/ii\/wp-content\/uploads\/sites\/40\/Obrazy-szablonu\/\u015bfn.png\" alt=\"\u015al\u0105ski Festiwal Nauki KATOWICE\">\r\n                            <\/div>\r\n                            <span>\u015al\u0105ski Festiwal Nauki KATOWICE<\/span>\r\n                        <\/a>\r\n                        <a href=\"http:\/\/www.przystaneknauka.us.edu.pl\/\" title=\"Przystanek Nauka\"\r\n                         class=\"logos-blocks__item carousel-slide\">\r\n                            <div class=\"logos-blocks__img\">\r\n                                <img src=\"https:\/\/us.edu.pl\/instytut\/ii\/wp-content\/uploads\/sites\/40\/Obrazy-szablonu\/spaghetti.png\" alt=\"Przystanek Nauka\">\r\n                            <\/div>\r\n                            <span>Przystanek Nauka<\/span>\r\n                        <\/a>\r\n                        <a href=\"https:\/\/us.edu.pl\/event\/?strona=1&amp;widok=lista&amp;kategoria=96&amp;lokalizacja=instytut-informatyki-wydzial-nauk-scislych-i-technicznych\" title=\"Konferencje naukowe\"\r\n                         class=\"logos-blocks__item carousel-slide\">\r\n                            <div class=\"logos-blocks__img\">\r\n                                <img src=\"https:\/\/us.edu.pl\/instytut\/ii\/wp-content\/uploads\/sites\/40\/Obrazy-szablonu\/spotkania-naukowe.png\" alt=\"Konferencje naukowe\">\r\n                            <\/div>\r\n                            <span>Konferencje naukowe<\/span>\r\n                        <\/a>\r\n                        <a href=\"https:\/\/us.edu.pl\/instytut\/ii\/badania-i-nauka\/publikacje\/\" title=\"publikacje naukowe\"\r\n                         class=\"logos-blocks__item carousel-slide\">\r\n                            <div class=\"logos-blocks__img\">\r\n                                <img src=\"https:\/\/us.edu.pl\/instytut\/ii\/wp-content\/uploads\/sites\/40\/Obrazy-szablonu\/ksi\u0105\u017cka.png\" alt=\"publikacje naukowe\">\r\n                            <\/div>\r\n                            <span>publikacje naukowe<\/span>\r\n                        <\/a>\r\n                        <a href=\"https:\/\/www.ciniba.edu.pl\/\" title=\"biblioteka\"\r\n                         class=\"logos-blocks__item carousel-slide\">\r\n                            <div class=\"logos-blocks__img\">\r\n                                <img src=\"https:\/\/us.edu.pl\/instytut\/ii\/wp-content\/uploads\/sites\/40\/Obrazy-szablonu\/wydawnictwo.png\" alt=\"biblioteka\">\r\n                            <\/div>\r\n                            <span>biblioteka<\/span>\r\n                        <\/a>\r\n                        <a href=\"https:\/\/us.edu.pl\/media-akademickie\/\" title=\"media akademickie\"\r\n                         class=\"logos-blocks__item carousel-slide\">\r\n                            <div class=\"logos-blocks__img\">\r\n                                <img src=\"https:\/\/us.edu.pl\/instytut\/ii\/wp-content\/uploads\/sites\/40\/Obrazy-szablonu\/ksi\u0105\u017cka.png\" alt=\"media akademickie\">\r\n                            <\/div>\r\n                            <span>media akademickie<\/span>\r\n                        <\/a>\r\n                        <a href=\"https:\/\/www.zdalny.us.edu.pl\/\" title=\"serwis ZDALNY.us.edu.pl\"\r\n                         class=\"logos-blocks__item carousel-slide\">\r\n                            <div class=\"logos-blocks__img\">\r\n                                <img src=\"https:\/\/us.edu.pl\/instytut\/ii\/wp-content\/uploads\/sites\/40\/Nieprzypisane\/uczelnia_mobilna.png\" alt=\"serwis ZDALNY.us.edu.pl\">\r\n                            <\/div>\r\n                            <span>serwis ZDALNY.us.edu.pl<\/span>\r\n                        <\/a> \r\n                           \r\n                        <\/div>\r\n                    <\/div>\r\n                <\/div>[\/vc_column][\/vc_row]<\/p>","protected":false},"excerpt":{"rendered":"<p>[vc_row][vc_column][\/vc_column][vc_column][vc_empty_space][\/vc_column][vc_column][\/vc_column][vc_column][\/vc_column][\/vc_row] [&#8230;]<\/p>\n<p><a class=\"btn btn-secondary understrap-read-more-link\" href=\"https:\/\/us.edu.pl\/instytut\/ii\/2025\/11\/21\/zmarla-emerytowana-malgorzata-kasprzyk\/\">Read More&#8230;<\/a><\/p>\n","protected":false},"author":1,"featured_media":0,"parent":0,"menu_order":0,"comment_status":"closed","ping_status":"closed","template":"page-templates\/index-template.php","meta":{"_expiration-date-status":"","_expiration-date":0,"_expiration-date-type":"","_expiration-date-categories":[],"_expiration-date-options":[]},"acf":[],"_links":{"self":[{"href":"https:\/\/us.edu.pl\/instytut\/ii\/wp-json\/wp\/v2\/pages\/5"}],"collection":[{"href":"https:\/\/us.edu.pl\/instytut\/ii\/wp-json\/wp\/v2\/pages"}],"about":[{"href":"https:\/\/us.edu.pl\/instytut\/ii\/wp-json\/wp\/v2\/types\/page"}],"author":[{"embeddable":true,"href":"https:\/\/us.edu.pl\/instytut\/ii\/wp-json\/wp\/v2\/users\/1"}],"replies":[{"embeddable":true,"href":"https:\/\/us.edu.pl\/instytut\/ii\/wp-json\/wp\/v2\/comments?post=5"}],"version-history":[{"count":10,"href":"https:\/\/us.edu.pl\/instytut\/ii\/wp-json\/wp\/v2\/pages\/5\/revisions"}],"predecessor-version":[{"id":1528,"href":"https:\/\/us.edu.pl\/instytut\/ii\/wp-json\/wp\/v2\/pages\/5\/revisions\/1528"}],"wp:attachment":[{"href":"https:\/\/us.edu.pl\/instytut\/ii\/wp-json\/wp\/v2\/media?parent=5"}],"curies":[{"name":"wp","href":"https:\/\/api.w.org\/{rel}","templated":true}]}}