{"id":59,"date":"2019-10-25T13:41:11","date_gmt":"2019-10-25T11:41:11","guid":{"rendered":"http:\/\/us.edu.pl\/instytut\/ii\/?page_id=59"},"modified":"2023-04-22T00:48:16","modified_gmt":"2023-04-21T22:48:16","slug":"kontakt","status":"publish","type":"page","link":"https:\/\/us.edu.pl\/instytut\/ii\/strona-glowna\/kontakt\/","title":{"rendered":"Kontakt"},"content":{"rendered":"<p>[vc_row][vc_column][vc_column_text]<\/p>\n<h2>Kontakt<\/h2>\n<table style=\"border-collapse: collapse; width: 100%;\">\n<tbody>\n<tr>\n<td style=\"width: 22.9538%;\"><img class=\"alignnone size-full wp-image-444\" src=\"https:\/\/us.edu.pl\/instytut\/ii\/wp-content\/uploads\/sites\/40\/Photos\/A_Krawczyk.jpg\" alt=\"\" width=\"150\" height=\"200\" \/><\/td>\n<td style=\"width: 77.0463%; text-align: left; vertical-align: top;\">\n<p style=\"text-align: left;\"><strong>mgr Agata Krawczyk-Kalitowska<\/strong><\/p>\n<p>Wydzia\u0142 Nauk \u015acis\u0142ych i Technicznych<br \/>\nBiuro Ewaluacji i Obs\u0142ugi Instytut\u00f3w<br \/>\nInstytut Informatyki<br \/>\n<a href=\"https:\/\/www.google.pl\/maps\/place\/B%C4%99dzi%C5%84ska+39,+41-205+Sosnowiec\/@50.2974419,19.1327702,17z\/data=!3m1!4b1!4m5!3m4!1s0x4716da83f9e846e1:0xb2894d075e02f30f!8m2!3d50.2974419!4d19.1349589\">ul. B\u0119dzi\u0144ska 39, 41-200 Sosnowiec<\/a><br \/>\ntel. 32 36 89 760 (tylko sprawy naukowe \/ Instytutu)<br \/>\ne-mail: <u><a href=\"mailto:agata.krawczyk-kalitowska@us.edu.pl\">agata.krawczyk-kalitowska@us.edu.pl<\/a><\/u><\/td>\n<\/tr>\n<\/tbody>\n<\/table>\n<p>&nbsp;<\/p>\n<p>Informujemy, \u017ce administracja Instytutu Informatyki nie zajmuje si\u0119 sprawami zwi\u0105zanymi z dzia\u0142alno\u015bci\u0105 dydaktyczn\u0105,<strong> w sprawach studenckich prosimy o kontakt z w\u0142a\u015bciwym dziekanatem:<\/strong><br \/>\n<a href=\"https:\/\/us.edu.pl\/wydzial\/wnst\/studia\/student\/dziekanaty\/\">https:\/\/us.edu.pl\/wydzial\/wnst\/studia\/student\/dziekanaty\/<\/a>[\/vc_column_text][\/vc_column][\/vc_row]<\/p>","protected":false},"excerpt":{"rendered":"<p>[vc_row][vc_column][vc_column_text] Kontakt mgr Agata Krawczyk-Kalitowska Wydzia\u0142 Nauk \u015acis\u0142ych i Technicznych Biuro Ewaluacji i Obs\u0142ugi Instytut\u00f3w Instytut Informatyki ul. B\u0119dzi\u0144ska 39, 41-200 Sosnowiec tel. 32 36 89 760 (tylko sprawy naukowe \/ Instytutu) e-mail: agata.krawczyk-kalitowska@us.edu.pl &nbsp; Informujemy, \u017ce administracja Instytutu Informatyki nie zajmuje si\u0119 sprawami zwi\u0105zanymi z dzia\u0142alno\u015bci\u0105 dydaktyczn\u0105, w sprawach studenckich prosimy o kontakt z [&#8230;]<\/p>\n<p><a class=\"btn btn-secondary understrap-read-more-link\" href=\"https:\/\/us.edu.pl\/instytut\/ii\/strona-glowna\/kontakt\/\">Read More&#8230;<\/a><\/p>\n","protected":false},"author":25,"featured_media":0,"parent":5,"menu_order":5,"comment_status":"closed","ping_status":"closed","template":"page-templates\/inner-page.php","meta":{"_expiration-date-status":"","_expiration-date":0,"_expiration-date-type":"","_expiration-date-categories":[],"_expiration-date-options":[]},"acf":[],"_links":{"self":[{"href":"https:\/\/us.edu.pl\/instytut\/ii\/wp-json\/wp\/v2\/pages\/59"}],"collection":[{"href":"https:\/\/us.edu.pl\/instytut\/ii\/wp-json\/wp\/v2\/pages"}],"about":[{"href":"https:\/\/us.edu.pl\/instytut\/ii\/wp-json\/wp\/v2\/types\/page"}],"author":[{"embeddable":true,"href":"https:\/\/us.edu.pl\/instytut\/ii\/wp-json\/wp\/v2\/users\/25"}],"replies":[{"embeddable":true,"href":"https:\/\/us.edu.pl\/instytut\/ii\/wp-json\/wp\/v2\/comments?post=59"}],"version-history":[{"count":10,"href":"https:\/\/us.edu.pl\/instytut\/ii\/wp-json\/wp\/v2\/pages\/59\/revisions"}],"predecessor-version":[{"id":1118,"href":"https:\/\/us.edu.pl\/instytut\/ii\/wp-json\/wp\/v2\/pages\/59\/revisions\/1118"}],"up":[{"embeddable":true,"href":"https:\/\/us.edu.pl\/instytut\/ii\/wp-json\/wp\/v2\/pages\/5"}],"wp:attachment":[{"href":"https:\/\/us.edu.pl\/instytut\/ii\/wp-json\/wp\/v2\/media?parent=59"}],"curies":[{"name":"wp","href":"https:\/\/api.w.org\/{rel}","templated":true}]}}