{"id":64,"date":"2019-10-25T13:51:25","date_gmt":"2019-10-25T11:51:25","guid":{"rendered":"http:\/\/us.edu.pl\/instytut\/ii\/?page_id=64"},"modified":"2019-11-04T09:24:29","modified_gmt":"2019-11-04T08:24:29","slug":"mapa-strony","status":"publish","type":"page","link":"https:\/\/us.edu.pl\/instytut\/ii\/mapa-strony\/","title":{"rendered":"Mapa strony"},"content":{"rendered":"<p>[vc_row][vc_column]\r\n                <div class=\"text-modules\">\r\n                    <div class=\"container\">\r\n                        \r\n                        <div class=\"text-modules__content\"><div class=\"wsp-container\"><h2 class=\"wsp-pages-title\">Pages<\/h2>\n<ul class=\"wsp-pages-list\">\n<li class=\"page_item page-item-5 page_item_has_children\"><a href=\"https:\/\/us.edu.pl\/instytut\/ii\/\">Instytut<\/a>\n<ul class='children'>\n\t<li class=\"page_item page-item-350\"><a href=\"https:\/\/us.edu.pl\/instytut\/ii\/strona-glowna\/o-instytucie\/\">O Instytucie<\/a><\/li>\n\t<li class=\"page_item page-item-128\"><a href=\"https:\/\/us.edu.pl\/instytut\/ii\/strona-glowna\/dyrekcja\/\">Dyrekcja<\/a><\/li>\n\t<li class=\"page_item page-item-125\"><a href=\"https:\/\/us.edu.pl\/instytut\/ii\/strona-glowna\/rada-instytutu-informatyki\/\">Rada Naukowa<\/a><\/li>\n\t<li class=\"page_item page-item-130\"><a href=\"https:\/\/us.edu.pl\/instytut\/ii\/strona-glowna\/pracownicy\/\">Pracownicy<\/a><\/li>\n\t<li class=\"page_item page-item-352\"><a href=\"https:\/\/us.edu.pl\/instytut\/ii\/strona-glowna\/historia\/\">Historia<\/a><\/li>\n\t<li class=\"page_item page-item-59\"><a href=\"https:\/\/us.edu.pl\/instytut\/ii\/strona-glowna\/kontakt\/\">Kontakt<\/a><\/li>\n<\/ul>\n<\/li>\n<li class=\"page_item page-item-61\"><a href=\"https:\/\/us.edu.pl\/instytut\/ii\/wszystko\/\">Wszystko<\/a><\/li>\n<li class=\"page_item page-item-64\"><a href=\"https:\/\/us.edu.pl\/instytut\/ii\/mapa-strony\/\">Mapa strony<\/a><\/li>\n<li class=\"page_item page-item-120\"><a href=\"https:\/\/us.edu.pl\/instytut\/ii\/dokumenty\/\">Dokumenty<\/a><\/li>\n<li class=\"page_item page-item-132 page_item_has_children\"><a href=\"https:\/\/us.edu.pl\/instytut\/ii\/badania-i-nauka\/\">Badania i nauka<\/a>\n<ul class='children'>\n\t<li class=\"page_item page-item-329\"><a href=\"https:\/\/us.edu.pl\/instytut\/ii\/badania-i-nauka\/grupy-badawcze\/\">Zespo\u0142y badawcze<\/a><\/li>\n\t<li class=\"page_item page-item-841\"><a href=\"https:\/\/us.edu.pl\/instytut\/ii\/badania-i-nauka\/seminarium-naukowe\/\">Seminarium naukowe<\/a><\/li>\n\t<li class=\"page_item page-item-859\"><a href=\"https:\/\/us.edu.pl\/instytut\/ii\/badania-i-nauka\/patenty\/\">Patenty<\/a><\/li>\n\t<li class=\"page_item page-item-876\"><a href=\"https:\/\/us.edu.pl\/instytut\/ii\/badania-i-nauka\/referaty-na-konferencjach\/\">Referaty na konferencjach<\/a><\/li>\n\t<li class=\"page_item page-item-679 page_item_has_children\"><a href=\"https:\/\/us.edu.pl\/instytut\/ii\/badania-i-nauka\/projekty\/\">Projekty<\/a>\n\t<ul class='children'>\n\t\t<li class=\"page_item page-item-676\"><a href=\"https:\/\/us.edu.pl\/instytut\/ii\/badania-i-nauka\/projekty\/mistrzowie-dydaktyki\/\">Mistrzowie dydaktyki<\/a><\/li>\n\t\t<li class=\"page_item page-item-678\"><a href=\"https:\/\/us.edu.pl\/instytut\/ii\/badania-i-nauka\/projekty\/slaska-szkola-cwiczen\/\">\u015al\u0105ska Szko\u0142a \u0106wicze\u0144<\/a><\/li>\n\t\t<li class=\"page_item page-item-687\"><a href=\"https:\/\/us.edu.pl\/instytut\/ii\/badania-i-nauka\/projekty\/tutoring\/\">Tutoring<\/a><\/li>\n\t<\/ul>\n<\/li>\n\t<li class=\"page_item page-item-364\"><a href=\"https:\/\/us.edu.pl\/instytut\/ii\/badania-i-nauka\/publikacje\/\">Publikacje<\/a><\/li>\n\t<li class=\"page_item page-item-253 page_item_has_children\"><a href=\"https:\/\/us.edu.pl\/instytut\/ii\/badania-i-nauka\/doktoraty\/\">Post\u0119powania w sprawie nadania stopnia doktora<\/a>\n\t<ul class='children'>\n\t\t<li class=\"page_item page-item-269\"><a href=\"https:\/\/us.edu.pl\/instytut\/ii\/badania-i-nauka\/doktoraty\/olga-veselska\/\">Olga Veselska<\/a><\/li>\n\t\t<li class=\"page_item page-item-288\"><a href=\"https:\/\/us.edu.pl\/instytut\/ii\/badania-i-nauka\/doktoraty\/kornel-chrominski\/\">Kornel Chromi\u0144ski<\/a><\/li>\n\t\t<li class=\"page_item page-item-294\"><a href=\"https:\/\/us.edu.pl\/instytut\/ii\/badania-i-nauka\/doktoraty\/tomasz-orczyk\/\">Tomasz Orczyk<\/a><\/li>\n\t\t<li class=\"page_item page-item-298\"><a href=\"https:\/\/us.edu.pl\/instytut\/ii\/badania-i-nauka\/doktoraty\/lukasz-strak\/\">\u0141ukasz Str\u0105k<\/a><\/li>\n\t\t<li class=\"page_item page-item-301\"><a href=\"https:\/\/us.edu.pl\/instytut\/ii\/badania-i-nauka\/doktoraty\/pawel-popielski\/\">Pawe\u0142 Popielski<\/a><\/li>\n\t\t<li class=\"page_item page-item-303\"><a href=\"https:\/\/us.edu.pl\/instytut\/ii\/badania-i-nauka\/doktoraty\/grzegorz-machnik\/\">Grzegorz Machnik<\/a><\/li>\n\t\t<li class=\"page_item page-item-305\"><a href=\"https:\/\/us.edu.pl\/instytut\/ii\/badania-i-nauka\/doktoraty\/wojciech-bura\/\">Wojciech Bura<\/a><\/li>\n\t\t<li class=\"page_item page-item-308\"><a href=\"https:\/\/us.edu.pl\/instytut\/ii\/badania-i-nauka\/doktoraty\/tomasz-xieski\/\">Tomasz Xi\u0119ski<\/a><\/li>\n\t\t<li class=\"page_item page-item-311\"><a href=\"https:\/\/us.edu.pl\/instytut\/ii\/badania-i-nauka\/doktoraty\/tomasz-jach\/\">Tomasz Jach<\/a><\/li>\n\t\t<li class=\"page_item page-item-313\"><a href=\"https:\/\/us.edu.pl\/instytut\/ii\/badania-i-nauka\/doktoraty\/diana-domanska\/\">Diana Doma\u0144ska<\/a><\/li>\n\t\t<li class=\"page_item page-item-316\"><a href=\"https:\/\/us.edu.pl\/instytut\/ii\/badania-i-nauka\/doktoraty\/krzysztof-kocjan\/\">Krzysztof Kocjan<\/a><\/li>\n\t\t<li class=\"page_item page-item-318\"><a href=\"https:\/\/us.edu.pl\/instytut\/ii\/badania-i-nauka\/doktoraty\/krzysztof-wrobel\/\">Krzysztof Wr\u00f3bel<\/a><\/li>\n\t\t<li class=\"page_item page-item-320\"><a href=\"https:\/\/us.edu.pl\/instytut\/ii\/badania-i-nauka\/doktoraty\/agnieszka-lisowska\/\">Agnieszka Lisowska<\/a><\/li>\n\t\t<li class=\"page_item page-item-322\"><a href=\"https:\/\/us.edu.pl\/instytut\/ii\/badania-i-nauka\/doktoraty\/slawomir-chandzlik\/\">S\u0142awomir Chandzlik<\/a><\/li>\n\t\t<li class=\"page_item page-item-426\"><a href=\"https:\/\/us.edu.pl\/instytut\/ii\/badania-i-nauka\/doktoraty\/lukasz-walusiak\/\">\u0141ukasz Walusiak<\/a><\/li>\n\t\t<li class=\"page_item page-item-732\"><a href=\"https:\/\/us.edu.pl\/instytut\/ii\/badania-i-nauka\/doktoraty\/krzysztof-szwarc\/\">Krzysztof Szwarc<\/a><\/li>\n\t<\/ul>\n<\/li>\n<\/ul>\n<\/li>\n<\/ul>\n<\/div>\n<\/div>\r\n                    <\/div>\r\n                <\/div>[\/vc_column][\/vc_row]<\/p>\n","protected":false},"excerpt":{"rendered":"<p>[vc_row][vc_column][\/vc_column][\/vc_row] [&#8230;]<\/p>\n<p><a class=\"btn btn-secondary understrap-read-more-link\" href=\"https:\/\/us.edu.pl\/instytut\/ii\/mapa-strony\/\">Read More&#8230;<\/a><\/p>\n","protected":false},"author":25,"featured_media":0,"parent":0,"menu_order":0,"comment_status":"closed","ping_status":"closed","template":"page-templates\/sitemap-template.php","meta":{"_expiration-date-status":"saved","_expiration-date":0,"_expiration-date-type":"","_expiration-date-categories":[],"_expiration-date-options":[]},"acf":[],"_links":{"self":[{"href":"https:\/\/us.edu.pl\/instytut\/ii\/wp-json\/wp\/v2\/pages\/64"}],"collection":[{"href":"https:\/\/us.edu.pl\/instytut\/ii\/wp-json\/wp\/v2\/pages"}],"about":[{"href":"https:\/\/us.edu.pl\/instytut\/ii\/wp-json\/wp\/v2\/types\/page"}],"author":[{"embeddable":true,"href":"https:\/\/us.edu.pl\/instytut\/ii\/wp-json\/wp\/v2\/users\/25"}],"replies":[{"embeddable":true,"href":"https:\/\/us.edu.pl\/instytut\/ii\/wp-json\/wp\/v2\/comments?post=64"}],"version-history":[{"count":4,"href":"https:\/\/us.edu.pl\/instytut\/ii\/wp-json\/wp\/v2\/pages\/64\/revisions"}],"predecessor-version":[{"id":98,"href":"https:\/\/us.edu.pl\/instytut\/ii\/wp-json\/wp\/v2\/pages\/64\/revisions\/98"}],"wp:attachment":[{"href":"https:\/\/us.edu.pl\/instytut\/ii\/wp-json\/wp\/v2\/media?parent=64"}],"curies":[{"name":"wp","href":"https:\/\/api.w.org\/{rel}","templated":true}]}}