{"id":676,"date":"2021-10-12T18:40:43","date_gmt":"2021-10-12T16:40:43","guid":{"rendered":"https:\/\/us.edu.pl\/instytut\/ii\/?page_id=676"},"modified":"2021-12-07T20:12:31","modified_gmt":"2021-12-07T19:12:31","slug":"mistrzowie-dydaktyki","status":"publish","type":"page","link":"https:\/\/us.edu.pl\/instytut\/ii\/badania-i-nauka\/projekty\/mistrzowie-dydaktyki\/","title":{"rendered":"Mistrzowie dydaktyki"},"content":{"rendered":"<p><\/p>\n<h1>Mistrzowie dydaktyki<\/h1>\n<p>Celem projektu jest podniesienie kompetencji kadry akademickiej w zakresie stosowania nowoczesnych, innowacyjnych metod dydaktycznych, takich jak stosowanie metody tutoringu w kszta\u0142ceniu. Zaj\u0119cia obejmuj\u0105 zar\u00f3wno zagadnienia teoretyczne z zakresu r\u00f3\u017cnych metod nauczania, jak i wiedz\u0119 praktyczn\u0105 z zakresu przygotowania prowadzonych zaj\u0119\u0107 z wykorzystaniem aktywno\u015bci student\u00f3w, ich wzajemnej oceny, a tak\u017ce z zakresu argumentacji ocen wystawianych studentom. Projekt obejmuje zagraniczne wizyty studyjne pracownik\u00f3w naukowo-dydaktycznych w celu udzia\u0142u w szkoleniu dot. metody tutoringu. Wizyty w wymiarze 2-3 tygodni odbywa\u0107 si\u0119 b\u0119d\u0105 na wybranych uczelniach europejskich znajduj\u0105cych si\u0119 w pierwszej setce rankingu szanghajskiego (m.in. Uniwersytet w Groningen, Uniwersytet Aarhus, University College London).<\/p>\n<p>Jest to program maj\u0105cy na celu zapoznanie nauczycieli akademickich z najnowszymi, innowacyjnymi i aktywizuj\u0105cymi student\u00f3w metodami prowadzenia zaj\u0119\u0107.<\/p>\n<p>Nauczyciele akademicy Instytutu Informatyki bior\u0105 aktywny udzia\u0142 w tym projekcie, co bezpo\u015brednio przek\u0142ada si\u0119 na innowacyjno\u015b\u0107 i jako\u015b\u0107 prowadzonych zaj\u0119\u0107 na kierunku Informatyka.<\/p>\n<p>Kr\u00f3tki opis wyjazdu do Aarhus University w Danii, kt\u00f3ry mia\u0142 miejsce we wrze\u015bniu 2021 roku zosta\u0142 zamieszczony poni\u017cej.<\/p>\n<p>Miasteczko Aarhus jest uroczym miasteczkiem nadba\u0142tyckim licz\u0105cym troch\u0119 ponad 300 tys. mieszka\u0144c\u00f3w. Aarhus University jest drugim najstarszym uniwersytetem w Danii. G\u0142\u00f3wne metody pracy ze studentami na tym uniwersytecie to case-based learning, team-based learning i blended learning. Co oznacza, \u017ce studenci rzadziej uczestnicz\u0105 w tradycyjnych wyk\u0142adach, natomiast bardzo cz\u0119sto rozwi\u0105zuj\u0105 problemy praktyczne pracuj\u0105c w grupach.<\/p>\n<p>Budynki uniwersyteckie s\u0105 zlokalizowane w malowniczych miejscach mi\u0119dzy innymi ko\u0142o portu morskiego. Studenci doje\u017cd\u017caj\u0105 na uczelni\u0119 g\u0142\u00f3wnie rowerami. Ogrom rower\u00f3w przed uczelni\u0105 wywiera niesamowite wra\u017cenie.\u00a0 Je\u015bli kto\u015b chce si\u0119 spotka\u0107 z wikingami to najlepszym miejscem b\u0119dzie Moesgaard Museum, kt\u00f3re wsp\u00f3\u0142prowadzone jest przez Instytut Archeologii Uniwersytetu w Aarhus. W g\u0142\u00f3wnym budynku uczelni jest wspania\u0142a biblioteka, po\u015brodku kt\u00f3rej zasadzony zosta\u0142 mini las. Dodatkowo na dole w tym budynku zosta\u0142y przygotowane miejsca relaksu dla student\u00f3w z fotelami do masa\u017cu.<\/p>\n<p><img class=\"alignnone size-medium wp-image-694\" src=\"https:\/\/us.edu.pl\/instytut\/ii\/wp-content\/uploads\/sites\/40\/Photos\/IMG_6810-300x200.jpg\" alt=\"\" width=\"300\" height=\"200\" srcset=\"https:\/\/us.edu.pl\/instytut\/ii\/wp-content\/uploads\/sites\/40\/Photos\/IMG_6810-300x200.jpg 300w, https:\/\/us.edu.pl\/instytut\/ii\/wp-content\/uploads\/sites\/40\/Photos\/IMG_6810-768x512.jpg 768w, https:\/\/us.edu.pl\/instytut\/ii\/wp-content\/uploads\/sites\/40\/Photos\/IMG_6810.jpg 1024w, https:\/\/us.edu.pl\/instytut\/ii\/wp-content\/uploads\/sites\/40\/Photos\/IMG_6810-575x384.jpg 575w\" sizes=\"(max-width: 300px) 100vw, 300px\" \/><img class=\"size-medium wp-image-690\" src=\"https:\/\/us.edu.pl\/instytut\/ii\/wp-content\/uploads\/sites\/40\/Photos\/DSC_9462-300x201.jpg\" alt=\"\" width=\"300\" height=\"201\" srcset=\"https:\/\/us.edu.pl\/instytut\/ii\/wp-content\/uploads\/sites\/40\/Photos\/DSC_9462-300x201.jpg 300w, https:\/\/us.edu.pl\/instytut\/ii\/wp-content\/uploads\/sites\/40\/Photos\/DSC_9462-768x514.jpg 768w, https:\/\/us.edu.pl\/instytut\/ii\/wp-content\/uploads\/sites\/40\/Photos\/DSC_9462-1024x685.jpg 1024w, https:\/\/us.edu.pl\/instytut\/ii\/wp-content\/uploads\/sites\/40\/Photos\/DSC_9462-575x385.jpg 575w\" sizes=\"(max-width: 300px) 100vw, 300px\" \/><img class=\"alignnone size-medium wp-image-692\" src=\"https:\/\/us.edu.pl\/instytut\/ii\/wp-content\/uploads\/sites\/40\/Photos\/Mistrzowie_6911-300x200.jpg\" alt=\"\" width=\"300\" height=\"200\" srcset=\"https:\/\/us.edu.pl\/instytut\/ii\/wp-content\/uploads\/sites\/40\/Photos\/Mistrzowie_6911-300x200.jpg 300w, https:\/\/us.edu.pl\/instytut\/ii\/wp-content\/uploads\/sites\/40\/Photos\/Mistrzowie_6911-768x512.jpg 768w, https:\/\/us.edu.pl\/instytut\/ii\/wp-content\/uploads\/sites\/40\/Photos\/Mistrzowie_6911.jpg 1024w, https:\/\/us.edu.pl\/instytut\/ii\/wp-content\/uploads\/sites\/40\/Photos\/Mistrzowie_6911-575x384.jpg 575w\" sizes=\"(max-width: 300px) 100vw, 300px\" \/><img class=\"alignnone size-medium wp-image-691\" src=\"https:\/\/us.edu.pl\/instytut\/ii\/wp-content\/uploads\/sites\/40\/Photos\/Mistrzowie_6886-300x200.jpg\" alt=\"\" width=\"300\" height=\"200\" srcset=\"https:\/\/us.edu.pl\/instytut\/ii\/wp-content\/uploads\/sites\/40\/Photos\/Mistrzowie_6886-300x200.jpg 300w, https:\/\/us.edu.pl\/instytut\/ii\/wp-content\/uploads\/sites\/40\/Photos\/Mistrzowie_6886-768x512.jpg 768w, https:\/\/us.edu.pl\/instytut\/ii\/wp-content\/uploads\/sites\/40\/Photos\/Mistrzowie_6886.jpg 1024w, https:\/\/us.edu.pl\/instytut\/ii\/wp-content\/uploads\/sites\/40\/Photos\/Mistrzowie_6886-575x384.jpg 575w\" sizes=\"(max-width: 300px) 100vw, 300px\" \/><\/p>\n<p>Taki wyjazd to okazja do zaobserwowania modelu uczenia stosowanego w Danii. Cechuje go ogromne zaanga\u017cowanie i samodzielno\u015b\u0107 student\u00f3w oraz skupienie si\u0119 na rozwi\u0105zywaniu problem\u00f3w praktycznych.<\/p>","protected":false},"excerpt":{"rendered":"<p>Mistrzowie dydaktyki Celem projektu jest podniesienie kompetencji kadry akademickiej w zakresie stosowania nowoczesnych, innowacyjnych metod dydaktycznych, takich jak stosowanie metody tutoringu w kszta\u0142ceniu. Zaj\u0119cia obejmuj\u0105 zar\u00f3wno zagadnienia teoretyczne z zakresu r\u00f3\u017cnych metod nauczania, jak i wiedz\u0119 praktyczn\u0105 z zakresu przygotowania prowadzonych zaj\u0119\u0107 z wykorzystaniem aktywno\u015bci student\u00f3w, ich wzajemnej oceny, a tak\u017ce z zakresu argumentacji ocen [&#8230;]<\/p>\n<p><a class=\"btn btn-secondary understrap-read-more-link\" href=\"https:\/\/us.edu.pl\/instytut\/ii\/badania-i-nauka\/projekty\/mistrzowie-dydaktyki\/\">Read More&#8230;<\/a><\/p>\n","protected":false},"author":190,"featured_media":0,"parent":679,"menu_order":0,"comment_status":"closed","ping_status":"closed","template":"page-templates\/inner-page.php","meta":{"_expiration-date-status":"saved","_expiration-date":0,"_expiration-date-type":"","_expiration-date-categories":[],"_expiration-date-options":[]},"acf":[],"_links":{"self":[{"href":"https:\/\/us.edu.pl\/instytut\/ii\/wp-json\/wp\/v2\/pages\/676"}],"collection":[{"href":"https:\/\/us.edu.pl\/instytut\/ii\/wp-json\/wp\/v2\/pages"}],"about":[{"href":"https:\/\/us.edu.pl\/instytut\/ii\/wp-json\/wp\/v2\/types\/page"}],"author":[{"embeddable":true,"href":"https:\/\/us.edu.pl\/instytut\/ii\/wp-json\/wp\/v2\/users\/190"}],"replies":[{"embeddable":true,"href":"https:\/\/us.edu.pl\/instytut\/ii\/wp-json\/wp\/v2\/comments?post=676"}],"version-history":[{"count":5,"href":"https:\/\/us.edu.pl\/instytut\/ii\/wp-json\/wp\/v2\/pages\/676\/revisions"}],"predecessor-version":[{"id":819,"href":"https:\/\/us.edu.pl\/instytut\/ii\/wp-json\/wp\/v2\/pages\/676\/revisions\/819"}],"up":[{"embeddable":true,"href":"https:\/\/us.edu.pl\/instytut\/ii\/wp-json\/wp\/v2\/pages\/679"}],"wp:attachment":[{"href":"https:\/\/us.edu.pl\/instytut\/ii\/wp-json\/wp\/v2\/media?parent=676"}],"curies":[{"name":"wp","href":"https:\/\/api.w.org\/{rel}","templated":true}]}}