{"id":678,"date":"2021-10-12T18:43:12","date_gmt":"2021-10-12T16:43:12","guid":{"rendered":"https:\/\/us.edu.pl\/instytut\/ii\/?page_id=678"},"modified":"2021-10-12T19:24:33","modified_gmt":"2021-10-12T17:24:33","slug":"slaska-szkola-cwiczen","status":"publish","type":"page","link":"https:\/\/us.edu.pl\/instytut\/ii\/badania-i-nauka\/projekty\/slaska-szkola-cwiczen\/","title":{"rendered":"\u015al\u0105ska Szko\u0142a \u0106wicze\u0144"},"content":{"rendered":"<p><\/p>\n<h1>\u015al\u0105ska Szko\u0142a \u0106wicze\u0144<\/h1>\n<p><img class=\"alignnone size-full wp-image-696\" src=\"https:\/\/us.edu.pl\/instytut\/ii\/wp-content\/uploads\/sites\/40\/Nieprzypisane\/\u015al\u0105ska-Szko\u0142a-\u0106wicze\u0144.jpg\" alt=\"\" width=\"226\" height=\"223\" \/><\/p>\n<p>Celem projektu jest poprawa funkcjonowania i zwi\u0119kszenie wykorzystania systemu wspomagania szk\u00f3\u0142 w zakresie rozwoju u uczni\u00f3w kompetencji kluczowych i\u00a0umiej\u0119tno\u015bci uniwersalnych. Liderem projektu jest Miasto Katowice, natomiast Uniwersytet \u015al\u0105ski w Katowicach jest partnerem.<\/p>\n<p>Opiekunem naukowym grupy informatyka jest dr hab. Ma\u0142gorzata Przyby\u0142a-Kasperek, prof. U\u015a. W ramach projektu realizowane s\u0105 konsultacje prowadzone przez opiekuna naukowego z nauczycielami szk\u00f3\u0142 \u015bl\u0105skich jak r\u00f3wnie\u017c wyk\u0142ady z zakresu dydaktyki przedmiotu, kt\u00f3re zrealizowali dr in\u017c. Przemys\u0142aw Kud\u0142acik, dr hab. Agnieszka Nowak-Brzezi\u0144ska, prof. U\u015a., dr Magdalena Tkacz. Organizowane s\u0105 r\u00f3wnie\u017c wyk\u0142ady z niekonwencjonalnego wykorzystania ITC\u00a0w zakres kszta\u0142cenia dzieci\u00a0oraz m\u0142odzie\u017cy.\u00a0Nauczyciele maj\u0105 szans\u0119 pozna\u0107 nowinki naukowe oraz zobaczy\u0107 jakie prace realizowane s\u0105 w Instytucie Informatyki Uniwersytetu \u015al\u0105skiego.<\/p>","protected":false},"excerpt":{"rendered":"<p>\u015al\u0105ska Szko\u0142a \u0106wicze\u0144 Celem projektu jest poprawa funkcjonowania i zwi\u0119kszenie wykorzystania systemu wspomagania szk\u00f3\u0142 w zakresie rozwoju u uczni\u00f3w kompetencji kluczowych i\u00a0umiej\u0119tno\u015bci uniwersalnych. Liderem projektu jest Miasto Katowice, natomiast Uniwersytet \u015al\u0105ski w Katowicach jest partnerem. Opiekunem naukowym grupy informatyka jest dr hab. Ma\u0142gorzata Przyby\u0142a-Kasperek, prof. U\u015a. W ramach projektu realizowane s\u0105 konsultacje prowadzone przez opiekuna [&#8230;]<\/p>\n<p><a class=\"btn btn-secondary understrap-read-more-link\" href=\"https:\/\/us.edu.pl\/instytut\/ii\/badania-i-nauka\/projekty\/slaska-szkola-cwiczen\/\">Read More&#8230;<\/a><\/p>\n","protected":false},"author":190,"featured_media":0,"parent":679,"menu_order":0,"comment_status":"closed","ping_status":"closed","template":"page-templates\/inner-page.php","meta":{"_expiration-date-status":"saved","_expiration-date":0,"_expiration-date-type":"","_expiration-date-categories":[],"_expiration-date-options":[]},"acf":[],"_links":{"self":[{"href":"https:\/\/us.edu.pl\/instytut\/ii\/wp-json\/wp\/v2\/pages\/678"}],"collection":[{"href":"https:\/\/us.edu.pl\/instytut\/ii\/wp-json\/wp\/v2\/pages"}],"about":[{"href":"https:\/\/us.edu.pl\/instytut\/ii\/wp-json\/wp\/v2\/types\/page"}],"author":[{"embeddable":true,"href":"https:\/\/us.edu.pl\/instytut\/ii\/wp-json\/wp\/v2\/users\/190"}],"replies":[{"embeddable":true,"href":"https:\/\/us.edu.pl\/instytut\/ii\/wp-json\/wp\/v2\/comments?post=678"}],"version-history":[{"count":3,"href":"https:\/\/us.edu.pl\/instytut\/ii\/wp-json\/wp\/v2\/pages\/678\/revisions"}],"predecessor-version":[{"id":698,"href":"https:\/\/us.edu.pl\/instytut\/ii\/wp-json\/wp\/v2\/pages\/678\/revisions\/698"}],"up":[{"embeddable":true,"href":"https:\/\/us.edu.pl\/instytut\/ii\/wp-json\/wp\/v2\/pages\/679"}],"wp:attachment":[{"href":"https:\/\/us.edu.pl\/instytut\/ii\/wp-json\/wp\/v2\/media?parent=678"}],"curies":[{"name":"wp","href":"https:\/\/api.w.org\/{rel}","templated":true}]}}