{"id":859,"date":"2022-02-22T11:20:20","date_gmt":"2022-02-22T10:20:20","guid":{"rendered":"https:\/\/us.edu.pl\/instytut\/ii\/?page_id=859"},"modified":"2022-02-22T12:26:45","modified_gmt":"2022-02-22T11:26:45","slug":"patenty","status":"publish","type":"page","link":"https:\/\/us.edu.pl\/instytut\/ii\/badania-i-nauka\/patenty\/","title":{"rendered":"Patenty"},"content":{"rendered":"<p><\/p>\n<h1>Patenty pracownik\u00f3w Instytutu Informatyki<\/h1>\n<p>&nbsp;<\/p>\n<table style=\"border-collapse: collapse; width: 100%;\">\n<tbody>\n<tr>\n<td style=\"width: 100%;\">\n<h2>Uk\u0142ad i spos\u00f3b analizowania stopnia wytrenowania szermierzy<\/h2>\n<\/td>\n<\/tr>\n<tr>\n<td style=\"width: 100%;\">\n<table style=\"border-collapse: collapse; width: 100%;\">\n<tbody>\n<tr>\n<td style=\"width: 25%; text-align: center;\"><a href=\"https:\/\/us.edu.pl\/instytut\/ii\/wp-content\/uploads\/sites\/40\/2022\/02\/pat235269.png\" target=\"_blank\" rel=\"noopener noreferrer\"><img class=\"alignnone size-medium wp-image-865\" src=\"https:\/\/us.edu.pl\/instytut\/ii\/wp-content\/uploads\/sites\/40\/Nieprzypisane\/pat235269_m-200x300.jpg\" alt=\"\" width=\"200\" height=\"300\" \/><\/a><\/td>\n<td style=\"width: 75%;\">&nbsp;<\/p>\n<p>Nr patentu: 235269<\/p>\n<p>Wsp\u00f3\u0142tw\u00f3rcy: Piotr Porwik, Tomasz Orczyk, Marcin Lewandowski<\/p>\n<p>Patent trwa od: 09.03.2018<\/td>\n<\/tr>\n<\/tbody>\n<\/table>\n<\/td>\n<\/tr>\n<\/tbody>\n<\/table>\n<p><\/p>","protected":false},"excerpt":{"rendered":"<p>Patenty pracownik\u00f3w Instytutu Informatyki &nbsp; Uk\u0142ad i spos\u00f3b analizowania stopnia wytrenowania szermierzy &nbsp; Nr patentu: 235269 Wsp\u00f3\u0142tw\u00f3rcy: Piotr Porwik, Tomasz Orczyk, Marcin Lewandowski Patent trwa od: 09.03.2018 [&#8230;]<\/p>\n<p><a class=\"btn btn-secondary understrap-read-more-link\" href=\"https:\/\/us.edu.pl\/instytut\/ii\/badania-i-nauka\/patenty\/\">Read More&#8230;<\/a><\/p>\n","protected":false},"author":190,"featured_media":0,"parent":132,"menu_order":0,"comment_status":"closed","ping_status":"closed","template":"page-templates\/inner-page.php","meta":{"_expiration-date-status":"saved","_expiration-date":0,"_expiration-date-type":"","_expiration-date-categories":[],"_expiration-date-options":[]},"acf":[],"_links":{"self":[{"href":"https:\/\/us.edu.pl\/instytut\/ii\/wp-json\/wp\/v2\/pages\/859"}],"collection":[{"href":"https:\/\/us.edu.pl\/instytut\/ii\/wp-json\/wp\/v2\/pages"}],"about":[{"href":"https:\/\/us.edu.pl\/instytut\/ii\/wp-json\/wp\/v2\/types\/page"}],"author":[{"embeddable":true,"href":"https:\/\/us.edu.pl\/instytut\/ii\/wp-json\/wp\/v2\/users\/190"}],"replies":[{"embeddable":true,"href":"https:\/\/us.edu.pl\/instytut\/ii\/wp-json\/wp\/v2\/comments?post=859"}],"version-history":[{"count":10,"href":"https:\/\/us.edu.pl\/instytut\/ii\/wp-json\/wp\/v2\/pages\/859\/revisions"}],"predecessor-version":[{"id":874,"href":"https:\/\/us.edu.pl\/instytut\/ii\/wp-json\/wp\/v2\/pages\/859\/revisions\/874"}],"up":[{"embeddable":true,"href":"https:\/\/us.edu.pl\/instytut\/ii\/wp-json\/wp\/v2\/pages\/132"}],"wp:attachment":[{"href":"https:\/\/us.edu.pl\/instytut\/ii\/wp-json\/wp\/v2\/media?parent=859"}],"curies":[{"name":"wp","href":"https:\/\/api.w.org\/{rel}","templated":true}]}}