{"id":876,"date":"2022-02-28T10:29:20","date_gmt":"2022-02-28T09:29:20","guid":{"rendered":"https:\/\/us.edu.pl\/instytut\/ii\/?page_id=876"},"modified":"2022-11-06T22:04:50","modified_gmt":"2022-11-06T21:04:50","slug":"referaty-na-konferencjach","status":"publish","type":"page","link":"https:\/\/us.edu.pl\/instytut\/ii\/badania-i-nauka\/referaty-na-konferencjach\/","title":{"rendered":"Referaty na konferencjach"},"content":{"rendered":"<p>[vc_row][vc_column][vc_tta_accordion active_section=&#8221;-1&#8243; collapsible_all=&#8221;true&#8221; title=&#8221;Referaty na konferencjach&#8221;][vc_tta_section title=&#8221;TRANSFORM4EUROPE &#8211; ZGROMADZENIE STRATEGICZNE W SAARBR\u00dcCKEN&#8221; tab_id=&#8221;1667767423143-b64ab57a-d138&#8243;][vc_column_text]W daniach 17-19 pa\u017adziernika na Uniwersytecie w Saarbrucken odby\u0142o si\u0119 spotkanie przedstawicieli wszystkich uniwersytet\u00f3w zaanga\u017cowanych w dzia\u0142ania konsorcjum T4EU: TRANSFORM4EUROPE &#8211; ZGROMADZENIE STRATEGICZNE. Spotkania odbywa\u0142y si\u0119 zar\u00f3wno w ramach zespo\u0142\u00f3w zarz\u0105dczych jak i grup eksperckich konsorcjum T4EU oraz samorz\u0105du studenckiego. Celem obrad by\u0142y bie\u017c\u0105ce i przysz\u0142e dzia\u0142ania oraz inicjatywy podejmowane w ramach tworzonego uniwersytetu europejskiego. Instytut Informatyki reprezentowa\u0142a dr hab. Beata Zielosko zaanga\u017cowana w prace dotycz\u0105ce opracowania programu studi\u00f3w magisterskich w obszarze transformacji cyfrowej.<\/p>\n<p><em>Zdj\u0119cia:<\/em><\/p>\n<p><a href=\"https:\/\/us.edu.pl\/instytut\/ii\/wp-content\/uploads\/sites\/40\/T4E\/zdj1.jpg\"><img class=\"size-large wp-image-1041\" src=\"https:\/\/us.edu.pl\/instytut\/ii\/wp-content\/uploads\/sites\/40\/T4E\/zdj1-1024x768.jpg\" alt=\"\" width=\"640\" height=\"480\" srcset=\"https:\/\/us.edu.pl\/instytut\/ii\/wp-content\/uploads\/sites\/40\/T4E\/zdj1-1024x768.jpg 1024w, https:\/\/us.edu.pl\/instytut\/ii\/wp-content\/uploads\/sites\/40\/T4E\/zdj1-300x225.jpg 300w, https:\/\/us.edu.pl\/instytut\/ii\/wp-content\/uploads\/sites\/40\/T4E\/zdj1-768x576.jpg 768w, https:\/\/us.edu.pl\/instytut\/ii\/wp-content\/uploads\/sites\/40\/T4E\/zdj1-1536x1152.jpg 1536w, https:\/\/us.edu.pl\/instytut\/ii\/wp-content\/uploads\/sites\/40\/T4E\/zdj1-575x431.jpg 575w, https:\/\/us.edu.pl\/instytut\/ii\/wp-content\/uploads\/sites\/40\/T4E\/zdj1.jpg 1600w\" sizes=\"(max-width: 640px) 100vw, 640px\" \/><\/a><br \/>\n<em>Konferencja \u201eTRANSFORMING EUROPE: HOW EUROPEAN UNIVERSITY ALLIANCES SHAPE EUROPE\u2018S FUTURE\u201c z udzia\u0142em Rektor\u00f3w Uniwersytet\u00f3w Sojuszu.<\/em><\/p>\n<p><a href=\"https:\/\/us.edu.pl\/instytut\/ii\/wp-content\/uploads\/sites\/40\/T4E\/zdj2.jpg\"><img class=\"size-large wp-image-1042\" src=\"https:\/\/us.edu.pl\/instytut\/ii\/wp-content\/uploads\/sites\/40\/T4E\/zdj2-1024x768.jpg\" alt=\"\" width=\"640\" height=\"480\" srcset=\"https:\/\/us.edu.pl\/instytut\/ii\/wp-content\/uploads\/sites\/40\/T4E\/zdj2-1024x768.jpg 1024w, https:\/\/us.edu.pl\/instytut\/ii\/wp-content\/uploads\/sites\/40\/T4E\/zdj2-300x225.jpg 300w, https:\/\/us.edu.pl\/instytut\/ii\/wp-content\/uploads\/sites\/40\/T4E\/zdj2-768x576.jpg 768w, https:\/\/us.edu.pl\/instytut\/ii\/wp-content\/uploads\/sites\/40\/T4E\/zdj2-1536x1152.jpg 1536w, https:\/\/us.edu.pl\/instytut\/ii\/wp-content\/uploads\/sites\/40\/T4E\/zdj2-575x431.jpg 575w, https:\/\/us.edu.pl\/instytut\/ii\/wp-content\/uploads\/sites\/40\/T4E\/zdj2.jpg 1600w\" sizes=\"(max-width: 640px) 100vw, 640px\" \/><\/a><br \/>\n<em>Przedstawiciele Uniwersytetu \u015al\u0105skiego uczestnicz\u0105cy w konferencji i spotkaniach warsztatowych.<\/em><\/p>\n<p><a href=\"https:\/\/us.edu.pl\/instytut\/ii\/wp-content\/uploads\/sites\/40\/T4E\/zdj3.jpg\"><img class=\"size-large wp-image-1043\" src=\"https:\/\/us.edu.pl\/instytut\/ii\/wp-content\/uploads\/sites\/40\/T4E\/zdj3-1024x768.jpg\" alt=\"\" width=\"640\" height=\"480\" srcset=\"https:\/\/us.edu.pl\/instytut\/ii\/wp-content\/uploads\/sites\/40\/T4E\/zdj3-1024x768.jpg 1024w, https:\/\/us.edu.pl\/instytut\/ii\/wp-content\/uploads\/sites\/40\/T4E\/zdj3-300x225.jpg 300w, https:\/\/us.edu.pl\/instytut\/ii\/wp-content\/uploads\/sites\/40\/T4E\/zdj3-768x576.jpg 768w, https:\/\/us.edu.pl\/instytut\/ii\/wp-content\/uploads\/sites\/40\/T4E\/zdj3-1536x1152.jpg 1536w, https:\/\/us.edu.pl\/instytut\/ii\/wp-content\/uploads\/sites\/40\/T4E\/zdj3-575x431.jpg 575w, https:\/\/us.edu.pl\/instytut\/ii\/wp-content\/uploads\/sites\/40\/T4E\/zdj3.jpg 2048w\" sizes=\"(max-width: 640px) 100vw, 640px\" \/><\/a><br \/>\n<em>Spotkanie \u201eINNOVATIVE TEACHING AND CURRICULA\u201d.<\/em>[\/vc_column_text][\/vc_tta_section][vc_tta_section title=&#8221;26th International Conference on Knowledge-Based and Intelligent Information &amp; Engineering Systems (KES2022)&#8221; tab_id=&#8221;1665859147185-4987eb12-e260&#8243;][vc_column_text]Pracownicy Instytutu Informatyki oraz doktoranci aktywnie uczestniczyli w cyklicznej mi\u0119dzynarodowej konferencji <strong>KES 2022<\/strong>, <a href=\"http:\/\/kes2022.kesinternational.org\/index.php\">http:\/\/kes2022.kesinternational.org\/index.php<\/a>, kt\u00f3ra odby\u0142a si\u0119 w dniach 7-9 wrze\u015bnia 2022 w Weronie.<\/p>\n<p>Zorganizowane zosta\u0142y trzy sesje naukowe:<\/p>\n<ul>\n<li>Classification, Forecasting and Decision Support,<\/li>\n<li>Knowledge Engineering and Data Mining,<\/li>\n<li>Complex and Dispersed Classifiers,<\/li>\n<\/ul>\n<p>oraz wyg\u0142oszonych zosta\u0142o\u00a0 13 \u00a0referat\u00f3w naukowych zwi\u0105zanych z badaniami prowadzonymi przez pracownik\u00f3w Instytutu.<\/p>\n<p>By\u0142 to cenny czas wymiany do\u015bwiadcze\u0144 i poszerzania kontakt\u00f3w naukowych.<\/p>\n<p><em>Zdj\u0119cia:<\/em><\/p>\n<p><a href=\"https:\/\/us.edu.pl\/instytut\/ii\/wp-content\/uploads\/sites\/40\/KES2022\/sesja-scaled.jpg\"><img class=\"alignnone size-large wp-image-1021\" src=\"https:\/\/us.edu.pl\/instytut\/ii\/wp-content\/uploads\/sites\/40\/KES2022\/sesja-769x1024.jpg\" alt=\"Dr hab. Agnieszka Nowak-Brzezi\u0144ska\" width=\"640\" height=\"852\" srcset=\"https:\/\/us.edu.pl\/instytut\/ii\/wp-content\/uploads\/sites\/40\/KES2022\/sesja-769x1024.jpg 769w, https:\/\/us.edu.pl\/instytut\/ii\/wp-content\/uploads\/sites\/40\/KES2022\/sesja-225x300.jpg 225w, https:\/\/us.edu.pl\/instytut\/ii\/wp-content\/uploads\/sites\/40\/KES2022\/sesja-768x1023.jpg 768w, https:\/\/us.edu.pl\/instytut\/ii\/wp-content\/uploads\/sites\/40\/KES2022\/sesja-1153x1536.jpg 1153w, https:\/\/us.edu.pl\/instytut\/ii\/wp-content\/uploads\/sites\/40\/KES2022\/sesja-1538x2048.jpg 1538w, https:\/\/us.edu.pl\/instytut\/ii\/wp-content\/uploads\/sites\/40\/KES2022\/sesja-432x575.jpg 432w, https:\/\/us.edu.pl\/instytut\/ii\/wp-content\/uploads\/sites\/40\/KES2022\/sesja-scaled.jpg 1922w\" sizes=\"(max-width: 640px) 100vw, 640px\" \/><\/a><br \/>\nDr hab. Agnieszka Nowak-Brzezi\u0144ska prowadzi sesje naukow\u0105 \u201eKnowledge Engineering and Data Mining\u201d<\/p>\n<p><a href=\"https:\/\/us.edu.pl\/instytut\/ii\/wp-content\/uploads\/sites\/40\/KES2022\/rejestracja.jpg\"><img class=\"alignnone size-large wp-image-1020\" src=\"https:\/\/us.edu.pl\/instytut\/ii\/wp-content\/uploads\/sites\/40\/KES2022\/rejestracja-1024x498.jpg\" alt=\"Rejestracja na konferencji KES\" width=\"640\" height=\"311\" srcset=\"https:\/\/us.edu.pl\/instytut\/ii\/wp-content\/uploads\/sites\/40\/KES2022\/rejestracja-1024x498.jpg 1024w, https:\/\/us.edu.pl\/instytut\/ii\/wp-content\/uploads\/sites\/40\/KES2022\/rejestracja-300x146.jpg 300w, https:\/\/us.edu.pl\/instytut\/ii\/wp-content\/uploads\/sites\/40\/KES2022\/rejestracja-768x373.jpg 768w, https:\/\/us.edu.pl\/instytut\/ii\/wp-content\/uploads\/sites\/40\/KES2022\/rejestracja-1536x747.jpg 1536w, https:\/\/us.edu.pl\/instytut\/ii\/wp-content\/uploads\/sites\/40\/KES2022\/rejestracja-575x280.jpg 575w, https:\/\/us.edu.pl\/instytut\/ii\/wp-content\/uploads\/sites\/40\/KES2022\/rejestracja.jpg 1837w\" sizes=\"(max-width: 640px) 100vw, 640px\" \/><\/a><br \/>\nRejestracja na konferencji KES prowadzona przez organizator\u00f3w<\/p>\n<p><a href=\"https:\/\/us.edu.pl\/instytut\/ii\/wp-content\/uploads\/sites\/40\/KES2022\/WzgorzePiotra-scaled.jpg\"><img class=\"alignnone size-large wp-image-1022\" src=\"https:\/\/us.edu.pl\/instytut\/ii\/wp-content\/uploads\/sites\/40\/KES2022\/WzgorzePiotra-1024x769.jpg\" alt=\"Wzg\u00f3rze \u015bw. Piotra\" width=\"640\" height=\"481\" srcset=\"https:\/\/us.edu.pl\/instytut\/ii\/wp-content\/uploads\/sites\/40\/KES2022\/WzgorzePiotra-1024x769.jpg 1024w, https:\/\/us.edu.pl\/instytut\/ii\/wp-content\/uploads\/sites\/40\/KES2022\/WzgorzePiotra-300x225.jpg 300w, https:\/\/us.edu.pl\/instytut\/ii\/wp-content\/uploads\/sites\/40\/KES2022\/WzgorzePiotra-768x577.jpg 768w, https:\/\/us.edu.pl\/instytut\/ii\/wp-content\/uploads\/sites\/40\/KES2022\/WzgorzePiotra-1536x1153.jpg 1536w, https:\/\/us.edu.pl\/instytut\/ii\/wp-content\/uploads\/sites\/40\/KES2022\/WzgorzePiotra-2048x1538.jpg 2048w, https:\/\/us.edu.pl\/instytut\/ii\/wp-content\/uploads\/sites\/40\/KES2022\/WzgorzePiotra-575x432.jpg 575w\" sizes=\"(max-width: 640px) 100vw, 640px\" \/><\/a><br \/>\nWzg\u00f3rze \u015bw. Piotra<\/p>\n<p><a href=\"https:\/\/us.edu.pl\/instytut\/ii\/wp-content\/uploads\/sites\/40\/KES2022\/plac-Erbe-scaled.jpg\"><img class=\"alignnone size-large wp-image-1019\" src=\"https:\/\/us.edu.pl\/instytut\/ii\/wp-content\/uploads\/sites\/40\/KES2022\/plac-Erbe-769x1024.jpg\" alt=\"Piazza delle Erbe\" width=\"640\" height=\"852\" srcset=\"https:\/\/us.edu.pl\/instytut\/ii\/wp-content\/uploads\/sites\/40\/KES2022\/plac-Erbe-769x1024.jpg 769w, https:\/\/us.edu.pl\/instytut\/ii\/wp-content\/uploads\/sites\/40\/KES2022\/plac-Erbe-225x300.jpg 225w, https:\/\/us.edu.pl\/instytut\/ii\/wp-content\/uploads\/sites\/40\/KES2022\/plac-Erbe-768x1023.jpg 768w, https:\/\/us.edu.pl\/instytut\/ii\/wp-content\/uploads\/sites\/40\/KES2022\/plac-Erbe-1153x1536.jpg 1153w, https:\/\/us.edu.pl\/instytut\/ii\/wp-content\/uploads\/sites\/40\/KES2022\/plac-Erbe-1538x2048.jpg 1538w, https:\/\/us.edu.pl\/instytut\/ii\/wp-content\/uploads\/sites\/40\/KES2022\/plac-Erbe-432x575.jpg 432w, https:\/\/us.edu.pl\/instytut\/ii\/wp-content\/uploads\/sites\/40\/KES2022\/plac-Erbe-scaled.jpg 1922w\" sizes=\"(max-width: 640px) 100vw, 640px\" \/><\/a><br \/>\nPiazza delle Erbe, czyli najstarszy plac targowy w Weronie (widok na wie\u017c\u0119 Torre dei Lamberti)[\/vc_column_text][\/vc_tta_section][vc_tta_section title=&#8221;9th Iranian Joint Congress on Fuzzy and Intelligent Systems (CFIS2022)&#8221; tab_id=&#8221;1646038801815-4ac9ad2b-92df&#8221;][vc_column_text]Profesor dr hab. Micha\u0142 Baczy\u0144ski reprezentuje Instytuty Informatyki oraz Matematyki U\u015a w ramach mi\u0119dzynarodowej konferencji <strong>&#8222;<\/strong><b>The 9th Iranian Joint Congress on Fuzzy and Intelligent Systems&#8221;<\/b> (CFIS2022) &#8211;<a class=\"moz-txt-link-freetext\" href=\"https:\/\/cfis2022.bam.ac.ir\/en\/\"> https:\/\/cfis2022.bam.ac.ir\/en\/<\/a>, kt\u00f3ra w tym rok odbywa\u0107 si\u0119 b\u0119dzie w spos\u00f3b hybrydowy od 2 do 4 marca 2022 r.<\/p>\n<p>Profesor Baczy\u0144ski na zaproszenie organizator\u00f3w kongresu wyg\u0142osi referat plenarny pt. <strong>&#8222;Overview of new families of fuzzy implications and their applications in fuzzy systems&#8221;<\/strong>.<\/p>\n<p>Referat b\u0119dzie dotyczy\u0142 m.in. aktualnych bada\u0144 grupy badawczej kierowanej przez prof. Baczy\u0144skiego, zwi\u0105zanych z wielowarto\u015bciowymi sp\u00f3jnikami logicznymi stosowanymi w systemach inteligentnych.<\/p>\n<p>Streszczenie odczytu jest dost\u0119pne na poni\u017cszej stronie Internetowej<br \/>\n<a class=\"moz-txt-link-freetext\" href=\"https:\/\/cfis2022.bam.ac.ir\/en\/page.php?rid=69\">https:\/\/cfis2022.bam.ac.ir\/en\/page.php?rid=69<\/a><\/p>\n<p>Kongres jest organizowany we wsp\u00f3\u0142pracy z dwoma towarzystwami naukowymi: &#8222;Iranian Fuzzy Systems Society&#8221; oraz&#8221; Iranian Intelligent Systems of Scientific Society&#8221; i sk\u0142ada si\u0119 z trzech cyklicznych konferencji:<br \/>\n1) 20th Iranian Conference on Fuzzy Systems (ICFS2022),<br \/>\n2) 18th Conference on Intelligent Systems (CIS2022),<br \/>\n3) 5th Swarm Intelligence and Evolutionary Computation Conference (CSIEC2022).<\/p>\n<p>O<span class=\"VIiyi\" lang=\"pl\"><span class=\"JLqJ4b\" data-language-for-alternatives=\"pl\" data-language-to-translate-into=\"en\" data-phrase-index=\"0\" data-number-of-phrases=\"1\">bejmuje on sesje prowadzone zar\u00f3wno w j\u0119zyku perskim i angielskim.<\/span><\/span><\/p>\n<p>Celem kongresu CFIS2022 jest zgromadzenie uczonych oraz os\u00f3b pracuj\u0105cych w przemy\u015ble zajmuj\u0105cych si\u0119 teori\u0105 i zastosowaniami metod inteligencji obliczeniowej, w tym logiki rozmytej, system\u00f3w ewolucyjnych i obszar\u00f3w pokrewnych.<b><br \/>\n<\/b>[\/vc_column_text][\/vc_tta_section][vc_tta_section title=&#8221;11th International Conference \u201cComputer Recognition Systems\u201d (CORES2019)&#8221; tab_id=&#8221;1646087270506-a0e6c917-5b6c&#8221;][vc_column_text]Profesor dr hab. Piotr Porwik z Instytutu Informatyki U\u015a zosta\u0142 zaproszony przez mi\u0119dzynarodowy komitet organizacyjny <strong>the 11th Int. Conf. \u201cComputer Recognition Systems\u201d<\/strong> (CORES 2019) <a href=\"http:\/\/cores.pwr.wroc.pl\/2019\/\">http:\/\/cores.pwr.wroc.pl\/2019\/<\/a>\u00a0 jako m\u00f3wca plenarny. To znacz\u0105ce wyr\u00f3\u017cnienie.<\/p>\n<p>Profesor Porwik wyg\u0142osi referat plenarny pt.\u00a0<strong>\u201cMachine learning <\/strong><strong>approach<\/strong><strong> in <\/strong><strong>biometrics<\/strong><strong> and medicine\u201d<\/strong>.<\/p>\n<p>Streszczenie referatu plenarnego jest dost\u0119pne na wymienionej powy\u017cej stronie internetowej. W referacie b\u0119d\u0105 przedstawiane aktualne badania profesora.<\/p>\n<p>Mi\u0119dzynarodowa konferencja CORES jest organizowana cykliczne i skupia uczonych zajmuj\u0105cych si\u0119 zagadnieniami rozpoznawania wzorc\u00f3w, uczeniem maszynowym, ekstrakcj\u0105 i selekcj\u0105 cech obiekt\u00f3w oraz sztuczn\u0105 inteligencj\u0105. Do wyg\u0142aszania konferencyjnych referat\u00f3w plenarnych zapraszani s\u0105 uznani specjali\u015bci w danej dziedzinie. Wszystkie sesje s\u0105 prowadzone w j\u0119zyku angielskim. Profesor P. Porwik wielokrotnie uczestniczy\u0142 w poszczeg\u00f3lnych edycjach tej konferencji.[\/vc_column_text][\/vc_tta_section][\/vc_tta_accordion][\/vc_column][\/vc_row]<\/p>","protected":false},"excerpt":{"rendered":"<p>[vc_row][vc_column][vc_tta_accordion active_section=&#8221;-1&#8243; collapsible_all=&#8221;true&#8221; title=&#8221;Referaty na konferencjach&#8221;][vc_tta_section title=&#8221;TRANSFORM4EUROPE &#8211; ZGROMADZENIE STRATEGICZNE W SAARBR\u00dcCKEN&#8221; tab_id=&#8221;1667767423143-b64ab57a-d138&#8243;][vc_column_text]W daniach 17-19 pa\u017adziernika na Uniwersytecie w Saarbrucken odby\u0142o si\u0119 spotkanie przedstawicieli wszystkich uniwersytet\u00f3w zaanga\u017cowanych w dzia\u0142ania konsorcjum T4EU: TRANSFORM4EUROPE &#8211; ZGROMADZENIE STRATEGICZNE. Spotkania odbywa\u0142y si\u0119 zar\u00f3wno w ramach zespo\u0142\u00f3w zarz\u0105dczych jak i grup eksperckich konsorcjum T4EU oraz samorz\u0105du studenckiego. Celem obrad by\u0142y [&#8230;]<\/p>\n<p><a class=\"btn btn-secondary understrap-read-more-link\" href=\"https:\/\/us.edu.pl\/instytut\/ii\/badania-i-nauka\/referaty-na-konferencjach\/\">Read More&#8230;<\/a><\/p>\n","protected":false},"author":190,"featured_media":0,"parent":132,"menu_order":0,"comment_status":"closed","ping_status":"closed","template":"page-templates\/inner-page.php","meta":{"_expiration-date-status":"","_expiration-date":0,"_expiration-date-type":"","_expiration-date-categories":[],"_expiration-date-options":[]},"acf":[],"_links":{"self":[{"href":"https:\/\/us.edu.pl\/instytut\/ii\/wp-json\/wp\/v2\/pages\/876"}],"collection":[{"href":"https:\/\/us.edu.pl\/instytut\/ii\/wp-json\/wp\/v2\/pages"}],"about":[{"href":"https:\/\/us.edu.pl\/instytut\/ii\/wp-json\/wp\/v2\/types\/page"}],"author":[{"embeddable":true,"href":"https:\/\/us.edu.pl\/instytut\/ii\/wp-json\/wp\/v2\/users\/190"}],"replies":[{"embeddable":true,"href":"https:\/\/us.edu.pl\/instytut\/ii\/wp-json\/wp\/v2\/comments?post=876"}],"version-history":[{"count":10,"href":"https:\/\/us.edu.pl\/instytut\/ii\/wp-json\/wp\/v2\/pages\/876\/revisions"}],"predecessor-version":[{"id":1044,"href":"https:\/\/us.edu.pl\/instytut\/ii\/wp-json\/wp\/v2\/pages\/876\/revisions\/1044"}],"up":[{"embeddable":true,"href":"https:\/\/us.edu.pl\/instytut\/ii\/wp-json\/wp\/v2\/pages\/132"}],"wp:attachment":[{"href":"https:\/\/us.edu.pl\/instytut\/ii\/wp-json\/wp\/v2\/media?parent=876"}],"curies":[{"name":"wp","href":"https:\/\/api.w.org\/{rel}","templated":true}]}}