{"id":1248,"date":"2020-11-23T11:37:27","date_gmt":"2020-11-23T10:37:27","guid":{"rendered":"https:\/\/us.edu.pl\/instytut\/iib\/?page_id=1248"},"modified":"2025-10-27T10:30:08","modified_gmt":"2025-10-27T09:30:08","slug":"zespol-badawczy","status":"publish","type":"page","link":"https:\/\/us.edu.pl\/instytut\/iib\/badaniainauka\/zespol-badawczy\/","title":{"rendered":"Zesp\u00f3\u0142 badawczy"},"content":{"rendered":"<p>[vc_row][vc_column][vc_column_text][\/vc_column_text][\/vc_column][\/vc_row][vc_row][vc_column][vc_column_text][\/vc_column_text][\/vc_column][\/vc_row][vc_row][vc_column]\r\n                <div class=\"text-modules\">\r\n                    <div class=\"container\">\r\n                        \r\n                        <div class=\"text-modules__content\"><\/p>\n<p style=\"text-align: center;\"><span style=\"font-size: 14pt;\"><strong>Zesp\u00f3\u0142 badawczy Instytutu In\u017cynierii Biomedycznej<\/strong><\/span><\/p>\n<p style=\"text-align: center;\"><span style=\"font-size: 14pt;\">Tematyka bada\u0144:<\/span><\/p>\n<p style=\"text-align: center;\"><span style=\"font-size: 14pt;\"><strong>Metody in\u017cynierii biomedycznej w diagnostyce i terapii oraz w badaniach in vitro<\/strong><\/span><\/p>\n<p style=\"text-align: center;\"><span style=\"font-size: 14pt;\">Lider zespo\u0142u:<\/span><\/p>\n<p style=\"text-align: center;\"><span style=\"font-size: 14pt;\"><a href=\"https:\/\/us.edu.pl\/instytut\/iib\/prof-dr-hab-n-med-armand-cholewka\/\"><strong>prof. dr hab. n. med. Armand Cholewka<\/strong><\/a><\/span><\/p>\n<p style=\"text-align: center;\"><span style=\"font-size: 14pt;\">Biuro Obs\u0142ugi i Ewaluacji Instytutu In\u017cynierii Biomedycznej:<\/span><\/p>\n<p style=\"text-align: center;\"><span style=\"font-size: 14pt;\"><strong>mgr Ma\u0142gorzata Kasprzyk<\/strong><\/span><\/p>\n<p>\n<\/div>\r\n                    <\/div>\r\n                <\/div>[\/vc_column][\/vc_row][vc_row][vc_column]\r\n\r\n            <div class=\"blocks\" style=\"text-align: center\">\r\n               <div class=\"container\">\r\n                  <div class=\"page-title\">Grupy badawcze KAMPUS CHORZOWSKI<\/div>\r\n                  <div class=\"row m-0 blocks_3\">\r\n                  \r\n                     <a href=\"https:\/\/us.edu.pl\/instytut\/iib\/grupa-badawcza-zastosowan-termowizji-i-termografii-w-medycynie\/\" class=\"thumbnail blocks__item\" style=\"background-image: url(https:\/\/us.edu.pl\/instytut\/iib\/wp-content\/uploads\/sites\/41\/2023\/09\/ArmandCholweka_ow-e1736948368596.jpg)\">\r\n                        <span>wi\u0119cej<\/span>\r\n                        <div class=\"blocks__bottom\">\r\n                        <div class=\"blocks__title\">Zastosowa\u0144 termowizji i termografii w medycynie<\/div>\r\n                        <div class=\"blocks__subtitle\">Kierownik prof. dr hab. n. med. Armand Cholewka<\/div>\r\n                        <\/div>\r\n                     <\/a>\r\n                  \r\n                     <a href=\"https:\/\/us.edu.pl\/instytut\/iib\/grupa-badawcza-chorob-oczu-i-drogi-wzrokowej\/\" class=\"thumbnail blocks__item\" style=\"background-image: url(https:\/\/us.edu.pl\/instytut\/iib\/wp-content\/uploads\/sites\/41\/Nieprzypisane\/prof.-Tarnawska-4-680x1024.jpg)\">\r\n                        <span>wi\u0119cej<\/span>\r\n                        <div class=\"blocks__bottom\">\r\n                        <div class=\"blocks__title\">Chor\u00f3b oczu i drogi wzrokowej<\/div>\r\n                        <div class=\"blocks__subtitle\">Kierownik prof. dr hab. n. med. Dorota Tarnawska<\/div>\r\n                        <\/div>\r\n                     <\/a>\r\n                  \r\n                     <a href=\"https:\/\/us.edu.pl\/instytut\/iib\/grupa-badawcza-diagnostyki-medycznej-i-molekularnej\/\" class=\"thumbnail blocks__item\" style=\"background-image: url(https:\/\/us.edu.pl\/instytut\/iib\/wp-content\/uploads\/sites\/41\/Nieprzypisane\/AJS1436_fot-Julia-Agnieszka-Szymala-2.jpg)\">\r\n                        <span>wi\u0119cej<\/span>\r\n                        <div class=\"blocks__bottom\">\r\n                        <div class=\"blocks__title\">Diagnostyki medycznej i molekularnej<\/div>\r\n                        <div class=\"blocks__subtitle\">Kierownik dr hab. Andrzej Swinarew, prof. U\u015a, prof. AWF<\/div>\r\n                        <\/div>\r\n                     <\/a>\r\n                  \r\n                     <a href=\"https:\/\/us.edu.pl\/instytut\/iib\/grupa-badawcza-sygnalow-biomedycznych-w-neuronauce-funkcjonowanie-mozgu-i-ciala\/\" class=\"thumbnail blocks__item\" style=\"background-image: url(https:\/\/us.edu.pl\/instytut\/iib\/wp-content\/uploads\/sites\/41\/Nieprzypisane\/Karina.jpg)\">\r\n                        <span>wi\u0119cej<\/span>\r\n                        <div class=\"blocks__bottom\">\r\n                        <div class=\"blocks__title\"> Sygna\u0142\u00f3w biomedycznych w neuronauce: funkcjonowanie m\u00f3zgu i cia\u0142a<\/div>\r\n                        <div class=\"blocks__subtitle\">Kierownik dr Karina Maciejewska, prof. U\u015a<\/div>\r\n                        <\/div>\r\n                     <\/a>\r\n                  \r\n                     <a href=\"https:\/\/us.edu.pl\/instytut\/iib\/grupa-badawcza-zastosowan-sztucznej-inteligencji-i-przetwarzania-biosygnalow\/\" class=\"thumbnail blocks__item\" style=\"background-image: url(https:\/\/us.edu.pl\/instytut\/iib\/wp-content\/uploads\/sites\/41\/Nieprzypisane\/Micha\u0142-Mierzwa_-e1736948500153-898x1024.jpg)\">\r\n                        <span>wi\u0119cej<\/span>\r\n                        <div class=\"blocks__bottom\">\r\n                        <div class=\"blocks__title\">Zastosowa\u0144 sztucznej inteligencji i przetwarzania biosygna\u0142\u00f3w<\/div>\r\n                        <div class=\"blocks__subtitle\">Kierownik dr hab. in\u017c. Micha\u0142 Mierzwa, prof. U\u015a<\/div>\r\n                        <\/div>\r\n                     <\/a>\r\n                  \r\n                     <a href=\"https:\/\/us.edu.pl\/instytut\/iib\/grupa-badawcza-medycyny-sportu\/\" class=\"thumbnail blocks__item\" style=\"background-image: url(https:\/\/us.edu.pl\/instytut\/iib\/wp-content\/uploads\/sites\/41\/Nieprzypisane\/Kasprzyk-Kucewicz-863x1024.png)\">\r\n                        <span>wi\u0119cej<\/span>\r\n                        <div class=\"blocks__bottom\">\r\n                        <div class=\"blocks__title\">Medycyny sportu<\/div>\r\n                        <div class=\"blocks__subtitle\">Kierownik dr in\u017c. Teresa Kasprzyk-Kucewicz, prof. U\u015a<\/div>\r\n                        <\/div>\r\n                     <\/a>\r\n                  \r\n                     <a href=\"https:\/\/us.edu.pl\/instytut\/iib\/grupa-badawcza-nowych-strategii-diagnostycznych-i-terapeutycznych-w-medycynie\/\" class=\"thumbnail blocks__item\" style=\"background-image: url(https:\/\/us.edu.pl\/instytut\/iib\/wp-content\/uploads\/sites\/41\/Nieprzypisane\/dr-agnieszka-Szurko-1-768x1024.jpg)\">\r\n                        <span>wi\u0119cej<\/span>\r\n                        <div class=\"blocks__bottom\">\r\n                        <div class=\"blocks__title\">Nowych strategii diagnostycznych i terapeutycznych w medycynie<\/div>\r\n                        <div class=\"blocks__subtitle\">Kierownik dr Agnieszka Szurko, prof. U\u015a<\/div>\r\n                        <\/div>\r\n                     <\/a><\/div>     \r\n               <\/div>\r\n            <\/div>\r\n\r\n            <div class=\"blocks\" style=\"text-align: center\">\r\n               <div class=\"container\">\r\n                  <div class=\"page-title\">Grupy badawcze KAMPUS SOSNOWIECKI<\/div>\r\n                  <div class=\"row m-0 blocks_3\">\r\n                  \r\n                     <a href=\"https:\/\/us.edu.pl\/instytut\/iib\/grupa-badawcza-analizy-i-przetwarzania-obrazow-medycznych\/\" class=\"thumbnail blocks__item\" style=\"background-image: url(https:\/\/us.edu.pl\/instytut\/iib\/wp-content\/uploads\/sites\/41\/Nieprzypisane\/prof.-Koprowski-1024x707.jpg)\">\r\n                        <span>wi\u0119cej<\/span>\r\n                        <div class=\"blocks__bottom\">\r\n                        <div class=\"blocks__title\">Analizy i przetwarzania obraz\u00f3w medycznych<\/div>\r\n                        <div class=\"blocks__subtitle\">Kierownik prof. dr hab. in\u017c. Robert Koprowski<\/div>\r\n                        <\/div>\r\n                     <\/a>\r\n                  \r\n                     <a href=\"https:\/\/us.edu.pl\/instytut\/iib\/grupa-badawcza-ortopedii-i-traumatologii\/\" class=\"thumbnail blocks__item\" style=\"background-image: url(https:\/\/us.edu.pl\/instytut\/iib\/wp-content\/uploads\/sites\/41\/Bez-kategorii\/dr-Tomaszewski.png)\">\r\n                        <span>wi\u0119cej<\/span>\r\n                        <div class=\"blocks__bottom\">\r\n                        <div class=\"blocks__title\">Ortopedii i traumatologii<\/div>\r\n                        <div class=\"blocks__subtitle\">Kierownik dr hab. n. med. Ryszard Tomaszewski, prof. U\u015a, prof. \u015aUM<\/div>\r\n                        <\/div>\r\n                     <\/a>\r\n                  \r\n                     <a href=\"https:\/\/us.edu.pl\/instytut\/iib\/grupa-badawcza-systemow-sensorowych\/\" class=\"thumbnail blocks__item\" style=\"background-image: url(https:\/\/us.edu.pl\/instytut\/iib\/wp-content\/uploads\/sites\/41\/Nieprzypisane\/Pawel_Janik2.jpg)\">\r\n                        <span>wi\u0119cej<\/span>\r\n                        <div class=\"blocks__bottom\">\r\n                        <div class=\"blocks__title\">System\u00f3w sensorowych<\/div>\r\n                        <div class=\"blocks__subtitle\">Kierownik dr Pawe\u0142 Janik<\/div>\r\n                        <\/div>\r\n                     <\/a>\r\n                  \r\n                     <a href=\"https:\/\/us.edu.pl\/instytut\/iib\/grupa-badawcza-smart-opatrunkow-i-inteligentnego-dozowania-lekow\/\" class=\"thumbnail blocks__item\" style=\"background-image: url(https:\/\/us.edu.pl\/instytut\/iib\/wp-content\/uploads\/sites\/41\/Nieprzypisane\/Malgorzata_Janik2.jpg)\">\r\n                        <span>wi\u0119cej<\/span>\r\n                        <div class=\"blocks__bottom\">\r\n                        <div class=\"blocks__title\">Smart opatrunk\u00f3w i inteligentnego dozowania lek\u00f3w<\/div>\r\n                        <div class=\"blocks__subtitle\">Kierownik dr Ma\u0142gorzata Janik<\/div>\r\n                        <\/div>\r\n                     <\/a>\r\n                  \r\n                     <a href=\"https:\/\/us.edu.pl\/instytut\/iib\/grupa-badawcza-zastosowan-mikrotomografii-komputerowej-w-medycynie-i-farmacji\/\" class=\"thumbnail blocks__item\" style=\"background-image: url(https:\/\/us.edu.pl\/instytut\/iib\/wp-content\/uploads\/sites\/41\/Nieprzypisane\/P.-Duda.jpg)\">\r\n                        <span>wi\u0119cej<\/span>\r\n                        <div class=\"blocks__bottom\">\r\n                        <div class=\"blocks__title\">Zastosowa\u0144 mikrotomografii komputerowej w medycynie i farmacji<\/div>\r\n                        <div class=\"blocks__subtitle\">Kierownik dr in\u017c. Piotr Duda, prof. U\u015a<\/div>\r\n                        <\/div>\r\n                     <\/a>\r\n                  \r\n                     <a href=\"https:\/\/us.edu.pl\/instytut\/iib\/grupa-badawcza-analizy-i-modelowania-powierzchni-biomaterialow\/\" class=\"thumbnail blocks__item\" style=\"background-image: url(https:\/\/us.edu.pl\/instytut\/iib\/wp-content\/uploads\/sites\/41\/Nieprzypisane\/Sebastian-Stach_DSC_2950-1-820x1024.jpg)\">\r\n                        <span>wi\u0119cej<\/span>\r\n                        <div class=\"blocks__bottom\">\r\n                        <div class=\"blocks__title\">Analizy i modelowania powierzchni biomateria\u0142\u00f3w<\/div>\r\n                        <div class=\"blocks__subtitle\">Kierownik dr hab. Sebastian Stach, prof. U\u015a<\/div>\r\n                        <\/div>\r\n                     <\/a>\r\n                  \r\n                     <a href=\"https:\/\/us.edu.pl\/instytut\/iib\/grupa-badawcza-inteligentnych-metod-przetwarzania-danych-medycznych\/\" class=\"thumbnail blocks__item\" style=\"background-image: url(https:\/\/us.edu.pl\/instytut\/iib\/wp-content\/uploads\/sites\/41\/Bez-kategorii\/reface-2025-01-09-08-30-38-336.jpg)\">\r\n                        <span>wi\u0119cej<\/span>\r\n                        <div class=\"blocks__bottom\">\r\n                        <div class=\"blocks__title\">Inteligentnych metod przetwarzania danych medycznych<\/div>\r\n                        <div class=\"blocks__subtitle\">Kierownik dr in\u017c. Pawe\u0142 Popielski<\/div>\r\n                        <\/div>\r\n                     <\/a><\/div>     \r\n               <\/div>\r\n            <\/div>[\/vc_column][\/vc_row][vc_row][vc_column][vc_column_text][\/vc_column_text][\/vc_column][\/vc_row][vc_row][vc_column][vc_column_text][\/vc_column_text][\/vc_column][\/vc_row]<\/p>","protected":false},"excerpt":{"rendered":"<p>[vc_row][vc_column][vc_column_text][\/vc_column_text][\/vc_column][\/vc_row][vc_row][vc_column][vc_column_text][\/vc_column_text][\/vc_column][\/vc_row][vc_row][vc_column][\/vc_column][\/vc_row][vc_row][vc_column][\/vc_column][\/vc_row][vc_row][vc_column][vc_column_text][\/vc_column_text][\/vc_column][\/vc_row][vc_row][vc_column][vc_column_text][\/vc_column_text][\/vc_column][\/vc_row] [&#8230;]<\/p>\n<p><a class=\"btn btn-secondary understrap-read-more-link\" href=\"https:\/\/us.edu.pl\/instytut\/iib\/badaniainauka\/zespol-badawczy\/\">Read More&#8230;<\/a><\/p>\n","protected":false},"author":128,"featured_media":0,"parent":196,"menu_order":1,"comment_status":"closed","ping_status":"closed","template":"page-templates\/inner-page.php","meta":{"_expiration-date-status":"","_expiration-date":0,"_expiration-date-type":"","_expiration-date-categories":[],"_expiration-date-options":[]},"acf":[],"_links":{"self":[{"href":"https:\/\/us.edu.pl\/instytut\/iib\/wp-json\/wp\/v2\/pages\/1248"}],"collection":[{"href":"https:\/\/us.edu.pl\/instytut\/iib\/wp-json\/wp\/v2\/pages"}],"about":[{"href":"https:\/\/us.edu.pl\/instytut\/iib\/wp-json\/wp\/v2\/types\/page"}],"author":[{"embeddable":true,"href":"https:\/\/us.edu.pl\/instytut\/iib\/wp-json\/wp\/v2\/users\/128"}],"replies":[{"embeddable":true,"href":"https:\/\/us.edu.pl\/instytut\/iib\/wp-json\/wp\/v2\/comments?post=1248"}],"version-history":[{"count":10,"href":"https:\/\/us.edu.pl\/instytut\/iib\/wp-json\/wp\/v2\/pages\/1248\/revisions"}],"predecessor-version":[{"id":5501,"href":"https:\/\/us.edu.pl\/instytut\/iib\/wp-json\/wp\/v2\/pages\/1248\/revisions\/5501"}],"up":[{"embeddable":true,"href":"https:\/\/us.edu.pl\/instytut\/iib\/wp-json\/wp\/v2\/pages\/196"}],"wp:attachment":[{"href":"https:\/\/us.edu.pl\/instytut\/iib\/wp-json\/wp\/v2\/media?parent=1248"}],"curies":[{"name":"wp","href":"https:\/\/api.w.org\/{rel}","templated":true}]}}