{"id":1343,"date":"2020-11-27T13:38:56","date_gmt":"2020-11-27T12:38:56","guid":{"rendered":"https:\/\/us.edu.pl\/instytut\/iib\/?page_id=1343"},"modified":"2025-08-11T11:25:03","modified_gmt":"2025-08-11T09:25:03","slug":"dr-hab-andrzej-swinarew-prof-us","status":"publish","type":"page","link":"https:\/\/us.edu.pl\/instytut\/iib\/dr-hab-andrzej-swinarew-prof-us\/","title":{"rendered":"Dr hab. Andrzej Swinarew, prof. U\u015a, prof. AWF"},"content":{"rendered":"<p>[vc_row][vc_column][vc_column_text][\/vc_column_text][\/vc_column][\/vc_row][vc_row][vc_column][vc_single_image image=&#8221;1920&#8243; img_size=&#8221;medium&#8221; alignment=&#8221;center&#8221; style=&#8221;vc_box_shadow_3d&#8221; css_animation=&#8221;left-to-right&#8221; title=&#8221;Dr hab. Andrzej Swinarew, prof. U\u015a, prof. AWF&#8221;][vc_separator color=&#8221;black&#8221; style=&#8221;shadow&#8221; border_width=&#8221;2&#8243; css_animation=&#8221;slideInLeft&#8221;][vc_tta_tabs][vc_tta_section i_icon_fontawesome=&#8221;fas fa-angle-right&#8221; add_icon=&#8221;true&#8221; title=&#8221;POLISH&#8221; tab_id=&#8221;1754561978867-c85f3564-08b3&#8243;]\r\n                <div class=\"text-modules reverse\">\r\n                    <div class=\"container\">\r\n                         \r\n                        <div class=\"row m-0\">\r\n                            <div class=\"text-modules__content\">\r\n                                <strong>Dr hab. Andrzej Swinarew, prof. U\u015a, prof. AWF<\/strong><\/p>\n<p>Stanowisko: Profesor Uczelni<\/p>\n<p><a href=\"https:\/\/opus.us.edu.pl\/info\/author\/USLcfbb659a37934c5293e838927f32af9e?affil=&amp;r=author&amp;tab=&amp;title=Profil%2Bosoby%2B%25E2%2580%2593%2BAndrzej%2BSzymon%2BSwinarew%2B%25E2%2580%2593%2BUniwersytet%2B%25C5%259Al%25C4%2585ski&amp;lang=pl&amp;qp=\">Profil<\/a><\/p>\n<p><a href=\"https:\/\/opus.us.edu.pl\/info\/author\/USLcfbb659a37934c5293e838927f32af9e?r=publication&amp;affil=&amp;tab=publications&amp;conversationPropagation=begin&amp;sort=&amp;title=Profil%2Bosoby%2B%25E2%2580%2593%2BAndrzej%2BSzymon%2BSwinarew%2B%25E2%2580%2593%2BUniwersytet%2B%25C5%259Al%25C4%2585ski&amp;lang=pl&amp;pn=1\">Publikacje<\/a><\/p>\n<p><a href=\"https:\/\/opus.us.edu.pl\/info\/author\/USLcfbb659a37934c5293e838927f32af9e?r=achievement&amp;affil=&amp;tab=achievement&amp;conversationPropagation=begin&amp;sort=&amp;title=Profil%2Bosoby%2B%25E2%2580%2593%2BAndrzej%2BSzymon%2BSwinarew%2B%25E2%2580%2593%2BUniwersytet%2B%25C5%259Al%25C4%2585ski&amp;lang=pl&amp;pn=1\">Osi\u0105gni\u0119cia<\/a><\/p>\n<p><a href=\"https:\/\/opus.us.edu.pl\/info\/author\/USLcfbb659a37934c5293e838927f32af9e?r=publication&amp;affil=&amp;tab=metrics&amp;conversationPropagation=begin&amp;sort=&amp;title=Profil%2Bosoby%2B%25E2%2580%2593%2BAndrzej%2BSzymon%2BSwinarew%2B%25E2%2580%2593%2BUniwersytet%2B%25C5%259Al%25C4%2585ski&amp;lang=pl&amp;pn=1\">Cytowania<\/a><\/p>\n<p><strong>Sprawowane funkcje:<\/strong><\/p>\n<ul style=\"list-style-type: square;\">\n<li>Cz\u0142onek Rady Naukowej G\u00f3rno\u015bl\u0105skiego Centrum Rehabilitacji im Gen. Jerzego Zi\u0119tka w Reptach<\/li>\n<li>Cz\u0142onek Rady Naukowej Instytutu In\u017cynierii Biomedycznej<\/li>\n<li>Kierownik interdyscyplinarnej grupy badawczej TWAIN przy Wydziale Nauk \u015acis\u0142ych i Technicznych<\/li>\n<li>Zast\u0119pca kierownika Wydzia\u0142owego Laboratorium Mikrotomografii Komputerowej przy Wydziale Nauk \u015acis\u0142ych i Technicznych<\/li>\n<li>Cz\u0142onek \u015al\u0105skiego WOPR przy AWF Katowice<\/li>\n<li>Instruktor Ratownictwa PZM przy Automobilklubie Mys\u0142owickim<\/li>\n<li>Cz\u0142onek Zwyczajny Centrum Prawa Designu, Mody i Reklamy przy Uniwersytecie \u015al\u0105skim<\/li>\n<\/ul>\n<p><strong>Uzyskane stopnie i tytu\u0142y:<\/strong><\/p>\n<p>Dr &#8211; dziedzina nauki techniczne\/dyscyplina in\u017cynieria materia\u0142owa, Uniwersytet \u015al\u0105ski w Katowicach<\/p>\n<p>Dr hab. &#8211; dziedzina nauk in\u017cynieryjno-technicznych\/dyscyplina in\u017cynieria biomedyczna, Instytut Biocybernetyki i In\u017cynierii Biomedycznej im. M. Na\u0142\u0119cza PAN<\/p>\n<p><strong>Kierownik grupy badawczej DIAGNOSTYKI MEDYCZNEJ I MOLEKULARNEJ<\/strong><\/p>\n<p><strong>Zainteresowania naukowe:<\/strong><\/p>\n<p>In\u017cynieria biomedyczna, zastosowanie technik analizy molekularnej w diagnostyce medycznej, nowoczesne materia\u0142y w medycynie, spersonalizowane rusztowania tkankowe, medycyna regeneracyjna, nowoczesne materia\u0142y w sporcie, analiza biomechaniczna w sportach wodnych.<\/p>\n<p><a href=\"https:\/\/ab.us.edu.pl\/emp?id=26592\">Dane kontaktowe<\/a><\/p>\n<p>&nbsp;<\/p>\n<div class=\"mt-3\"><\/div>\r\n                            <\/div>\r\n                            \r\n                            \r\n                        <\/div>\r\n                    <\/div>\r\n                <\/div>[\/vc_tta_section][vc_tta_section i_icon_fontawesome=&#8221;fas fa-angle-right&#8221; add_icon=&#8221;true&#8221; title=&#8221;ENGLISH&#8221; tab_id=&#8221;1754561978877-ae759e3d-8185&#8243;]\r\n                <div class=\"text-modules\">\r\n                    <div class=\"container\">\r\n                        \r\n                        <div class=\"text-modules__content\"><p><strong>Andrzej Swinarew, PhD, Assoc. Prof.<\/strong><\/p>\n<p>Position: Associate Professor<\/p>\n<p><strong>Academic background:<\/strong><\/p>\n<p><span class=\"HwtZe\" lang=\"en\"><span class=\"jCAhz ChMk0b\"><span class=\"ryNqvb\">Ph.D. \u2013 field of technical sciences\/discipline: materials engineering, University of Silesia in Katowice <\/span><\/span><\/span><\/p>\n<p><span class=\"HwtZe\" lang=\"en\"><span class=\"jCAhz ChMk0b\"><span class=\"ryNqvb\">D.Sc.<\/span><\/span> <span class=\"jCAhz ChMk0b\"><span class=\"ryNqvb\">\u2013 field of engineering and technology\/discipline: biomedical engineering, M. Na\u0142\u0119cz Institute of Biocybernetics and Biomedical Engineering, Polish Academy of Sciences<\/span><\/span><\/span><\/p>\n<p><span class=\"HwtZe\" lang=\"en\"><span class=\"jCAhz ChMk0b\"><span class=\"ryNqvb\"><strong>Research interests:<\/strong> <\/span><\/span><\/span><\/p>\n<p><span class=\"HwtZe\" lang=\"en\"><span class=\"jCAhz ChMk0b\"><span class=\"ryNqvb\">Biomedical engineering, application of molecular analysis techniques in medical diagnostics, modern materials in medicine, personalized tissue scaffolds, regenerative medicine, modern materials in sports, biomechanical analysis in water sports<\/span><\/span><\/span><\/p>\n<p><a href=\"https:\/\/opus.us.edu.pl\/info\/author\/USLcfbb659a37934c5293e838927f32af9e?r=publication&amp;affil=&amp;tab=publications&amp;conversationPropagation=begin&amp;sort=&amp;title=Profil%2Bosoby%2B%25E2%2580%2593%2BAndrzej%2BSzymon%2BSwinarew%2B%25E2%2580%2593%2BUniwersytet%2B%25C5%259Al%25C4%2585ski&amp;lang=pl&amp;pn=1\">Publications<\/a><\/p>\n<p><strong>E-mail:<\/strong> andrzej.swinarew@us.edu.pl<\/p>\n<\/div>\r\n                    <\/div>\r\n                <\/div>[\/vc_tta_section][\/vc_tta_tabs][\/vc_column][\/vc_row][vc_row][vc_column][\/vc_column][\/vc_row][vc_row][vc_column][vc_column_text][\/vc_column_text][\/vc_column][\/vc_row][vc_row][vc_column][vc_column_text][\/vc_column_text][\/vc_column][\/vc_row][vc_row][vc_column][vc_column_text]<\/p>","protected":false},"excerpt":{"rendered":"<p>[vc_row][vc_column][vc_column_text][\/vc_column_text][\/vc_column][\/vc_row][vc_row][vc_column][vc_single_image image=&#8221;1920&#8243; img_size=&#8221;medium&#8221; alignment=&#8221;center&#8221; style=&#8221;vc_box_shadow_3d&#8221; css_animation=&#8221;left-to-right&#8221; title=&#8221;Dr hab. Andrzej Swinarew, prof. U\u015a, prof. AWF&#8221;][vc_separator color=&#8221;black&#8221; style=&#8221;shadow&#8221; border_width=&#8221;2&#8243; css_animation=&#8221;slideInLeft&#8221;][vc_tta_tabs][vc_tta_section i_icon_fontawesome=&#8221;fas fa-angle-right&#8221; add_icon=&#8221;true&#8221; title=&#8221;POLISH&#8221; tab_id=&#8221;1754561978867-c85f3564-08b3&#8243;][\/vc_tta_section][vc_tta_section i_icon_fontawesome=&#8221;fas fa-angle-right&#8221; add_icon=&#8221;true&#8221; title=&#8221;ENGLISH&#8221; tab_id=&#8221;1754561978877-ae759e3d-8185&#8243;][\/vc_tta_section][\/vc_tta_tabs][\/vc_column][\/vc_row][vc_row][vc_column][\/vc_column][\/vc_row][vc_row][vc_column][vc_column_text][\/vc_column_text][\/vc_column][\/vc_row][vc_row][vc_column][vc_column_text][\/vc_column_text][\/vc_column][\/vc_row][vc_row][vc_column][vc_column_text] [&#8230;]<\/p>\n<p><a class=\"btn btn-secondary understrap-read-more-link\" href=\"https:\/\/us.edu.pl\/instytut\/iib\/dr-hab-andrzej-swinarew-prof-us\/\">Read More&#8230;<\/a><\/p>\n","protected":false},"author":128,"featured_media":0,"parent":0,"menu_order":0,"comment_status":"closed","ping_status":"closed","template":"","meta":{"_expiration-date-status":"","_expiration-date":0,"_expiration-date-type":"","_expiration-date-categories":[],"_expiration-date-options":[]},"acf":[],"_links":{"self":[{"href":"https:\/\/us.edu.pl\/instytut\/iib\/wp-json\/wp\/v2\/pages\/1343"}],"collection":[{"href":"https:\/\/us.edu.pl\/instytut\/iib\/wp-json\/wp\/v2\/pages"}],"about":[{"href":"https:\/\/us.edu.pl\/instytut\/iib\/wp-json\/wp\/v2\/types\/page"}],"author":[{"embeddable":true,"href":"https:\/\/us.edu.pl\/instytut\/iib\/wp-json\/wp\/v2\/users\/128"}],"replies":[{"embeddable":true,"href":"https:\/\/us.edu.pl\/instytut\/iib\/wp-json\/wp\/v2\/comments?post=1343"}],"version-history":[{"count":10,"href":"https:\/\/us.edu.pl\/instytut\/iib\/wp-json\/wp\/v2\/pages\/1343\/revisions"}],"predecessor-version":[{"id":5056,"href":"https:\/\/us.edu.pl\/instytut\/iib\/wp-json\/wp\/v2\/pages\/1343\/revisions\/5056"}],"wp:attachment":[{"href":"https:\/\/us.edu.pl\/instytut\/iib\/wp-json\/wp\/v2\/media?parent=1343"}],"curies":[{"name":"wp","href":"https:\/\/api.w.org\/{rel}","templated":true}]}}