{"id":1346,"date":"2020-11-27T13:45:16","date_gmt":"2020-11-27T12:45:16","guid":{"rendered":"https:\/\/us.edu.pl\/instytut\/iib\/?page_id=1346"},"modified":"2025-08-11T11:48:33","modified_gmt":"2025-08-11T09:48:33","slug":"dr-malgorzata-janik","status":"publish","type":"page","link":"https:\/\/us.edu.pl\/instytut\/iib\/dr-malgorzata-janik\/","title":{"rendered":"Dr Ma\u0142gorzata Janik"},"content":{"rendered":"<p>[vc_row][vc_column][vc_column_text][\/vc_column_text][\/vc_column][\/vc_row][vc_row][vc_column][vc_single_image image=&#8221;1272&#8243; img_size=&#8221;medium&#8221; alignment=&#8221;center&#8221; style=&#8221;vc_box_shadow_3d&#8221; css_animation=&#8221;left-to-right&#8221; title=&#8221;Dr Ma\u0142gorzata Janik&#8221;][vc_separator color=&#8221;black&#8221; style=&#8221;shadow&#8221; border_width=&#8221;2&#8243; css_animation=&#8221;slideInLeft&#8221;][vc_tta_tabs][vc_tta_section i_icon_fontawesome=&#8221;fas fa-angle-right&#8221; add_icon=&#8221;true&#8221; title=&#8221;POLISH&#8221; tab_id=&#8221;1754567343480-d71c8a48-bf26&#8243;]\r\n                <div class=\"text-modules reverse\">\r\n                    <div class=\"container\">\r\n                         \r\n                        <div class=\"row m-0\">\r\n                            <div class=\"text-modules__content\">\r\n                                <strong>Dr Ma\u0142gorzata Janik<\/strong><\/p>\n<p>Stanowisko: adiunkt<\/p>\n<p><a href=\"https:\/\/opus.us.edu.pl\/info\/author\/USL5882f9e2bab442f1950ad4c0c7e74cd8?affil=&amp;r=author&amp;tab=&amp;title=Profil%2Bosoby%2B%25E2%2580%2593%2BMa%25C5%2582gorzata%2BAneta%2BJanik%2B%25E2%2580%2593%2BUniwersytet%2B%25C5%259Al%25C4%2585ski&amp;lang=pl&amp;qp=\">Profil<\/a><\/p>\n<p><a href=\"https:\/\/opus.us.edu.pl\/info\/author\/USL5882f9e2bab442f1950ad4c0c7e74cd8?r=publication&amp;affil=&amp;tab=publications&amp;conversationPropagation=begin&amp;sort=&amp;title=Profil%2Bosoby%2B%25E2%2580%2593%2BMa%25C5%2582gorzata%2BAneta%2BJanik%2B%25E2%2580%2593%2BUniwersytet%2B%25C5%259Al%25C4%2585ski&amp;lang=pl&amp;pn=1\">Publikacje<\/a><\/p>\n<p><a href=\"https:\/\/opus.us.edu.pl\/info\/author\/USL5882f9e2bab442f1950ad4c0c7e74cd8?r=achievement&amp;affil=&amp;tab=achievement&amp;conversationPropagation=begin&amp;sort=&amp;title=Profil%2Bosoby%2B%25E2%2580%2593%2BMa%25C5%2582gorzata%2BAneta%2BJanik%2B%25E2%2580%2593%2BUniwersytet%2B%25C5%259Al%25C4%2585ski&amp;lang=pl&amp;pn=1\">Osi\u0105gni\u0119cia<\/a><\/p>\n<p><a href=\"https:\/\/opus.us.edu.pl\/info\/author\/USL5882f9e2bab442f1950ad4c0c7e74cd8?r=publication&amp;affil=&amp;tab=metrics&amp;conversationPropagation=begin&amp;sort=&amp;title=Profil%2Bosoby%2B%25E2%2580%2593%2BMa%25C5%2582gorzata%2BAneta%2BJanik%2B%25E2%2580%2593%2BUniwersytet%2B%25C5%259Al%25C4%2585ski&amp;lang=pl&amp;pn=1\">Cytowania<\/a><\/p>\n<p><strong>Sprawowane funkcje:<\/strong><\/p>\n<ul style=\"list-style-type: square;\">\n<li>Dyrektor Kierunku: In\u017cynieria biomedyczna; In\u017cynieria materia\u0142owa; Mechatronika<\/li>\n<li>Cz\u0142onek Rady Dydaktycznej Kierunku: In\u017cynieria biomedyczna; In\u017cynieria materia\u0142owa; Mechatronika (od 2020)<\/li>\n<li>Cz\u0142onek Rady Naukowej Instytutu In\u017cynierii Biomedycznej (od 2020)<\/li>\n<li>Przewodnicz\u0105ca Kierunkowego Zespo\u0142u Zapewniania Jako\u015bci Kszta\u0142cenia dla kierunku in\u017cynieria biomedyczna (2018-2020)<\/li>\n<li>Cz\u0142onek\u00a0 Kierunkowego Zespo\u0142u Zapewniania Jako\u015bci Kszta\u0142cenia dla kierunku in\u017cynieria biomedyczna (2014- 2018)<\/li>\n<li>Cz\u0142onek Kolegium Elektor\u00f3w w wyborach Dziekana i Prodziekan\u00f3w Wydzia\u0142u Informatyki i Nauki o Materia\u0142ach (na kadencj\u0119 2016-2020).<\/li>\n<li>Cz\u0142onek Polskiego Towarzystwa Fizyki Medycznej<\/li>\n<li>Od 01.10.2015 \u2013 pe\u0142nomocnik JM Rektora U\u015a do wsp\u00f3\u0142pracy z klastrem MedSilesia<\/li>\n<\/ul>\n<p>Uzyskane certyfikaty:<\/p>\n<p>W zakresie zarz\u0105dzania projektami:<\/p>\n<ul>\n<li>Prince2 Foundation Certificate in project management (certificate number GR656309825MJ)<\/li>\n<li>Prince2 Practitioner Certificate in project management (certificate number GR657123502MJ)<\/li>\n<\/ul>\n<p>W zakresie zarz\u0105dzania ryzykiem:<\/p>\n<ul>\n<li>M_o_R Foundation (Akredytowane szkolenie z egzaminem)<\/li>\n<\/ul>\n<p><strong>Uzyskane stopnie i tytu\u0142y:<\/strong><\/p>\n<p>Dr &#8211; dziedzina nauki fizyczne\/dyscyplina fizyka, Uniwersytet \u015al\u0105ski w Katowicach<\/p>\n<p><strong>Kierownik grupy badawczej SMART OPATRUNK\u00d3W I INTELIGENTNEGO DOZOWANIA LEK\u00d3W<\/strong><\/p>\n<p>Grupa badawcza funkcjonuje w ramach MultiLabotatorium Technologii Komunikacyjno-Informacyjnych.<\/p>\n<p>W MultiLaboratorium zesp\u00f3\u0142 realizuje badania w dyscyplinie In\u017cynieria biomedyczna dotycz\u0105ce aplikacji wysokich technologii, w szczeg\u00f3lno\u015bci w zakresie:<\/p>\n<ul>\n<li>elektroniki programowalnej,<\/li>\n<li>techniki sensorowej i sieci sensorowych,<\/li>\n<li>system\u00f3w ubieralnych,<\/li>\n<li>zastosowa\u0144 wytwarzania przyrostowego<\/li>\n<\/ul>\n<p>Od pa\u017adziernika 2024r. w laboratorium realizowane s\u0105 cztery prace doktorskie z in\u017cynierii biomedycznej, w tym dwa doktoraty wdro\u017ceniowe.<\/p>\n<p>30 stycznia 2024 obroniona zosta\u0142a pierwsza praca doktorska z in\u017cynierii biomedycznej, kt\u00f3rej tematyka zrealizowana by\u0142a w laboratorium \u2013 \u201eNowatorska metoda optymalizacji transmisji danych dla ubieralnych system\u00f3w akwizycji ruchu.\u201d<\/p>\n<p>Rezultaty dzia\u0142alno\u015bci badawczej laboratorium prezentowane by\u0142y na wydarzeniach o charakterze biznesowym jak i targach innowacji, na kt\u00f3rych uzyska\u0142y nast\u0119puj\u0105ce nagrody i wyr\u00f3\u017cnienia:<\/p>\n<ol>\n<li>Br\u0105zowy medal 47 Mi\u0119dzynarodowej Wystawy Wynalazczo\u015bci, Nowoczesnej Techniki i Wyrob\u00f3w \u201eGeneva Inventions\u201d (9-14.04.2019).<\/li>\n<li>Nagroda specjalna Narodowej Rady Bada\u0144 Naukowych Tajlandii (NRCT) za opracowanie sposobu transmisji rozg\u0142oszeniowej dla nadajnik\u00f3w Bluetooth Low Energy. \u201eGeneva Inventions\u201d (9-14.04.2019)<\/li>\n<li>Platynowy medal na Internaltional Warsaw Inwention Show \u2013 IWIS 2019, za opracowanie sposobu transmisji rozg\u0142oszeniowej dla nadajnik\u00f3w Bluetooth Low Energy. Warszawa, 14-16.10.2019<\/li>\n<li>Z\u0142oty medal przyznawany przez mi\u0119dzynarodowe jury w ramach 44 konkursu Mi\u0119dzynarodowych Targ\u00f3w Wynalazczo\u015bc Inova Croatia za opracowanie sposobu transmisji rozg\u0142oszeniowej dla nadajnik\u00f3w Bluetooth Low Energy oraz uk\u0142adu do monitorowania funkcji lokomotorycznej organizmu i czynno\u015bci oddechowych ,\u00a0 2019 (Zagrzeb).<\/li>\n<li>Nagroda specjalna od Stowarzyszenia World Invention Intellectual Property Associations z Tajwanu (WIIPA) za opracowanie sposobu transmisji rozg\u0142oszeniowej dla nadajnik\u00f3w Bluetooth Low Energy oraz uk\u0142adu do monitorowania funkcji lokomotorycznej organizmu i czynno\u015bci oddechowych (Inova Croatia 2019) \u2013 13-16 XI 2019, Zagrzeb.<\/li>\n<li>Z\u0142oty medal: \u201eSystem wspomagaj\u0105cy diagnostyk\u0119 chor\u00f3b neurologicznych\u201d, XV Mi\u0119dzynarodowe Targi Wynalazk\u00f3w i Innowacji INTARG 2022, Katowice<\/li>\n<li>Srebrny medal: \u201eKontroler do sterowania za pomoc\u0105 gest\u00f3w\u201d, XV Mi\u0119dzynarodowe Targi Wynalazk\u00f3w i Innowacji INTARG 2022, Katowice<\/li>\n<\/ol>\n<p>W Laboratorium realizowano szereg prac badawczo-rozwojowych m.in. w ramach:<\/p>\n<p>Programu Operacyjnego Inteligentny Rozw\u00f3j \u2013 O\u015b Priorytetowa 2\u00a0 \u2013 Wsparcie otoczenia i potencja\u0142u przedsi\u0119biorstw do prowadzenia dzia\u0142alno\u015bci B+R+I :<\/p>\n<ol>\n<li>Projekt pn. \u201eSystem monitorowania niemowl\u0105t i ma\u0142ych dzieci z\u00a0 wykorzystaniem urz\u0105dze\u0144 mobilnych w warunkach domowych\u201d.<\/li>\n<\/ol>\n<ul>\n<li>Opracowanie i badanie uk\u0142ad\u00f3w sensor\u00f3w pn. System monitorowania niemowl\u0105t i ma\u0142ych dzieci z wykorzystaniem urz\u0105dze\u0144 mobilnych w warunkach domowych. Okres realizacji od 01.01.2019 do 25.03.2019<\/li>\n<li>Integracja stacji bazowej z uk\u0142adem sensorowym oraz w\u0142\u0105czenie ko\u0144cowych u\u017cytkownik\u00f3w w proces tworzenia nowego wyrobu pn. System monitorowania niemowl\u0105t i ma\u0142ych dzieci z\u00a0wykorzystaniem urz\u0105dze\u0144 mobilnych w warunkach domowych. Okres realizacji od 01.01.2019 do 22.10.2019<\/li>\n<\/ul>\n<ol start=\"2\">\n<li>Projekt pn. \u201eUs\u0142uga opracowania innowacyjnego, mobilnego systemu do drena\u017cu dr\u00f3g oddechowych\u201d. Dzia\u0142anie 2.3 Proinnowacyjne us\u0142ugi dla przedsi\u0119biorstw. Poddzia\u0142anie 2.3.2 Bony na innowacje dla M\u015aP.<\/li>\n<\/ol>\n<ul>\n<li>Opracowanie i badanie generator\u00f3w drga\u0144, elektroniki i\u00a0oprogramowania wbudowanego pn. Us\u0142uga opracowania innowacyjnego, mobilnego systemu do drena\u017cu dr\u00f3g oddechowych. Okres realizacji od 01.01.2020 do 02.03.2020<\/li>\n<li>Opracowanie i badanie rozwi\u0105zania ubieralnego i\u00a0oprogramowania mobilnego wraz z\u00a0w\u0142\u0105czeniem u\u017cytkownika ko\u0144cowego pn. Us\u0142uga opracowania innowacyjnego, mobilnego systemu do drena\u017cu dr\u00f3g oddechowych. Okres realizacji od 01.01.2021 do 27.01.2021<\/li>\n<\/ul>\n<ol start=\"3\">\n<li>Projekt pn. \u201eInteraktywny w\u00f3zek dzieci\u0119cy\u201d. Dzia\u0142anie 2.3 Proinnowacyjne us\u0142ugi dla przedsi\u0119biorstw. Poddzia\u0142anie 2.3.2 Bony na innowacje dla M\u015aP.<\/li>\n<\/ol>\n<ul>\n<li>Realizacja etapu I us\u0142ugi badawczej w ramach projektu pn. \u201eInteraktywny w\u00f3zek dzieci\u0119cy\u201d. Okres realizacji 01.01.2021 do 26.03.2021<\/li>\n<li>Us\u0142uga badawcza w ramach projektu Bon na Innowacje pn. \u201eInteraktywny w\u00f3zek dzieci\u0119cy\u201d \u2013 etap II i III. Okres realizacji od 01.01.2021 do 21.10.2021<\/li>\n<\/ul>\n<p>oraz<\/p>\n<p>projekty w ramach prac przedwdro\u017ceniowych realizowanych w zakresie konkurs\u00f3w \u201eInkubator Innowacyjno\u015bci\u201d:<\/p>\n<ul>\n<li>Projekt pn. \u201eDostosowanie kamizelki wibracyjnej do wdro\u017cenia produkcyjnego\u201d. Okres realizacji: 01.12.2021 do 31.12.2022.<\/li>\n<li>Projekt pn. Kontroler do sterowania za pomoc\u0105 gest\u00f3w Okres realizacji: 01.12.2021 \u2013 30.09.2022<\/li>\n<li>Projekt pn. \u201eInteraktywny system do rehabilitacji oddechowej\u201d Okres realizacji: 01.09.2019 do 28.02.2020<\/li>\n<li>Projekt pn. \u201eRehabilitacyjna kamizelka oscylacyjna\u201d Okres realizacji: 01.09.2018 do 30.04.2019.<\/li>\n<li>Projekt pn. \u201eSystem monitorowania oddechu i wspomagania rehabilitacji dr\u00f3g oddechowych\u201d Okres realizacji: 01.09.2018 do 30.04.2019.<\/li>\n<li>Projekt pn. \u201eSystem monitorowania oddechu, pulsu oraz pozycji cia\u0142a podczas snu z wykorzystaniem urz\u0105dze\u0144 mobilnych\u201d Okres realizacji: 18.07.2017 do 17.04.2018.<\/li>\n<\/ul>\n<p><strong>Zainteresowania naukowe:<\/strong><\/p>\n<p>In\u017cynieria biomedyczna, analiza danych, statystyka medyczna, elektronika ubieralna (tekstronika), sensory, biosensory i sieci sensorowe.<\/p>\n<p><a href=\"https:\/\/ab.us.edu.pl\/emp?id=47322\">Dane kontaktowe<\/a><\/p>\n<p>&nbsp;<\/p>\n<div class=\"mt-3\"><\/div>\r\n                            <\/div>\r\n                            \r\n                            \r\n                        <\/div>\r\n                    <\/div>\r\n                <\/div>[\/vc_tta_section][vc_tta_section i_icon_fontawesome=&#8221;fas fa-angle-right&#8221; add_icon=&#8221;true&#8221; title=&#8221;ENGLISH&#8221; tab_id=&#8221;1754567343492-60077414-438f&#8221;]\r\n                <div class=\"text-modules\">\r\n                    <div class=\"container\">\r\n                        \r\n                        <div class=\"text-modules__content\"><p><strong>Ma\u0142gorzata Janik, PhD<\/strong><\/p>\n<p>Position: Assistant Professor<\/p>\n<p><strong>Academic background:<\/strong><\/p>\n<p><span class=\"HwtZe\" lang=\"en\"><span class=\"jCAhz ChMk0b\"><span class=\"ryNqvb\">PhD \u2013 physical sciences\/physics, University of Silesia in Katowice <\/span><\/span><\/span><\/p>\n<p><span class=\"HwtZe\" lang=\"en\"><span class=\"jCAhz ChMk0b\"><span class=\"ryNqvb\"><strong>Research interests:<\/strong> <\/span><\/span><\/span><\/p>\n<p><span class=\"HwtZe\" lang=\"en\"><span class=\"jCAhz ChMk0b\"><span class=\"ryNqvb\">Biomedical engineering, data analysis, medical statistics, wearable electronics (textronics), sensors, biosensors, and sensor networks<\/span><\/span><\/span><\/p>\n<p><a href=\"https:\/\/opus.us.edu.pl\/info\/author\/USL5882f9e2bab442f1950ad4c0c7e74cd8?r=publication&amp;affil=&amp;tab=publications&amp;conversationPropagation=begin&amp;sort=&amp;title=Profil%2Bosoby%2B%25E2%2580%2593%2BMa%25C5%2582gorzata%2BAneta%2BJanik%2B%25E2%2580%2593%2BUniwersytet%2B%25C5%259Al%25C4%2585ski&amp;lang=pl&amp;pn=1\">Publications<\/a><\/p>\n<p><strong>E-mail:<\/strong> malgorzata.janik@us.edu.pl<\/p>\n<\/div>\r\n                    <\/div>\r\n                <\/div>[\/vc_tta_section][\/vc_tta_tabs][\/vc_column][\/vc_row][vc_row][vc_column][\/vc_column][\/vc_row][vc_row][vc_column][vc_column_text][\/vc_column_text][\/vc_column][\/vc_row][vc_row][vc_column][vc_column_text][\/vc_column_text][\/vc_column][\/vc_row][vc_row][vc_column][vc_column_text]<\/p>","protected":false},"excerpt":{"rendered":"<p>[vc_row][vc_column][vc_column_text][\/vc_column_text][\/vc_column][\/vc_row][vc_row][vc_column][vc_single_image image=&#8221;1272&#8243; img_size=&#8221;medium&#8221; alignment=&#8221;center&#8221; style=&#8221;vc_box_shadow_3d&#8221; css_animation=&#8221;left-to-right&#8221; title=&#8221;Dr Ma\u0142gorzata Janik&#8221;][vc_separator color=&#8221;black&#8221; style=&#8221;shadow&#8221; border_width=&#8221;2&#8243; css_animation=&#8221;slideInLeft&#8221;][vc_tta_tabs][vc_tta_section i_icon_fontawesome=&#8221;fas fa-angle-right&#8221; add_icon=&#8221;true&#8221; title=&#8221;POLISH&#8221; tab_id=&#8221;1754567343480-d71c8a48-bf26&#8243;][\/vc_tta_section][vc_tta_section i_icon_fontawesome=&#8221;fas fa-angle-right&#8221; add_icon=&#8221;true&#8221; title=&#8221;ENGLISH&#8221; tab_id=&#8221;1754567343492-60077414-438f&#8221;][\/vc_tta_section][\/vc_tta_tabs][\/vc_column][\/vc_row][vc_row][vc_column][\/vc_column][\/vc_row][vc_row][vc_column][vc_column_text][\/vc_column_text][\/vc_column][\/vc_row][vc_row][vc_column][vc_column_text][\/vc_column_text][\/vc_column][\/vc_row][vc_row][vc_column][vc_column_text] [&#8230;]<\/p>\n<p><a class=\"btn btn-secondary understrap-read-more-link\" href=\"https:\/\/us.edu.pl\/instytut\/iib\/dr-malgorzata-janik\/\">Read More&#8230;<\/a><\/p>\n","protected":false},"author":128,"featured_media":0,"parent":0,"menu_order":0,"comment_status":"closed","ping_status":"closed","template":"","meta":{"_expiration-date-status":"","_expiration-date":0,"_expiration-date-type":"","_expiration-date-categories":[],"_expiration-date-options":[]},"acf":[],"_links":{"self":[{"href":"https:\/\/us.edu.pl\/instytut\/iib\/wp-json\/wp\/v2\/pages\/1346"}],"collection":[{"href":"https:\/\/us.edu.pl\/instytut\/iib\/wp-json\/wp\/v2\/pages"}],"about":[{"href":"https:\/\/us.edu.pl\/instytut\/iib\/wp-json\/wp\/v2\/types\/page"}],"author":[{"embeddable":true,"href":"https:\/\/us.edu.pl\/instytut\/iib\/wp-json\/wp\/v2\/users\/128"}],"replies":[{"embeddable":true,"href":"https:\/\/us.edu.pl\/instytut\/iib\/wp-json\/wp\/v2\/comments?post=1346"}],"version-history":[{"count":10,"href":"https:\/\/us.edu.pl\/instytut\/iib\/wp-json\/wp\/v2\/pages\/1346\/revisions"}],"predecessor-version":[{"id":5070,"href":"https:\/\/us.edu.pl\/instytut\/iib\/wp-json\/wp\/v2\/pages\/1346\/revisions\/5070"}],"wp:attachment":[{"href":"https:\/\/us.edu.pl\/instytut\/iib\/wp-json\/wp\/v2\/media?parent=1346"}],"curies":[{"name":"wp","href":"https:\/\/api.w.org\/{rel}","templated":true}]}}