{"id":1351,"date":"2020-11-27T13:52:54","date_gmt":"2020-11-27T12:52:54","guid":{"rendered":"https:\/\/us.edu.pl\/instytut\/iib\/?page_id=1351"},"modified":"2025-08-11T12:04:34","modified_gmt":"2025-08-11T10:04:34","slug":"dr-pawel-janik","status":"publish","type":"page","link":"https:\/\/us.edu.pl\/instytut\/iib\/dr-pawel-janik\/","title":{"rendered":"Dr Pawe\u0142 Janik"},"content":{"rendered":"<p>[vc_row][vc_column][vc_column_text][\/vc_column_text][\/vc_column][\/vc_row][vc_row][vc_column][vc_column_text][\/vc_column_text][\/vc_column][\/vc_row][vc_row][vc_column][vc_single_image image=&#8221;2554&#8243; img_size=&#8221;medium&#8221; alignment=&#8221;center&#8221; style=&#8221;vc_box_shadow_3d&#8221; css_animation=&#8221;left-to-right&#8221; title=&#8221;Dr Pawe\u0142 Janik&#8221;][vc_separator color=&#8221;black&#8221; style=&#8221;shadow&#8221; border_width=&#8221;2&#8243; css_animation=&#8221;slideInLeft&#8221;][vc_tta_tabs][vc_tta_section i_icon_fontawesome=&#8221;fas fa-angle-right&#8221; add_icon=&#8221;true&#8221; title=&#8221;POLISH&#8221; tab_id=&#8221;1754568153736-d480222f-2550&#8243;]\r\n                <div class=\"text-modules reverse\">\r\n                    <div class=\"container\">\r\n                         \r\n                        <div class=\"row m-0\">\r\n                            <div class=\"text-modules__content\">\r\n                                <strong>Dr Pawe\u0142 Janik<\/strong><\/p>\n<p>Stanowisko: adiunkt<\/p>\n<p><a href=\"https:\/\/opus.us.edu.pl\/info\/author\/USL7220d8e4818e4b919ca62314508e5be6?affil=&amp;r=author&amp;tab=&amp;title=Profil%2Bosoby%2B%25E2%2580%2593%2BPawe%25C5%2582%2BJanik%2B%25E2%2580%2593%2BUniwersytet%2B%25C5%259Al%25C4%2585ski&amp;lang=pl&amp;qp=\">Profil<\/a><\/p>\n<p><a href=\"https:\/\/opus.us.edu.pl\/info\/author\/USL7220d8e4818e4b919ca62314508e5be6?r=publication&amp;affil=&amp;tab=publications&amp;conversationPropagation=begin&amp;sort=&amp;title=Profil%2Bosoby%2B%25E2%2580%2593%2BPawe%25C5%2582%2BJanik%2B%25E2%2580%2593%2BUniwersytet%2B%25C5%259Al%25C4%2585ski&amp;lang=pl&amp;pn=1\">Publikacje<\/a><\/p>\n<p><a href=\"https:\/\/opus.us.edu.pl\/info\/author\/USL7220d8e4818e4b919ca62314508e5be6?r=achievement&amp;affil=&amp;tab=achievement&amp;conversationPropagation=begin&amp;sort=&amp;title=Profil%2Bosoby%2B%25E2%2580%2593%2BPawe%25C5%2582%2BJanik%2B%25E2%2580%2593%2BUniwersytet%2B%25C5%259Al%25C4%2585ski&amp;lang=pl&amp;pn=1\">Osi\u0105gni\u0119cia<\/a><\/p>\n<p><a href=\"https:\/\/opus.us.edu.pl\/info\/author\/USL7220d8e4818e4b919ca62314508e5be6?r=publication&amp;affil=&amp;tab=metrics&amp;conversationPropagation=begin&amp;sort=&amp;title=Profil%2Bosoby%2B%25E2%2580%2593%2BPawe%25C5%2582%2BJanik%2B%25E2%2580%2593%2BUniwersytet%2B%25C5%259Al%25C4%2585ski&amp;lang=pl&amp;pn=1\">Cytowania<\/a><\/p>\n<p><strong>Sprawowane funkcje:<\/strong><\/p>\n<ul style=\"list-style-type: square;\">\n<li>Cz\u0142onek Rady Naukowej Instytutu In\u017cynierii Biomedycznej<\/li>\n<li>Cz\u0142onek Kolegium Elektor\u00f3w Uniwersytetu \u015al\u0105skiego w Katowicach na kadencj\u0119 2024-28<\/li>\n<li>Cz\u0142onek Polskiego Towarzystwa Techniki Sensorowej<\/li>\n<li>Cz\u0142onek Polskiego Towarzystwa Fizyki Medycznej<\/li>\n<li>Recenzent w czasopismach\n<ul>\n<li>Sensors&amp;Actuators A: Physical<\/li>\n<li>IEEE Sensors Journal<\/li>\n<li>Biomedical Engeneering Online<\/li>\n<li>Sensors Open Access Journal<\/li>\n<li>IEEE Access<\/li>\n<li>Bio-Algorithms and Med-Systems<\/li>\n<\/ul>\n<\/li>\n<li>Kierownik MultiLaboratorium Technologii Komunikacyjno-Informacyjnych<\/li>\n<\/ul>\n<p>W Multilaboratorium zesp\u00f3\u0142 realizuje badania w dyscyplinie In\u017cynieria biomedyczna dotycz\u0105ce aplikacji wysokich technologii, w szczeg\u00f3lno\u015bci w zakresie:<\/p>\n<ul>\n<li>elektroniki programowalnej,<\/li>\n<li>techniki sensorowej i sieci sensorowych,<\/li>\n<li>system\u00f3w ubieralnych,<\/li>\n<li>zastosowa\u0144 wytwarzania przyrostowego.<\/li>\n<\/ul>\n<p>W laboratorium funkcjonuj\u0105 dwie grupy badawcze:<\/p>\n<ul>\n<li>Grupa badawcza SMART OPATRUNK\u00d3W I INTELIGENTNEGO DOZOWANIA LEK\u00d3W<\/li>\n<li>Grupa badawcza SYSTEM\u00d3W SENSOROWYCH<\/li>\n<\/ul>\n<p>Od pa\u017adziernika 2024r. w laboratorium realizowane s\u0105 cztery prace doktorskie z in\u017cynierii biomedycznej, w tym dwa doktoraty wdro\u017ceniowe.<\/p>\n<p>30 stycznia 2024 obroniona zosta\u0142a pierwsza praca doktorska z in\u017cynierii biomedycznej, kt\u00f3rej tematyka zrealizowana by\u0142a w laboratorium \u2013 \u201eNowatorska metoda optymalizacji transmisji danych dla ubieralnych system\u00f3w akwizycji ruchu.\u201d<\/p>\n<p>Rezultaty dzia\u0142alno\u015bci badawczej laboratorium prezentowane by\u0142y na wydarzeniach o charakterze biznesowym jak i targach innowacji, na kt\u00f3rych uzyska\u0142y nast\u0119puj\u0105ce nagrody i wyr\u00f3\u017cnienia:<\/p>\n<ol>\n<li>Br\u0105zowy medal 47 Mi\u0119dzynarodowej Wystawy Wynalazczo\u015bci, Nowoczesnej Techniki i Wyrob\u00f3w \u201eGeneva Inventions\u201d (9-14.04.2019).<\/li>\n<li>Nagroda specjalna Narodowej Rady Bada\u0144 Naukowych Tajlandii (NRCT) za opracowanie sposobu transmisji rozg\u0142oszeniowej dla nadajnik\u00f3w Bluetooth Low Energy. \u201eGeneva Inventions\u201d (9-14.04.2019)<\/li>\n<li>Platynowy medal na Internaltional Warsaw Inwention Show \u2013 IWIS 2019, za opracowanie sposobu transmisji rozg\u0142oszeniowej dla nadajnik\u00f3w Bluetooth Low Energy. Warszawa, 14-16.10.2019<\/li>\n<li>Z\u0142oty medal przyznawany przez mi\u0119dzynarodowe jury w ramach 44 konkursu Mi\u0119dzynarodowych Targ\u00f3w Wynalazczo\u015bc Inova Croatia za opracowanie sposobu transmisji rozg\u0142oszeniowej dla nadajnik\u00f3w Bluetooth Low Energy oraz uk\u0142adu do monitorowania funkcji lokomotorycznej organizmu i czynno\u015bci oddechowych ,\u00a0 2019 (Zagrzeb).<\/li>\n<li>Nagroda specjalna od Stowarzyszenia World Invention Intellectual Property Associations z Tajwanu (WIIPA) za opracowanie sposobu transmisji rozg\u0142oszeniowej dla nadajnik\u00f3w Bluetooth Low Energy oraz uk\u0142adu do monitorowania funkcji lokomotorycznej organizmu i czynno\u015bci oddechowych (Inova Croatia 2019) &#8211; 13-16 XI 2019, Zagrzeb.<\/li>\n<li>Z\u0142oty medal: \u201eSystem wspomagaj\u0105cy diagnostyk\u0119 chor\u00f3b neurologicznych\u201d, XV Mi\u0119dzynarodowe Targi Wynalazk\u00f3w i Innowacji INTARG 2022, Katowice<\/li>\n<li>Srebrny medal: \u201eKontroler do sterowania za pomoc\u0105 gest\u00f3w\u201d, XV Mi\u0119dzynarodowe Targi Wynalazk\u00f3w i Innowacji INTARG 2022, Katowice<\/li>\n<\/ol>\n<p>W Laboratorium realizowano szereg prac badawczo-rozwojowych m.in. w ramach:<\/p>\n<p>Programu Operacyjnego Inteligentny Rozw\u00f3j &#8211; O\u015b Priorytetowa 2\u00a0 &#8211; Wsparcie otoczenia i potencja\u0142u przedsi\u0119biorstw do prowadzenia dzia\u0142alno\u015bci B+R+I :<\/p>\n<ol>\n<li>Projekt pn. &#8222;System monitorowania niemowl\u0105t i ma\u0142ych dzieci z\u00a0 wykorzystaniem urz\u0105dze\u0144 mobilnych w warunkach domowych\u201d.<\/li>\n<\/ol>\n<ul>\n<li>Opracowanie i badanie uk\u0142ad\u00f3w sensor\u00f3w pn. System monitorowania niemowl\u0105t i ma\u0142ych dzieci z wykorzystaniem urz\u0105dze\u0144 mobilnych w warunkach domowych. Okres realizacji od 01.01.2019 do 25.03.2019<\/li>\n<li>Integracja stacji bazowej z uk\u0142adem sensorowym oraz w\u0142\u0105czenie ko\u0144cowych u\u017cytkownik\u00f3w w proces tworzenia nowego wyrobu pn. System monitorowania niemowl\u0105t i ma\u0142ych dzieci z\u00a0wykorzystaniem urz\u0105dze\u0144 mobilnych w warunkach domowych. Okres realizacji od 01.01.2019 do 22.10.2019<\/li>\n<\/ul>\n<ol start=\"2\">\n<li>Projekt pn. \u201eUs\u0142uga opracowania innowacyjnego, mobilnego systemu do drena\u017cu dr\u00f3g oddechowych\u201d. Dzia\u0142anie 2.3 Proinnowacyjne us\u0142ugi dla przedsi\u0119biorstw. Poddzia\u0142anie 2.3.2 Bony na innowacje dla M\u015aP.<\/li>\n<\/ol>\n<ul>\n<li>Opracowanie i badanie generator\u00f3w drga\u0144, elektroniki i\u00a0oprogramowania wbudowanego pn. Us\u0142uga opracowania innowacyjnego, mobilnego systemu do drena\u017cu dr\u00f3g oddechowych. Okres realizacji od 01.01.2020 do 02.03.2020<\/li>\n<li>Opracowanie i badanie rozwi\u0105zania ubieralnego i\u00a0oprogramowania mobilnego wraz z\u00a0w\u0142\u0105czeniem u\u017cytkownika ko\u0144cowego pn. Us\u0142uga opracowania innowacyjnego, mobilnego systemu do drena\u017cu dr\u00f3g oddechowych. Okres realizacji od 01.01.2021 do 27.01.2021<\/li>\n<\/ul>\n<ol start=\"3\">\n<li>Projekt pn. &#8222;Interaktywny w\u00f3zek dzieci\u0119cy\u201d. Dzia\u0142anie 2.3 Proinnowacyjne us\u0142ugi dla przedsi\u0119biorstw. Poddzia\u0142anie 2.3.2 Bony na innowacje dla M\u015aP.<\/li>\n<\/ol>\n<ul>\n<li>Realizacja etapu I us\u0142ugi badawczej w ramach projektu pn. &#8222;Interaktywny w\u00f3zek dzieci\u0119cy\u201d. Okres realizacji 01.01.2021 do 26.03.2021<\/li>\n<li>Us\u0142uga badawcza w ramach projektu Bon na Innowacje pn. &#8222;Interaktywny w\u00f3zek dzieci\u0119cy&#8221; &#8211; etap II i III. Okres realizacji od 01.01.2021 do 21.10.2021<\/li>\n<\/ul>\n<p>oraz<\/p>\n<p>projekty w ramach prac przedwdro\u017ceniowych realizowanych w zakresie konkurs\u00f3w &#8222;Inkubator Innowacyjno\u015bci&#8221;:<\/p>\n<ul>\n<li>Projekt pn. \u201eDostosowanie kamizelki wibracyjnej do wdro\u017cenia produkcyjnego\u201d. Okres realizacji: 01.12.2021 do 31.12.2022.<\/li>\n<li>Projekt pn. Kontroler do sterowania za pomoc\u0105 gest\u00f3w Okres realizacji: 01.12.2021 \u2013 30.09.2022<\/li>\n<li>Projekt pn. \u201eInteraktywny system do rehabilitacji oddechowej\u201d Okres realizacji: 01.09.2019 do 28.02.2020<\/li>\n<li>Projekt pn. \u201eRehabilitacyjna kamizelka oscylacyjna\u201d Okres realizacji: 01.09.2018 do 30.04.2019.<\/li>\n<li>Projekt pn. \u201eSystem monitorowania oddechu i wspomagania rehabilitacji dr\u00f3g oddechowych\u201d Okres realizacji: 01.09.2018 do 30.04.2019.<\/li>\n<li>Projekt pn. \u201eSystem monitorowania oddechu, pulsu oraz pozycji cia\u0142a podczas snu z wykorzystaniem urz\u0105dze\u0144 mobilnych\u201d Okres realizacji: 18.07.2017 do 17.04.2018.<\/li>\n<\/ul>\n<p><strong>Uzyskane stopnie i tytu\u0142y:<\/strong><\/p>\n<p>Dr &#8211; dziedzina nauki techniczne\/dyscyplina in\u017cynieria materia\u0142owa<\/p>\n<p><strong>Kierownik grupy badawczej SYSTEM\u00d3W SENSOROWYCH<\/strong><\/p>\n<p><strong>Zainteresowania naukowe:<\/strong><\/p>\n<p>In\u017cynieria biomedyczna, wysokie technologie, systemy wbudowane, systemy mobilne, elektronika, Internet Rzeczy (IoT) oszcz\u0119dno\u015b\u0107 energii, sensory, biosensory i sieci sensorowe.<\/p>\n<p><a href=\"https:\/\/ab.us.edu.pl\/emp?id=9472\">Dane kontaktowe<\/a><\/p>\n<div class=\"mt-3\"><\/div>\r\n                            <\/div>\r\n                            \r\n                            \r\n                        <\/div>\r\n                    <\/div>\r\n                <\/div>[\/vc_tta_section][vc_tta_section i_icon_fontawesome=&#8221;fas fa-angle-right&#8221; add_icon=&#8221;true&#8221; title=&#8221;ENGLISH&#8221; tab_id=&#8221;1754568153743-3606d228-9595&#8243;]\r\n                <div class=\"text-modules\">\r\n                    <div class=\"container\">\r\n                        \r\n                        <div class=\"text-modules__content\"><p><strong>Pawe\u0142 Janik, PhD<\/strong><\/p>\n<p>Position: Assistant Professor<\/p>\n<p><strong>Academic background:<\/strong><\/p>\n<p><span class=\"HwtZe\" lang=\"en\"><span class=\"jCAhz ChMk0b\"><span class=\"ryNqvb\">PhD \u2013 field of technical science\/discipline: materials engineering\u00a0<\/span><\/span><\/span><\/p>\n<p><span class=\"HwtZe\" lang=\"en\"><span class=\"jCAhz ChMk0b\"><span class=\"ryNqvb\"><strong> Research interests:<\/strong> <\/span><\/span><\/span><\/p>\n<p><span class=\"HwtZe\" lang=\"en\"><span class=\"jCAhz ChMk0b\"><span class=\"ryNqvb\">Biomedical engineering, high technologies, embedded systems, mobile systems, electronics, Internet of Things (IoT), energy savings, sensors, biosensors, and sensor networks<\/span><\/span><\/span><\/p>\n<p><a href=\"https:\/\/opus.us.edu.pl\/info\/author\/USL7220d8e4818e4b919ca62314508e5be6?r=publication&amp;affil=&amp;tab=publications&amp;conversationPropagation=begin&amp;sort=&amp;title=Profil%2Bosoby%2B%25E2%2580%2593%2BPawe%25C5%2582%2BJanik%2B%25E2%2580%2593%2BUniwersytet%2B%25C5%259Al%25C4%2585ski&amp;lang=pl&amp;pn=1\">Publications<\/a><\/p>\n<p><strong>E-mail:<\/strong> pawel.janik@us.edu.pl<\/p>\n<\/div>\r\n                    <\/div>\r\n                <\/div>[\/vc_tta_section][\/vc_tta_tabs][\/vc_column][\/vc_row][vc_row][vc_column][\/vc_column][\/vc_row][vc_row][vc_column][vc_column_text][\/vc_column_text][\/vc_column][\/vc_row][vc_row][vc_column][vc_column_text]<\/p>","protected":false},"excerpt":{"rendered":"<p>[vc_row][vc_column][vc_column_text][\/vc_column_text][\/vc_column][\/vc_row][vc_row][vc_column][vc_column_text][\/vc_column_text][\/vc_column][\/vc_row][vc_row][vc_column][vc_single_image image=&#8221;2554&#8243; img_size=&#8221;medium&#8221; alignment=&#8221;center&#8221; style=&#8221;vc_box_shadow_3d&#8221; css_animation=&#8221;left-to-right&#8221; title=&#8221;Dr Pawe\u0142 Janik&#8221;][vc_separator color=&#8221;black&#8221; style=&#8221;shadow&#8221; border_width=&#8221;2&#8243; css_animation=&#8221;slideInLeft&#8221;][vc_tta_tabs][vc_tta_section i_icon_fontawesome=&#8221;fas fa-angle-right&#8221; add_icon=&#8221;true&#8221; title=&#8221;POLISH&#8221; tab_id=&#8221;1754568153736-d480222f-2550&#8243;][\/vc_tta_section][vc_tta_section i_icon_fontawesome=&#8221;fas fa-angle-right&#8221; add_icon=&#8221;true&#8221; title=&#8221;ENGLISH&#8221; tab_id=&#8221;1754568153743-3606d228-9595&#8243;][\/vc_tta_section][\/vc_tta_tabs][\/vc_column][\/vc_row][vc_row][vc_column][\/vc_column][\/vc_row][vc_row][vc_column][vc_column_text][\/vc_column_text][\/vc_column][\/vc_row][vc_row][vc_column][vc_column_text] [&#8230;]<\/p>\n<p><a class=\"btn btn-secondary understrap-read-more-link\" href=\"https:\/\/us.edu.pl\/instytut\/iib\/dr-pawel-janik\/\">Read More&#8230;<\/a><\/p>\n","protected":false},"author":128,"featured_media":0,"parent":0,"menu_order":0,"comment_status":"closed","ping_status":"closed","template":"","meta":{"_expiration-date-status":"","_expiration-date":0,"_expiration-date-type":"","_expiration-date-categories":[],"_expiration-date-options":[]},"acf":[],"_links":{"self":[{"href":"https:\/\/us.edu.pl\/instytut\/iib\/wp-json\/wp\/v2\/pages\/1351"}],"collection":[{"href":"https:\/\/us.edu.pl\/instytut\/iib\/wp-json\/wp\/v2\/pages"}],"about":[{"href":"https:\/\/us.edu.pl\/instytut\/iib\/wp-json\/wp\/v2\/types\/page"}],"author":[{"embeddable":true,"href":"https:\/\/us.edu.pl\/instytut\/iib\/wp-json\/wp\/v2\/users\/128"}],"replies":[{"embeddable":true,"href":"https:\/\/us.edu.pl\/instytut\/iib\/wp-json\/wp\/v2\/comments?post=1351"}],"version-history":[{"count":10,"href":"https:\/\/us.edu.pl\/instytut\/iib\/wp-json\/wp\/v2\/pages\/1351\/revisions"}],"predecessor-version":[{"id":5075,"href":"https:\/\/us.edu.pl\/instytut\/iib\/wp-json\/wp\/v2\/pages\/1351\/revisions\/5075"}],"wp:attachment":[{"href":"https:\/\/us.edu.pl\/instytut\/iib\/wp-json\/wp\/v2\/media?parent=1351"}],"curies":[{"name":"wp","href":"https:\/\/api.w.org\/{rel}","templated":true}]}}