{"id":1358,"date":"2020-11-27T14:03:39","date_gmt":"2020-11-27T13:03:39","guid":{"rendered":"https:\/\/us.edu.pl\/instytut\/iib\/?page_id=1358"},"modified":"2025-08-08T12:43:35","modified_gmt":"2025-08-08T10:43:35","slug":"mgr-inz-zaneta-garczyk","status":"publish","type":"page","link":"https:\/\/us.edu.pl\/instytut\/iib\/mgr-inz-zaneta-garczyk\/","title":{"rendered":"Dr in\u017c. \u017baneta Garczyk-Munda\u0142a"},"content":{"rendered":"<p>[vc_row][vc_column][vc_column_text][\/vc_column_text][\/vc_column][\/vc_row][vc_row][vc_column][vc_single_image image=&#8221;1302&#8243; img_size=&#8221;medium&#8221; alignment=&#8221;center&#8221; style=&#8221;vc_box_shadow_3d&#8221; css_animation=&#8221;left-to-right&#8221; title=&#8221;Dr in\u017c. \u017baneta-Garczyk-Munda\u0142a&#8221;][vc_separator color=&#8221;black&#8221; style=&#8221;shadow&#8221; border_width=&#8221;2&#8243; css_animation=&#8221;slideInLeft&#8221;][vc_tta_tabs][vc_tta_section i_icon_fontawesome=&#8221;fas fa-angle-right&#8221; add_icon=&#8221;true&#8221; title=&#8221;POLISH&#8221; tab_id=&#8221;1754638695272-4ff1b8e5-3c5c&#8221;]\r\n                <div class=\"text-modules reverse\">\r\n                    <div class=\"container\">\r\n                         \r\n                        <div class=\"row m-0\">\r\n                            <div class=\"text-modules__content\">\r\n                                <strong>Dr in\u017c. \u017baneta Garczyk-Munda\u0142a<\/strong><\/p>\n<p>Stanowisko: adiunkt<\/p>\n<p><a href=\"https:\/\/opus.us.edu.pl\/info\/author\/USL3d65b0e0204643c09b5db5816151bb15?affil=&amp;r=author&amp;tab=&amp;title=Profil%2Bosoby%2B%25E2%2580%2593%2B%25C5%25BBaneta%2BAgnieszka%2BGarczyk-Munda%25C5%2582a%2B%25E2%2580%2593%2BUniwersytet%2B%25C5%259Al%25C4%2585ski&amp;lang=pl&amp;qp=\">Profil<\/a><\/p>\n<p><a href=\"https:\/\/opus.us.edu.pl\/info\/author\/USL3d65b0e0204643c09b5db5816151bb15?r=publication&amp;affil=&amp;tab=publications&amp;conversationPropagation=begin&amp;sort=&amp;title=Profil%2Bosoby%2B%25E2%2580%2593%2B%25C5%25BBaneta%2BAgnieszka%2BGarczyk-Munda%25C5%2582a%2B%25E2%2580%2593%2BUniwersytet%2B%25C5%259Al%25C4%2585ski&amp;lang=pl&amp;pn=1\">Publikacje<\/a><\/p>\n<p><a href=\"https:\/\/opus.us.edu.pl\/info\/author\/USL3d65b0e0204643c09b5db5816151bb15?r=publication&amp;affil=&amp;tab=metrics&amp;conversationPropagation=begin&amp;sort=&amp;title=Profil%2Bosoby%2B%25E2%2580%2593%2B%25C5%25BBaneta%2BAgnieszka%2BGarczyk-Munda%25C5%2582a%2B%25E2%2580%2593%2BUniwersytet%2B%25C5%259Al%25C4%2585ski&amp;lang=pl&amp;pn=1\">Cytowania<\/a><\/p>\n<p><strong>Uzyskane stopnie i tytu\u0142y:<\/strong><\/p>\n<p>Dr &#8211; dziedzina nauk in\u017cynieryjno-technicznych\/dyscyplina in\u017cynieria biomedyczna, Politechnika \u015al\u0105ska<\/p>\n<p><strong>Zainteresowania naukowe:<\/strong><\/p>\n<p>in\u017cynieria biomedyczna, mikroskopia konfokalna powierzchni materia\u0142\u00f3w,modelowanie porowato\u015bci biomateria\u0142\u00f3w,analiza i przetwarzanie obraz\u00f3w.<\/p>\n<p><a href=\"https:\/\/ab.us.edu.pl\/emp?id=54503\">Dane kontaktowe<\/a><\/p>\n<div class=\"mt-3\"><\/div>\r\n                            <\/div>\r\n                            \r\n                            \r\n                        <\/div>\r\n                    <\/div>\r\n                <\/div>[\/vc_tta_section][vc_tta_section i_icon_fontawesome=&#8221;fas fa-angle-right&#8221; add_icon=&#8221;true&#8221; title=&#8221;ENGLISH&#8221; tab_id=&#8221;1754638695284-b72c39b4-3724&#8243;]\r\n                <div class=\"text-modules\">\r\n                    <div class=\"container\">\r\n                        \r\n                        <div class=\"text-modules__content\"><p><strong>\u017baneta Garczyk-Munda\u0142a, PhD Eng.<\/strong><\/p>\n<p>Position: Assistant Professor<\/p>\n<p><span class=\"HwtZe\" lang=\"en\"><span class=\"jCAhz ChMk0b\"><span class=\"ryNqvb\"><strong>Academic background<\/strong>: <\/span><\/span><\/span><\/p>\n<p><span class=\"HwtZe\" lang=\"en\"><span class=\"jCAhz ChMk0b\"><span class=\"ryNqvb\">PhD \u2013 field of engineering and technical sciences\/discipline: biomedical engineering, Silesian University of Technology <\/span><\/span><\/span><\/p>\n<p><span class=\"HwtZe\" lang=\"en\"><span class=\"jCAhz ChMk0b\"><span class=\"ryNqvb\"><strong>Research interests:<\/strong> <\/span><\/span><\/span><\/p>\n<p><span class=\"HwtZe\" lang=\"en\"><span class=\"jCAhz ChMk0b\"><span class=\"ryNqvb\">biomedical engineering, confocal microscopy of material surfaces, modeling the porosity of biomaterials, image analysis and processing<\/span><\/span><\/span><\/p>\n<p><a href=\"https:\/\/opus.us.edu.pl\/info\/author\/USL3d65b0e0204643c09b5db5816151bb15?r=publication&amp;affil=&amp;tab=publications&amp;conversationPropagation=begin&amp;sort=&amp;title=Profil%2Bosoby%2B%25E2%2580%2593%2B%25C5%25BBaneta%2BAgnieszka%2BGarczyk-Munda%25C5%2582a%2B%25E2%2580%2593%2BUniwersytet%2B%25C5%259Al%25C4%2585ski&amp;lang=pl&amp;pn=1\">Publications<\/a><\/p>\n<p><strong>E-mail:<\/strong> zaneta.garczyk-mundala@us.edu.pl<\/p>\n<\/div>\r\n                    <\/div>\r\n                <\/div>[\/vc_tta_section][\/vc_tta_tabs][\/vc_column][\/vc_row][vc_row][vc_column][\/vc_column][\/vc_row][vc_row][vc_column][vc_column_text][\/vc_column_text][\/vc_column][\/vc_row][vc_row][vc_column][vc_column_text][\/vc_column_text][\/vc_column][\/vc_row][vc_row][vc_column][vc_column_text]<\/p>","protected":false},"excerpt":{"rendered":"<p>[vc_row][vc_column][vc_column_text][\/vc_column_text][\/vc_column][\/vc_row][vc_row][vc_column][vc_single_image image=&#8221;1302&#8243; img_size=&#8221;medium&#8221; alignment=&#8221;center&#8221; style=&#8221;vc_box_shadow_3d&#8221; css_animation=&#8221;left-to-right&#8221; title=&#8221;Dr in\u017c. \u017baneta-Garczyk-Munda\u0142a&#8221;][vc_separator color=&#8221;black&#8221; style=&#8221;shadow&#8221; border_width=&#8221;2&#8243; css_animation=&#8221;slideInLeft&#8221;][vc_tta_tabs][vc_tta_section i_icon_fontawesome=&#8221;fas fa-angle-right&#8221; add_icon=&#8221;true&#8221; title=&#8221;POLISH&#8221; tab_id=&#8221;1754638695272-4ff1b8e5-3c5c&#8221;][\/vc_tta_section][vc_tta_section i_icon_fontawesome=&#8221;fas fa-angle-right&#8221; add_icon=&#8221;true&#8221; title=&#8221;ENGLISH&#8221; tab_id=&#8221;1754638695284-b72c39b4-3724&#8243;][\/vc_tta_section][\/vc_tta_tabs][\/vc_column][\/vc_row][vc_row][vc_column][\/vc_column][\/vc_row][vc_row][vc_column][vc_column_text][\/vc_column_text][\/vc_column][\/vc_row][vc_row][vc_column][vc_column_text][\/vc_column_text][\/vc_column][\/vc_row][vc_row][vc_column][vc_column_text] [&#8230;]<\/p>\n<p><a class=\"btn btn-secondary understrap-read-more-link\" href=\"https:\/\/us.edu.pl\/instytut\/iib\/mgr-inz-zaneta-garczyk\/\">Read More&#8230;<\/a><\/p>\n","protected":false},"author":128,"featured_media":0,"parent":0,"menu_order":0,"comment_status":"closed","ping_status":"closed","template":"","meta":{"_expiration-date-status":"","_expiration-date":0,"_expiration-date-type":"","_expiration-date-categories":[],"_expiration-date-options":[]},"acf":[],"_links":{"self":[{"href":"https:\/\/us.edu.pl\/instytut\/iib\/wp-json\/wp\/v2\/pages\/1358"}],"collection":[{"href":"https:\/\/us.edu.pl\/instytut\/iib\/wp-json\/wp\/v2\/pages"}],"about":[{"href":"https:\/\/us.edu.pl\/instytut\/iib\/wp-json\/wp\/v2\/types\/page"}],"author":[{"embeddable":true,"href":"https:\/\/us.edu.pl\/instytut\/iib\/wp-json\/wp\/v2\/users\/128"}],"replies":[{"embeddable":true,"href":"https:\/\/us.edu.pl\/instytut\/iib\/wp-json\/wp\/v2\/comments?post=1358"}],"version-history":[{"count":10,"href":"https:\/\/us.edu.pl\/instytut\/iib\/wp-json\/wp\/v2\/pages\/1358\/revisions"}],"predecessor-version":[{"id":5003,"href":"https:\/\/us.edu.pl\/instytut\/iib\/wp-json\/wp\/v2\/pages\/1358\/revisions\/5003"}],"wp:attachment":[{"href":"https:\/\/us.edu.pl\/instytut\/iib\/wp-json\/wp\/v2\/media?parent=1358"}],"curies":[{"name":"wp","href":"https:\/\/api.w.org\/{rel}","templated":true}]}}