{"id":1367,"date":"2020-11-27T14:30:09","date_gmt":"2020-11-27T13:30:09","guid":{"rendered":"https:\/\/us.edu.pl\/instytut\/iib\/?page_id=1367"},"modified":"2025-08-11T11:30:37","modified_gmt":"2025-08-11T09:30:37","slug":"dr-karina-maciejewska","status":"publish","type":"page","link":"https:\/\/us.edu.pl\/instytut\/iib\/dr-karina-maciejewska\/","title":{"rendered":"Dr Karina Maciejewska, prof. U\u015a"},"content":{"rendered":"<p>[vc_row][vc_column][vc_column_text][\/vc_column_text][\/vc_column][\/vc_row][vc_row][vc_column][vc_single_image image=&#8221;1301&#8243; img_size=&#8221;medium&#8221; alignment=&#8221;center&#8221; style=&#8221;vc_box_shadow_3d&#8221; css_animation=&#8221;left-to-right&#8221; title=&#8221;Dr Karina Maciejewska, prof. U\u015a&#8221;][vc_separator color=&#8221;black&#8221; style=&#8221;shadow&#8221; border_width=&#8221;2&#8243; css_animation=&#8221;slideInLeft&#8221;][vc_tta_tabs][vc_tta_section i_icon_fontawesome=&#8221;fas fa-angle-right&#8221; add_icon=&#8221;true&#8221; title=&#8221;POLISH&#8221; tab_id=&#8221;1754566182049-30b40ff0-20d4&#8243;]\r\n                <div class=\"text-modules reverse\">\r\n                    <div class=\"container\">\r\n                         \r\n                        <div class=\"row m-0\">\r\n                            <div class=\"text-modules__content\">\r\n                                <strong>Dr Karina Maciejewska, prof. U\u015a<br \/>\n<\/strong><\/p>\n<p>Stanowisko: Profesor Uczelni<\/p>\n<p><a href=\"https:\/\/opus.us.edu.pl\/info\/author\/USL7b1c78a2e5694494b8c42c690b386637?tab=main&amp;conversationPropagation=begin&amp;sort=&amp;title=Profil%2Bosoby%2B%25E2%2580%2593%2BKarina%2BJanina%2BMaciejewska%2B%25E2%2580%2593%2BUniwersytet%2B%25C5%259Al%25C4%2585ski&amp;lang=pl&amp;pn=1\">Profil<\/a><\/p>\n<p><a href=\"https:\/\/opus.us.edu.pl\/info\/author\/USL7b1c78a2e5694494b8c42c690b386637?r=publication&amp;tab=publications&amp;conversationPropagation=begin&amp;sort=&amp;title=Profil%2Bosoby%2B%25E2%2580%2593%2BKarina%2BJanina%2BMaciejewska%2B%25E2%2580%2593%2BUniwersytet%2B%25C5%259Al%25C4%2585ski&amp;lang=pl&amp;pn=1\">Publikacje<\/a><\/p>\n<p><a href=\"https:\/\/opus.us.edu.pl\/info\/author\/USL7b1c78a2e5694494b8c42c690b386637?r=achievement&amp;tab=achievement&amp;conversationPropagation=begin&amp;sort=&amp;title=Profil%2Bosoby%2B%25E2%2580%2593%2BKarina%2BJanina%2BMaciejewska%2B%25E2%2580%2593%2BUniwersytet%2B%25C5%259Al%25C4%2585ski&amp;lang=pl&amp;pn=1\">Osi\u0105gni\u0119cia<\/a><\/p>\n<p><a href=\"https:\/\/opus.us.edu.pl\/info\/author\/USL7b1c78a2e5694494b8c42c690b386637?r=publication&amp;tab=metrics&amp;conversationPropagation=begin&amp;sort=&amp;title=Profil%2Bosoby%2B%25E2%2580%2593%2BKarina%2BJanina%2BMaciejewska%2B%25E2%2580%2593%2BUniwersytet%2B%25C5%259Al%25C4%2585ski&amp;lang=pl&amp;pn=1\">Cytowania<\/a><\/p>\n<p><strong>Sprawowane funkcje:<\/strong><\/p>\n<ul style=\"list-style-type: square;\">\n<li>Cz\u0142onek Rady Naukowej Instytutu In\u017cynierii Biomedycznej, od 2023<\/li>\n<li>Cz\u0142onek Komisji Etyki Uniwersytetu \u015al\u0105skiego w Katowicach ds. bada\u0144 naukowych prowadzonych z udzia\u0142em ludzi na kadencj\u0119 2024-2028<\/li>\n<li>Cz\u0142onek komisji III ed. konkursu na dofinansowanie dzia\u0142a\u0144 badawczych zwi\u0105zanych z tematem r\u00f3wno\u015bci i r\u00f3\u017cnorodno\u015bci, od 13.11.2024<\/li>\n<li>Review Editor w Radzie Redakcyjnej czasopisma Cognitive Neuroscience (specialty section of Frontiers in Human Neuroscience)<\/li>\n<li>Opiekun pracowni: \u201ePracownia EEG\u201d, \u201ePracownia Analizy Sygna\u0142\u00f3w Biomedycznych\u201d, oraz \u201ePracownia Optyki w Medycynie\u201d<\/li>\n<li>Tutor naukowy student\u00f3w Kolegium Indywidualnych Studi\u00f3w Mi\u0119dzyobszarowych, od 2020<\/li>\n<li>Wsp\u00f3\u0142organizator Katowickiego Tygodnia M\u00f3zgu, od 2023<\/li>\n<li>Cz\u0142onek Rady Dydaktycznej Kierunku Studi\u00f3w biofizyka, fizyka, fizyka medyczna, mikro i nanotechnologia, od 2019, oraz opiekun praktyk zawodowych student\u00f3w fizyki medycznej, od 2013<\/li>\n<li>Promotor pomocniczy dw\u00f3ch rozpraw doktorskich<\/li>\n<li>Opiekun: III, IV rok I stopnia\/ stacjonarne fizyka medyczna<\/li>\n<li>Promotor i recenzent ponad 50 prac magisterskich i in\u017cynierskich student\u00f3w fizyki medycznej<\/li>\n<li>Research Fellow for collaboration in research activities, Universit\u00e0 Campus Bio-Medico di Roma, 2021-2023<\/li>\n<li>Tutor kursu \u2018Physiology\u2019 dla student\u00f3w kierunku Biomedical Engineering, Universit\u00e0 Campus Bio-Medico di Roma, rok akademicki 2022-2023<\/li>\n<li>Tutor personalny (w\u0142. tutor personale) dw\u00f3ch student\u00f3w kierunku Medicine and Surgery MEDTECH, Universit\u00e0 Campus Bio-Medico di Roma, rok akademicki 2022-2023<\/li>\n<li>Inspektor Ochrony Radiologicznej w Instytucie Fizyki U\u015a (od 2017 do 2021 r.)<\/li>\n<\/ul>\n<p><strong>Uzyskane stopnie i tytu\u0142y:<\/strong><\/p>\n<p>Dr &#8211; dziedzina nauk fizycznych\/dyscyplina fizyka, Uniwersytet \u015al\u0105ski w Katowicach<\/p>\n<p><strong>Kierownik grupy badawczej <\/strong><strong>SYGNA\u0141Y BIOMEDYCZNE W NEURONAUCE: BADANIE FUNKCJONOWANIA M\u00d3ZGU I CIA\u0141A<\/strong><\/p>\n<p><strong>Zainteresowania naukowe:<\/strong><\/p>\n<p>Sygna\u0142y biomedyczne (elektroencefalografia (EEG), m\u00f3zgowe potencja\u0142y wywo\u0142ane (ERP), elektrokardiografia (EKG), elektromiografia (EMG), elektrookulografia (EOG), aktywno\u015b\u0107 elektrodermalna (EDA)); wykorzystanie w\/w technik w neuronauce do badania funkcji poznawczych cz\u0142owieka, m.in. pami\u0119ci, uwagi, podejmowania decyzji, integracji sensomotorycznej, body ownership; mobilne obrazowanie m\u00f3zgu i cia\u0142a MoBI (ang. mobile brain\/body imaging); zastosowanie wirtualnej rzeczywisto\u015bci (VR) w badaniach neuronaukowych oraz technik uczenia maszynowego w analizie sygna\u0142\u00f3w neurofizjologicznych<\/p>\n<p><a href=\"https:\/\/ab.us.edu.pl\/emp?id=40202\">Dane kontaktowe<\/a><\/p>\n<p>&nbsp;<\/p>\n<p>&nbsp;<\/p>\n<p>&nbsp;<\/p>\n<div class=\"mt-3\"><\/div>\r\n                            <\/div>\r\n                            \r\n                            \r\n                        <\/div>\r\n                    <\/div>\r\n                <\/div>[\/vc_tta_section][vc_tta_section i_icon_fontawesome=&#8221;fas fa-angle-right&#8221; add_icon=&#8221;true&#8221; title=&#8221;ENGLISH&#8221; tab_id=&#8221;1754566182104-7deddb3f-0c50&#8243;]\r\n                <div class=\"text-modules\">\r\n                    <div class=\"container\">\r\n                        \r\n                        <div class=\"text-modules__content\"><p><strong>Karina Maciejewska, PhD, Assoc. Prof.<\/strong><\/p>\n<p>Position: Assistant Professor<\/p>\n<p><strong>Academic background:\u00a0<\/strong><\/p>\n<p><span class=\"HwtZe\" lang=\"en\"><span class=\"jCAhz ChMk0b\"><span class=\"ryNqvb\">PhD \u2013 physical sciences\/physics, University of Silesia in Katowice<\/span><\/span><\/span><\/p>\n<p><span class=\"HwtZe\" lang=\"en\"><span class=\"jCAhz ChMk0b\"><span class=\"ryNqvb\"><strong>Research interests<\/strong>: <\/span><\/span><\/span><\/p>\n<p><span class=\"HwtZe\" lang=\"en\"><span class=\"jCAhz ChMk0b\"><span class=\"ryNqvb\">Biomedical signals (electroencephalography (EEG), cerebral evoked potentials (ERP), electrocardiography (ECG), electromyography (EMG), electrooculography (EOG), electrodermal activity (EDA));<\/span><\/span> <span class=\"jCAhz ChMk0b\"><span class=\"ryNqvb\">the use of these techniques in neuroscience to study human cognitive functions, including memory, attention, decision-making, sensorimotor integration, and body ownership;<\/span><\/span> <span class=\"jCAhz\"><span class=\"ryNqvb\">mobile brain and body imaging (MoBI);<\/span><\/span> <span class=\"jCAhz ChMk0b\"><span class=\"ryNqvb\">the use of virtual reality (VR) in neuroscience research and machine learning techniques in the analysis of neurophysiological signals<\/span><\/span><\/span><\/p>\n<p><a href=\"https:\/\/opus.us.edu.pl\/info\/author\/USL7b1c78a2e5694494b8c42c690b386637?r=publication&amp;tab=publications&amp;conversationPropagation=begin&amp;sort=&amp;title=Profil%2Bosoby%2B%25E2%2580%2593%2BKarina%2BJanina%2BMaciejewska%2B%25E2%2580%2593%2BUniwersytet%2B%25C5%259Al%25C4%2585ski&amp;lang=pl&amp;pn=1\">Publications<\/a><\/p>\n<p><strong>E-mail:<\/strong> karina.maciejewska@us.edu.pl<\/p>\n<\/div>\r\n                    <\/div>\r\n                <\/div>[\/vc_tta_section][\/vc_tta_tabs][\/vc_column][\/vc_row][vc_row][vc_column][\/vc_column][\/vc_row][vc_row][vc_column][vc_column_text]<\/p>","protected":false},"excerpt":{"rendered":"<p>[vc_row][vc_column][vc_column_text][\/vc_column_text][\/vc_column][\/vc_row][vc_row][vc_column][vc_single_image image=&#8221;1301&#8243; img_size=&#8221;medium&#8221; alignment=&#8221;center&#8221; style=&#8221;vc_box_shadow_3d&#8221; css_animation=&#8221;left-to-right&#8221; title=&#8221;Dr Karina Maciejewska, prof. U\u015a&#8221;][vc_separator color=&#8221;black&#8221; style=&#8221;shadow&#8221; border_width=&#8221;2&#8243; css_animation=&#8221;slideInLeft&#8221;][vc_tta_tabs][vc_tta_section i_icon_fontawesome=&#8221;fas fa-angle-right&#8221; add_icon=&#8221;true&#8221; title=&#8221;POLISH&#8221; tab_id=&#8221;1754566182049-30b40ff0-20d4&#8243;][\/vc_tta_section][vc_tta_section i_icon_fontawesome=&#8221;fas fa-angle-right&#8221; add_icon=&#8221;true&#8221; title=&#8221;ENGLISH&#8221; tab_id=&#8221;1754566182104-7deddb3f-0c50&#8243;][\/vc_tta_section][\/vc_tta_tabs][\/vc_column][\/vc_row][vc_row][vc_column][\/vc_column][\/vc_row][vc_row][vc_column][vc_column_text] [&#8230;]<\/p>\n<p><a class=\"btn btn-secondary understrap-read-more-link\" href=\"https:\/\/us.edu.pl\/instytut\/iib\/dr-karina-maciejewska\/\">Read More&#8230;<\/a><\/p>\n","protected":false},"author":128,"featured_media":0,"parent":0,"menu_order":0,"comment_status":"closed","ping_status":"closed","template":"","meta":{"_expiration-date-status":"","_expiration-date":0,"_expiration-date-type":"","_expiration-date-categories":[],"_expiration-date-options":[]},"acf":[],"_links":{"self":[{"href":"https:\/\/us.edu.pl\/instytut\/iib\/wp-json\/wp\/v2\/pages\/1367"}],"collection":[{"href":"https:\/\/us.edu.pl\/instytut\/iib\/wp-json\/wp\/v2\/pages"}],"about":[{"href":"https:\/\/us.edu.pl\/instytut\/iib\/wp-json\/wp\/v2\/types\/page"}],"author":[{"embeddable":true,"href":"https:\/\/us.edu.pl\/instytut\/iib\/wp-json\/wp\/v2\/users\/128"}],"replies":[{"embeddable":true,"href":"https:\/\/us.edu.pl\/instytut\/iib\/wp-json\/wp\/v2\/comments?post=1367"}],"version-history":[{"count":10,"href":"https:\/\/us.edu.pl\/instytut\/iib\/wp-json\/wp\/v2\/pages\/1367\/revisions"}],"predecessor-version":[{"id":5063,"href":"https:\/\/us.edu.pl\/instytut\/iib\/wp-json\/wp\/v2\/pages\/1367\/revisions\/5063"}],"wp:attachment":[{"href":"https:\/\/us.edu.pl\/instytut\/iib\/wp-json\/wp\/v2\/media?parent=1367"}],"curies":[{"name":"wp","href":"https:\/\/api.w.org\/{rel}","templated":true}]}}