{"id":1406,"date":"2020-11-30T13:57:02","date_gmt":"2020-11-30T12:57:02","guid":{"rendered":"https:\/\/us.edu.pl\/instytut\/iib\/?page_id=1406"},"modified":"2025-08-11T11:59:51","modified_gmt":"2025-08-11T09:59:51","slug":"dr-inz-piotr-duda","status":"publish","type":"page","link":"https:\/\/us.edu.pl\/instytut\/iib\/dr-inz-piotr-duda\/","title":{"rendered":"Dr in\u017c. Piotr Duda"},"content":{"rendered":"<p>[vc_row][vc_column][vc_column_text][\/vc_column_text][\/vc_column][\/vc_row][vc_row][vc_column][vc_single_image image=&#8221;1468&#8243; img_size=&#8221;medium&#8221; alignment=&#8221;center&#8221; style=&#8221;vc_box_shadow_3d&#8221; css_animation=&#8221;left-to-right&#8221; title=&#8221;Dr in\u017c. Piotr Duda&#8221;][vc_separator color=&#8221;black&#8221; style=&#8221;shadow&#8221; border_width=&#8221;2&#8243; css_animation=&#8221;slideInLeft&#8221;][vc_tta_tabs][vc_tta_section i_icon_fontawesome=&#8221;fas fa-angle-right&#8221; add_icon=&#8221;true&#8221; title=&#8221;POLISH&#8221; tab_id=&#8221;1754567794515-c12242df-ede7&#8243;]\r\n                <div class=\"text-modules reverse\">\r\n                    <div class=\"container\">\r\n                         \r\n                        <div class=\"row m-0\">\r\n                            <div class=\"text-modules__content\">\r\n                                <strong>Dr in\u017c. Piotr Duda<\/strong><\/p>\n<p>Stanowisko: adiunkt<\/p>\n<p><a href=\"https:\/\/opus.us.edu.pl\/info\/author\/USL24e541c49bce4e6eaff32039816a4199?r=author&amp;tab=&amp;title=Profil%2Bosoby%2B%25E2%2580%2593%2BPiotr%2BJan%2BDuda%2B%25E2%2580%2593%2BUniwersytet%2B%25C5%259Al%25C4%2585ski&amp;lang=pl&amp;qp=\">Profil<\/a><\/p>\n<p><a href=\"https:\/\/opus.us.edu.pl\/info\/author\/USL24e541c49bce4e6eaff32039816a4199?r=publication&amp;tab=publications&amp;conversationPropagation=begin&amp;sort=&amp;title=Profil%2Bosoby%2B%25E2%2580%2593%2BPiotr%2BJan%2BDuda%2B%25E2%2580%2593%2BUniwersytet%2B%25C5%259Al%25C4%2585ski&amp;lang=pl&amp;pn=1\">Publikacje<\/a><\/p>\n<p><a href=\"https:\/\/opus.us.edu.pl\/info\/author\/USL24e541c49bce4e6eaff32039816a4199?r=achievement&amp;tab=achievement&amp;conversationPropagation=begin&amp;sort=&amp;title=Profil%2Bosoby%2B%25E2%2580%2593%2BPiotr%2BJan%2BDuda%2B%25E2%2580%2593%2BUniwersytet%2B%25C5%259Al%25C4%2585ski&amp;lang=pl&amp;pn=1\">Osi\u0105gni\u0119cia<\/a><\/p>\n<p><a href=\"https:\/\/opus.us.edu.pl\/info\/author\/USL24e541c49bce4e6eaff32039816a4199?r=publication&amp;tab=metrics&amp;conversationPropagation=begin&amp;sort=&amp;title=Profil%2Bosoby%2B%25E2%2580%2593%2BPiotr%2BJan%2BDuda%2B%25E2%2580%2593%2BUniwersytet%2B%25C5%259Al%25C4%2585ski&amp;lang=pl&amp;pn=1\">Cytowania<\/a><\/p>\n<p><strong>Sprawowane funkcje:\u00a0<\/strong><\/p>\n<ul style=\"list-style-type: square;\">\n<li>Kierownik Wydzia\u0142owego Laboratorium Mikrotomografii Komputerowej<\/li>\n<li>Cz\u0142onek Rady Instytutu In\u017cynierii Biomedycznej<\/li>\n<li>Cz\u0142onek Wydzia\u0142owej Komisji do spraw Kszta\u0142cenia Student\u00f3w na Wydziale Nauk \u015acis\u0142ych i Technicznych<\/li>\n<li>Cz\u0142onek Komisji do spraw planu na Wydziale Nauk \u015acis\u0142ych i Technicznych<\/li>\n<li>Cz\u0142onek Polskiego Towarzystwa Tribologicznego<\/li>\n<li>Cz\u0142onek Towarzystwa In\u017cynierii Biomedycznej<\/li>\n<li>Cz\u0142onek Polskiego Stowarzyszenia Upowszechniania Komputerowych System\u00f3w In\u017cynierskich &#8222;ProCAx&#8221;<\/li>\n<li>Guest Editor of Special Issue &#8211; &#8222;Imaging Techniques in Drug Discovery and Development&#8221;<\/li>\n<\/ul>\n<p><strong>Uzyskane stopnie i tytu\u0142y:<\/strong><\/p>\n<p>Dr &#8211; dziedzina nauk technicznych\/dyscyplina in\u017cynieria materia\u0142owa, Uniwersytet \u015al\u0105ski w Katowicach<\/p>\n<p><strong>Kierownik grupy badawczej ZASTOSOWA\u0143 MIKROTOMOGRAFII KOMPUTEROWEJ W MEDYCYNIE I FARMACJI<\/strong><\/p>\n<p><strong>Zainteresowania naukowe:\u00a0<\/strong><\/p>\n<p>Wysokorozdzielcza tomografia komputerowa, technologie druku 3D, skanowanie 3D, tribologia, wspomagane komputerowo projektowanie in\u017cynierskie w CAD.<strong>\u00a0<\/strong><\/p>\n<p><a href=\"https:\/\/ab.us.edu.pl\/emp?id=4842\"><strong>Dane kontaktowe<\/strong><\/a><\/p>\n<div class=\"mt-3\"><\/div>\r\n                            <\/div>\r\n                            \r\n                            \r\n                        <\/div>\r\n                    <\/div>\r\n                <\/div>[\/vc_tta_section][vc_tta_section i_icon_fontawesome=&#8221;fas fa-angle-right&#8221; add_icon=&#8221;true&#8221; title=&#8221;ENGLISH&#8221; tab_id=&#8221;1754567794529-1c9c4948-f5c3&#8243;]\r\n                <div class=\"text-modules\">\r\n                    <div class=\"container\">\r\n                        \r\n                        <div class=\"text-modules__content\"><p><strong><span class=\"HwtZe\" lang=\"en\"><span class=\"jCAhz ChMk0b\"><span class=\"ryNqvb\">Piotr Duda, PhD Eng.<\/span><\/span><\/span><\/strong><\/p>\n<p>Position: Assistant Professor<\/p>\n<p><strong>Academic background:<\/strong><\/p>\n<p><span class=\"HwtZe\" lang=\"en\"><span class=\"jCAhz ChMk0b\"><span class=\"ryNqvb\">PhD \u2013 technical sciences\/discipline: materials engineering, University of Silesia in Katowice <\/span><\/span><\/span><\/p>\n<p><span class=\"HwtZe\" lang=\"en\"><span class=\"jCAhz ChMk0b\"><span class=\"ryNqvb\"><strong>Research interests:<\/strong> <\/span><\/span><\/span><\/p>\n<p><span class=\"HwtZe\" lang=\"en\"><span class=\"jCAhz ChMk0b\"><span class=\"ryNqvb\">High-resolution computed tomography, 3D printing technologies, 3D scanning, tribology, computer-aided engineering design in CAD<\/span><\/span><\/span><\/p>\n<p><a href=\"https:\/\/opus.us.edu.pl\/info\/author\/USL24e541c49bce4e6eaff32039816a4199?r=publication&amp;tab=publications&amp;conversationPropagation=begin&amp;sort=&amp;title=Profil%2Bosoby%2B%25E2%2580%2593%2BPiotr%2BJan%2BDuda%2B%25E2%2580%2593%2BUniwersytet%2B%25C5%259Al%25C4%2585ski&amp;lang=pl&amp;pn=1\">Publications<\/a><\/p>\n<p><strong>E-mail:<\/strong> piotr.duda@us.edu.pl<\/p>\n<\/div>\r\n                    <\/div>\r\n                <\/div>[\/vc_tta_section][\/vc_tta_tabs][\/vc_column][\/vc_row][vc_row][vc_column][\/vc_column][\/vc_row][vc_row][vc_column][vc_column_text][\/vc_column_text][\/vc_column][\/vc_row][vc_row][vc_column][vc_column_text][\/vc_column_text][\/vc_column][\/vc_row][vc_row][vc_column][vc_column_text]<\/p>","protected":false},"excerpt":{"rendered":"<p>[vc_row][vc_column][vc_column_text][\/vc_column_text][\/vc_column][\/vc_row][vc_row][vc_column][vc_single_image image=&#8221;1468&#8243; img_size=&#8221;medium&#8221; alignment=&#8221;center&#8221; style=&#8221;vc_box_shadow_3d&#8221; css_animation=&#8221;left-to-right&#8221; title=&#8221;Dr in\u017c. Piotr Duda&#8221;][vc_separator color=&#8221;black&#8221; style=&#8221;shadow&#8221; border_width=&#8221;2&#8243; css_animation=&#8221;slideInLeft&#8221;][vc_tta_tabs][vc_tta_section i_icon_fontawesome=&#8221;fas fa-angle-right&#8221; add_icon=&#8221;true&#8221; title=&#8221;POLISH&#8221; tab_id=&#8221;1754567794515-c12242df-ede7&#8243;][\/vc_tta_section][vc_tta_section i_icon_fontawesome=&#8221;fas fa-angle-right&#8221; add_icon=&#8221;true&#8221; title=&#8221;ENGLISH&#8221; tab_id=&#8221;1754567794529-1c9c4948-f5c3&#8243;][\/vc_tta_section][\/vc_tta_tabs][\/vc_column][\/vc_row][vc_row][vc_column][\/vc_column][\/vc_row][vc_row][vc_column][vc_column_text][\/vc_column_text][\/vc_column][\/vc_row][vc_row][vc_column][vc_column_text][\/vc_column_text][\/vc_column][\/vc_row][vc_row][vc_column][vc_column_text] [&#8230;]<\/p>\n<p><a class=\"btn btn-secondary understrap-read-more-link\" href=\"https:\/\/us.edu.pl\/instytut\/iib\/dr-inz-piotr-duda\/\">Read More&#8230;<\/a><\/p>\n","protected":false},"author":128,"featured_media":0,"parent":0,"menu_order":0,"comment_status":"closed","ping_status":"closed","template":"","meta":{"_expiration-date-status":"","_expiration-date":0,"_expiration-date-type":"","_expiration-date-categories":[],"_expiration-date-options":[]},"acf":[],"_links":{"self":[{"href":"https:\/\/us.edu.pl\/instytut\/iib\/wp-json\/wp\/v2\/pages\/1406"}],"collection":[{"href":"https:\/\/us.edu.pl\/instytut\/iib\/wp-json\/wp\/v2\/pages"}],"about":[{"href":"https:\/\/us.edu.pl\/instytut\/iib\/wp-json\/wp\/v2\/types\/page"}],"author":[{"embeddable":true,"href":"https:\/\/us.edu.pl\/instytut\/iib\/wp-json\/wp\/v2\/users\/128"}],"replies":[{"embeddable":true,"href":"https:\/\/us.edu.pl\/instytut\/iib\/wp-json\/wp\/v2\/comments?post=1406"}],"version-history":[{"count":10,"href":"https:\/\/us.edu.pl\/instytut\/iib\/wp-json\/wp\/v2\/pages\/1406\/revisions"}],"predecessor-version":[{"id":5074,"href":"https:\/\/us.edu.pl\/instytut\/iib\/wp-json\/wp\/v2\/pages\/1406\/revisions\/5074"}],"wp:attachment":[{"href":"https:\/\/us.edu.pl\/instytut\/iib\/wp-json\/wp\/v2\/media?parent=1406"}],"curies":[{"name":"wp","href":"https:\/\/api.w.org\/{rel}","templated":true}]}}