{"id":1413,"date":"2020-11-30T14:19:05","date_gmt":"2020-11-30T13:19:05","guid":{"rendered":"https:\/\/us.edu.pl\/instytut\/iib\/?page_id=1413"},"modified":"2025-10-24T10:27:04","modified_gmt":"2025-10-24T08:27:04","slug":"projekty","status":"publish","type":"page","link":"https:\/\/us.edu.pl\/instytut\/iib\/badaniainauka\/projekty\/","title":{"rendered":"Projekty naukowe"},"content":{"rendered":"<p>[vc_row][vc_column][vc_column_text][\/vc_column_text][\/vc_column][\/vc_row][vc_row][vc_column]\r\n                <div class=\"text-modules\">\r\n                    <div class=\"container\">\r\n                        \r\n                        <div class=\"text-modules__content\"><\/p>\n<p style=\"text-align: center;\"><strong>Aktualnie trwaj\u0105ce projekty:<\/strong><\/p>\n<p style=\"text-align: center;\"><a href=\"https:\/\/us.edu.pl\/instytut\/iib\/projekt-klinika-magnuccy\/\"><strong>Wprowadzenie nowej i innowacyjnej metody poprawy bezpiecze\u0144stwa wykonywanych procedur i oceny efekt\u00f3w laseroterapii w zabiegach medycyny estetycznej<\/strong><\/a><\/p>\n<p>&nbsp;<\/p>\n<p style=\"text-align: center;\"><strong>Projekty zako\u0144czone:<\/strong><\/p>\n<p style=\"text-align: center;\">Projekty realizowane w Multilaboratorium Technologii Komunikacyjno-Informacyjnych w dyscyplinie In\u017cynieria Biomedyczna:<\/p>\n<ol>\n<li style=\"text-align: left;\"><strong>\u201eSystem monitorowania oddechu, pulsu oraz pozycji cia\u0142a podczas snu z wykorzystaniem urz\u0105dze\u0144 mobilnych\u201d<\/strong> (7\/NAB1\/II+\/2017) &#8211; w ramach projektu \u201eInkubator Innowacyjno\u015bci+\u201d \u2013 wsp\u00f3\u0142finansowanego ze \u015brodk\u00f3w finansowych projektu pozakonkursowego pn. \u201eWsparcie zarz\u0105dzania badaniami naukowymi i komercjalizacja wynik\u00f3w prac B+R w jednostkach naukowych i przedsi\u0119biorstwach\u201d w ramach Programu Operacyjnego Inteligentny Rozw\u00f3j 2014-2020 (Dzia\u0142anie 4.4).<\/li>\n<\/ol>\n<p>Projekt zako\u0144czy\u0142 si\u0119 w marcu 2018 r.<\/p>\n<p>Kierownik zespo\u0142u projektowego: <a href=\"https:\/\/us.edu.pl\/instytut\/iib\/dr-pawel-janik\/\"><strong>dr Pawe\u0142 Janik<\/strong><\/a><\/p>\n<p>Kierownik Projektu: mgr in\u017c. Maria Kwarci\u0144ska<\/p>\n<p><a href=\"https:\/\/us.edu.pl\/instytut\/iib\/wp-content\/uploads\/sites\/41\/2020\/12\/Plakat.jpg\">Plakat projektowy<\/a><\/p>\n<ol start=\"2\">\n<li><strong>\u201eSystem monitorowania oddechu i wspomagania rehabilitacji dr\u00f3g oddechowych\u201d<\/strong> (9\/NAB4\/II+\/2017) w ramach projektu \u201eInkubator Innowacyjno\u015bci+\u201d \u2013 wsp\u00f3\u0142finansowanego ze \u015brodk\u00f3w finansowych projektu pozakonkursowego pn. \u201eWsparcie zarz\u0105dzania badaniami naukowymi i komercjalizacja wynik\u00f3w prac B+R w jednostkach naukowych i przedsi\u0119biorstwach\u201d w ramach Programu Operacyjnego Inteligentny Rozw\u00f3j 2014-2020 (Dzia\u0142anie 4.4).<\/li>\n<\/ol>\n<p>Projekt zako\u0144czy\u0142 si\u0119 w styczniu 2019 r.<\/p>\n<p>Kierownik zespo\u0142u projektowego: <a href=\"https:\/\/us.edu.pl\/instytut\/iib\/dr-pawel-janik\/\"><strong>dr Pawe\u0142 Janik<\/strong><\/a><\/p>\n<p>Kierownik Projektu: mgr in\u017c. Maria Kwarci\u0144ska<\/p>\n<ol start=\"3\">\n<li><strong>\u201eRehabilitacyjna kamizelka oscylacyjna\u201d<\/strong> (10\/NAB1\/II+\/2017) \u2013 w ramach projektu \u201eInkubator Innowacyjno\u015bci+\u201d \u2013 wsp\u00f3\u0142finansowanego ze \u015brodk\u00f3w finansowych projektu pozakonkursowego pn. \u201eWsparcie zarz\u0105dzania badaniami naukowymi i komercjalizacja wynik\u00f3w prac B+R w jednostkach naukowych i przedsi\u0119biorstwach\u201d w ramach Programu Operacyjnego Inteligentny Rozw\u00f3j 2014-2020 (Dzia\u0142anie 4.4).<\/li>\n<\/ol>\n<p>Projekt zako\u0144czy\u0142 si\u0119 w styczniu 2019 r.<\/p>\n<p>Kierownik zespo\u0142u projektowego: <a href=\"https:\/\/us.edu.pl\/instytut\/iib\/dr-malgorzata-janik\/\"><strong>dr Ma\u0142gorzata Janik<\/strong><\/a><\/p>\n<p>Kierownik Projektu: mgr in\u017c. Maria Kwarci\u0144ska<\/p>\n<ol start=\"4\">\n<li><strong>\u201eInteraktywny system do rehabilitacji oddechowej\u201d<\/strong> 3\/11 2.0\/F\/2019 &#8211; w ramach projektu \u201eInkubator Innowacyjno\u015bci+\u201d \u2013 wsp\u00f3\u0142finansowanego ze \u015brodk\u00f3w finansowych projektu pozakonkursowego pn. \u201eWsparcie zarz\u0105dzania badaniami naukowymi i komercjalizacja wynik\u00f3w prac B+R w jednostkach naukowych i przedsi\u0119biorstwach\u201d w ramach Programu Operacyjnego Inteligentny Rozw\u00f3j 2014-2020 (Dzia\u0142anie 4.4).<\/li>\n<\/ol>\n<p>Projekt zako\u0144czy\u0142 si\u0119 w lutym 2020.<\/p>\n<p>Kierownik zespo\u0142u projektowego: <a href=\"https:\/\/us.edu.pl\/instytut\/iib\/dr-pawel-janik\/\"><strong>dr Pawe\u0142 Janik<\/strong><\/a><\/p>\n<p>Kierownik Projektu : mgr in\u017c. Maria Kwarci\u0144ska<\/p>\n<\/div>\r\n                    <\/div>\r\n                <\/div>[\/vc_column][\/vc_row][vc_row][vc_column][vc_column_text][\/vc_column_text][\/vc_column][\/vc_row][vc_row][vc_column][vc_column_text][\/vc_column_text][\/vc_column][\/vc_row][vc_row][vc_column][vc_column_text]<\/p>","protected":false},"excerpt":{"rendered":"<p>[vc_row][vc_column][vc_column_text][\/vc_column_text][\/vc_column][\/vc_row][vc_row][vc_column][\/vc_column][\/vc_row][vc_row][vc_column][vc_column_text][\/vc_column_text][\/vc_column][\/vc_row][vc_row][vc_column][vc_column_text][\/vc_column_text][\/vc_column][\/vc_row][vc_row][vc_column][vc_column_text] [&#8230;]<\/p>\n<p><a class=\"btn btn-secondary understrap-read-more-link\" href=\"https:\/\/us.edu.pl\/instytut\/iib\/badaniainauka\/projekty\/\">Read More&#8230;<\/a><\/p>\n","protected":false},"author":128,"featured_media":0,"parent":196,"menu_order":8,"comment_status":"closed","ping_status":"closed","template":"page-templates\/inner-page.php","meta":{"_expiration-date-status":"","_expiration-date":0,"_expiration-date-type":"","_expiration-date-categories":[],"_expiration-date-options":[]},"acf":[],"_links":{"self":[{"href":"https:\/\/us.edu.pl\/instytut\/iib\/wp-json\/wp\/v2\/pages\/1413"}],"collection":[{"href":"https:\/\/us.edu.pl\/instytut\/iib\/wp-json\/wp\/v2\/pages"}],"about":[{"href":"https:\/\/us.edu.pl\/instytut\/iib\/wp-json\/wp\/v2\/types\/page"}],"author":[{"embeddable":true,"href":"https:\/\/us.edu.pl\/instytut\/iib\/wp-json\/wp\/v2\/users\/128"}],"replies":[{"embeddable":true,"href":"https:\/\/us.edu.pl\/instytut\/iib\/wp-json\/wp\/v2\/comments?post=1413"}],"version-history":[{"count":10,"href":"https:\/\/us.edu.pl\/instytut\/iib\/wp-json\/wp\/v2\/pages\/1413\/revisions"}],"predecessor-version":[{"id":4216,"href":"https:\/\/us.edu.pl\/instytut\/iib\/wp-json\/wp\/v2\/pages\/1413\/revisions\/4216"}],"up":[{"embeddable":true,"href":"https:\/\/us.edu.pl\/instytut\/iib\/wp-json\/wp\/v2\/pages\/196"}],"wp:attachment":[{"href":"https:\/\/us.edu.pl\/instytut\/iib\/wp-json\/wp\/v2\/media?parent=1413"}],"curies":[{"name":"wp","href":"https:\/\/api.w.org\/{rel}","templated":true}]}}