{"id":1470,"date":"2020-12-04T12:39:01","date_gmt":"2020-12-04T11:39:01","guid":{"rendered":"https:\/\/us.edu.pl\/instytut\/iib\/?page_id=1470"},"modified":"2026-04-21T09:32:37","modified_gmt":"2026-04-21T07:32:37","slug":"o-instytucie","status":"publish","type":"page","link":"https:\/\/us.edu.pl\/instytut\/iib\/strona-glowna\/o-instytucie\/","title":{"rendered":"O Instytucie"},"content":{"rendered":"<p>[vc_row][vc_column][vc_column_text][\/vc_column_text][\/vc_column][\/vc_row][vc_row][vc_column][vc_column_text][\/vc_column_text][\/vc_column][\/vc_row][vc_row][vc_column]<div class=\"container\"><div class=\"separator\" style=\"background-color: #002E5A\"><\/div><\/div>\r\n                <div class=\"text-modules\">\r\n                    <div class=\"container\">\r\n                        <h3 class=\"page-title text__title\">O Instytucie In\u017cynierii Biomedycznej<\/h3>\r\n                        <div class=\"text-modules__content\"><\/p>\n<p style=\"text-align: left;\">Instytut In\u017cynierii Biomedycznej zosta\u0142 utworzony w 2019 roku i wchodzi w sk\u0142ad <a href=\"https:\/\/us.edu.pl\/wydzial\/wnst\/\">Wydzia\u0142u Nauk \u015acis\u0142ych i Technicznych<\/a> Uniwersytetu \u015al\u0105skiego w Katowicach.<\/p>\n<p style=\"text-align: left;\">Wcze\u015bniej In\u017cynieria Biomedyczna rozwija\u0142a si\u0119 pod szyldem Zak\u0142adu Komputerowych System\u00f3w Biomedycznych, kt\u00f3ry by\u0142 jednym z pi\u0119ciu zak\u0142ad\u00f3w tworz\u0105cych Instytut Informatyki.<\/p>\n<p style=\"text-align: left;\">Kierownikiem Zak\u0142adu by\u0142 <a href=\"https:\/\/us.edu.pl\/instytut\/iib\/prof-dr-hab-inz-zygmunt-wrobel\/\">Prof. dr hab. in\u017c. Zygmunt Wr\u00f3bel.<\/a><\/p>\n<p style=\"text-align: left;\">Dyrektorem nowopowsta\u0142ego Instytutu In\u017cynierii Biomedycznej zosta\u0142 mianowany <a href=\"https:\/\/us.edu.pl\/instytut\/iib\/dr-hab-prof-us-sebastian-stach\/\">Dr hab. Sebastian Stach, prof. U\u015a<\/a><\/p>\n<p style=\"text-align: left;\">G\u0142\u00f3wn\u0105 siedzib\u0105 Instytutu jest budynek mieszcz\u0105cy si\u0119 przy ul. B\u0119dzi\u0144skiej 39 w Sosnowcu.<\/p>\n<p style=\"text-align: left;\">Instytut posiada <a href=\"https:\/\/us.edu.pl\/instytut\/iib\/badaniainauka\/laboratoria-naukowo-badawcze-w-instytucie-inzynierii-biomedycznej\/\">laboratoria badawcze<\/a> wyposa\u017cone w nowoczesny sprz\u0119t badawczy.<\/p>\n<p style=\"text-align: left;\">Instytut <a href=\"https:\/\/us.edu.pl\/instytut\/iib\/badaniainauka\/wspolpraca\/\">wsp\u00f3\u0142pracuje<\/a> z wieloma firmami oraz o\u015brodkami badawczymi na ca\u0142ym \u015bwiecie.<\/p>\n<p>\n<\/div>\r\n                    <\/div>\r\n                <\/div><div class=\"container\"><div class=\"separator\" style=\"background-color: #002E5A\"><\/div><\/div>[\/vc_column][\/vc_row][vc_row][vc_column][vc_gallery interval=&#8221;5&#8243; images=&#8221;1122,1121,933,932&#8243; img_size=&#8221;large&#8221; onclick=&#8221;&#8221; css_animation=&#8221;fadeInLeft&#8221; css=&#8221;.vc_custom_1754989362278{background-position: center !important;background-repeat: no-repeat !important;background-size: contain !important;border-radius: 2px !important;}&#8221;][\/vc_column][\/vc_row][vc_row][vc_column][vc_column_text]<\/p>","protected":false},"excerpt":{"rendered":"<p>[vc_row][vc_column][vc_column_text][\/vc_column_text][\/vc_column][\/vc_row][vc_row][vc_column][vc_column_text][\/vc_column_text][\/vc_column][\/vc_row][vc_row][vc_column][\/vc_column][\/vc_row][vc_row][vc_column][vc_gallery interval=&#8221;5&#8243; images=&#8221;1122,1121,933,932&#8243; img_size=&#8221;large&#8221; onclick=&#8221;&#8221; css_animation=&#8221;fadeInLeft&#8221; css=&#8221;.vc_custom_1754989362278{background-position: center !important;background-repeat: no-repeat !important;background-size: contain !important;border-radius: 2px !important;}&#8221;][\/vc_column][\/vc_row][vc_row][vc_column][vc_column_text] [&#8230;]<\/p>\n<p><a class=\"btn btn-secondary understrap-read-more-link\" href=\"https:\/\/us.edu.pl\/instytut\/iib\/strona-glowna\/o-instytucie\/\">Read More&#8230;<\/a><\/p>\n","protected":false},"author":128,"featured_media":0,"parent":6,"menu_order":0,"comment_status":"closed","ping_status":"closed","template":"page-templates\/inner-page.php","meta":{"_expiration-date-status":"","_expiration-date":0,"_expiration-date-type":"","_expiration-date-categories":[],"_expiration-date-options":[]},"acf":[],"_links":{"self":[{"href":"https:\/\/us.edu.pl\/instytut\/iib\/wp-json\/wp\/v2\/pages\/1470"}],"collection":[{"href":"https:\/\/us.edu.pl\/instytut\/iib\/wp-json\/wp\/v2\/pages"}],"about":[{"href":"https:\/\/us.edu.pl\/instytut\/iib\/wp-json\/wp\/v2\/types\/page"}],"author":[{"embeddable":true,"href":"https:\/\/us.edu.pl\/instytut\/iib\/wp-json\/wp\/v2\/users\/128"}],"replies":[{"embeddable":true,"href":"https:\/\/us.edu.pl\/instytut\/iib\/wp-json\/wp\/v2\/comments?post=1470"}],"version-history":[{"count":10,"href":"https:\/\/us.edu.pl\/instytut\/iib\/wp-json\/wp\/v2\/pages\/1470\/revisions"}],"predecessor-version":[{"id":5916,"href":"https:\/\/us.edu.pl\/instytut\/iib\/wp-json\/wp\/v2\/pages\/1470\/revisions\/5916"}],"up":[{"embeddable":true,"href":"https:\/\/us.edu.pl\/instytut\/iib\/wp-json\/wp\/v2\/pages\/6"}],"wp:attachment":[{"href":"https:\/\/us.edu.pl\/instytut\/iib\/wp-json\/wp\/v2\/media?parent=1470"}],"curies":[{"name":"wp","href":"https:\/\/api.w.org\/{rel}","templated":true}]}}