{"id":1642,"date":"2021-03-25T11:39:41","date_gmt":"2021-03-25T10:39:41","guid":{"rendered":"https:\/\/us.edu.pl\/instytut\/iib\/?page_id=1642"},"modified":"2024-12-27T13:00:03","modified_gmt":"2024-12-27T12:00:03","slug":"dr-hab-sebastian-stach-prof-us","status":"publish","type":"page","link":"https:\/\/us.edu.pl\/instytut\/iib\/dr-hab-sebastian-stach-prof-us\/","title":{"rendered":"dr hab. Sebastian Stach, prof. U\u015a"},"content":{"rendered":"<p>[vc_row][vc_column]\r\n                <div class=\"text-modules \">\r\n                    <div class=\"container\">\r\n                         \r\n                        <div class=\"row m-0\">\r\n                            <div class=\"text-modules__content\">\r\n                                <span style=\"font-family: verdana, geneva, sans-serif; font-size: 12pt;\"><strong>dr hab. Sebastian Stach, prof. U\u015a<\/strong><\/span><\/p>\n<p><span style=\"font-size: 12pt;\">Stanowisko: Profesor Uczelni<\/span><\/p>\n<p><span style=\"font-size: 12pt;\"><a href=\"https:\/\/opus.us.edu.pl\/info\/author\/USLb1d5ebeaceb64d0e8484f61630af89ca?affil=&amp;r=author&amp;tab=&amp;title=Profil%2Bosoby%2B%25E2%2580%2593%2BSebastian%2BMicha%25C5%2582%2BStach%2B%25E2%2580%2593%2BUniwersytet%2B%25C5%259Al%25C4%2585ski&amp;lang=pl&amp;qp=\">Profil<\/a><\/span><\/p>\n<p><span style=\"font-size: 12pt;\"><a href=\"https:\/\/opus.us.edu.pl\/info\/author\/USLb1d5ebeaceb64d0e8484f61630af89ca?r=publication&amp;affil=&amp;tab=publications&amp;conversationPropagation=begin&amp;sort=&amp;title=Profil%2Bosoby%2B%25E2%2580%2593%2BSebastian%2BMicha%25C5%2582%2BStach%2B%25E2%2580%2593%2BUniwersytet%2B%25C5%259Al%25C4%2585ski&amp;lang=pl&amp;pn=1\">Publikacje<\/a><\/span><\/p>\n<p><span style=\"font-size: 12pt;\"><a href=\"https:\/\/opus.us.edu.pl\/info\/author\/USLb1d5ebeaceb64d0e8484f61630af89ca?r=achievement&amp;affil=&amp;tab=achievement&amp;conversationPropagation=begin&amp;sort=&amp;title=Profil%2Bosoby%2B%25E2%2580%2593%2BSebastian%2BMicha%25C5%2582%2BStach%2B%25E2%2580%2593%2BUniwersytet%2B%25C5%259Al%25C4%2585ski&amp;lang=pl&amp;pn=1\">Osi\u0105gni\u0119cia<\/a><\/span><\/p>\n<p><span style=\"font-size: 12pt;\"><a href=\"https:\/\/opus.us.edu.pl\/info\/author\/USLb1d5ebeaceb64d0e8484f61630af89ca?r=publication&amp;affil=&amp;tab=metrics&amp;conversationPropagation=begin&amp;sort=&amp;title=Profil%2Bosoby%2B%25E2%2580%2593%2BSebastian%2BMicha%25C5%2582%2BStach%2B%25E2%2580%2593%2BUniwersytet%2B%25C5%259Al%25C4%2585ski&amp;lang=pl&amp;pn=1\">Cytowania<\/a><\/span><\/p>\n<pre><span style=\"font-family: verdana, geneva, sans-serif; font-size: 12pt;\"><strong>\u00b7 Dyrektor Instytutu In\u017cynierii Biomedycznej<\/strong>\r\n<strong>\u00b7 Przewodnicz\u0105cy Rady Naukowej Instytutu In\u017cynierii Biomedycznej<\/strong>\r\n<strong>\u00b7 Kierownik Laboratorium ilo\u015bciowej analizy i modelowania powierzchni biomateria\u0142\u00f3w \u201eConlab\u201d\r\n<\/strong><strong>\u00b7 Redaktor go\u015bcinny w czasopi\u015bmie <a href=\"https:\/\/www.mdpi.com\/journal\/materials\"><em>Materials<\/em><\/a> o wsp\u00f3\u0142czynniku wp\u0142ywu (IF) 3,057 \r\n  (140 punkt\u00f3w MNiSW) w trzech wydaniach specjalnych -\r\n <a href=\"https:\/\/www.mdpi.com\/journal\/materials\/special_issues\/surface_modeling\">link do wydania specjalnego nr 1<\/a>\r\n <a href=\"https:\/\/www.mdpi.com\/journal\/materials\/special_issues\/submissions_Poland\">link do wydania specjalnego nr 2<\/a>\r\n <a href=\"https:\/\/www.mdpi.com\/journal\/materials\/special_issues\/topograph_morpholog_character\">link do wydania specjalnego nr 3<\/a>\r\n\u00b7 Redaktor go\u015bcinny w czasopi\u015bmie <a href=\"https:\/\/www.hindawi.com\/journals\/amse\/\">Advances in Materials Science and Engineering<\/a> o wsp\u00f3\u0142czynniku \r\nwp\u0142ywu (IF) 1,271 (40 punkt\u00f3w MNiSW)\r\n<a href=\"https:\/\/www.hindawi.com\/journals\/amse\/si\/978570\/?utm_source=MarketingCloud&amp;utm_medium=email&amp;utm_content=GET+Engage+Email+2+-+(SIs+Launched+Oct+16+-+Nov+15)&amp;utm_campaign=HDW_MRKT_GBL_AWA_EMIL_OWN_GETM_SPEC_X2_10084&amp;utm_term=%%SpecialIssueName%%&amp;email_uid=4a7d7805ca59cdc10d78f967e379158540599bcb833795626cc92f2c57119f31&amp;subscriber_uid=0035A00003lNyPzQAK\">link do wydania specjalnego<\/a>\r\n\u00b7 Cz\u0142onek Senatu Uniwersytetu \u015al\u0105skiego w Katowicach na kadencj\u0119 2020-2024\r\n<\/strong>\r\n<strong>Uzyskane stopnie i tytu\u0142y:<\/strong>\r\n\r\nDr - dziedzina nauki techniczne\/dyscyplina in\u017cynieria materia\u0142owa, Uniwersytet \u015al\u0105ski w Katowicach\r\nDr hab. - dziedzina nauk technicznych\/dyscyplina biocybernetyka i in\u017cynieria biomedyczna, Instytut Biocybernetyki i In\u017cynierii Biomedycznej im. M. Na\u0142\u0119cza PAN\r\n<strong>Kierownik grupy badawczej ANALIZY I MODELOWANIA POWIERZCHNI BIOMATERIA\u0141\u00d3W\r\n\r\nCz\u0142onkowie grupy badawczej\r\n<\/strong>dr hab. Sebastian Stach, prof. U\u015a - kierownik\r\ndr in\u017c. \u017baneta Garczyk-Munda\u0142a\r\nmgr in\u017c. Wiktoria Sapota\r\nNatalia Szlachcic\r\nUrszula Je\u017c\r\nJulia Otorowska\r\ndr in\u017c. Stefan Talu\r\ndr Marco Salerno<strong>\r\n\r\nStrona WWW:<\/strong>\u00a0\u00a0<a href=\"http:\/\/www.stach.us.edu.pl\/\">http:\/\/www.stach.us.edu.pl\/<\/a>\r\n\r\n<strong>Zainteresowania naukowe:<\/strong>\r\nIn\u017cynieria biomedyczna, analiza i przetwarzanie obraz\u00f3w, \r\ninformatyka biomedyczna, mikroskopia konfokalna i mikroskopia AFM powierzchni materia\u0142\u00f3w,\r\nilo\u015bciowa analiza i modelowanie powierzchni materia\u0142\u00f3w, wytrzyma\u0142o\u015b\u0107 materia\u0142\u00f3w.\r\n\r\n<a href=\"https:\/\/ab.us.edu.pl\/emp?id=25632\">Dane kontaktowe<\/a>\r\n<\/span><\/pre>\n<div class=\"mt-3\"><\/div>\r\n                            <\/div>\r\n                            \r\n                            <div class=\"text-modules__img\"><img src=\"https:\/\/us.edu.pl\/instytut\/iib\/wp-content\/uploads\/sites\/41\/Nieprzypisane\/stach-foto-e1736949298923.jpg\" alt=\"img\"><\/div>\r\n                        <\/div>\r\n                    <\/div>\r\n                <\/div>[\/vc_column][\/vc_row][vc_row][vc_column][vc_column_text][\/vc_column_text][\/vc_column][\/vc_row]<\/p>","protected":false},"excerpt":{"rendered":"<p>[vc_row][vc_column][\/vc_column][\/vc_row][vc_row][vc_column][vc_column_text][\/vc_column_text][\/vc_column][\/vc_row] [&#8230;]<\/p>\n<p><a class=\"btn btn-secondary understrap-read-more-link\" href=\"https:\/\/us.edu.pl\/instytut\/iib\/dr-hab-sebastian-stach-prof-us\/\">Read More&#8230;<\/a><\/p>\n","protected":false},"author":128,"featured_media":0,"parent":0,"menu_order":0,"comment_status":"closed","ping_status":"closed","template":"","meta":{"_expiration-date-status":"","_expiration-date":0,"_expiration-date-type":"","_expiration-date-categories":[],"_expiration-date-options":[]},"acf":[],"_links":{"self":[{"href":"https:\/\/us.edu.pl\/instytut\/iib\/wp-json\/wp\/v2\/pages\/1642"}],"collection":[{"href":"https:\/\/us.edu.pl\/instytut\/iib\/wp-json\/wp\/v2\/pages"}],"about":[{"href":"https:\/\/us.edu.pl\/instytut\/iib\/wp-json\/wp\/v2\/types\/page"}],"author":[{"embeddable":true,"href":"https:\/\/us.edu.pl\/instytut\/iib\/wp-json\/wp\/v2\/users\/128"}],"replies":[{"embeddable":true,"href":"https:\/\/us.edu.pl\/instytut\/iib\/wp-json\/wp\/v2\/comments?post=1642"}],"version-history":[{"count":10,"href":"https:\/\/us.edu.pl\/instytut\/iib\/wp-json\/wp\/v2\/pages\/1642\/revisions"}],"predecessor-version":[{"id":2972,"href":"https:\/\/us.edu.pl\/instytut\/iib\/wp-json\/wp\/v2\/pages\/1642\/revisions\/2972"}],"wp:attachment":[{"href":"https:\/\/us.edu.pl\/instytut\/iib\/wp-json\/wp\/v2\/media?parent=1642"}],"curies":[{"name":"wp","href":"https:\/\/api.w.org\/{rel}","templated":true}]}}