{"id":1655,"date":"2021-03-29T12:30:48","date_gmt":"2021-03-29T10:30:48","guid":{"rendered":"https:\/\/us.edu.pl\/instytut\/iib\/?page_id=1655"},"modified":"2025-10-17T08:46:11","modified_gmt":"2025-10-17T06:46:11","slug":"dr-inz-teresa-kasprzyk-kucewicz","status":"publish","type":"page","link":"https:\/\/us.edu.pl\/instytut\/iib\/dr-inz-teresa-kasprzyk-kucewicz\/","title":{"rendered":"Dr in\u017c. Teresa Kasprzyk-Kucewicz, prof. U\u015a"},"content":{"rendered":"<p>[vc_row][vc_column][vc_single_image image=&#8221;4338&#8243; img_size=&#8221;medium&#8221; alignment=&#8221;center&#8221; style=&#8221;vc_box_shadow_3d&#8221; css_animation=&#8221;left-to-right&#8221; title=&#8221;Dr in\u017c. Teresa Kasprzyk-Kucewicz, prof. U\u015a&#8221;][vc_separator color=&#8221;black&#8221; style=&#8221;shadow&#8221; border_width=&#8221;2&#8243; css_animation=&#8221;slideInLeft&#8221;][vc_tta_tabs][vc_tta_section i_icon_fontawesome=&#8221;fas fa-angle-right&#8221; add_icon=&#8221;true&#8221; title=&#8221;POLISH&#8221; tab_id=&#8221;1754569080725-f670cea4-ee16&#8243;]\r\n                <div class=\"text-modules reverse\">\r\n                    <div class=\"container\">\r\n                         \r\n                        <div class=\"row m-0\">\r\n                            <div class=\"text-modules__content\">\r\n                                <strong>Dr in\u017c. Teresa Kasprzyk-Kucewicz, prof. U\u015a<\/strong><\/p>\n<p>Stanowisko: adiunkt<\/p>\n<p><a href=\"https:\/\/opus.us.edu.pl\/info.seam?id=USLd950d99f1cb543c5a3ae1bf880a6a03b&amp;affil=&amp;lang=pl\">Profil<\/a><\/p>\n<p><a href=\"https:\/\/opus.us.edu.pl\/info\/author\/USLd950d99f1cb543c5a3ae1bf880a6a03b?r=publication&amp;affil=&amp;tab=publications&amp;conversationPropagation=begin&amp;sort=&amp;title=Profil%2Bosoby%2B%25E2%2580%2593%2BTeresa%2BDorota%2BKasprzyk-Kucewicz%2B%25E2%2580%2593%2BUniwersytet%2B%25C5%259Al%25C4%2585ski&amp;lang=pl&amp;pn=1\">Publikacje<\/a><\/p>\n<p><a href=\"https:\/\/opus.us.edu.pl\/info\/author\/USLd950d99f1cb543c5a3ae1bf880a6a03b?r=publication&amp;affil=&amp;tab=metrics&amp;conversationPropagation=begin&amp;sort=&amp;title=Profil%2Bosoby%2B%25E2%2580%2593%2BTeresa%2BDorota%2BKasprzyk-Kucewicz%2B%25E2%2580%2593%2BUniwersytet%2B%25C5%259Al%25C4%2585ski&amp;lang=pl&amp;pn=1\">Cytowania<\/a><\/p>\n<p style=\"margin: 0cm; margin-bottom: .0001pt;\"><strong>Sprawowane funkcje:<\/strong><\/p>\n<ul style=\"list-style-type: square;\">\n<li>Sekretarz Polskiego Towarzystwa Diagnostyki Termograficznej w Medycynie<\/li>\n<li>Cz\u0142onek Kolegium Naukowego Polskiego Towarzystwa Fizyki Medycznej oddzia\u0142 \u015bl\u0105ski<\/li>\n<li>Cz\u0142onek Kolegium Naukowego Uniwersytetu \u015al\u0105skiego Dzieci<\/li>\n<li>Recenzent w czasopismach naukowych: Polish Journal of Medical Physics &amp; Engineering, European Journal of Inflammation, Journal of Thermal Analysis and Calorimetry oraz Acta of Bioengineering and Biomechanics<\/li>\n<li>Cz\u0142onek Zespo\u0142u ds. Zapewnienia Jako\u015bci Kszta\u0142cenia na kierunku fizyka medyczna<\/li>\n<li>Cz\u0142onek Rady Dydaktycznej kierunku studi\u00f3w: biofizyka, fizyka, fizyka medyczna, mikro i nanotechnologia<\/li>\n<li>Cz\u0142onek Polskiego Towarzystwa Krioterapii<\/li>\n<\/ul>\n<p><strong>Uzyskane stopnie i tytu\u0142y:<\/strong><\/p>\n<p>Dr &#8211; dziedzina nauk \u015bcis\u0142ych i technicznych\/dyscyplina nauki fizyczne, Uniwersytet \u015al\u0105ski w Katowicach<\/p>\n<p><strong>Kierownik grupy badawczej MEDYCYNY SPORTU<\/strong><\/p>\n<p><strong>Zainteresowania naukowe:<\/strong><\/p>\n<p>Termografia w naukach medycznych, termoregulacja organizmu cz\u0142owieka w kontek\u015bcie treningu w sportach wytrzyma\u0142o\u015bciowych, biomechanika narz\u0105d\u00f3w ruchu, termografia aktywna (ADT) i jej zastosowanie w naukach medycznych.<\/p>\n<p><strong><a href=\"https:\/\/ab.us.edu.pl\/emp?id=62953\">Dane kontaktowe<\/a><\/strong><\/p>\n<p>&nbsp;<\/p>\n<div class=\"mt-3\"><\/div>\r\n                            <\/div>\r\n                            \r\n                            \r\n                        <\/div>\r\n                    <\/div>\r\n                <\/div>[\/vc_tta_section][vc_tta_section i_icon_fontawesome=&#8221;fas fa-angle-right&#8221; add_icon=&#8221;true&#8221; title=&#8221;ENGLISH&#8221; tab_id=&#8221;1754569080735-541790d7-58b3&#8243;]\r\n                <div class=\"text-modules\">\r\n                    <div class=\"container\">\r\n                        \r\n                        <div class=\"text-modules__content\"><p><strong><span class=\"HwtZe\" lang=\"en\"><span class=\"jCAhz ChMk0b\"><span class=\"ryNqvb\">Teresa Kasprzyk-Kucewicz, PhD Eng.<\/span><\/span><\/span><\/strong><\/p>\n<p>Position: Assistant Professor<\/p>\n<p><strong><span class=\"HwtZe\" lang=\"en\"><span class=\"jCAhz ChMk0b\"><span class=\"ryNqvb\">Academic background:<\/span><\/span><\/span><\/strong><\/p>\n<p><span class=\"HwtZe\" lang=\"en\"><span class=\"jCAhz ChMk0b\"><span class=\"ryNqvb\">PhD \u2013 science and technology\/physical sciences, University of Silesia in Katowice\u00a0<\/span><\/span><\/span><\/p>\n<p><span class=\"HwtZe\" lang=\"en\"><span class=\"jCAhz ChMk0b\"><span class=\"ryNqvb\"><strong> Research interests:<\/strong> <\/span><\/span><\/span><\/p>\n<p><span class=\"HwtZe\" lang=\"en\"><span class=\"jCAhz ChMk0b\"><span class=\"ryNqvb\">Thermography in medical sciences, thermoregulation of the human body in the context of endurance sports training, biomechanics of the musculoskeletal system, active thermography (ADT) and its application in medical sciences<\/span><\/span><\/span><\/p>\n<p><a href=\"https:\/\/opus.us.edu.pl\/info\/author\/USLd950d99f1cb543c5a3ae1bf880a6a03b?r=publication&amp;affil=&amp;tab=publications&amp;conversationPropagation=begin&amp;sort=&amp;title=Profil%2Bosoby%2B%25E2%2580%2593%2BTeresa%2BDorota%2BKasprzyk-Kucewicz%2B%25E2%2580%2593%2BUniwersytet%2B%25C5%259Al%25C4%2585ski&amp;lang=pl&amp;pn=1\">Publications<\/a><\/p>\n<p><strong>E-mail:<\/strong> teresa.kasprzyk-kucewicz@us.edu.pl<\/p>\n<\/div>\r\n                    <\/div>\r\n                <\/div>[\/vc_tta_section][\/vc_tta_tabs][\/vc_column][\/vc_row][vc_row][vc_column][\/vc_column][\/vc_row][vc_row][vc_column][vc_column_text][\/vc_column_text][\/vc_column][\/vc_row][vc_row][vc_column][vc_column_text][\/vc_column_text][\/vc_column][\/vc_row][vc_row][vc_column][vc_column_text]<\/p>","protected":false},"excerpt":{"rendered":"<p>[vc_row][vc_column][vc_single_image image=&#8221;4338&#8243; img_size=&#8221;medium&#8221; alignment=&#8221;center&#8221; style=&#8221;vc_box_shadow_3d&#8221; css_animation=&#8221;left-to-right&#8221; title=&#8221;Dr in\u017c. Teresa Kasprzyk-Kucewicz, prof. U\u015a&#8221;][vc_separator color=&#8221;black&#8221; style=&#8221;shadow&#8221; border_width=&#8221;2&#8243; css_animation=&#8221;slideInLeft&#8221;][vc_tta_tabs][vc_tta_section i_icon_fontawesome=&#8221;fas fa-angle-right&#8221; add_icon=&#8221;true&#8221; title=&#8221;POLISH&#8221; tab_id=&#8221;1754569080725-f670cea4-ee16&#8243;][\/vc_tta_section][vc_tta_section i_icon_fontawesome=&#8221;fas fa-angle-right&#8221; add_icon=&#8221;true&#8221; title=&#8221;ENGLISH&#8221; tab_id=&#8221;1754569080735-541790d7-58b3&#8243;][\/vc_tta_section][\/vc_tta_tabs][\/vc_column][\/vc_row][vc_row][vc_column][\/vc_column][\/vc_row][vc_row][vc_column][vc_column_text][\/vc_column_text][\/vc_column][\/vc_row][vc_row][vc_column][vc_column_text][\/vc_column_text][\/vc_column][\/vc_row][vc_row][vc_column][vc_column_text] [&#8230;]<\/p>\n<p><a class=\"btn btn-secondary understrap-read-more-link\" href=\"https:\/\/us.edu.pl\/instytut\/iib\/dr-inz-teresa-kasprzyk-kucewicz\/\">Read More&#8230;<\/a><\/p>\n","protected":false},"author":128,"featured_media":0,"parent":0,"menu_order":0,"comment_status":"closed","ping_status":"closed","template":"","meta":{"_expiration-date-status":"","_expiration-date":0,"_expiration-date-type":"","_expiration-date-categories":[],"_expiration-date-options":[]},"acf":[],"_links":{"self":[{"href":"https:\/\/us.edu.pl\/instytut\/iib\/wp-json\/wp\/v2\/pages\/1655"}],"collection":[{"href":"https:\/\/us.edu.pl\/instytut\/iib\/wp-json\/wp\/v2\/pages"}],"about":[{"href":"https:\/\/us.edu.pl\/instytut\/iib\/wp-json\/wp\/v2\/types\/page"}],"author":[{"embeddable":true,"href":"https:\/\/us.edu.pl\/instytut\/iib\/wp-json\/wp\/v2\/users\/128"}],"replies":[{"embeddable":true,"href":"https:\/\/us.edu.pl\/instytut\/iib\/wp-json\/wp\/v2\/comments?post=1655"}],"version-history":[{"count":10,"href":"https:\/\/us.edu.pl\/instytut\/iib\/wp-json\/wp\/v2\/pages\/1655\/revisions"}],"predecessor-version":[{"id":5263,"href":"https:\/\/us.edu.pl\/instytut\/iib\/wp-json\/wp\/v2\/pages\/1655\/revisions\/5263"}],"wp:attachment":[{"href":"https:\/\/us.edu.pl\/instytut\/iib\/wp-json\/wp\/v2\/media?parent=1655"}],"curies":[{"name":"wp","href":"https:\/\/api.w.org\/{rel}","templated":true}]}}