{"id":2201,"date":"2023-07-17T10:22:15","date_gmt":"2023-07-17T08:22:15","guid":{"rendered":"https:\/\/us.edu.pl\/instytut\/iib\/?page_id=2201"},"modified":"2025-05-13T14:39:54","modified_gmt":"2025-05-13T12:39:54","slug":"doktoraty","status":"publish","type":"page","link":"https:\/\/us.edu.pl\/instytut\/iib\/badaniainauka\/doktoraty\/","title":{"rendered":"Doktoraty"},"content":{"rendered":"<p>[vc_row][vc_column]\r\n                <div class=\"tiles-section\" style=\"background: \">\r\n                    <div class=\"container\">\r\n                        <h3 class=\"page-title\"><\/h3>\r\n                        <div class=\"tiles tiles-2\">\r\n                            <a href=\"https:\/\/us.edu.pl\/instytut\/iib\/harmonogram-rekrutacji\/\" class=\"tile tile_double justify-content-center\" style=\"background-color: #002E5A; font-weight: bold; color: #ffffff;  \">\r\n                                \r\n                                   \r\n                               \r\n                                <div class=\"tile__name\">HARMONOGRAM REKRUTACJI<\/div>\r\n                            <\/a>\r\n                            <a href=\"https:\/\/us.edu.pl\/instytut\/iib\/tematy-prac-doktorskich\/\" class=\"tile tile_double justify-content-center\" style=\"background-color: #002E5A; font-weight: bold; color: #ffffff;  \">\r\n                                \r\n                                   \r\n                               \r\n                                <div class=\"tile__name\">TEMATY PRAC DOKTORSKICH<\/div>\r\n                            <\/a><\/div>\r\n                    <\/div>\r\n                <\/div>\r\n                <div class=\"text-modules\">\r\n                    <div class=\"container\">\r\n                        \r\n                        <div class=\"text-modules__content\"><\/p>\n<p style=\"text-align: center;\"><span style=\"font-size: 12pt;\">Osoby zainteresowane otwarciem przewodu doktorskiego w dziedzinie nauk in\u017cynieryjno-technicznych w dyscyplinie in\u017cynieria biomedyczna podstawowe informacje odnajd\u0105 <a href=\"https:\/\/us.edu.pl\/doktorant\/mobilnosc-rozwoj\/uzyskanie-stopnia-doktora\/\">na stronie Uniwersytetu \u015al\u0105skiego dotycz\u0105cej uzyskania stopnia doktora po wej\u015bciu w \u017cycie Ustawy 2.0.<\/a><\/span><\/p>\n<p style=\"text-align: center;\"><span style=\"font-size: 12pt;\"><a href=\"https:\/\/aktyprawne.us.edu.pl\/w\/7166\/6\/\">Wzory uchwa\u0142 i wniosk\u00f3w<\/a> w sprawie przeprowadzenia post\u0119powa\u0144 w sprawie nadania stopnia doktora.<\/span><\/p>\n<p style=\"text-align: center;\"><span style=\"font-size: 12pt;\">Wszelkie bardziej szczeg\u00f3\u0142owe pytania prosz\u0119 kierowa\u0107 do mgr Ma\u0142gorzaty Kasprzyk z Biura Ewaluacji i Obs\u0142ugi Instytutu In\u017cynierii Biomedycznej &#8211; malgorzata.kasprzyk@us.edu.pl<\/span><\/p>\n<p style=\"text-align: center;\"><span style=\"font-size: 12pt;\">Doktoraty dotychczas obronione w Instytucie In\u017cynierii Biomedycznej:<\/span><\/p>\n<p style=\"text-align: center;\"><span style=\"font-size: 12pt;\"><a href=\"https:\/\/bip.us.edu.pl\/pl\/doktoraty\/mgr-inz-michal-pielka\">dr in\u017c. Micha\u0142 Pielka<\/a><\/span><\/p>\n<p style=\"text-align: center;\"><a href=\"https:\/\/bip.us.edu.pl\/pl\/doktoraty\/mgr-inz-magdalena-blaszczyk\"><span style=\"font-size: 12pt;\">dr in\u017c. Magdalena B\u0142aszczyk<\/span><\/a><\/p>\n<p>\n<\/div>\r\n                    <\/div>\r\n                <\/div>[\/vc_column][vc_column][\/vc_column][\/vc_row][vc_row][vc_column][vc_column_text]<\/p>","protected":false},"excerpt":{"rendered":"<p>[vc_row][vc_column][\/vc_column][vc_column][\/vc_column][\/vc_row][vc_row][vc_column][vc_column_text] [&#8230;]<\/p>\n<p><a class=\"btn btn-secondary understrap-read-more-link\" href=\"https:\/\/us.edu.pl\/instytut\/iib\/badaniainauka\/doktoraty\/\">Read More&#8230;<\/a><\/p>\n","protected":false},"author":128,"featured_media":0,"parent":196,"menu_order":0,"comment_status":"closed","ping_status":"closed","template":"page-templates\/inner-page.php","meta":{"_expiration-date-status":"","_expiration-date":0,"_expiration-date-type":"","_expiration-date-categories":[],"_expiration-date-options":[]},"acf":[],"_links":{"self":[{"href":"https:\/\/us.edu.pl\/instytut\/iib\/wp-json\/wp\/v2\/pages\/2201"}],"collection":[{"href":"https:\/\/us.edu.pl\/instytut\/iib\/wp-json\/wp\/v2\/pages"}],"about":[{"href":"https:\/\/us.edu.pl\/instytut\/iib\/wp-json\/wp\/v2\/types\/page"}],"author":[{"embeddable":true,"href":"https:\/\/us.edu.pl\/instytut\/iib\/wp-json\/wp\/v2\/users\/128"}],"replies":[{"embeddable":true,"href":"https:\/\/us.edu.pl\/instytut\/iib\/wp-json\/wp\/v2\/comments?post=2201"}],"version-history":[{"count":10,"href":"https:\/\/us.edu.pl\/instytut\/iib\/wp-json\/wp\/v2\/pages\/2201\/revisions"}],"predecessor-version":[{"id":3684,"href":"https:\/\/us.edu.pl\/instytut\/iib\/wp-json\/wp\/v2\/pages\/2201\/revisions\/3684"}],"up":[{"embeddable":true,"href":"https:\/\/us.edu.pl\/instytut\/iib\/wp-json\/wp\/v2\/pages\/196"}],"wp:attachment":[{"href":"https:\/\/us.edu.pl\/instytut\/iib\/wp-json\/wp\/v2\/media?parent=2201"}],"curies":[{"name":"wp","href":"https:\/\/api.w.org\/{rel}","templated":true}]}}