{"id":3268,"date":"2025-01-16T14:17:58","date_gmt":"2025-01-16T13:17:58","guid":{"rendered":"https:\/\/us.edu.pl\/instytut\/iib\/?page_id=3268"},"modified":"2025-08-06T12:51:41","modified_gmt":"2025-08-06T10:51:41","slug":"grupa-badawcza-ortopedii-i-traumatologii","status":"publish","type":"page","link":"https:\/\/us.edu.pl\/instytut\/iib\/grupa-badawcza-ortopedii-i-traumatologii\/","title":{"rendered":"Grupa badawcza ortopedii i traumatologii"},"content":{"rendered":"<p>[vc_row][vc_column][vc_column_text css_animation=&#8221;slideInRight&#8221;]<\/p>\n<h2 style=\"text-align: center;\"><strong>Grupa badawcza ortopedii i traumatologii<\/strong><\/h2>\n<p>[\/vc_column_text][\/vc_column][\/vc_row][vc_row][vc_column]<div class=\"container\"><div class=\"separator\" style=\"background-color: #002E5A\"><\/div><\/div>[vc_single_image image=&#8221;2143&#8243; img_size=&#8221;medium&#8221; alignment=&#8221;center&#8221; style=&#8221;vc_box_circle_2&#8243; css_animation=&#8221;fadeInLeft&#8221; title=&#8221;Kierownik grupy &#8211; dr hab. n. med. Ryszard Tomaszewski, prof. U\u015a, prof. \u015aUM&#8221;]<div class=\"container\"><div class=\"separator\" style=\"background-color: #002E5A\"><\/div><\/div>\r\n                <div class=\"text-modules\">\r\n                    <div class=\"container\">\r\n                        \r\n                        <div class=\"text-modules__content\"><p><strong>Opis grupy:<\/strong><\/p>\n<p class=\"Opisgrupybadawczej\">Grupa badawcza koncentruje si\u0119 na interdyscyplinarnych badaniach z pogranicza medycyny i in\u017cynierii biomedycznej, ukierunkowanych na rozw\u00f3j nowych metod diagnostycznych, terapeutycznych oraz rozwi\u0105za\u0144 materia\u0142owych dla potrzeb ortopedii i traumatologii.<\/p>\n<p class=\"Opisgrupybadawczej\"><strong>Cel grupy i obszar dzia\u0142a\u0144:<\/strong><\/p>\n<p class=\"Opisgrupybadawczej\">Dzia\u0142alno\u015b\u0107 grupy obejmuje badania nad biomechanik\u0105 uk\u0142adu ruchu, ocen\u0105 proces\u00f3w gojenia tkanki kostnej i chrz\u0119stnej oraz poszukiwaniem innowacyjnych rozwi\u0105za\u0144 w zakresie implantologii i technik operacyjnych. Istotnym obszarem jest r\u00f3wnie\u017c zastosowanie zaawansowanych technik obrazowania i analizy danych we wspomaganiu diagnostyki oraz planowaniu leczenia schorze\u0144 i uraz\u00f3w narz\u0105du ruchu.<\/p>\n<p><strong>Wybrane publikacje:<\/strong><\/p>\n<div class=\"entity-row-heading-wrapper\"><\/div>\n<div class=\"enity-row-description-wrapper\">\n<div id=\"dataCell872515777\" class=\"entity-cell \">\n<div id=\"entitiesT:2:rowEntry\">\n<ul style=\"list-style-type: square;\">\n<li class=\"rowEntry\">\n<div class=\"entity-row-heading-wrapper\"><em> <span id=\"entity-row-title-872515777\"> Procrustes analysis of a shape of pediatric supracondylar humerus fractures, <\/span><\/em>Tomaszewski Ryszard Bogdan, Dajka Jerzy, Scientific Reports, 2024, vol. 14, nr 1, s.1-9, Numer artyku\u0142u:13353. <a href=\"http:\/\/dx.doi.org\/10.1038\/s41598-024-64347-3\" target=\"blank\" rel=\"noopener\">DOI:10.1038\/s41598-024-64347-3<\/a><\/div>\n<\/li>\n<li>\n<div class=\"entity-row-heading-wrapper\"><span id=\"entity-row-title-457990177\"><em> Case Report: The unique case of flexible intramedullary nailing of pediatric radius complicated with temporary radial nerve\u2019s motor branch damage<\/em>, <\/span>Wiktor \u0141ukasz, Tomaszewski Ryszard Bogdan, Frontiers in Pediatrics, 2024, vol. 11, s.1-4. <a href=\"http:\/\/dx.doi.org\/10.3389\/fped.2023.1325459\" target=\"blank\" rel=\"noopener\"> DOI:10.3389\/fped.2023.1325459<\/a><\/div>\n<\/li>\n<li>\n<div class=\"entity-row-heading-wrapper\"><em> <span id=\"entity-row-title-344577453\"> Are menstrual disorders in adolescent girls related to metabolic disorders? <\/span><\/em>Fory\u015b El\u017cbieta, Baran Adrianna, Dziurdzia Aleksandra, Tomaszewski Ryszard Bogdan [i in.], Pediatric Endocrinology, Diabetes and Metabolism, 2023, vol. 29, nr 2, s.75-82. <a href=\"http:\/\/dx.doi.org\/10.5114\/pedm.2023.125364\" target=\"blank\" rel=\"noopener\">DOI:10.5114\/pedm.2023.125364 <\/a><\/div>\n<\/li>\n<\/ul>\n<\/div>\n<\/div>\n<\/div>\n<p>\n<\/div>\r\n                    <\/div>\r\n                <\/div>            \r\n                    <div class=\"container\">\r\n                        <div class=\"gallery gallery_2\" data-images-in-row=\"2\">\r\n                            \r\n                            <div class=\"row m-0\">\r\n                                <a data-fancybox-group=\"button\" title=\"Wyst\u0105pienie prof. R. Tomaszewskiego na 21. \u015al\u0105skim Seminarium Fizyki Medycznej \/ fot. S. Stach\" data-fancybox=\"7990\" href=\"https:\/\/us.edu.pl\/instytut\/iib\/wp-content\/uploads\/sites\/41\/2025\/05\/23.jpg\" class=\"gallery__item thumbnail\"\r\n                                    style=\"background-image: url(https:\/\/us.edu.pl\/instytut\/iib\/wp-content\/uploads\/sites\/41\/2025\/05\/23-1024x768.jpg)\"> <span class=\"d-none\">https:\/\/us.edu.pl\/instytut\/iib\/wp-content\/uploads\/sites\/41\/2025\/05\/23.jpg<\/span> <\/a><a data-fancybox-group=\"button\" title=\"Dr hab. n. med. R. Tomaszewski, prof. U\u015a, prof. \u015aUM\" data-fancybox=\"7990\" href=\"https:\/\/us.edu.pl\/instytut\/iib\/wp-content\/uploads\/sites\/41\/Bez-kategorii\/fot.-Katarzyna-Suchanska-36.jpg\" class=\"gallery__item thumbnail\"\r\n                                    style=\"background-image: url(https:\/\/us.edu.pl\/instytut\/iib\/wp-content\/uploads\/sites\/41\/Bez-kategorii\/fot.-Katarzyna-Suchanska-36.jpg)\"> <span class=\"d-none\">https:\/\/us.edu.pl\/instytut\/iib\/wp-content\/uploads\/sites\/41\/Bez-kategorii\/fot.-Katarzyna-Suchanska-36.jpg<\/span> <\/a>\r\n                            <\/div>\r\n                    <\/div>\r\n                <\/div>[\/vc_column][\/vc_row][vc_row][vc_column][vc_column_text][\/vc_column_text][\/vc_column][\/vc_row][vc_row][vc_column][vc_column_text]<\/p>","protected":false},"excerpt":{"rendered":"<p>[vc_row][vc_column][vc_column_text css_animation=&#8221;slideInRight&#8221;] Grupa badawcza ortopedii i traumatologii [\/vc_column_text][\/vc_column][\/vc_row][vc_row][vc_column][vc_single_image image=&#8221;2143&#8243; img_size=&#8221;medium&#8221; alignment=&#8221;center&#8221; style=&#8221;vc_box_circle_2&#8243; css_animation=&#8221;fadeInLeft&#8221; title=&#8221;Kierownik grupy &#8211; dr hab. n. med. Ryszard Tomaszewski, prof. U\u015a, prof. \u015aUM&#8221;][\/vc_column][\/vc_row][vc_row][vc_column][vc_column_text][\/vc_column_text][\/vc_column][\/vc_row][vc_row][vc_column][vc_column_text] [&#8230;]<\/p>\n<p><a class=\"btn btn-secondary understrap-read-more-link\" href=\"https:\/\/us.edu.pl\/instytut\/iib\/grupa-badawcza-ortopedii-i-traumatologii\/\">Read More&#8230;<\/a><\/p>\n","protected":false},"author":128,"featured_media":0,"parent":0,"menu_order":0,"comment_status":"closed","ping_status":"closed","template":"","meta":{"_expiration-date-status":"","_expiration-date":0,"_expiration-date-type":"","_expiration-date-categories":[],"_expiration-date-options":[]},"acf":[],"_links":{"self":[{"href":"https:\/\/us.edu.pl\/instytut\/iib\/wp-json\/wp\/v2\/pages\/3268"}],"collection":[{"href":"https:\/\/us.edu.pl\/instytut\/iib\/wp-json\/wp\/v2\/pages"}],"about":[{"href":"https:\/\/us.edu.pl\/instytut\/iib\/wp-json\/wp\/v2\/types\/page"}],"author":[{"embeddable":true,"href":"https:\/\/us.edu.pl\/instytut\/iib\/wp-json\/wp\/v2\/users\/128"}],"replies":[{"embeddable":true,"href":"https:\/\/us.edu.pl\/instytut\/iib\/wp-json\/wp\/v2\/comments?post=3268"}],"version-history":[{"count":7,"href":"https:\/\/us.edu.pl\/instytut\/iib\/wp-json\/wp\/v2\/pages\/3268\/revisions"}],"predecessor-version":[{"id":4382,"href":"https:\/\/us.edu.pl\/instytut\/iib\/wp-json\/wp\/v2\/pages\/3268\/revisions\/4382"}],"wp:attachment":[{"href":"https:\/\/us.edu.pl\/instytut\/iib\/wp-json\/wp\/v2\/media?parent=3268"}],"curies":[{"name":"wp","href":"https:\/\/api.w.org\/{rel}","templated":true}]}}