{"id":3287,"date":"2025-01-24T13:30:53","date_gmt":"2025-01-24T12:30:53","guid":{"rendered":"https:\/\/us.edu.pl\/instytut\/iib\/?page_id=3287"},"modified":"2025-08-06T12:53:53","modified_gmt":"2025-08-06T10:53:53","slug":"grupa-badawcza-systemow-sensorowych","status":"publish","type":"page","link":"https:\/\/us.edu.pl\/instytut\/iib\/grupa-badawcza-systemow-sensorowych\/","title":{"rendered":"Grupa badawcza system\u00f3w sensorowych"},"content":{"rendered":"<p>[vc_row][vc_column][vc_column_text css_animation=&#8221;slideInRight&#8221;]<\/p>\n<h2 style=\"text-align: center;\"><strong>Grupa badawcza system\u00f3w sensorowych<\/strong><\/h2>\n<p>[\/vc_column_text][\/vc_column][\/vc_row][vc_row][vc_column]<div class=\"container\"><div class=\"separator\" style=\"background-color: #002E5A\"><\/div><\/div>[vc_single_image image=&#8221;2554&#8243; img_size=&#8221;medium&#8221; alignment=&#8221;center&#8221; style=&#8221;vc_box_circle_2&#8243; css_animation=&#8221;fadeInLeft&#8221; title=&#8221;Kierownik grupy &#8211; dr Pawe\u0142 Janik&#8221;]<div class=\"container\"><div class=\"separator\" style=\"background-color: #002E5A\"><\/div><\/div>\r\n                <div class=\"text-modules\">\r\n                    <div class=\"container\">\r\n                        \r\n                        <div class=\"text-modules__content\"><p><strong>Opis grupy:<\/strong><\/p>\n<p class=\"Opisgrupybadawczej\">Grupa specjalizuje si\u0119 w projektowaniu, rozwoju i aplikacji innowacyjnych system\u00f3w sensorowych na potrzeby medycyny i monitorowania funkcji \u017cyciowych.<\/p>\n<p class=\"Opisgrupybadawczej\"><strong>Cel grupy:<\/strong><\/p>\n<p class=\"Opisgrupybadawczej\">Dzia\u0142alno\u015b\u0107 badawcza obejmuje opracowywanie inteligentnych czujnik\u00f3w, system\u00f3w ubieralnych (wearables) oraz bezprzewodowych sieci sensorowych do akwizycji i analizy r\u00f3\u017cnorodnych sygna\u0142\u00f3w biomedycznych, w tym parametr\u00f3w ruchowych, oddechowych i kardiologicznych.<\/p>\n<p class=\"Opisgrupybadawczej\"><strong>Obszar dzia\u0142a\u0144:<\/strong><\/p>\n<p class=\"Opisgrupybadawczej\">Istotnym elementem prac jest integracja system\u00f3w sensorowych z algorytmami sztucznej inteligencji w celu automatycznej detekcji zdarze\u0144, analizy stanu pacjenta oraz optymalizacji transmisji danych w systemach wbudowanych i rozwi\u0105zaniach Internetu Rzeczy (IoT) dedykowanych ochronie zdrowia.<\/p>\n<p><strong>Wybrane publikacje:<\/strong><\/p>\n<ul style=\"list-style-type: square;\">\n<li>\n<div class=\"entity-row-heading-wrapper\"><span id=\"entity-row-title-1864185405\"> T<em>he Relationship Between the Ganglion Cell\u2013Inner Plexiform Layer, Retinal Nerve Fiber Layer, and Photopic Negative Response in Newly Di<\/em><\/span><em><span id=\"entity-row-title-1864185405\">agnosed Pituitary Macroadenoma: 12-Month Prospective Follow-Up Stud<\/span><span id=\"entity-row-title-1864185405\">y<\/span><\/em><span id=\"entity-row-title-1864185405\">, <\/span>Sarnat-Kucharczyk Monika, Pojda-Wilczek Dorota, Mrukwa-Kominek Ewa, Janik Pawe\u0142 [i in.], Cancers, 2025, vol. 17, nr 9, s.1-18, Numer artyku\u0142u:1542. <a href=\"http:\/\/dx.doi.org\/10.3390\/cancers17091542\" target=\"blank\" rel=\"noopener\">\u00a0DOI:10.3390\/cancers17091542 <\/a><\/div>\n<div class=\"enity-row-description-wrapper\"><\/div>\n<\/li>\n<li>\n<div class=\"entity-row-heading-wrapper\"><em><span id=\"entity-row-title-1670931895\"> Corneal Cross-Linking for Pediatric Keratoconus<\/span><\/em><span id=\"entity-row-title-1670931895\">, <\/span>W\u00f3jcik-Niklewska Bogumi\u0142a, Filipek Erita, Janik Pawe\u0142, Diagnostics, 2024, vol. 14, nr 17, s.1-8, Numer artyku\u0142u:1950. <a href=\"http:\/\/dx.doi.org\/10.3390\/diagnostics14171950\" target=\"blank\" rel=\"noopener\">DOI:10.3390\/diagnostics14171950 <\/a><\/div>\n<\/li>\n<li>\n<div class=\"entity-row-heading-wrapper\"><em><span id=\"entity-row-title-783300632\"> The Influence of Propolis Nonwoven Scaffolds on Burn Wound\u2019s Heparan Sulfates and Hyaluronan<\/span><\/em><span id=\"entity-row-title-783300632\">, <\/span>Orli\u0144ska Kinga Maria, Stocerz Klaudia, Kuczera Mariusz Adam, Janik Pawe\u0142 [i in.], Applied Sciences-Basel, 2024, vol. 14, nr 13, s.1-14, Numer artyku\u0142u:5872.<a href=\"http:\/\/dx.doi.org\/10.3390\/app14135872\" target=\"blank\" rel=\"noopener\">\u00a0DOI:10.3390\/app14135872 <\/a><\/div>\n<\/li>\n<\/ul>\n<p>\n<\/div>\r\n                    <\/div>\r\n                <\/div>[\/vc_column][\/vc_row][vc_row][vc_column]<div class=\"container\"><div class=\"separator\" style=\"background-color: #002E5A\"><\/div><\/div>            \r\n                    <div class=\"container\">\r\n                        <div class=\"gallery gallery_3\" data-images-in-row=\"3\">\r\n                            \r\n                            <div class=\"row m-0\">\r\n                                <a data-fancybox-group=\"button\" title=\"Wyk\u0142ad dra Paw\u0142a Janika. Fot. M. Kasprzyk\" data-fancybox=\"2438\" href=\"https:\/\/us.edu.pl\/instytut\/iib\/wp-content\/uploads\/sites\/41\/Bez-kategorii\/IMG_0158-scaled.jpg\" class=\"gallery__item thumbnail\"\r\n                                    style=\"background-image: url(https:\/\/us.edu.pl\/instytut\/iib\/wp-content\/uploads\/sites\/41\/Bez-kategorii\/IMG_0158-768x1024.jpg)\"> <span class=\"d-none\">https:\/\/us.edu.pl\/instytut\/iib\/wp-content\/uploads\/sites\/41\/Bez-kategorii\/IMG_0158-scaled.jpg<\/span> <\/a><a data-fancybox-group=\"button\" title=\"dr Ma\u0142gorzata Janik, dr Pawe\u0142 Janik i dr in\u017c. Micha\u0142 Pielka\" data-fancybox=\"2438\" href=\"https:\/\/us.edu.pl\/instytut\/iib\/wp-content\/uploads\/sites\/41\/Bez-kategorii\/Zespol-patentowy.jpg\" class=\"gallery__item thumbnail\"\r\n                                    style=\"background-image: url(https:\/\/us.edu.pl\/instytut\/iib\/wp-content\/uploads\/sites\/41\/Bez-kategorii\/Zespol-patentowy.jpg)\"> <span class=\"d-none\">https:\/\/us.edu.pl\/instytut\/iib\/wp-content\/uploads\/sites\/41\/Bez-kategorii\/Zespol-patentowy.jpg<\/span> <\/a><a data-fancybox-group=\"button\" title=\"dr Pawe\u0142 Janik\" data-fancybox=\"2438\" href=\"https:\/\/us.edu.pl\/instytut\/iib\/wp-content\/uploads\/sites\/41\/Nieprzypisane\/rrr.jpg\" class=\"gallery__item thumbnail\"\r\n                                    style=\"background-image: url(https:\/\/us.edu.pl\/instytut\/iib\/wp-content\/uploads\/sites\/41\/Nieprzypisane\/rrr-1024x683.jpg)\"> <span class=\"d-none\">https:\/\/us.edu.pl\/instytut\/iib\/wp-content\/uploads\/sites\/41\/Nieprzypisane\/rrr.jpg<\/span> <\/a>\r\n                            <\/div>\r\n                    <\/div>\r\n                <\/div>[vc_column_text][\/vc_column_text][\/vc_column][\/vc_row][vc_row][vc_column][vc_column_text][\/vc_column_text][\/vc_column][\/vc_row][vc_row][vc_column][vc_column_text]<\/p>","protected":false},"excerpt":{"rendered":"<p>[vc_row][vc_column][vc_column_text css_animation=&#8221;slideInRight&#8221;] Grupa badawcza system\u00f3w sensorowych [\/vc_column_text][\/vc_column][\/vc_row][vc_row][vc_column][vc_single_image image=&#8221;2554&#8243; img_size=&#8221;medium&#8221; alignment=&#8221;center&#8221; style=&#8221;vc_box_circle_2&#8243; css_animation=&#8221;fadeInLeft&#8221; title=&#8221;Kierownik grupy &#8211; dr Pawe\u0142 Janik&#8221;][\/vc_column][\/vc_row][vc_row][vc_column][vc_column_text][\/vc_column_text][\/vc_column][\/vc_row][vc_row][vc_column][vc_column_text][\/vc_column_text][\/vc_column][\/vc_row][vc_row][vc_column][vc_column_text] [&#8230;]<\/p>\n<p><a class=\"btn btn-secondary understrap-read-more-link\" href=\"https:\/\/us.edu.pl\/instytut\/iib\/grupa-badawcza-systemow-sensorowych\/\">Read More&#8230;<\/a><\/p>\n","protected":false},"author":128,"featured_media":0,"parent":0,"menu_order":0,"comment_status":"closed","ping_status":"closed","template":"","meta":{"_expiration-date-status":"","_expiration-date":0,"_expiration-date-type":"","_expiration-date-categories":[],"_expiration-date-options":[]},"acf":[],"_links":{"self":[{"href":"https:\/\/us.edu.pl\/instytut\/iib\/wp-json\/wp\/v2\/pages\/3287"}],"collection":[{"href":"https:\/\/us.edu.pl\/instytut\/iib\/wp-json\/wp\/v2\/pages"}],"about":[{"href":"https:\/\/us.edu.pl\/instytut\/iib\/wp-json\/wp\/v2\/types\/page"}],"author":[{"embeddable":true,"href":"https:\/\/us.edu.pl\/instytut\/iib\/wp-json\/wp\/v2\/users\/128"}],"replies":[{"embeddable":true,"href":"https:\/\/us.edu.pl\/instytut\/iib\/wp-json\/wp\/v2\/comments?post=3287"}],"version-history":[{"count":9,"href":"https:\/\/us.edu.pl\/instytut\/iib\/wp-json\/wp\/v2\/pages\/3287\/revisions"}],"predecessor-version":[{"id":4386,"href":"https:\/\/us.edu.pl\/instytut\/iib\/wp-json\/wp\/v2\/pages\/3287\/revisions\/4386"}],"wp:attachment":[{"href":"https:\/\/us.edu.pl\/instytut\/iib\/wp-json\/wp\/v2\/media?parent=3287"}],"curies":[{"name":"wp","href":"https:\/\/api.w.org\/{rel}","templated":true}]}}