{"id":3298,"date":"2025-01-27T09:19:44","date_gmt":"2025-01-27T08:19:44","guid":{"rendered":"https:\/\/us.edu.pl\/instytut\/iib\/?page_id=3298"},"modified":"2025-08-06T12:22:31","modified_gmt":"2025-08-06T10:22:31","slug":"grupa-badawcza-smart-opatrunkow-i-inteligentnego-dozowania-lekow","status":"publish","type":"page","link":"https:\/\/us.edu.pl\/instytut\/iib\/grupa-badawcza-smart-opatrunkow-i-inteligentnego-dozowania-lekow\/","title":{"rendered":"Grupa badawcza smart opatrunk\u00f3w i inteligentnego dozowania lek\u00f3w"},"content":{"rendered":"<p>[vc_row][vc_column][vc_column_text css_animation=&#8221;slideInRight&#8221;]<\/p>\n<h2 style=\"text-align: center;\"><strong>Grupa badawcza smart opatrunk\u00f3w i inteligentnego dozowania lek\u00f3w<\/strong><\/h2>\n<p>[\/vc_column_text][\/vc_column][\/vc_row][vc_row][vc_column]<div class=\"container\"><div class=\"separator\" style=\"background-color: #002E5A\"><\/div><\/div>[vc_single_image image=&#8221;1272&#8243; img_size=&#8221;medium&#8221; alignment=&#8221;center&#8221; style=&#8221;vc_box_circle_2&#8243; css_animation=&#8221;fadeInLeft&#8221; title=&#8221;Kierownik grupy &#8211; dr Ma\u0142gorzata Janik&#8221;]<div class=\"container\"><div class=\"separator\" style=\"background-color: #002E5A\"><\/div><\/div>[\/vc_column][\/vc_row][vc_row][vc_column]\r\n                <div class=\"text-modules\">\r\n                    <div class=\"container\">\r\n                        \r\n                        <div class=\"text-modules__content\"><p><strong>Opis grupy:<\/strong><\/p>\n<p class=\"Opisgrupybadawczej\">Grupa badawcza skupia si\u0119 na projektowaniu i rozwoju zaawansowanych system\u00f3w terapeutycznych, w szczeg\u00f3lno\u015bci inteligentnych (&#8222;smart&#8221;) opatrunk\u00f3w.<\/p>\n<p class=\"Opisgrupybadawczej\"><strong>Cel grupy:<\/strong><\/p>\n<p class=\"Opisgrupybadawczej\">Celem prac jest tworzenie spersonalizowanych rozwi\u0105za\u0144 zwi\u0119kszaj\u0105cych efektywno\u015b\u0107 terapii, minimalizuj\u0105cych skutki uboczne oraz poprawiaj\u0105cych komfort pacjenta, zw\u0142aszcza w leczeniu ran przewlek\u0142ych i w terapiach celowanych.oraz system\u00f3w kontrolowanego, inteligentnego dozowania lek\u00f3w.<\/p>\n<p class=\"Opisgrupybadawczej\"><strong>Obszar dzia\u0142a\u0144:<\/strong><\/p>\n<p class=\"Opisgrupybadawczej\">Dzia\u0142alno\u015b\u0107 grupy obejmuje badania nad nowymi biomateria\u0142ami, integracj\u0105 sensor\u00f3w monitoruj\u0105cych proces gojenia lub st\u0119\u017cenie substancji leczniczych oraz opracowywaniem mechanizm\u00f3w precyzyjnego uwalniania lek\u00f3w w odpowiedzi na okre\u015blone bod\u017ace fizjologiczne lub zewn\u0119trzne.<\/p>\n<p><strong>Wybrane publikacje:<\/strong><\/p>\n<ul style=\"list-style-type: square;\">\n<li>\n<div class=\"entity-row-heading-wrapper\"><span id=\"entity-row-title-1425596161\"><em> The Relationship Between the Ganglion Cell\u2013Inner Plexiform Layer, Retinal Nerve Fiber Layer, and Photopic Negative Response in Newly Diagnosed Pituitary Macroadenoma: 12-Month Prospective Follow-Up Study<\/em>, <\/span>Sarnat-Kucharczyk Monika, Pojda-Wilczek Dorota, Mrukwa-Kominek Ewa, Janik Ma\u0142gorzata [i in.], Cancers, 2025, vol. 17, nr 9, s.1-18, Numer artyku\u0142u:1542. <a href=\"http:\/\/dx.doi.org\/10.3390\/cancers17091542\" target=\"blank\" rel=\"noopener\">\u00a0DOI:10.3390\/cancers17091542 <\/a><\/div>\n<\/li>\n<li>\n<div class=\"entity-row-heading-wrapper\"><em> <span id=\"entity-row-title-373170482\"> Adaptive Data Transmission Algorithm for the System of Inertial Sensors for Hand Movement Acquisition<\/span><\/em><span id=\"entity-row-title-373170482\">, <\/span>Pielka Micha\u0142 Bogumi\u0142, Janik Pawe\u0142, Janik Ma\u0142gorzata Aneta [i in.], Sensors, 2022, vol. 22, nr 24, s.1-22, Numer artyku\u0142u:9866. <a href=\"http:\/\/dx.doi.org\/10.3390\/s22249866\" target=\"blank\" rel=\"noopener\">\u00a0DOI:10.3390\/s22249866 <\/a><\/div>\n<\/li>\n<li>\n<div class=\"entity-row-heading-wrapper\"><em> <span id=\"entity-row-title-1568901223\"> Monitoring Breathing and Heart Rate Using Episodic Broadcast Data Transmission<\/span><\/em><span id=\"entity-row-title-1568901223\">, <\/span>Janik Pawe\u0142, Janik Ma\u0142gorzata Aneta, Pielka Micha\u0142 Bogumi\u0142, Sensors, 2022, vol. 22, nr 16, s.1-17, Numer artyku\u0142u:6019.<a href=\"http:\/\/dx.doi.org\/10.3390\/s22166019\" target=\"blank\" rel=\"noopener\">\u00a0DOI:10.3390\/s22166019 <\/a><\/div>\n<\/li>\n<\/ul>\n<p>&nbsp;<\/p>\n<p>\n<\/div>\r\n                    <\/div>\r\n                <\/div><div class=\"container\"><div class=\"separator\" style=\"background-color: #002E5A\"><\/div><\/div>[\/vc_column][\/vc_row][vc_row][vc_column]            \r\n                    <div class=\"container\">\r\n                        <div class=\"gallery gallery_2\" data-images-in-row=\"2\">\r\n                            \r\n                            <div class=\"row m-0\">\r\n                                <a data-fancybox-group=\"button\" title=\"Wyst\u0105pienie mgra in\u017c. P. Kovalchuka \/ fot. T. Kasprzyk-Kucewicz\" data-fancybox=\"8902\" href=\"https:\/\/us.edu.pl\/instytut\/iib\/wp-content\/uploads\/sites\/41\/2025\/05\/208A6660.jpg\" class=\"gallery__item thumbnail\"\r\n                                    style=\"background-image: url(https:\/\/us.edu.pl\/instytut\/iib\/wp-content\/uploads\/sites\/41\/2025\/05\/208A6660-1024x683.jpg)\"> <span class=\"d-none\">https:\/\/us.edu.pl\/instytut\/iib\/wp-content\/uploads\/sites\/41\/2025\/05\/208A6660.jpg<\/span> <\/a><a data-fancybox-group=\"button\" title=\"Dr Ma\u0142gorzata Janik oraz prof. Ryszard Tomaszewski \/ Fot. M. Kasprzyk\" data-fancybox=\"8902\" href=\"https:\/\/us.edu.pl\/instytut\/iib\/wp-content\/uploads\/sites\/41\/Bez-kategorii\/IMG_0133-scaled.jpg\" class=\"gallery__item thumbnail\"\r\n                                    style=\"background-image: url(https:\/\/us.edu.pl\/instytut\/iib\/wp-content\/uploads\/sites\/41\/Bez-kategorii\/IMG_0133-768x1024.jpg)\"> <span class=\"d-none\">https:\/\/us.edu.pl\/instytut\/iib\/wp-content\/uploads\/sites\/41\/Bez-kategorii\/IMG_0133-scaled.jpg<\/span> <\/a>\r\n                            <\/div>\r\n                    <\/div>\r\n                <\/div>[\/vc_column][\/vc_row][vc_row][vc_column][vc_column_text]<\/p>","protected":false},"excerpt":{"rendered":"<p>[vc_row][vc_column][vc_column_text css_animation=&#8221;slideInRight&#8221;] Grupa badawcza smart opatrunk\u00f3w i inteligentnego dozowania lek\u00f3w [\/vc_column_text][\/vc_column][\/vc_row][vc_row][vc_column][vc_single_image image=&#8221;1272&#8243; img_size=&#8221;medium&#8221; alignment=&#8221;center&#8221; style=&#8221;vc_box_circle_2&#8243; css_animation=&#8221;fadeInLeft&#8221; title=&#8221;Kierownik grupy &#8211; dr Ma\u0142gorzata Janik&#8221;][\/vc_column][\/vc_row][vc_row][vc_column][\/vc_column][\/vc_row][vc_row][vc_column][\/vc_column][\/vc_row][vc_row][vc_column][vc_column_text] [&#8230;]<\/p>\n<p><a class=\"btn btn-secondary understrap-read-more-link\" href=\"https:\/\/us.edu.pl\/instytut\/iib\/grupa-badawcza-smart-opatrunkow-i-inteligentnego-dozowania-lekow\/\">Read More&#8230;<\/a><\/p>\n","protected":false},"author":128,"featured_media":0,"parent":0,"menu_order":0,"comment_status":"closed","ping_status":"closed","template":"","meta":{"_expiration-date-status":"","_expiration-date":0,"_expiration-date-type":"","_expiration-date-categories":[],"_expiration-date-options":[]},"acf":[],"_links":{"self":[{"href":"https:\/\/us.edu.pl\/instytut\/iib\/wp-json\/wp\/v2\/pages\/3298"}],"collection":[{"href":"https:\/\/us.edu.pl\/instytut\/iib\/wp-json\/wp\/v2\/pages"}],"about":[{"href":"https:\/\/us.edu.pl\/instytut\/iib\/wp-json\/wp\/v2\/types\/page"}],"author":[{"embeddable":true,"href":"https:\/\/us.edu.pl\/instytut\/iib\/wp-json\/wp\/v2\/users\/128"}],"replies":[{"embeddable":true,"href":"https:\/\/us.edu.pl\/instytut\/iib\/wp-json\/wp\/v2\/comments?post=3298"}],"version-history":[{"count":10,"href":"https:\/\/us.edu.pl\/instytut\/iib\/wp-json\/wp\/v2\/pages\/3298\/revisions"}],"predecessor-version":[{"id":4852,"href":"https:\/\/us.edu.pl\/instytut\/iib\/wp-json\/wp\/v2\/pages\/3298\/revisions\/4852"}],"wp:attachment":[{"href":"https:\/\/us.edu.pl\/instytut\/iib\/wp-json\/wp\/v2\/media?parent=3298"}],"curies":[{"name":"wp","href":"https:\/\/api.w.org\/{rel}","templated":true}]}}