{"id":352,"date":"2020-01-26T19:36:13","date_gmt":"2020-01-26T18:36:13","guid":{"rendered":"http:\/\/us.edu.pl\/instytut\/iib\/?page_id=352"},"modified":"2025-08-20T11:32:38","modified_gmt":"2025-08-20T09:32:38","slug":"dr-hab-armand-cholewka-prof-us","status":"publish","type":"page","link":"https:\/\/us.edu.pl\/instytut\/iib\/dr-hab-armand-cholewka-prof-us\/","title":{"rendered":"prof. dr hab. Armand Cholewka"},"content":{"rendered":"<p>[vc_row][vc_column][vc_tta_tabs][vc_tta_section i_icon_fontawesome=&#8221;fas fa-angle-right&#8221; add_icon=&#8221;true&#8221; title=&#8221;POLISH&#8221; tab_id=&#8221;1754478153094-4036817e-1df3&#8243;]\r\n                <div class=\"text-modules \">\r\n                    <div class=\"container\">\r\n                         \r\n                        <div class=\"row m-0\">\r\n                            <div class=\"text-modules__content\">\r\n                                <span style=\"font-family: verdana, geneva, sans-serif; font-size: 12pt;\"><strong>prof. dr hab. n. med. Armand Cholewka<br \/>\n<\/strong><\/span><\/p>\n<p><span style=\"font-size: 12pt;\">Stanowisko: Profesor<\/span><\/p>\n<p><span style=\"font-size: 12pt;\"><a href=\"https:\/\/opus.us.edu.pl\/info\/author\/USLce0f44ce7b314346983cca7b93809077?affil=&amp;r=author&amp;tab=&amp;title=Profil%2Bosoby%2B%25E2%2580%2593%2BArmand%2BJanusz%2BCholewka%2B%25E2%2580%2593%2BUniwersytet%2B%25C5%259Al%25C4%2585ski&amp;lang=pl&amp;qp=\">Profil<\/a><\/span><\/p>\n<p><span style=\"font-size: 12pt;\"><a href=\"https:\/\/opus.us.edu.pl\/info\/author\/USLce0f44ce7b314346983cca7b93809077?r=publication&amp;affil=&amp;tab=publications&amp;conversationPropagation=begin&amp;sort=&amp;title=Profil%2Bosoby%2B%25E2%2580%2593%2BArmand%2BJanusz%2BCholewka%2B%25E2%2580%2593%2BUniwersytet%2B%25C5%259Al%25C4%2585ski&amp;lang=pl&amp;pn=1\">Publikacje<\/a> <\/span><\/p>\n<p><span style=\"font-size: 12pt;\"><a href=\"https:\/\/opus.us.edu.pl\/info\/author\/USLce0f44ce7b314346983cca7b93809077?r=achievement&amp;affil=&amp;tab=achievement&amp;conversationPropagation=begin&amp;sort=&amp;title=Profil%2Bosoby%2B%25E2%2580%2593%2BArmand%2BJanusz%2BCholewka%2B%25E2%2580%2593%2BUniwersytet%2B%25C5%259Al%25C4%2585ski&amp;lang=pl&amp;pn=1\">Osi\u0105gni\u0119cia<\/a> <\/span><\/p>\n<p><span style=\"font-size: 12pt;\"><a href=\"https:\/\/opus.us.edu.pl\/info\/author\/USLce0f44ce7b314346983cca7b93809077?r=publication&amp;affil=&amp;tab=metrics&amp;conversationPropagation=begin&amp;sort=&amp;title=Profil%2Bosoby%2B%25E2%2580%2593%2BArmand%2BJanusz%2BCholewka%2B%25E2%2580%2593%2BUniwersytet%2B%25C5%259Al%25C4%2585ski&amp;lang=pl&amp;pn=1\">Cytowania<\/a><\/span><\/p>\n<ul style=\"list-style-type: square;\">\n<li><span style=\"font-size: 12pt;\"><span style=\"font-family: verdana, geneva, sans-serif;\">Zast\u0119pca Dyrektora Instytutu In\u017cynierii Biomedycznej<\/span><\/span><\/li>\n<li><span style=\"font-size: 12pt;\"><span style=\"font-family: verdana, geneva, sans-serif;\">Cz\u0142onek Rady Naukowej Instytutu In\u017cynierii Biomedycznej<\/span><\/span><\/li>\n<li><span style=\"font-size: 12pt;\"><span style=\"font-family: verdana, geneva, sans-serif;\">Lider Grupy Badawczej In\u017cynieria Biomedyczna U\u015a <\/span><\/span><\/li>\n<li><span style=\"font-size: 12pt;\"><span style=\"font-family: verdana, geneva, sans-serif;\"><a href=\"https:\/\/www.ptfm.org\/336-2\/\">V-ce Prezes Polskiego Towarzystwa Fizyki Medycznej<\/a> <\/span><\/span><\/li>\n<li><span style=\"font-size: 12pt;\"><span style=\"font-family: verdana, geneva, sans-serif;\">C<a href=\"https:\/\/www.ptfm-slask.pl\/\">z\u0142onek Zarz\u0105du oddzia\u0142u \u015bl\u0105skiego Polskiego Towarzystwa Fizyki Medycznej <\/a><\/span><\/span><\/li>\n<li><span style=\"font-size: 12pt;\"><span style=\"font-family: verdana, geneva, sans-serif;\"><a href=\"https:\/\/us.edu.pl\/wydzial\/wnst\/studia\/kandydat\/oferta-dydaktyczna\/fizyka-medyczna\/\">Koordynator Kierunku Fizyka Medyczna<\/a> <\/span><\/span><\/li>\n<li><span style=\"font-size: 12pt;\"><a href=\"http:\/\/ptkrio.pl\/zarzad\/\"><span style=\"font-family: verdana, geneva, sans-serif;\">Prezes Polskiego Towarzystwa Diagnostyki Termowizyjnej w Medycynie <\/span><\/a><\/span><\/li>\n<li><span style=\"font-size: 12pt;\"><span style=\"font-family: verdana, geneva, sans-serif;\">Sekretarz Zarz\u0105du G\u0142\u00f3wnego Polskiego Towarzystwa Krioterapii<\/span><\/span><\/li>\n<li><span style=\"font-size: 12pt;\"><span style=\"font-family: verdana, geneva, sans-serif;\">Koordynator Kursu Fizyk Medyczny w zakresie radiodiagnostyki i radiologii zabiegowej <\/span><\/span><\/li>\n<li><span style=\"font-size: 12pt;\"><span style=\"font-family: verdana, geneva, sans-serif;\">Opiekun Ko\u0142a Naukowego Fizyki Medycznej <\/span><\/span><\/li>\n<\/ul>\n<p><span style=\"font-size: 12pt;\"><strong>Uzyskane stopnie i tytu\u0142y:<\/strong><\/span><\/p>\n<p><span style=\"font-size: 12pt;\">Dr &#8211; dziedzina nauki fizyczne\/dyscyplina fizyka, Uniwersytet \u015al\u0105ski w Katowicach<\/span><\/p>\n<p><span style=\"font-size: 12pt;\">Dr hab. &#8211; dziedzina nauk medycznych\/dyscyplina biologia medyczna, Uniwersytet \u015al\u0105ski w Katowicach<\/span><\/p>\n<p><span style=\"font-size: 12pt;\">Prof. &#8211; dziedzina nauk medycznych i nauk o zdrowiu<\/span><\/p>\n<p><span style=\"font-size: 12pt;\"><strong>Kierownik grupy badawczej ZASTOSOWA\u0143 TERMOWIZJI I TERMOGRAFII W MEDYCYNIE<\/strong><\/span><\/p>\n<p><span style=\"font-size: 12pt;\"><span style=\"font-family: verdana, geneva, sans-serif;\"><strong>Strony WWW:\u00a0 <\/strong><\/span><\/span><\/p>\n<p><span style=\"font-size: 12pt;\"><span style=\"font-family: verdana, geneva, sans-serif;\"><strong><a href=\"http:\/\/www.ptfm-slask.pl\/\">http:\/\/www.ptfm-slask.pl\/<\/a>\u00a0<\/strong><\/span><\/span><\/p>\n<p><span style=\"font-size: 12pt;\"><span style=\"font-family: verdana, geneva, sans-serif;\"><strong> <a href=\"http:\/\/usm.us.edu.pl\/\">http:\/\/usm.us.edu.pl\/<\/a><\/strong> <\/span><\/span><\/p>\n<p><span style=\"font-size: 12pt;\"><span style=\"font-family: verdana, geneva, sans-serif;\"><strong>Zainteresowania naukowe:<\/strong> <\/span><\/span><\/p>\n<p><span style=\"font-size: 12pt;\"><span style=\"font-family: verdana, geneva, sans-serif;\">Przez kilkana\u015bcie lat pracy zawodowej zajmuj\u0119 si\u0119 szeroko rozumianym wykorzystaniem metod fizycznych w diagnostyce medycznej oraz terapii. Moje g\u0142\u00f3wne zainteresowania naukowe to zastosowanie termowizji w medycynie. Jestem autorem ponad 80 prac naukowych jak i dydaktycznych.<\/span><\/span><\/p>\n<p><span style=\"font-size: 12pt;\"><span style=\"font-family: verdana, geneva, sans-serif;\"><a href=\"https:\/\/ab.us.edu.pl\/emp?id=3082\">Dane kontaktowe <\/a><\/span><\/span><\/p>\n<div class=\"mt-3\"><\/div>\r\n                            <\/div>\r\n                            \r\n                            <div class=\"text-modules__img\"><img src=\"https:\/\/us.edu.pl\/instytut\/iib\/wp-content\/uploads\/sites\/41\/2020\/01\/Armand-Cholewka_DSC_5462.jpg\" alt=\"img\"><\/div>\r\n                        <\/div>\r\n                    <\/div>\r\n                <\/div>[\/vc_tta_section][vc_tta_section i_icon_fontawesome=&#8221;fas fa-angle-right&#8221; add_icon=&#8221;true&#8221; title=&#8221;ENGLISH&#8221; tab_id=&#8221;1754478153246-800f2a55-dde7&#8243;]\r\n                <div class=\"text-modules \">\r\n                    <div class=\"container\">\r\n                         \r\n                        <div class=\"row m-0\">\r\n                            <div class=\"text-modules__content\">\r\n                                <strong>\u00a0Armand Cholewka, <span data-huuid=\"5415380816795496404\">Professor, Doctor habilitated in Medical Sciences<\/span><\/strong><\/p>\n<ul>\n<li>Deputy Director of the Institute of Biomedical Engineering<\/li>\n<li>Member of the Scientific Board of the Institute of Biomedical Engineering<\/li>\n<li>Head of the Medical Physics Group at the University of Silesia<\/li>\n<li>Coordinator of Medical Physics<\/li>\n<li>Coordinator of the University of Silesia Youth<\/li>\n<li>President of the Polish Society of Thermovision Diagnostics in Medicine<\/li>\n<li>Chairman of the Polish Society of Medical Physics, Silesian branch<\/li>\n<li>Secretary of the Main Board of the Polish Society of Cryotherapy<\/li>\n<\/ul>\n<p>E-mail: armand.cholewka@us.edu.pl<\/p>\n<p>Website adress:<\/p>\n<ul>\n<li><a href=\"http:\/\/www.ptfm-slask.pl\">Http:\/\/www.ptfm-slask.pl\/<\/a><\/li>\n<li><a href=\"http:\/\/usm.us.edu.pl\/\">Http:\/\/usm.us.edu.pl\/<\/a><\/li>\n<\/ul>\n<p><strong>Scientific interests:<\/strong>\u00a0For over a dozen years of professional work I deal with the broadly understood the use of physical methods in medical diagnostics and therapy. My main research interests are the use of thermovision in medicine. I am the author of over 80 scientific and didactic works. \r\n                                <div class=\"mt-3\"><\/div>\r\n                            <\/div>\r\n                            \r\n                            <div class=\"text-modules__img\"><img src=\"https:\/\/us.edu.pl\/instytut\/iib\/wp-content\/uploads\/sites\/41\/2020\/01\/Armand-Cholewka_DSC_5462.jpg\" alt=\"img\"><\/div>\r\n                        <\/div>\r\n                    <\/div>\r\n                <\/div>[\/vc_tta_section][\/vc_tta_tabs][vc_column_text][\/vc_column_text][\/vc_column][\/vc_row][vc_row][vc_column][\/vc_column][\/vc_row][vc_row][vc_column][\/vc_column][\/vc_row][vc_row][vc_column][vc_column_text][\/vc_column_text][\/vc_column][\/vc_row][vc_row][vc_column][vc_column_text][\/vc_column_text][\/vc_column][\/vc_row][vc_row][vc_column][vc_column_text][\/vc_column_text][\/vc_column][\/vc_row][vc_row][vc_column][vc_column_text][\/vc_column_text][\/vc_column][\/vc_row][vc_row][vc_column][vc_column_text][\/vc_column_text][\/vc_column][\/vc_row][vc_row][vc_column][vc_column_text][\/vc_column_text][\/vc_column][\/vc_row][vc_row][vc_column][vc_column_text][\/vc_column_text][\/vc_column][\/vc_row]<\/p>","protected":false},"excerpt":{"rendered":"<p>[vc_row][vc_column][vc_tta_tabs][vc_tta_section i_icon_fontawesome=&#8221;fas fa-angle-right&#8221; add_icon=&#8221;true&#8221; title=&#8221;POLISH&#8221; tab_id=&#8221;1754478153094-4036817e-1df3&#8243;][\/vc_tta_section][vc_tta_section i_icon_fontawesome=&#8221;fas fa-angle-right&#8221; add_icon=&#8221;true&#8221; title=&#8221;ENGLISH&#8221; tab_id=&#8221;1754478153246-800f2a55-dde7&#8243;][\/vc_tta_section][\/vc_tta_tabs][vc_column_text][\/vc_column_text][\/vc_column][\/vc_row][vc_row][vc_column][\/vc_column][\/vc_row][vc_row][vc_column][\/vc_column][\/vc_row][vc_row][vc_column][vc_column_text][\/vc_column_text][\/vc_column][\/vc_row][vc_row][vc_column][vc_column_text][\/vc_column_text][\/vc_column][\/vc_row][vc_row][vc_column][vc_column_text][\/vc_column_text][\/vc_column][\/vc_row][vc_row][vc_column][vc_column_text][\/vc_column_text][\/vc_column][\/vc_row][vc_row][vc_column][vc_column_text][\/vc_column_text][\/vc_column][\/vc_row][vc_row][vc_column][vc_column_text][\/vc_column_text][\/vc_column][\/vc_row][vc_row][vc_column][vc_column_text][\/vc_column_text][\/vc_column][\/vc_row] [&#8230;]<\/p>\n<p><a class=\"btn btn-secondary understrap-read-more-link\" href=\"https:\/\/us.edu.pl\/instytut\/iib\/dr-hab-armand-cholewka-prof-us\/\">Read More&#8230;<\/a><\/p>\n","protected":false},"author":128,"featured_media":0,"parent":0,"menu_order":0,"comment_status":"closed","ping_status":"closed","template":"","meta":{"_expiration-date-status":"","_expiration-date":0,"_expiration-date-type":"","_expiration-date-categories":[],"_expiration-date-options":[]},"acf":[],"_links":{"self":[{"href":"https:\/\/us.edu.pl\/instytut\/iib\/wp-json\/wp\/v2\/pages\/352"}],"collection":[{"href":"https:\/\/us.edu.pl\/instytut\/iib\/wp-json\/wp\/v2\/pages"}],"about":[{"href":"https:\/\/us.edu.pl\/instytut\/iib\/wp-json\/wp\/v2\/types\/page"}],"author":[{"embeddable":true,"href":"https:\/\/us.edu.pl\/instytut\/iib\/wp-json\/wp\/v2\/users\/128"}],"replies":[{"embeddable":true,"href":"https:\/\/us.edu.pl\/instytut\/iib\/wp-json\/wp\/v2\/comments?post=352"}],"version-history":[{"count":10,"href":"https:\/\/us.edu.pl\/instytut\/iib\/wp-json\/wp\/v2\/pages\/352\/revisions"}],"predecessor-version":[{"id":5168,"href":"https:\/\/us.edu.pl\/instytut\/iib\/wp-json\/wp\/v2\/pages\/352\/revisions\/5168"}],"wp:attachment":[{"href":"https:\/\/us.edu.pl\/instytut\/iib\/wp-json\/wp\/v2\/media?parent=352"}],"curies":[{"name":"wp","href":"https:\/\/api.w.org\/{rel}","templated":true}]}}