{"id":3714,"date":"2025-05-20T14:06:13","date_gmt":"2025-05-20T12:06:13","guid":{"rendered":"https:\/\/us.edu.pl\/instytut\/iib\/?page_id=3714"},"modified":"2025-05-27T11:35:30","modified_gmt":"2025-05-27T09:35:30","slug":"relacja-z-21-slaskiego-seminarium-fizyki-medycznej-ptfm","status":"publish","type":"page","link":"https:\/\/us.edu.pl\/instytut\/iib\/relacja-z-21-slaskiego-seminarium-fizyki-medycznej-ptfm\/","title":{"rendered":"Relacja z 21. \u015al\u0105skiego Seminarium Fizyki Medycznej PTFM"},"content":{"rendered":"<p>[vc_row][vc_column][vc_column_text][\/vc_column_text][\/vc_column][\/vc_row][vc_row][vc_column][vc_column_text][\/vc_column_text][\/vc_column][\/vc_row][vc_row][vc_column]\r\n                <div class=\"text-modules\">\r\n                    <div class=\"container\">\r\n                        \r\n                        <div class=\"text-modules__content\"><\/p>\n<h2 style=\"text-align: center;\"><strong>Wyst\u0105pienia pracownik\u00f3w, doktorant\u00f3w oraz student\u00f3w Instytutu In\u017cynierii Biomedycznej<\/strong><\/h2>\n<p>\n<\/div>\r\n                    <\/div>\r\n                <\/div>[vc_column_text][\/vc_column_text][\/vc_column][\/vc_row][vc_row][vc_column]\r\n                <div class=\"tiles-section\" style=\"background: \">\r\n                    <div class=\"container\">\r\n                        <div class=\"tiles tiles-3\">\r\n\r\n                            <a href=\"https:\/\/us.edu.pl\/instytut\/iib\/dr-hab-a-turska-kawa-prof-us-wystapienie\/\" class=\"tile tile_info\" style=\"background-color: #EBEBEB; border: 0 \">\r\n                                 <div class=\"tile_info__title\">Prorektor ds. nauki dr hab. A. Turska-Kawa, prof. U\u015a<\/div>\r\n                                <div class=\"tile_info__subtitle\">Teorie konspiracyjne. Nowy wymiar rozumienia rzeczywisto\u015bci?<\/div>\r\n                            <\/a>\r\n\r\n                            <a href=\"https:\/\/us.edu.pl\/instytut\/iib\/dr-inz-p-popielski-wystapienie\/\" class=\"tile tile_info\" style=\"background-color: #EBEBEB; border: 0 \">\r\n                                 <div class=\"tile_info__title\">Dr in\u017c. P. Popielski<\/div>\r\n                                <div class=\"tile_info__subtitle\">Wykorzystanie technik g\u0142\u0119bokiego uczenia do identyfikacji zmian sk\u00f3rnych na podstawie zdj\u0119\u0107 w r\u00f3\u017cnych warunkach polaryzacyjnych<\/div>\r\n                            <\/a>\r\n\r\n                            <a href=\"https:\/\/us.edu.pl\/instytut\/iib\/dr-hab-m-mierzwa-prof-us-wystapienie\/\" class=\"tile tile_info\" style=\"background-color: #EBEBEB; border: 0 \">\r\n                                 <div class=\"tile_info__title\">Dr hab. Micha\u0142 Mierzwa, prof. U\u015a<\/div>\r\n                                <div class=\"tile_info__subtitle\">Oprogramowanie in\u017cynierskie w zastosowaniach medycznych<\/div>\r\n                            <\/a>\r\n\r\n                            <a href=\"https:\/\/us.edu.pl\/instytut\/iib\/dr-a-szurko-prof-us-wystapienie\/\" class=\"tile tile_info\" style=\"background-color: #EBEBEB; border: 0 \">\r\n                                 <div class=\"tile_info__title\">Dr Agnieszka Szurko, prof. U\u015a<\/div>\r\n                                <div class=\"tile_info__subtitle\">Ewaluacja termiczna efekt\u00f3w laserowych zabieg\u00f3w korekcji za\u0107my wt\u00f3rnej i jaskry<\/div>\r\n                            <\/a>\r\n\r\n                            <a href=\"https:\/\/us.edu.pl\/instytut\/iib\/mgr-inz-a-mrowiec-wystapienie\/\" class=\"tile tile_info\" style=\"background-color: #EBEBEB; border: 0 \">\r\n                                 <div class=\"tile_info__title\">Mgr in\u017c. Aleksandra Mrowiec<\/div>\r\n                                <div class=\"tile_info__subtitle\">Wykorzystanie obrazowania termicznego w diagnostyce skrzywie\u0144 kr\u0119goslupa u dzieci i nastolatk\u00f3w<\/div>\r\n                            <\/a>\r\n\r\n                            <a href=\"https:\/\/us.edu.pl\/instytut\/iib\/dr-hab-a-swinarew-prof-us-awf-wystapienie\/\" class=\"tile tile_info\" style=\"background-color: #EBEBEB; border: 0 \">\r\n                                 <div class=\"tile_info__title\">Dr hab. Andrzej Swinarew, prof. U\u015a<\/div>\r\n                                <div class=\"tile_info__subtitle\">Zastosowanie nowoczesnych materia\u0142\u00f3w i membran w procesie pozaustrojowego utlenowania krwi<\/div>\r\n                            <\/a>\r\n\r\n                            <a href=\"https:\/\/us.edu.pl\/instytut\/iib\/prof-d-tarnawska-wystapienie\/\" class=\"tile tile_info\" style=\"background-color: #EBEBEB; border: 0 \">\r\n                                 <div class=\"tile_info__title\">Prof. dr hab. n. med. Dorota Tarnawska<\/div>\r\n                                <div class=\"tile_info__subtitle\">Post\u0119py w in\u017cynierii tkankowej i biodruku 3D - jak daleko do sztucznej rog\u00f3wki?<\/div>\r\n                            <\/a>\r\n\r\n                            <a href=\"https:\/\/us.edu.pl\/instytut\/iib\/mgr-inz-m-pyza-wystapienie\/\" class=\"tile tile_info\" style=\"background-color: #EBEBEB; border: 0 \">\r\n                                 <div class=\"tile_info__title\">Mgr in\u017c. Maciej Pyza, mgr in\u017c. Artur Sowi\u0144ski<\/div>\r\n                                <div class=\"tile_info__subtitle\">Wp\u0142yw warunk\u00f3w \u015brodowiskowych na materia\u0142y polimerowe modyfikowane w\u0119glem aktywnym pochodzenia ro\u015blinnego<\/div>\r\n                            <\/a>\r\n\r\n                            <a href=\"https:\/\/us.edu.pl\/instytut\/iib\/dr-a-kielbon-wystapienie\/\" class=\"tile tile_info\" style=\"background-color: #EBEBEB; border: 0 \">\r\n                                 <div class=\"tile_info__title\">Dr Agnieszka Kie\u0142bo\u0144<\/div>\r\n                                <div class=\"tile_info__subtitle\">Ocena przyspieszonego starzenia bia\u0142ek surowicy krwi ludzkiej po ekspozycji na promieniowannie neutronowe-badania mikrokalorymetryczne<\/div>\r\n                            <\/a>\r\n\r\n                            <a href=\"https:\/\/us.edu.pl\/instytut\/iib\/inz-j-cichon-wystapienie\/\" class=\"tile tile_info\" style=\"background-color: #EBEBEB; border: 0 \">\r\n                                 <div class=\"tile_info__title\">In\u017c. Jakub Cicho\u0144, dr in\u017c. Piotr Duda<\/div>\r\n                                <div class=\"tile_info__subtitle\">Badania zu\u017cycia materia\u0142\u00f3w ortodontycznych<\/div>\r\n                            <\/a>\r\n\r\n                            <a href=\"https:\/\/us.edu.pl\/instytut\/iib\/inz-j-cichon-wystapienie-2\/\" class=\"tile tile_info\" style=\"background-color: #EBEBEB; border: 0 \">\r\n                                 <div class=\"tile_info__title\">Dr Karina Maciejewska, prof. U\u015a<\/div>\r\n                                <div class=\"tile_info__subtitle\">Wykorzystanie wirtualnej rzeczywisto\u015bci (VR) w badaniu sygna\u0142\u00f3w biomedycznych<\/div>\r\n                            <\/a>\r\n\r\n                            <a href=\"https:\/\/us.edu.pl\/instytut\/iib\/mgr-inz-m-auer-wystapienie\/\" class=\"tile tile_info\" style=\"background-color: #EBEBEB; border: 0 \">\r\n                                 <div class=\"tile_info__title\">Mgr in\u017c. Marcin Auer<\/div>\r\n                                <div class=\"tile_info__subtitle\">Detekcja epizod\u00f3w w biosygna\u0142ach z wykorzystaniem sztucznej inteligencji<\/div>\r\n                            <\/a>\r\n\r\n                            <a href=\"https:\/\/us.edu.pl\/instytut\/iib\/mgr-inz-n-brzezinska-wystapienie-2\/\" class=\"tile tile_info\" style=\"background-color: #EBEBEB; border: 0 \">\r\n                                 <div class=\"tile_info__title\">Mgr in\u017c. Natalia Brzezi\u0144ska<\/div>\r\n                                <div class=\"tile_info__subtitle\">Zaawansowanie urz\u0105dzenie do oceny opor\u00f3w oddechowych filtr\u00f3w ochronnych-nowatorska metoda optymalizacji parametr\u00f3w ergonomicznych \u015brodk\u00f3w ochrony dr\u00f3g oddechowych<\/div>\r\n                            <\/a>\r\n\r\n                            <a href=\"\" class=\"tile tile_info\" style=\"background-color: #EBEBEB; border: 0 \">\r\n                                 <div class=\"tile_info__title\">Dr hab. Ryszard Tomaszewski, prof. U\u015a, \u015aUM<\/div>\r\n                                <div class=\"tile_info__subtitle\">Dlaczego chirurgia kr\u0119gos\u0142upa jest tak nowoczesna?<\/div>\r\n                            <\/a>\r\n\r\n                            <a href=\"https:\/\/us.edu.pl\/instytut\/iib\/mgr-inz-p-kovalchuk-wystapienie\/\" class=\"tile tile_info\" style=\"background-color: #EBEBEB; border: 0 \">\r\n                                 <div class=\"tile_info__title\">Mgr in\u017c. Petro Kovalchuk<\/div>\r\n                                <div class=\"tile_info__subtitle\">Modelowanie w\u0142a\u015bciwo\u015bci mikro struktur szkieletowych wytwarzanych w technologii druku 3D<\/div>\r\n                            <\/a><\/div>\r\n                    <\/div>\r\n                <\/div>[\/vc_column][\/vc_row][vc_row][vc_column][vc_column_text][\/vc_column_text][\/vc_column][\/vc_row][vc_row][vc_column][vc_column_text][\/vc_column_text][\/vc_column][\/vc_row][vc_row][\/vc_row][vc_column][\/vc_column][vc_column_text]<\/p>\n<p>I am text block. Click edit button to change this text. Lorem ipsum dolor sit amet, consectetur adipiscing elit. Ut elit tellus, luctus nec ullamcorper mattis, pulvinar dapibus leo.<\/p>\n<p>[\/vc_column_text]<\/p>","protected":false},"excerpt":{"rendered":"<p>[vc_row][vc_column][vc_column_text][\/vc_column_text][\/vc_column][\/vc_row][vc_row][vc_column][vc_column_text][\/vc_column_text][\/vc_column][\/vc_row][vc_row][vc_column][vc_column_text][\/vc_column_text][\/vc_column][\/vc_row][vc_row][vc_column][\/vc_column][\/vc_row][vc_row][vc_column][vc_column_text][\/vc_column_text][\/vc_column][\/vc_row][vc_row][vc_column][vc_column_text][\/vc_column_text][\/vc_column][\/vc_row][vc_row][\/vc_row][vc_column][\/vc_column][vc_column_text] I am text block. Click edit button to change this text. Lorem ipsum dolor sit amet, consectetur adipiscing elit. Ut elit tellus, luctus nec ullamcorper mattis, pulvinar dapibus leo. [\/vc_column_text] [&#8230;]<\/p>\n<p><a class=\"btn btn-secondary understrap-read-more-link\" href=\"https:\/\/us.edu.pl\/instytut\/iib\/relacja-z-21-slaskiego-seminarium-fizyki-medycznej-ptfm\/\">Read More&#8230;<\/a><\/p>\n","protected":false},"author":128,"featured_media":0,"parent":0,"menu_order":0,"comment_status":"closed","ping_status":"closed","template":"","meta":{"_expiration-date-status":"","_expiration-date":0,"_expiration-date-type":"","_expiration-date-categories":[],"_expiration-date-options":[]},"acf":[],"_links":{"self":[{"href":"https:\/\/us.edu.pl\/instytut\/iib\/wp-json\/wp\/v2\/pages\/3714"}],"collection":[{"href":"https:\/\/us.edu.pl\/instytut\/iib\/wp-json\/wp\/v2\/pages"}],"about":[{"href":"https:\/\/us.edu.pl\/instytut\/iib\/wp-json\/wp\/v2\/types\/page"}],"author":[{"embeddable":true,"href":"https:\/\/us.edu.pl\/instytut\/iib\/wp-json\/wp\/v2\/users\/128"}],"replies":[{"embeddable":true,"href":"https:\/\/us.edu.pl\/instytut\/iib\/wp-json\/wp\/v2\/comments?post=3714"}],"version-history":[{"count":11,"href":"https:\/\/us.edu.pl\/instytut\/iib\/wp-json\/wp\/v2\/pages\/3714\/revisions"}],"predecessor-version":[{"id":4178,"href":"https:\/\/us.edu.pl\/instytut\/iib\/wp-json\/wp\/v2\/pages\/3714\/revisions\/4178"}],"wp:attachment":[{"href":"https:\/\/us.edu.pl\/instytut\/iib\/wp-json\/wp\/v2\/media?parent=3714"}],"curies":[{"name":"wp","href":"https:\/\/api.w.org\/{rel}","templated":true}]}}